{"id":9738,"date":"2025-06-04T20:44:05","date_gmt":"2025-06-04T18:44:05","guid":{"rendered":"https:\/\/c-cie.eu\/?page_id=9738"},"modified":"2025-06-18T00:29:49","modified_gmt":"2025-06-17T22:29:49","slug":"rsf-exp-retours","status":"publish","type":"page","link":"https:\/\/c-cie.eu\/ru\/rsf-exp-retours\/","title":{"rendered":"RSF &#8211; exp. retours"},"content":{"rendered":"<figure class=\"wp-block-image size-full\"><img fetchpriority=\"high\" decoding=\"async\" width=\"2345\" height=\"417\" src=\"https:\/\/c-cie.eu\/wp-content\/uploads\/2025\/06\/emails-afrique1-3.jpg\" alt=\"\" class=\"wp-image-10244\" srcset=\"https:\/\/c-cie.eu\/wp-content\/uploads\/2025\/06\/emails-afrique1-3.jpg 2345w, https:\/\/c-cie.eu\/wp-content\/uploads\/2025\/06\/emails-afrique1-3-300x53.jpg 300w, https:\/\/c-cie.eu\/wp-content\/uploads\/2025\/06\/emails-afrique1-3-1024x182.jpg 1024w, https:\/\/c-cie.eu\/wp-content\/uploads\/2025\/06\/emails-afrique1-3-768x137.jpg 768w, https:\/\/c-cie.eu\/wp-content\/uploads\/2025\/06\/emails-afrique1-3-1536x273.jpg 1536w, https:\/\/c-cie.eu\/wp-content\/uploads\/2025\/06\/emails-afrique1-3-2048x364.jpg 2048w, https:\/\/c-cie.eu\/wp-content\/uploads\/2025\/06\/emails-afrique1-3-18x3.jpg 18w\" sizes=\"(max-width: 2345px) 100vw, 2345px\" \/><\/figure>\n\n\n\n<figure class=\"wp-block-image size-full is-resized\"><img decoding=\"async\" width=\"2147\" height=\"674\" src=\"https:\/\/c-cie.eu\/wp-content\/uploads\/2025\/06\/emails-afrique5-2.jpg\" alt=\"\" class=\"wp-image-9924\" style=\"width:972px;height:auto\" srcset=\"https:\/\/c-cie.eu\/wp-content\/uploads\/2025\/06\/emails-afrique5-2.jpg 2147w, https:\/\/c-cie.eu\/wp-content\/uploads\/2025\/06\/emails-afrique5-2-300x94.jpg 300w, https:\/\/c-cie.eu\/wp-content\/uploads\/2025\/06\/emails-afrique5-2-1024x321.jpg 1024w, https:\/\/c-cie.eu\/wp-content\/uploads\/2025\/06\/emails-afrique5-2-768x241.jpg 768w, https:\/\/c-cie.eu\/wp-content\/uploads\/2025\/06\/emails-afrique5-2-1536x482.jpg 1536w, https:\/\/c-cie.eu\/wp-content\/uploads\/2025\/06\/emails-afrique5-2-2048x643.jpg 2048w, https:\/\/c-cie.eu\/wp-content\/uploads\/2025\/06\/emails-afrique5-2-18x6.jpg 18w\" sizes=\"(max-width: 2147px) 100vw, 2147px\" \/><\/figure>\n\n\n\n<figure class=\"wp-block-image size-full is-resized\"><img decoding=\"async\" width=\"1972\" height=\"486\" src=\"https:\/\/c-cie.eu\/wp-content\/uploads\/2025\/06\/emails-afrique1-4.jpg\" alt=\"\" class=\"wp-image-10246\" style=\"width:783px;height:auto\" srcset=\"https:\/\/c-cie.eu\/wp-content\/uploads\/2025\/06\/emails-afrique1-4.jpg 1972w, https:\/\/c-cie.eu\/wp-content\/uploads\/2025\/06\/emails-afrique1-4-300x74.jpg 300w, https:\/\/c-cie.eu\/wp-content\/uploads\/2025\/06\/emails-afrique1-4-1024x252.jpg 1024w, https:\/\/c-cie.eu\/wp-content\/uploads\/2025\/06\/emails-afrique1-4-768x189.jpg 768w, https:\/\/c-cie.eu\/wp-content\/uploads\/2025\/06\/emails-afrique1-4-1536x379.jpg 1536w, https:\/\/c-cie.eu\/wp-content\/uploads\/2025\/06\/emails-afrique1-4-18x4.jpg 18w\" sizes=\"(max-width: 1972px) 100vw, 1972px\" \/><\/figure>\n\n\n\n<figure class=\"wp-block-image size-full is-resized\"><img loading=\"lazy\" decoding=\"async\" width=\"1226\" height=\"404\" src=\"https:\/\/c-cie.eu\/wp-content\/uploads\/2025\/06\/emails-afrique6.jpg\" alt=\"\" class=\"wp-image-9918\" style=\"width:878px;height:auto\" srcset=\"https:\/\/c-cie.eu\/wp-content\/uploads\/2025\/06\/emails-afrique6.jpg 1226w, https:\/\/c-cie.eu\/wp-content\/uploads\/2025\/06\/emails-afrique6-300x99.jpg 300w, https:\/\/c-cie.eu\/wp-content\/uploads\/2025\/06\/emails-afrique6-1024x337.jpg 1024w, https:\/\/c-cie.eu\/wp-content\/uploads\/2025\/06\/emails-afrique6-768x253.jpg 768w, https:\/\/c-cie.eu\/wp-content\/uploads\/2025\/06\/emails-afrique6-18x6.jpg 18w\" sizes=\"(max-width: 1226px) 100vw, 1226px\" \/><\/figure>\n\n\n\n<hr class=\"wp-block-separator has-alpha-channel-opacity\"\/>\n\n\n\n<figure class=\"wp-block-image size-full is-resized\"><img loading=\"lazy\" decoding=\"async\" width=\"843\" height=\"438\" src=\"https:\/\/c-cie.eu\/wp-content\/uploads\/2025\/06\/emails-afrique3.jpg\" alt=\"\" class=\"wp-image-9741\" style=\"width:599px;height:auto\" srcset=\"https:\/\/c-cie.eu\/wp-content\/uploads\/2025\/06\/emails-afrique3.jpg 843w, https:\/\/c-cie.eu\/wp-content\/uploads\/2025\/06\/emails-afrique3-300x156.jpg 300w, https:\/\/c-cie.eu\/wp-content\/uploads\/2025\/06\/emails-afrique3-768x399.jpg 768w, https:\/\/c-cie.eu\/wp-content\/uploads\/2025\/06\/emails-afrique3-18x9.jpg 18w\" sizes=\"(max-width: 843px) 100vw, 843px\" \/><\/figure>\n\n\n\n<figure class=\"wp-block-image size-full\"><img loading=\"lazy\" decoding=\"async\" width=\"1644\" height=\"570\" src=\"https:\/\/c-cie.eu\/wp-content\/uploads\/2025\/06\/emails-afrique2-1.jpg\" alt=\"\" class=\"wp-image-10590\" srcset=\"https:\/\/c-cie.eu\/wp-content\/uploads\/2025\/06\/emails-afrique2-1.jpg 1644w, https:\/\/c-cie.eu\/wp-content\/uploads\/2025\/06\/emails-afrique2-1-300x104.jpg 300w, https:\/\/c-cie.eu\/wp-content\/uploads\/2025\/06\/emails-afrique2-1-1024x355.jpg 1024w, https:\/\/c-cie.eu\/wp-content\/uploads\/2025\/06\/emails-afrique2-1-768x266.jpg 768w, https:\/\/c-cie.eu\/wp-content\/uploads\/2025\/06\/emails-afrique2-1-1536x533.jpg 1536w, https:\/\/c-cie.eu\/wp-content\/uploads\/2025\/06\/emails-afrique2-1-18x6.jpg 18w\" sizes=\"(max-width: 1644px) 100vw, 1644px\" \/><\/figure>\n\n\n\n<figure class=\"wp-block-image size-full is-resized\"><img loading=\"lazy\" decoding=\"async\" width=\"891\" height=\"350\" src=\"https:\/\/c-cie.eu\/wp-content\/uploads\/2025\/06\/emails-afrique4-1.jpg\" alt=\"\" class=\"wp-image-10592\" style=\"width:610px;height:auto\" srcset=\"https:\/\/c-cie.eu\/wp-content\/uploads\/2025\/06\/emails-afrique4-1.jpg 891w, https:\/\/c-cie.eu\/wp-content\/uploads\/2025\/06\/emails-afrique4-1-300x118.jpg 300w, https:\/\/c-cie.eu\/wp-content\/uploads\/2025\/06\/emails-afrique4-1-768x302.jpg 768w, https:\/\/c-cie.eu\/wp-content\/uploads\/2025\/06\/emails-afrique4-1-18x7.jpg 18w\" sizes=\"(max-width: 891px) 100vw, 891px\" \/><\/figure>\n\n\n\n<figure class=\"wp-block-image size-full is-resized\"><img loading=\"lazy\" decoding=\"async\" width=\"1634\" height=\"417\" src=\"https:\/\/c-cie.eu\/wp-content\/uploads\/2025\/06\/emails-afrique7.jpg\" alt=\"\" class=\"wp-image-9919\" style=\"width:806px;height:auto\" srcset=\"https:\/\/c-cie.eu\/wp-content\/uploads\/2025\/06\/emails-afrique7.jpg 1634w, https:\/\/c-cie.eu\/wp-content\/uploads\/2025\/06\/emails-afrique7-300x77.jpg 300w, https:\/\/c-cie.eu\/wp-content\/uploads\/2025\/06\/emails-afrique7-1024x261.jpg 1024w, https:\/\/c-cie.eu\/wp-content\/uploads\/2025\/06\/emails-afrique7-768x196.jpg 768w, https:\/\/c-cie.eu\/wp-content\/uploads\/2025\/06\/emails-afrique7-1536x392.jpg 1536w, https:\/\/c-cie.eu\/wp-content\/uploads\/2025\/06\/emails-afrique7-18x5.jpg 18w\" sizes=\"(max-width: 1634px) 100vw, 1634px\" \/><\/figure>\n\n\n\n<div style=\"height:49px\" aria-hidden=\"true\" class=\"wp-block-spacer\"><\/div>\n\n\n\n<hr class=\"wp-block-separator has-alpha-channel-opacity\"\/>\n\n\n\n<p class=\"has-small-font-size\"><em>N.B.: il faut rester poli <em>dans l&rsquo;espace public<\/em>, m\u00eame si vous \u00e9prouvez du juste m\u00e9pris vers l\u2019objet discut\u00e9 &#8211; les termes appropri\u00e9s, mais impolis des \u00e9changes priv\u00e9s ci-dessus sont donc masqu\u00e9es (de m\u00eame que les donn\u00e9es priv\u00e9s des auteurs qui s&rsquo;y reconnaitront ais\u00e9ment)<\/em>.<\/p>","protected":false},"excerpt":{"rendered":"<p>N.B.: il faut rester poli dans l&rsquo;espace public, m\u00eame si vous \u00e9prouvez du juste m\u00e9pris vers l\u2019objet discut\u00e9 &#8211; les termes appropri\u00e9s, mais impolis des \u00e9changes priv\u00e9s ci-dessus sont donc masqu\u00e9es (de m\u00eame que les donn\u00e9es priv\u00e9s des auteurs qui s&rsquo;y reconnaitront ais\u00e9ment).<\/p>","protected":false},"author":2,"featured_media":0,"parent":0,"menu_order":0,"comment_status":"closed","ping_status":"closed","template":"","meta":{"site-sidebar-layout":"default","site-content-layout":"","ast-site-content-layout":"default","site-content-style":"default","site-sidebar-style":"default","ast-global-header-display":"","ast-banner-title-visibility":"","ast-main-header-display":"","ast-hfb-above-header-display":"","ast-hfb-below-header-display":"","ast-hfb-mobile-header-display":"","site-post-title":"","ast-breadcrumbs-content":"","ast-featured-img":"","footer-sml-layout":"","ast-disable-related-posts":"","theme-transparent-header-meta":"","adv-header-id-meta":"","stick-header-meta":"","header-above-stick-meta":"","header-main-stick-meta":"","header-below-stick-meta":"","astra-migrate-meta-layouts":"set","ast-page-background-enabled":"default","ast-page-background-meta":{"desktop":{"background-color":"","background-image":"","background-repeat":"repeat","background-position":"center center","background-size":"auto","background-attachment":"scroll","background-type":"","background-media":"","overlay-type":"","overlay-color":"","overlay-gradient":""},"tablet":{"background-color":"","background-image":"","background-repeat":"repeat","background-position":"center center","background-size":"auto","background-attachment":"scroll","background-type":"","background-media":"","overlay-type":"","overlay-color":"","overlay-gradient":""},"mobile":{"background-color":"","background-image":"","background-repeat":"repeat","background-position":"center center","background-size":"auto","background-attachment":"scroll","background-type":"","background-media":"","overlay-type":"","overlay-color":"","overlay-gradient":""}},"ast-content-background-meta":{"desktop":{"background-color":"var(--ast-global-color-5)","background-image":"","background-repeat":"repeat","background-position":"center center","background-size":"auto","background-attachment":"scroll","background-type":"","background-media":"","overlay-type":"","overlay-color":"","overlay-gradient":""},"tablet":{"background-color":"var(--ast-global-color-5)","background-image":"","background-repeat":"repeat","background-position":"center center","background-size":"auto","background-attachment":"scroll","background-type":"","background-media":"","overlay-type":"","overlay-color":"","overlay-gradient":""},"mobile":{"background-color":"var(--ast-global-color-5)","background-image":"","background-repeat":"repeat","background-position":"center center","background-size":"auto","background-attachment":"scroll","background-type":"","background-media":"","overlay-type":"","overlay-color":"","overlay-gradient":""}},"footnotes":""},"class_list":["post-9738","page","type-page","status-publish","hentry"],"_links":{"self":[{"href":"https:\/\/c-cie.eu\/ru\/wp-json\/wp\/v2\/pages\/9738","targetHints":{"allow":["GET"]}}],"collection":[{"href":"https:\/\/c-cie.eu\/ru\/wp-json\/wp\/v2\/pages"}],"about":[{"href":"https:\/\/c-cie.eu\/ru\/wp-json\/wp\/v2\/types\/page"}],"author":[{"embeddable":true,"href":"https:\/\/c-cie.eu\/ru\/wp-json\/wp\/v2\/users\/2"}],"replies":[{"embeddable":true,"href":"https:\/\/c-cie.eu\/ru\/wp-json\/wp\/v2\/comments?post=9738"}],"version-history":[{"count":23,"href":"https:\/\/c-cie.eu\/ru\/wp-json\/wp\/v2\/pages\/9738\/revisions"}],"predecessor-version":[{"id":10595,"href":"https:\/\/c-cie.eu\/ru\/wp-json\/wp\/v2\/pages\/9738\/revisions\/10595"}],"wp:attachment":[{"href":"https:\/\/c-cie.eu\/ru\/wp-json\/wp\/v2\/media?parent=9738"}],"curies":[{"name":"wp","href":"https:\/\/api.w.org\/{rel}","templated":true}]}}