{"id":9660,"date":"2025-06-04T01:02:43","date_gmt":"2025-06-03T23:02:43","guid":{"rendered":"https:\/\/c-cie.eu\/?page_id=9660"},"modified":"2025-06-07T21:21:07","modified_gmt":"2025-06-07T19:21:07","slug":"frappe-ukrainienne-de-laviation-strategique-de-russie","status":"publish","type":"page","link":"https:\/\/c-cie.eu\/ru\/frappe-ukrainienne-de-laviation-strategique-de-russie\/","title":{"rendered":"ARTICLE &#8211; Frappe ukrainienne de l\u2019aviation strat\u00e9gique de Russie"},"content":{"rendered":"<figure class=\"wp-block-image aligncenter size-full is-resized\"><img fetchpriority=\"high\" decoding=\"async\" width=\"1682\" height=\"957\" src=\"https:\/\/c-cie.eu\/wp-content\/uploads\/2025\/06\/1-1.jpg\" alt=\"\" class=\"wp-image-9661\" style=\"width:621px;height:auto\" srcset=\"https:\/\/c-cie.eu\/wp-content\/uploads\/2025\/06\/1-1.jpg 1682w, https:\/\/c-cie.eu\/wp-content\/uploads\/2025\/06\/1-1-300x171.jpg 300w, https:\/\/c-cie.eu\/wp-content\/uploads\/2025\/06\/1-1-1024x583.jpg 1024w, https:\/\/c-cie.eu\/wp-content\/uploads\/2025\/06\/1-1-768x437.jpg 768w, https:\/\/c-cie.eu\/wp-content\/uploads\/2025\/06\/1-1-1536x874.jpg 1536w, https:\/\/c-cie.eu\/wp-content\/uploads\/2025\/06\/1-1-18x10.jpg 18w\" sizes=\"(max-width: 1682px) 100vw, 1682px\" \/><\/figure>\n\n\n\n<h2 class=\"wp-block-heading has-text-align-center has-text-color has-link-color has-large-font-size wp-elements-bc8228d0385065cc72af74e1d0608b6c\" style=\"color:#565e64\"><strong>Frappe ukrainienne de l\u2019aviation strat\u00e9gique de Russie&nbsp;: les cons\u00e9quences pour le monde<\/strong><\/h2>\n\n\n\n<div style=\"height:29px\" aria-hidden=\"true\" class=\"wp-block-spacer\"><\/div>\n\n\n\n<p>Ce dimanche, le 1<sup>er<\/sup> juin 2025, l\u2019Ukraine a r\u00e9alis\u00e9 une frappe massive sur des a\u00e9rodromes militaires strat\u00e9giques. Quatre a\u00e9rodromes ont \u00e9t\u00e9 vis\u00e9s avec succ\u00e8s&nbsp;: celui de \u00ab&nbsp;Diaghilevo&nbsp;\u00bb, de \u00ab&nbsp;Olenya&nbsp;\u00bb, de \u00ab&nbsp;Ivanovo&nbsp;\u00bb et de \u00ab&nbsp;Belaya&nbsp;\u00bb, ce qui constitue la plus importante attaque de l&rsquo;infrastructure militaire russe dans les profondeurs du territoire national depuis le d\u00e9clenchement de la phase active des hostilit\u00e9s russo-ukraino-otaniennes, le 20 f\u00e9vrier 2022.<\/p>\n\n\n\n<p>L\u2019attaque a \u00e9t\u00e9 r\u00e9alis\u00e9e par des drones FPV transport\u00e9s dans des camions, sans que les conducteurs soient mis au courant &#8211; de m\u00eame que cela a \u00e9t\u00e9 fait avec l\u2019attaque terroriste du pont de Crim\u00e9e, le 17 juillet 2023, dans laquelle le conducteur du camion est mort dans l\u2019explosion, sans savoir ce qu\u2019il a transport\u00e9.<\/p>\n\n\n\n<p>La responsabilit\u00e9 de l\u2019action a \u00e9t\u00e9 imm\u00e9diatement revendiqu\u00e9e par le service secret ukrainien SBU, qui l\u2019a appel\u00e9 l\u2019op\u00e9ration \u00ab&nbsp;La toile d\u2019araign\u00e9e&nbsp;\u00bb. Selon le communiqu\u00e9 de presse du SBU, les dommages caus\u00e9s \u00e0 la Russie consistent en la destruction de 41 appareils au sol, en partie des bombardiers strat\u00e9giques.<\/p>\n\n\n\n<p><strong>La \u00ab&nbsp;Triade nucl\u00e9aire \u00bb<\/strong><\/p>\n\n\n\n<p>Un bombardier strat\u00e9gique est un avion de combat d\u2019une port\u00e9e intercontinentale (plus de 5000 km) con\u00e7u pour le port et le lancement d\u2019armes nucl\u00e9aires (bombes a\u00e9riennes, missiles de croisi\u00e8re et missiles balistiques), destin\u00e9s \u00e0 d\u00e9truire les objectifs strat\u00e9giques situ\u00e9s sur le territoire ennemi.<\/p>\n\n\n\n<p>Au sein des forces arm\u00e9es de la F\u00e9d\u00e9ration de Russie, les bombardiers strat\u00e9giques font partie dit de la \u00ab&nbsp;Triade nucl\u00e9aire \u00bb qui d\u00e9signe les forces arm\u00e9es strat\u00e9giques comprenant trois composantes : l\u2019aviation strat\u00e9gique ; les r\u00e9giments des missiles strat\u00e9giques balistiques intercontinentaux et la flotte des porte-missiles sous-marins nucl\u00e9aires strat\u00e9giques.<\/p>\n\n\n\n<p>L\u2019importance de l\u2019existence de la Triade nucl\u00e9aire consiste dans le partage des ogives nucl\u00e9aires strat\u00e9giques entre trois types des forces arm\u00e9es strat\u00e9giques qui rend impossible la destruction de l\u2019ensemble de l\u2019arsenal nucl\u00e9aire du pays en cas d\u2019attaque surprise de l\u2019ennemi, offre une plus grande souplesse dans l\u2019utilisation de ces armes et garantit la destruction imminente de l&rsquo;ennemi dans le cadre des frappes de riposte.<\/p>\n\n\n\n<p><strong>Le trait\u00e9 Start-II\/SNV-III<\/strong><\/p>\n\n\n\n<p>Les cons\u00e9quences n\u00e9gatives pour Moscou de l\u2019attaque de l\u2019infrastructure militaire strat\u00e9gique de la Russie vis-\u00e0-vis de la campagne militaire men\u00e9e en Ukraine sont proches de z\u00e9ro absolu. Cela \u00e9tant, les cons\u00e9quences de l\u2019action vis-\u00e0-vis de la s\u00e9curit\u00e9 nucl\u00e9aire mondiale sont d\u2019une port\u00e9e strat\u00e9gique et ne doivent pas \u00eatre sous-estim\u00e9es.<\/p>\n\n\n\n<p>En mettant de c\u00f4t\u00e9 l\u2019aspect \u00e9motionnel de l\u2019affaire, les positions et les r\u00e9actions des diverses parties sur le sujet, de m\u00eame que les modalit\u00e9s de la riposte militaire de Moscou qui aura lieu et qui sera, tout au moins, proportionnelle au d\u00e9g\u00e2ts subis, voyons les r\u00e9elles cons\u00e9quences vis-\u00e0-vis de la s\u00e9curit\u00e9 nucl\u00e9aire. &nbsp;&nbsp;&nbsp;<\/p>\n\n\n\n<p>Non, il ne s\u2019agit gu\u00e8re d\u2019une potentielle explosion d\u2019une ogive nucl\u00e9aire qui pourrait se trouver \u00e0 bord d\u2019un des appareils au moment de leur destruction, mais de toute autre chose. &nbsp;<\/p>\n\n\n\n<p>La premi\u00e8re question que les observateurs non avertis de l\u2019attaque ukrainienne de ce 1<sup>er<\/sup> juin doivent se poser, tout naturellement&nbsp;: comment cela se fait-il que l\u2019aviation russe d\u2019une importance strat\u00e9gique vis-\u00e0-vis de la s\u00e9curit\u00e9 du pays ait pu se trouver en masse sur un banal parking de l\u2019a\u00e9rodrome, au lieu d\u2019\u00eatre soigneusement cach\u00e9e et s\u00e9curis\u00e9e dans des hangars en b\u00e9ton arm\u00e9 con\u00e7us \u00e0 cet effet et qui doivent supporter des frappes militaires d\u2019une puissance incomparablement plus importante que celle des vulgaires petits drones assembl\u00e9s manuellement en cachette dans un garage&nbsp;?<\/p>\n\n\n\n<p>La r\u00e9ponse \u00e0 cette question ne r\u00e9side, en aucun cas, dans le potentiel grand manque de professionnalisme et n\u00e9gligence des personnes responsables du positionnement des appareils d\u2019avions strat\u00e9giques sur les a\u00e9rodromes en question, mais dans le trait\u00e9 Start-II\/SNV-III. Le trait\u00e9 russo-am\u00e9ricain sur la r\u00e9duction des armements strat\u00e9giques offensifs.<\/p>\n\n\n\n<p class=\"has-black-color has-text-color has-link-color wp-elements-601db584b044e3f1793a9d3e67f9ef16\"><a>Dans le cadre du nouveau caract\u00e8re des relations russo-occidentales instaur\u00e9 depuis le d\u00e9but des hostilit\u00e9s en Ukraine, en f\u00e9vrier 2023 la F\u00e9d\u00e9ration de Russie a suspendu sa participation dans le trait\u00e9 sur la r\u00e9duction des armements strat\u00e9giques offensifs Start-II\/SNV-III \u2013 ce qui \u00e9tait une suite logique et parfaitement pr\u00e9visible&nbsp;: face \u00e0 la menace d\u00e9clar\u00e9e et partiellement mise en \u0153uvre par l\u2019Occident collectif vis-\u00e0-vis de la Russie, cette derni\u00e8re a proc\u00e9d\u00e9 \u00e0 la suppression l\u00e9gale des restrictions au d\u00e9veloppement de son armement strat\u00e9gique.<\/a><\/p>\n\n\n\n<p>Dans les clauses du trait\u00e9 Start-II, il est stipul\u00e9 que chacune des parties prenantes de l\u2019accord dispose du droit de le quitter dans le cas de changement significatif des circonstances&nbsp;: \u00ab&nbsp;<em>si elle consid\u00e8re que les circonstances exceptionnelles li\u00e9es au contenu du pr\u00e9sent accord ont mis en p\u00e9ril ses int\u00e9r\u00eats supr\u00eames<\/em>&nbsp;\u00bb (article 14, \u00a73). La fixation par l\u2019Occident collectif comme objectif \u00ab&nbsp;<em>la d\u00e9faite strat\u00e9gique de la Russie<\/em>&nbsp;\u00bb et les nombreuses d\u00e9clarations officielles de ce dernier dans ce sens est un changement significatif des circonstances&nbsp;qui a re\u00e7u une r\u00e9ponse appropri\u00e9e.<\/p>\n\n\n\n<p>L\u2019officialisation de la d\u00e9marche de Moscou par l\u2019adoption suivie de la ratification de loi f\u00e9d\u00e9rale Nr. 38-FZ du 23 f\u00e9vrier 2023 a \u00e9t\u00e9 entreprise, afin de rester dans la stricte l\u00e9galit\u00e9 vis-\u00e0-vis des engagements internationaux sign\u00e9s et ratifi\u00e9s par la F\u00e9d\u00e9ration de Russie et de ne pas cr\u00e9er un pr\u00e9c\u00e9dent permettant aux adversaires d\u2019instrumentaliser une hypoth\u00e9tique violation des engagements russes dans le cadre du droit international en vigueur.<\/p>\n\n\n\n<p>Cela \u00e9tant, d\u2019une part, avec le gel de sa participation dans le trait\u00e9, Moscou a soulign\u00e9 qu\u2019elle continuerait \u00e0 \u00ab&nbsp;<em>respecter strictement les limites quantitatives des armes strat\u00e9giques offensives&nbsp;<\/em>\u00bb, ind\u00e9pendamment du pr\u00e9sent accord russo-am\u00e9ricain&nbsp;;<\/p>\n\n\n\n<p>d\u2019autre part, malgr\u00e9 la suspension en cours de sa participation dans le trait\u00e9 sur la r\u00e9duction des armements strat\u00e9giques offensifs, la Russie, dans le cadre d\u2019un accord non public russo-am\u00e9ricain, a continu\u00e9 \u00e0 respecter d\u2019une mani\u00e8re r\u00e9ciproque la partie du trait\u00e9 concernant la non-dissimulation de la composante a\u00e9rienne de la Triade nucl\u00e9aire&nbsp;: ne pouvant plus r\u00e9aliser des visites r\u00e9ciproques de contr\u00f4le des installations d\u2019armes nucl\u00e9aires sur les territoires respectifs, les parties ont continu\u00e9 \u00e0 b\u00e9n\u00e9ficier de la surveillance satellitaire r\u00e9ciproque de l\u2019aviation strat\u00e9gique dans le cadre du \u00a71b de l&rsquo;article 4 et des \u00a71b et \u00a71c de l&rsquo;article 10 du trait\u00e9, ne n\u00e9cessitant pas les d\u00e9placements des contr\u00f4leurs.<\/p>\n\n\n\n<p>Le \u00a71b de l&rsquo;article 4 stipule :&nbsp;\u00ab&nbsp;<em>Le d\u00e9ploiement de bombardiers lourds peut avoir lieu uniquement sur les bases a\u00e9riennes<\/em>&nbsp;\u00bb. Et les \u00a71b et \u00a71c de l&rsquo;article 10 du trait\u00e9 sont sans \u00e9quivoque : \u00ab&nbsp;<em>afin d\u2019assurer le contr\u00f4le du respect des dispositions du pr\u00e9sent trait\u00e9, chacune des parties s\u2019engage \u00e0 ne pas interf\u00e9rer avec les moyens techniques nationaux de contr\u00f4le d\u2019une autre Partie qui exerce ses fonctions conform\u00e9ment au pr\u00e9sent article et de ne pas recourir \u00e0 des mesures de camouflage qui rendent difficile le contr\u00f4le du respect des dispositions du pr\u00e9sent trait\u00e9 par des moyens techniques nationaux de contr\u00f4le<\/em>&nbsp;\u00bb.<\/p>\n\n\n\n<p>Soit, le trait\u00e9 interdit d&#8217;emp\u00eacher les satellites de la partie adverse de surveiller les bombardiers strat\u00e9giques 24\/24h, 7\/7j. En clair, ils doivent rester en permanence \u00e0 ciel ouvert.<\/p>\n\n\n\n<p><strong>Le jeu du pyromane Zelensky avec la bo\u00eete de Pandore et les cons\u00e9quences pour le monde<\/strong><\/p>\n\n\n\n<p>En sachant pertinemment que la frappe qui a eu lieu ce 1<sup>er<\/sup> juin 2025 n\u2019aura non seulement strictement aucun effet sur le d\u00e9roulement des op\u00e9rations militaires russes men\u00e9es sur le sol ukrainien et sur ses succ\u00e8s, mais, bien au contraire, m\u00e8nerait \u00e0 de graves repr\u00e9sailles de Moscou que le monde constatera et que l\u2019Ukraine subira sous peu, le r\u00e9gime de Zelensky qui n\u2019a strictement aucune volont\u00e9 de n\u00e9gocier un accord de paix et de voir la fin de la guerre en cours &#8211; car elle sera associ\u00e9e, fort probablement, \u00e0 la fin de son r\u00e8gne \u2013 a ouvert la bo\u00eete de Pandore qui m\u00e8nera dans les 100% des cas vers l\u2019aggravation de la situation de la s\u00e9curit\u00e9 nucl\u00e9aire mondiale.<\/p>\n\n\n\n<p>L\u2019initiative entreprise par Kiev ne peut \u00eatre consid\u00e9r\u00e9e autrement que criminelle vis-\u00e0-vis de cette derni\u00e8re, car nul doute que la page de la possibilit\u00e9 de surveillance satellitaire r\u00e9ciproque de l\u2019aviation strat\u00e9gique est tourn\u00e9e \u00e0 tout jamais.<\/p>\n\n\n\n<p>Non seulement la F\u00e9d\u00e9ration de Russie, mais \u00e9galement les Etats-Unis d\u2019Am\u00e9rique ne permettront plus de mettre leurs appareils assurant la s\u00e9curit\u00e9 strat\u00e9gique des pays sous le danger des potentielles frappes \u00ab&nbsp;\u00e0 l\u2019ukrainienne&nbsp;\u00bb.<\/p>\n\n\n\n<p>D\u00e8s \u00e0 pr\u00e9sent, m\u00eame si les relations russo-am\u00e9ricaines seront restaur\u00e9es, le trait\u00e9 Start-II\/SNV-III, suspendu en f\u00e9vrier 2023 et arrivant \u00e0 son terme l\u00e9gal en f\u00e9vrier 2026, ne peut plus \u00eatre resign\u00e9 en \u00e9tat&nbsp;: dor\u00e9navant, la composante a\u00e9rienne des Triades nucl\u00e9aires respectives sera grandement s\u00e9curis\u00e9e et donc dissimul\u00e9e, ce qui m\u00e8ne, <em>de facto<\/em>, vers une importante diminution du contr\u00f4le des armements nucl\u00e9aires par le monde avec toutes les cons\u00e9quences qui en d\u00e9couleront.<\/p>","protected":false},"excerpt":{"rendered":"<p>Frappe ukrainienne de l\u2019aviation strat\u00e9gique de Russie&nbsp;: les cons\u00e9quences pour le monde Ce dimanche, le 1er juin 2025, l\u2019Ukraine a r\u00e9alis\u00e9 une frappe massive sur des a\u00e9rodromes militaires strat\u00e9giques. Quatre a\u00e9rodromes ont \u00e9t\u00e9 vis\u00e9s avec succ\u00e8s&nbsp;: celui de \u00ab&nbsp;Diaghilevo&nbsp;\u00bb, de \u00ab&nbsp;Olenya&nbsp;\u00bb, de \u00ab&nbsp;Ivanovo&nbsp;\u00bb et de \u00ab&nbsp;Belaya&nbsp;\u00bb, ce qui constitue la plus importante attaque de l&rsquo;infrastructure [&hellip;]<\/p>\n","protected":false},"author":2,"featured_media":0,"parent":0,"menu_order":0,"comment_status":"closed","ping_status":"closed","template":"","meta":{"site-sidebar-layout":"default","site-content-layout":"","ast-site-content-layout":"default","site-content-style":"default","site-sidebar-style":"default","ast-global-header-display":"","ast-banner-title-visibility":"","ast-main-header-display":"","ast-hfb-above-header-display":"","ast-hfb-below-header-display":"","ast-hfb-mobile-header-display":"","site-post-title":"disabled","ast-breadcrumbs-content":"","ast-featured-img":"","footer-sml-layout":"","ast-disable-related-posts":"","theme-transparent-header-meta":"","adv-header-id-meta":"","stick-header-meta":"","header-above-stick-meta":"","header-main-stick-meta":"","header-below-stick-meta":"","astra-migrate-meta-layouts":"set","ast-page-background-enabled":"default","ast-page-background-meta":{"desktop":{"background-color":"","background-image":"","background-repeat":"repeat","background-position":"center center","background-size":"auto","background-attachment":"scroll","background-type":"","background-media":"","overlay-type":"","overlay-color":"","overlay-gradient":""},"tablet":{"background-color":"","background-image":"","background-repeat":"repeat","background-position":"center center","background-size":"auto","background-attachment":"scroll","background-type":"","background-media":"","overlay-type":"","overlay-color":"","overlay-gradient":""},"mobile":{"background-color":"","background-image":"","background-repeat":"repeat","background-position":"center center","background-size":"auto","background-attachment":"scroll","background-type":"","background-media":"","overlay-type":"","overlay-color":"","overlay-gradient":""}},"ast-content-background-meta":{"desktop":{"background-color":"var(--ast-global-color-5)","background-image":"","background-repeat":"repeat","background-position":"center center","background-size":"auto","background-attachment":"scroll","background-type":"","background-media":"","overlay-type":"","overlay-color":"","overlay-gradient":""},"tablet":{"background-color":"var(--ast-global-color-5)","background-image":"","background-repeat":"repeat","background-position":"center center","background-size":"auto","background-attachment":"scroll","background-type":"","background-media":"","overlay-type":"","overlay-color":"","overlay-gradient":""},"mobile":{"background-color":"var(--ast-global-color-5)","background-image":"","background-repeat":"repeat","background-position":"center center","background-size":"auto","background-attachment":"scroll","background-type":"","background-media":"","overlay-type":"","overlay-color":"","overlay-gradient":""}},"footnotes":""},"class_list":["post-9660","page","type-page","status-publish","hentry"],"_links":{"self":[{"href":"https:\/\/c-cie.eu\/ru\/wp-json\/wp\/v2\/pages\/9660","targetHints":{"allow":["GET"]}}],"collection":[{"href":"https:\/\/c-cie.eu\/ru\/wp-json\/wp\/v2\/pages"}],"about":[{"href":"https:\/\/c-cie.eu\/ru\/wp-json\/wp\/v2\/types\/page"}],"author":[{"embeddable":true,"href":"https:\/\/c-cie.eu\/ru\/wp-json\/wp\/v2\/users\/2"}],"replies":[{"embeddable":true,"href":"https:\/\/c-cie.eu\/ru\/wp-json\/wp\/v2\/comments?post=9660"}],"version-history":[{"count":5,"href":"https:\/\/c-cie.eu\/ru\/wp-json\/wp\/v2\/pages\/9660\/revisions"}],"predecessor-version":[{"id":10077,"href":"https:\/\/c-cie.eu\/ru\/wp-json\/wp\/v2\/pages\/9660\/revisions\/10077"}],"wp:attachment":[{"href":"https:\/\/c-cie.eu\/ru\/wp-json\/wp\/v2\/media?parent=9660"}],"curies":[{"name":"wp","href":"https:\/\/api.w.org\/{rel}","templated":true}]}}