{"id":8954,"date":"2025-03-25T03:25:03","date_gmt":"2025-03-25T02:25:03","guid":{"rendered":"https:\/\/c-cie.eu\/?page_id=8954"},"modified":"2025-03-25T03:25:03","modified_gmt":"2025-03-25T02:25:03","slug":"article-forces-de-maintien-de-la-paix","status":"publish","type":"page","link":"https:\/\/c-cie.eu\/ru\/article-forces-de-maintien-de-la-paix\/","title":{"rendered":"ARTICLE &#8211; Forces de maintien de la paix\u00a0"},"content":{"rendered":"<figure class=\"wp-block-image aligncenter size-full is-resized\"><img fetchpriority=\"high\" decoding=\"async\" width=\"480\" height=\"440\" src=\"https:\/\/c-cie.eu\/wp-content\/uploads\/2025\/03\/1739772191368.jpeg\" alt=\"\" class=\"wp-image-8955\" style=\"width:369px;height:auto\" srcset=\"https:\/\/c-cie.eu\/wp-content\/uploads\/2025\/03\/1739772191368.jpeg 480w, https:\/\/c-cie.eu\/wp-content\/uploads\/2025\/03\/1739772191368-300x275.jpeg 300w, https:\/\/c-cie.eu\/wp-content\/uploads\/2025\/03\/1739772191368-13x12.jpeg 13w\" sizes=\"(max-width: 480px) 100vw, 480px\" \/><\/figure>\n\n\n\n<h2 class=\"wp-block-heading has-text-align-center has-text-color has-link-color has-large-font-size wp-elements-19f56306d72cd35b280b7c1d34542920\" style=\"color:#565e64\"><strong>Forces de \u00ab\u00a0maintien de la paix\u00a0\u00bb en Ukraine\u00a0: les mensonges des Impuissances europ\u00e9ennes<\/strong><\/h2>\n\n\n\n<p>Quelques jours apr\u00e8s que le premier ministre britannique Keir Starmer l\u2019a annonc\u00e9 que le plan de \u00ab coalition des volontaires \u00bb entrait dans une \u00ab phase op\u00e9rationnelle \u00bb, le 20 mars dernier, les repr\u00e9sentants de la majorit\u00e9 des pays de l\u2019OTAN se sont r\u00e9unis dans les banlieues de Londres pour discuter de la cr\u00e9ation de \u00ab&nbsp;la force de maintien&nbsp;de la paix&nbsp;\u00bb en Ukraine et \u00e9laborer les plans de son action.<\/p>\n\n\n\n<p>Londres, \u00e9tant, apr\u00e8s Washington, le principal coupable tant du d\u00e9clenchement que du maintien de la guerre en Ukraine, s\u2019attend \u00e0 ce que plus de 30 pays, dont l\u2019int\u00e9gralit\u00e9 des membres de l\u2019OTAN, prennent une participation dans la nouvelle coalition et apportent leurs contributions.<\/p>\n\n\n\n<p>Lors de ladite r\u00e9union, les participants ont convenu que les forces \u00ab&nbsp;de maintien de la paix&nbsp;\u00bb en Ukraine comprendront autant de troupes terrestres que de forces a\u00e9riennes et navales. Notamment, des militaires britanniques et fran\u00e7ais seront d\u00e9ploy\u00e9s tant dans les villes que dans les ports et les infrastructures critiques ; les navires de patrouille et dragueurs de mines de l\u2019OTAN op\u00e9reront en mer Noire.<\/p>\n\n\n\n<p>De son c\u00f4t\u00e9, le 27 mars, Emmanuel Macron a organis\u00e9 un nouveau sommet \u00e0 Paris entre Volodymyr Zelensky et ses partenaires de guerre&nbsp;: \u00ab\u00a0<em>On a fait un gros travail avec les Britanniques sur les conditions d&rsquo;encadrer le cessez-le-feu et donc l\u00e0, je pense que \u00e7a va \u00eatre l&rsquo;occasion d&rsquo;en discuter et de le pr\u00e9ciser<\/em>\u00ab\u00a0, a d\u00e9clar\u00e9 le pr\u00e9sident fran\u00e7ais.<\/p>\n\n\n\n<p>Bien \u00e9videmment, en parlant d\u2019une coalition et d\u2019un grand d\u00e9ploiement militaire des forces de l\u2019alliance du Trait\u00e9 de l&rsquo;Atlantique Nord, ce n\u2019est gu\u00e8re une action d\u2019une dur\u00e9e de 30 jours couvrant le cessez-le-feu propos\u00e9 par les Etats-Unis d\u2019Am\u00e9rique qui est en discussion, mais une op\u00e9ration strat\u00e9gique \u00e0 long terme. &nbsp;&nbsp;<\/p>\n\n\n\n<p><strong>Les tentatives d\u00e9sesp\u00e9r\u00e9es de se sauver la face<\/strong><\/p>\n\n\n\n<p>La grandeur des ambitions des id\u00e9es exprim\u00e9es et des plans \u00e9labor\u00e9s par la coalition Anglo-franco-centrique ne peut \u00eatre compar\u00e9e qu\u2019\u00e0 la profondeur abyssale de leur coupure de la r\u00e9alit\u00e9.<\/p>\n\n\n\n<p>Car, jamais aucune force d\u2019aucun pays de l\u2019OTAN ne participera dans le pr\u00e9tendu processus de \u00ab&nbsp;maintien de la paix&nbsp;\u00bb sur le sol de l\u2019Ukraine post-conflit.<\/p>\n\n\n\n<p>Apr\u00e8s la remise d\u00e9monstrative des pays du Vieux continent \u00e0 leur v\u00e9ritable place&nbsp;&#8211; celle des vassaux du maitre outre-Atlantique &#8211; par le rejet de leur pr\u00e9sence \u00e0 la table des futures n\u00e9gociations de paix en Ukraine qui n\u2019auront lieu qu\u2019entre les deux r\u00e9elles puissances en guerre&nbsp;: les Etats-Unis d\u2019Am\u00e9rique et la F\u00e9d\u00e9ration de Russie &#8211; les r\u00e9centes d\u00e9clarations des pays-membres du camp en d\u00e9faite face \u00e0 la Russie ne sont que des tentatives maladroites et d\u00e9sesp\u00e9r\u00e9es de sauver les d\u00e9bris restant de leur r\u00e9putation, en tant que puissances militaires, aux yeux du monde qui les observent d\u2019une mani\u00e8re de plus en plus sceptique.<\/p>\n\n\n\n<p>Contrairement \u00e0 ces mensonges et illusions propag\u00e9s depuis la r\u00e9union \u00e0 Londres au sujet des futures actions des pr\u00e9tendues forces du \u00ab&nbsp;maintien de la paix&nbsp;\u00bb en Ukraine dans la p\u00e9riode post-guerre, mon affirmation sur l\u2019impossibilit\u00e9 de la participation des forces arm\u00e9es des pays de l\u2019OTAN dans le \u00ab&nbsp;maintien de la paix&nbsp;\u00bb en Ukraine est sans \u00e9quivoque et bas\u00e9e sur des fondements juridiques incontournables.<\/p>\n\n\n\n<p>Plusieurs facteurs-cl\u00e9s rendent parfaitement impossible l\u2019initiative occidentale de \u00ab&nbsp;contr\u00f4ler&nbsp;\u00bb la paix en Ukraine \u00e0 la fin du conflit arm\u00e9. &nbsp;<\/p>\n\n\n\n<p><strong>La condition<\/strong><strong><em> <\/em><\/strong><strong><em>sine qua non <\/em><\/strong><strong>de Moscou<\/strong><\/p>\n\n\n\n<p>Sans la signature de l\u2019accord de paix entre Moscou et Kiev, la pr\u00e9sence \u00e0 titre officiel du moindre contingent militaire ne serait ce que d\u2019un seul des pays membres de l\u2019OTAN sur le sol ukrainien vaudra l\u2019entr\u00e9e directe de l\u2019alliance de l&rsquo;Atlantique Nord en guerre contre la F\u00e9d\u00e9ration de Russie.<\/p>\n\n\n\n<p>Il est connu d\u2019avance via de multiples d\u00e9clarations de Moscou qui n\u2019ont jamais vari\u00e9 au sujet des rapports entre Kiev et l\u2019OTAN&nbsp;: l\u2019une des conditions<strong><em> <\/em><\/strong><em>sine qua non <\/em>de la signature de l\u2019accord de paix sera l\u2019interdiction sign\u00e9e et ratifi\u00e9e par la partie adverse de la pr\u00e9sence des forces arm\u00e9es du bloc de l\u2019Otan sur le territoire de l\u2019Ukraine. &nbsp;<\/p>\n\n\n\n<p>Soit, juridiquement, c\u2019est bien le Kremlin et personne d\u2019autre qui d\u00e9cidera de la pr\u00e9sence du camp ennemi \u00e0 ses fronti\u00e8res du sud-ouest. Une pr\u00e9sence qui n\u2019aura jamais lieu&nbsp;: sa seule menace a \u00e9t\u00e9 l\u2019une des raisons principales pour Moscou d\u2019entrer en guerre qui dure depuis plus de trois ans.<\/p>\n\n\n\n<p>L\u2019unique moyen de r\u00e9aliser les fantasmes des dirigeants des pays de l\u2019OTAN sur la pr\u00e9sence en Ukraine de leurs forces \u00ab&nbsp;de maintien de la paix&nbsp;\u00bb est celui d\u2019entrer en guerre contre la Russie et de l\u2019importer.<\/p>\n\n\n\n<p><strong>Les casques bleus<\/strong><\/p>\n\n\n\n<p>Les Casques bleus sont une force qui agit au nom de l&rsquo;Organisation des Nations unies (ONU) dans le cadre des op\u00e9rations de maintien de la paix (OMP). Il est donc logique de supposer que leur pr\u00e9sence peut avoir lieu en Ukraine post-guerre. &nbsp;<\/p>\n\n\n\n<p>Cela \u00e9tant, le d\u00e9ploiement d\u2019une telle mission ne peut \u00eatre d\u00e9cid\u00e9 que par le principal organe des Nations Unies qui est le Conseil de s\u00e9curit\u00e9. Le Conseil, dont la F\u00e9d\u00e9ration de Russie est membre permanent et, \u00e0 ce titre, dispose du droit de veto lorsque des r\u00e9solutions doivent \u00eatre vot\u00e9es.<\/p>\n\n\n\n<p>Ainsi, une fois de plus, c\u2019est bien Moscou qui d\u00e9cidera si la pr\u00e9sence des casques bleus en Ukraine aura lieu ou non.<\/p>\n\n\n\n<p><strong>Navires de patrouille et dragueurs de mines en mer Noire<\/strong><\/p>\n\n\n\n<p>Lors de la r\u00e9union de 20 mars \u00e0 Londres, l\u2019une des d\u00e9cisions qui a \u00e9t\u00e9 prise \u00e9tait celle de la future pr\u00e9sence des navires de patrouille et dragueurs de mines de l\u2019OTAN qui op\u00e9reront en mer Noire.<\/p>\n\n\n\n<p>Les propagateurs de la d\u00e9sinformation depuis Londres ont \u00ab&nbsp;oubli\u00e9&nbsp;\u00bb de parler de l\u2019existence de la convention de Montreux. La&nbsp;convention de Montreux,&nbsp;sign\u00e9e le 20 juillet 1936, d\u00e9termine l&rsquo;exercice de la circulation dans les d\u00e9troits des Dardanelles et du Bosphore (Turquie), ainsi que dans la mer Noire. Et le \u00a72 de son article 18 est sans \u00e9quivoque&nbsp;: &nbsp;<\/p>\n\n\n\n<p>\u00ab&nbsp;<em>Quel que soit l&rsquo;objet de leur pr\u00e9sence en mer Noire, les b\u00e2timents de guerre des Puissances non riveraines ne pourront pas y rester plus de vingt et un jours<\/em> \u00bb.<\/p>\n\n\n\n<p>Soit, aucune s\u00e9rieuse pr\u00e9sence suppl\u00e9mentaire de la marine du bloc de l\u2019OTAN ne peut y avoir lieu. Hormis celles de la Roumanie, de la Bulgarie et de la Turquie riveraines qui y sont d\u00e9j\u00e0 pr\u00e9sentes et peuvent naviguer librement dans leurs eaux territoriales et les eaux internationales &#8211; ce qu\u2019elles font depuis toujours.&nbsp; &nbsp;<\/p>\n\n\n\n<p>Les d\u00e9clarations europ\u00e9ennes sur la future pr\u00e9sence des navires de l\u2019OTAN qui op\u00e9reront en mer Noire dans le cadre de \u00ab&nbsp;la force de maintien&nbsp;de la paix&nbsp;\u00bb en Ukraine ne sont donc que de la rh\u00e9torique vide.<\/p>\n\n\n\n<p><strong>La constitution de l\u2019Ukraine<\/strong><\/p>\n\n\n\n<p>En vue des grossi\u00e8res violations au quotidien de la Constitution de l\u2019Ukraine depuis 2014 et, plus particuli\u00e8rement, depuis les 3 derni\u00e8res ann\u00e9es par les r\u00e9gimes criminels successifs install\u00e9s \u00e0 Kiev, il est presque d\u00e9plac\u00e9 de mentionner l\u2019existence d\u2019une Constitution dans ce pays des hors la loi et, encore moins, de mentionner l\u2019existence de l\u2019article 17 de ladite Constitution qui est sans \u00e9quivoque&nbsp;:<\/p>\n\n\n\n<p>\u00ab<em>&nbsp;Le d\u00e9ploiement de bases militaires \u00e9trang\u00e8res sur le territoire ukrainien est interdit<\/em>&nbsp;\u00bb.<\/p>\n\n\n\n<p>Il est tout \u00e0 fait certain qu\u2019une violation constitutionnelle de plus, parmi tant d\u2019autres, par le d\u00e9ploiement des forces arm\u00e9es de l\u2019OTAN sur le territoire de l\u2019Ukraine serait pass\u00e9 tout \u00e0 fait inaper\u00e7u. De plus que l\u2019existence de la Cour constitutionnelle qui est l&rsquo;unique organe de juridiction constitutionnelle en Ukraine a \u00e9t\u00e9 r\u00e9duite par le r\u00e9gime de Zelensky \u00e0 n\u2019exister que sur papier.<\/p>\n\n\n\n<p><strong>Post-scriptum<\/strong><\/p>\n\n\n\n<p>En mettant de c\u00f4t\u00e9 les fantaisies propag\u00e9es par la composante europ\u00e9enne de l&rsquo;Organisation du Trait\u00e9 de l&rsquo;Atlantique Nord, revenons \u00e0 la r\u00e9alit\u00e9&nbsp;:<\/p>\n\n\n\n<p>d\u2019une mani\u00e8re incontournable, seule la F\u00e9d\u00e9ration de Russie peut r\u00e9ellement garantir la paix sur le territoire de l\u2019Ukraine. Il n\u2019y aura aucune paix, si les conditions de s\u00e9curit\u00e9 et la prise en compte des int\u00e9r\u00eats russes exig\u00e9es par Moscou, durant tant d\u2019ann\u00e9es avant-m\u00eame le d\u00e9clenchement de la guerre, ne sont pas respect\u00e9es par le camp-ennemi. Et en mentionnant l\u2019ennemi, ce n\u2019est gu\u00e8re du camp ukrainien qui n\u2019a jamais \u00e9t\u00e9 qu\u2019un outil p\u00e9rissable entre les mains des tireurs de ficelles anglo-saxons dont je parle.<\/p>\n\n\n\n<p>L\u2019intervention directe et officielle de la moindre composante militaire d\u2019un seul des pays de l\u2019OTAN sur le sol ukrainien vaudra directement son entr\u00e9e en guerre contre la Russie avec toutes les cons\u00e9quences pour le monde qui en d\u00e9couleront.<\/p>\n\n\n\n<p>Cela \u00e9tant, si une telle situation a \u00e9t\u00e9 soigneusement \u00e9vit\u00e9e dans les heures les plus sombres du r\u00e8gne belliqueux des \u00ab&nbsp;d\u00e9mocrates&nbsp;\u00bb sur la Maison Blanche &#8211; ce n\u2019est certainement pas demain que cela arrivera dans le cadre des gesticulations archa\u00efques et impuissantes des anciennes puissances europ\u00e9ennes, dont \u00ab&nbsp;l\u2019\u00e2ge d\u2019or&nbsp;\u00bb a sombr\u00e9 \u00e0 tout jamais dans l&rsquo;oubli du pass\u00e9.<\/p>","protected":false},"excerpt":{"rendered":"<p>Forces de \u00ab\u00a0maintien de la paix\u00a0\u00bb en Ukraine\u00a0: les mensonges des Impuissances europ\u00e9ennes Quelques jours apr\u00e8s que le premier ministre britannique Keir Starmer l\u2019a annonc\u00e9 que le plan de \u00ab coalition des volontaires \u00bb entrait dans une \u00ab phase op\u00e9rationnelle \u00bb, le 20 mars dernier, les repr\u00e9sentants de la majorit\u00e9 des pays de l\u2019OTAN se [&hellip;]<\/p>\n","protected":false},"author":2,"featured_media":0,"parent":0,"menu_order":0,"comment_status":"closed","ping_status":"closed","template":"","meta":{"site-sidebar-layout":"default","site-content-layout":"","ast-site-content-layout":"default","site-content-style":"default","site-sidebar-style":"default","ast-global-header-display":"","ast-banner-title-visibility":"","ast-main-header-display":"","ast-hfb-above-header-display":"","ast-hfb-below-header-display":"","ast-hfb-mobile-header-display":"","site-post-title":"disabled","ast-breadcrumbs-content":"","ast-featured-img":"","footer-sml-layout":"","ast-disable-related-posts":"","theme-transparent-header-meta":"","adv-header-id-meta":"","stick-header-meta":"","header-above-stick-meta":"","header-main-stick-meta":"","header-below-stick-meta":"","astra-migrate-meta-layouts":"set","ast-page-background-enabled":"default","ast-page-background-meta":{"desktop":{"background-color":"","background-image":"","background-repeat":"repeat","background-position":"center center","background-size":"auto","background-attachment":"scroll","background-type":"","background-media":"","overlay-type":"","overlay-color":"","overlay-gradient":""},"tablet":{"background-color":"","background-image":"","background-repeat":"repeat","background-position":"center center","background-size":"auto","background-attachment":"scroll","background-type":"","background-media":"","overlay-type":"","overlay-color":"","overlay-gradient":""},"mobile":{"background-color":"","background-image":"","background-repeat":"repeat","background-position":"center center","background-size":"auto","background-attachment":"scroll","background-type":"","background-media":"","overlay-type":"","overlay-color":"","overlay-gradient":""}},"ast-content-background-meta":{"desktop":{"background-color":"var(--ast-global-color-5)","background-image":"","background-repeat":"repeat","background-position":"center center","background-size":"auto","background-attachment":"scroll","background-type":"","background-media":"","overlay-type":"","overlay-color":"","overlay-gradient":""},"tablet":{"background-color":"var(--ast-global-color-5)","background-image":"","background-repeat":"repeat","background-position":"center center","background-size":"auto","background-attachment":"scroll","background-type":"","background-media":"","overlay-type":"","overlay-color":"","overlay-gradient":""},"mobile":{"background-color":"var(--ast-global-color-5)","background-image":"","background-repeat":"repeat","background-position":"center center","background-size":"auto","background-attachment":"scroll","background-type":"","background-media":"","overlay-type":"","overlay-color":"","overlay-gradient":""}},"footnotes":""},"class_list":["post-8954","page","type-page","status-publish","hentry"],"_links":{"self":[{"href":"https:\/\/c-cie.eu\/ru\/wp-json\/wp\/v2\/pages\/8954","targetHints":{"allow":["GET"]}}],"collection":[{"href":"https:\/\/c-cie.eu\/ru\/wp-json\/wp\/v2\/pages"}],"about":[{"href":"https:\/\/c-cie.eu\/ru\/wp-json\/wp\/v2\/types\/page"}],"author":[{"embeddable":true,"href":"https:\/\/c-cie.eu\/ru\/wp-json\/wp\/v2\/users\/2"}],"replies":[{"embeddable":true,"href":"https:\/\/c-cie.eu\/ru\/wp-json\/wp\/v2\/comments?post=8954"}],"version-history":[{"count":1,"href":"https:\/\/c-cie.eu\/ru\/wp-json\/wp\/v2\/pages\/8954\/revisions"}],"predecessor-version":[{"id":8956,"href":"https:\/\/c-cie.eu\/ru\/wp-json\/wp\/v2\/pages\/8954\/revisions\/8956"}],"wp:attachment":[{"href":"https:\/\/c-cie.eu\/ru\/wp-json\/wp\/v2\/media?parent=8954"}],"curies":[{"name":"wp","href":"https:\/\/api.w.org\/{rel}","templated":true}]}}