{"id":8675,"date":"2025-03-04T22:59:37","date_gmt":"2025-03-04T21:59:37","guid":{"rendered":"https:\/\/c-cie.eu\/?page_id=8675"},"modified":"2025-03-04T22:59:53","modified_gmt":"2025-03-04T21:59:53","slug":"article-clash-trump-zelensky","status":"publish","type":"page","link":"https:\/\/c-cie.eu\/ru\/article-clash-trump-zelensky\/","title":{"rendered":"ARTICLE &#8211; Clash Trump-Zelensky"},"content":{"rendered":"<figure class=\"wp-block-image aligncenter size-full is-resized\"><img fetchpriority=\"high\" decoding=\"async\" width=\"1488\" height=\"996\" src=\"https:\/\/c-cie.eu\/wp-content\/uploads\/2025\/03\/1-2.jpg\" alt=\"\" class=\"wp-image-8676\" style=\"width:505px;height:auto\" srcset=\"https:\/\/c-cie.eu\/wp-content\/uploads\/2025\/03\/1-2.jpg 1488w, https:\/\/c-cie.eu\/wp-content\/uploads\/2025\/03\/1-2-300x201.jpg 300w, https:\/\/c-cie.eu\/wp-content\/uploads\/2025\/03\/1-2-1024x685.jpg 1024w, https:\/\/c-cie.eu\/wp-content\/uploads\/2025\/03\/1-2-768x514.jpg 768w, https:\/\/c-cie.eu\/wp-content\/uploads\/2025\/03\/1-2-18x12.jpg 18w\" sizes=\"(max-width: 1488px) 100vw, 1488px\" \/><\/figure>\n\n\n\n<h2 class=\"wp-block-heading has-text-align-center has-text-color has-link-color has-large-font-size wp-elements-e9f1c184814a10d4926f6c9333cbffef\" style=\"color:#565e64\">Clash Trump-Zelensky : la suspension de l\u2019aide militaire pour l\u2019Ukraine<\/h2>\n\n\n\n<p>Ce lundi, le 3 mars, Donald Trump a ordonn\u00e9 une \u00ab&nbsp;pause&nbsp;\u00bb dans l\u2019aide militaire des Etats-Unis d\u2019Am\u00e9rique \u00e0 l\u2019Ukraine. Non seulement les nouvelles aides \u00e0 venir sont stopp\u00e9es, mais \u00e9galement celles d\u00e9j\u00e0 approuv\u00e9es par l&rsquo;ancienne administration de Joe Biden et pas encore livr\u00e9es font \u00e9galement l\u2019objet du gel par la Maison Blanche.<\/p>\n\n\n\n<p>La suspension est imm\u00e9diate et effective&nbsp;: les trains entiers de l\u2019aide militaire am\u00e9ricaine sont bloqu\u00e9s sur la fronti\u00e8re ukraino-polonaise et ne poursuivront pas leur acheminement vers le destinataire.<\/p>\n\n\n\n<p>Depuis la r\u00e9union du 28 f\u00e9vrier dernier \u00e0 la Maison-Blanche entre le pr\u00e9sident am\u00e9ricain Donald Trump et son homologue ukrainien Volodymyr Zelensky, accompagn\u00e9s de leurs \u00e9quipes respectives, beaucoup d\u2019informations circulent dans les mass m\u00e9dias sur le sujet qui a surpris, voir choqu\u00e9 plus d\u2019un.<\/p>\n\n\n\n<p>N\u00e9anmoins, avec le foss\u00e9 de la rupture des relations bilat\u00e9rales am\u00e9ricano-ukrainiennes qui s\u2019est concr\u00e9tis\u00e9 ce lundi, \u00e9tant satur\u00e9es par la composante \u00e9motionnelle, la majeure partie des informations sur le sujet ne refl\u00e8tent que tr\u00e8s vaguement les r\u00e9elles cons\u00e9quences concr\u00e8tes qui auront dor\u00e9navant lieu sur l\u2019Ukraine.<\/p>\n\n\n\n<p><strong>Le scandale<\/strong><\/p>\n\n\n\n<p>Aujourd\u2019hui, Kiev est confront\u00e9 \u00e0 des cons\u00e9quences du scandale diplomatique qui a eu lieu \u00e0 la maison Blanche incomparablement plus graves que celles qui l&rsquo;attendaient apr\u00e8s la signature pr\u00e9vue du contrat de servitude au niveau des gisements de mati\u00e8res premi\u00e8res strat\u00e9giques et des infrastructures critiques de l\u2019Ukraine pour la couverture des dettes r\u00e9clam\u00e9es par le maitre du bureau ovale.<\/p>\n\n\n\n<p>Sans aucun doute, le dirigeant ukrainien Volodimir Zelensky porte la responsabilit\u00e9 personnelle de l\u2019incident.<\/p>\n\n\n\n<p>Si Trump pouvait ais\u00e9ment se permettre le comportement qu\u2019il a eu lors de la rencontre, \u00e9tant \u00e0 la t\u00eate du pays-principal alli\u00e9 et sponsor de l&rsquo;Ukraine dans le conflit militaire contre la Russie et en position de force incomparable &#8211; Zelensky, en ce qui le concerne, n&rsquo;avait pas le moindre droit moral de mettre en avant son petit caract\u00e8re, encore moins de riposter avec de la violence et avec un grave manque de respect jamais vu dans le cadre du protocole de la diplomatie publique vis-\u00e0-vis de ses interlocuteurs&nbsp;: derri\u00e8re lui, toute une nation est sous la d\u00e9pendance directe et dans le besoin vital d&rsquo;aide \u00e9trang\u00e8re, une population fatigu\u00e9e de la guerre. Les forces arm\u00e9es ukrainiennes manquent cruellement d&rsquo;armes, de munitions et de personnel combattant. Le front est au bord de l&rsquo;effondrement, des centaines et parfois des milliers d&rsquo;ukrainiens continuent \u00e0 mourir chaque jour.<\/p>\n\n\n\n<p>De nombreux politiciens am\u00e9ricains ont qualifi\u00e9 le comportement du pr\u00e9sident ukrainien de honteux et ont pr\u00e9conis\u00e9 la cessation de toutes relations avec ce dernier. Les plus grands partisans de Trump ont appel\u00e9 Zelensky \u00e0 d\u00e9missionner. Cela a notamment \u00e9t\u00e9 d\u00e9clar\u00e9 par le pr\u00e9sident de la Chambre des repr\u00e9sentants, Michael Johnson, ainsi que par le conseiller \u00e0 la s\u00e9curit\u00e9 nationale, Mike Waltz.<\/p>\n\n\n\n<p>Personne n&rsquo;a enlev\u00e9 la responsabilit\u00e9 personnelle de Zelensky pour la trag\u00e9die que l\u2019Ukraine est en train de vivre et il ne devrait, certainement pas, oublier sa vraie place face au v\u00e9ritable maitre du futur de son pays.<\/p>\n\n\n\n<p>Maintenant que les n\u00e9gociations de paix ont \u00e9chou\u00e9 et que les Etats-Unis arr\u00eatent leurs livraisons d\u2019armements et munitions, l&rsquo;Ukraine ne peut que s\u2019attendre \u00e0 de nouvelles pertes insens\u00e9es \u00e0 l\u2019\u00e9chelle encore plus importante qu\u2019auparavant. Et quelques pertes que cela soit, t\u00f4t ou tard, l\u2019Ukraine se retrouvera d\u2019une mani\u00e8re in\u00e9vitable dans une situation o\u00f9 elle sera oblig\u00e9e de s\u2019asseoir \u00e0 la table des n\u00e9gociations.<\/p>\n\n\n\n<p>Vu la force et la pression croissante en discontinu de l\u2019arm\u00e9e Russe sur les champs de bataille, chaque jour de r\u00e9sistance ne fait qu\u2019aggraver la position de Kiev d\u00e9j\u00e0 pr\u00e9caire dans le cadre des futures n\u00e9gociations. Selon les pr\u00e9visions des analystes militaires, sans l&rsquo;aide financi\u00e8re am\u00e9ricaine et la fourniture d&rsquo;armes, l&rsquo;Ukraine peut encore tenir six mois. Et ensuite ?<\/p>\n\n\n\n<p><strong>L&rsquo;Ukraine \u00e9tait-elle pr\u00eate pour la cessation de l&rsquo;aide militaire am\u00e9ricaine ?<\/strong><\/p>\n\n\n\n<p>Depuis le d\u00e9but de la guerre, les \u00c9tats-Unis ont \u00e9t\u00e9, de tr\u00e8s loin, le principal alli\u00e9 de l&rsquo;Ukraine. Aujourd\u2019hui, le pr\u00e9sident am\u00e9ricain Donald Trump a estim\u00e9 l&rsquo;aide fournie \u00e0 hauteur de 350 milliards de dollars. Parmi les armes fournies par les \u00c9tats-Unis, il existe plusieurs \u00e9l\u00e9ments d\u2019importance strat\u00e9gique que les forces arm\u00e9es ukrainiennes ne seront pas en mesure de substituer. En Europe, soit ils ne sont pas du tout produits, soit produits en quantit\u00e9 n\u00e9gligeable.<\/p>\n\n\n\n<p>Les \u00c9tats-Unis d\u2019Am\u00e9rique changent radicalement leur vecteur en mati\u00e8re de g\u00e9opolitique. Trump a mis \u00e0 ex\u00e9cution sa d\u00e9termination \u00e0 cesser de soutenir l&rsquo;Ukraine et, dans le m\u00eame temps, la pression des sanctions sur la Russie par les Am\u00e9ricains pourrait commencer \u00e0 s&rsquo;affaiblir &#8211; ce qui est d\u00e9j\u00e0 en train d\u2019\u00eatre discut\u00e9 dans le cercle du haut pouvoir am\u00e9ricain.<\/p>\n\n\n\n<p>De son c\u00f4t\u00e9, le Kremlin a certainement propos\u00e9 au pr\u00e9sident am\u00e9ricain toute une s\u00e9rie d\u2019accords strat\u00e9giques, dont celui rendu public sur l\u2019extraction en commun des m\u00e9taux des terres rares. En cons\u00e9quence, la probabilit\u00e9 est tr\u00e8s haute que les ennemis d&rsquo;hier aient beaucoup en commun demain en mati\u00e8re d&rsquo;\u00e9conomie et de s\u00e9curit\u00e9 globale, ce \u00e0 quoi Trump aspire grandement.<\/p>\n\n\n\n<p>Dans une n\u00e9gociation B to B, le facteur-cl\u00e9 de la r\u00e9ussite est celui de l\u2019interd\u00e9pendance des parties en face. Les Russes ont su poser dans leur offre de bons accents sur les \u00e9l\u00e9ments dans lesquels le partenariat russo-am\u00e9ricain ne peut qu\u2019\u00eatre mutuellement tr\u00e8s b\u00e9n\u00e9fique.Et dans cette nouvelle formule la confrontation russo-am\u00e9ricaine sur le sol ukrainien n\u2019a pas lieu d\u2019\u00eatre.<\/p>\n\n\n\n<p>Depuis le d\u00e9but de la guerre, les \u00c9tats-Unis ont \u00e9t\u00e9, de tr\u00e8s loin, le principal alli\u00e9 de l&rsquo;Ukraine. Aujourd\u2019hui, le pr\u00e9sident am\u00e9ricain Donald Trump a estim\u00e9 l&rsquo;aide fournie \u00e0 hauteur de 350 milliards de dollars. Parmi les armes fournies par les \u00c9tats-Unis, il existe plusieurs \u00e9l\u00e9ments d\u2019importance strat\u00e9gique que les forces arm\u00e9es ukrainiennes ne seront pas en mesure de substituer. En Europe, soit ils ne sont pas du tout produits, soit produits en quantit\u00e9 n\u00e9gligeable.<\/p>\n\n\n\n<p>Ainsi, la cessation de l&rsquo;aide militaire am\u00e9ricaine \u00e0 l\u2019Ukraine est, tout simplement, fatale vis-\u00e0-vis des capacit\u00e9s \u00e0 combattre de l\u2019arm\u00e9e ukrainienne.<\/p>\n\n\n\n<p><strong>Le syst\u00e8me satellite Starlink<\/strong><\/p>\n\n\n\n<p>En cas de suppression par les Am\u00e9ricains du syst\u00e8me satellite Starlink pour l\u2019Ukraine qui est \u00e9galement en train d\u2019\u00eatre mis en place, les militaires ukrainiens perdront leur principale source d&rsquo;information et d\u2019\u00e9change directement sur le champ de bataille.<\/p>\n\n\n\n<p>Sans \u00e9change imm\u00e9diat d&rsquo;informations sur le champ de bataille, les soldats seront d\u00e9sormais priv\u00e9s de reconnaissance et de ciblage de qualit\u00e9. Dans ce cas, la qualit\u00e9 op\u00e9rationnelle de l&rsquo;artillerie ukrainienne se verra reculer \u00e0 des d\u00e9cennies en arri\u00e8re. En cons\u00e9quence directe, cela entra\u00eenera une augmentation consid\u00e9rable de la consommation de munitions, qui font d\u00e9j\u00e0 grand d\u00e9faut, et, en outre, le mat\u00e9riel militaire ukrainien sera d\u00e9truit par les forces arm\u00e9es russes \u00e0 une cadence encore plus soutenue qu\u2019aujourd\u2019hui.<\/p>\n\n\n\n<p>En outre, l&rsquo;Ukraine perdra la possibilit\u00e9 d&rsquo;utiliser des drones \u00e0 longue port\u00e9e grandement utilis\u00e9s en ce moment, des drones agricoles \u00e0 l\u2019origine \u00abBaba-Yaga\u00bb qui ont une importante capacit\u00e9 de charge utile et un fonctionnement autonome &#8211; ils d\u00e9pendent directement de la navigation satellitaire.<\/p>\n\n\n\n<p>Pour les Ukrainiens, il n\u2019y a aucune alternative au syst\u00e8me Starlink. A l&rsquo;avenir, il peut, potentiellement, \u00eatre remplac\u00e9 par le syst\u00e8me europ\u00e9en de navigation global par satellite Galileo, mais ceci est impossible \u00e0 court terme. Par ailleurs, comment le syst\u00e8me Galileo se comportera dans les conditions de combat et combien de temps prendra son d\u00e9ploiement et son adaptation &#8211; cela reste une inconnue.<\/p>\n\n\n\n<p><strong>Le syst\u00e8me de d\u00e9fense a\u00e9rienne Patriot<\/strong><\/p>\n\n\n\n<p>Le syst\u00e8me de d\u00e9fense a\u00e9rienne am\u00e9ricain Patriot est l&rsquo;un des meilleurs au monde, m\u00eame s\u2019il est moins performant que le syst\u00e8me russe ZRS S-400 \u00ab\u00a0Triumph\u00a0\u00bb. \u00c0 l&rsquo;heure actuelle, il est connu que 6 de ces batteries Patriot prot\u00e8gent les grandes villes ukrainiennes des missiles russes les plus dangereux. Les munitions pour de tels syst\u00e8mes de d\u00e9fense a\u00e9rienne ne sont fabriqu\u00e9es qu&rsquo;aux \u00c9tats-Unis et avec la cessation de livraisons, les forces arm\u00e9es ukrainiennes seront rapidement confront\u00e9es \u00e0 une p\u00e9nurie de missiles et devront choisir les sites \u00e0 prot\u00e9ger et ceux \u00e0 laisser sans d\u00e9fense, <a href=\"https:\/\/www.wsj.com\/world\/europe\/without-u-s-aid-ukraine-would-lose-some-of-its-most-sophisticated-weapons-e3bf6cb7\">comme le note, \u00e0 juste titre, le Wall Street Journal.<\/a><\/p>\n\n\n\n<p>Ainsi, les pays europ\u00e9ens devront allouer des fonds suppl\u00e9mentaires et \u00e9quiper l&rsquo;Ukraine de syst\u00e8mes enti\u00e8rement europ\u00e9ens, tels que le franco-italien SAMP\/T. Cela \u00e9tant, \u00e0 partir du moment de la prise de d\u00e9cision et la signature du contrat, il faut attendre non pas quelques semaines, mais plusieurs ann\u00e9es avant le d\u00e9but de la premi\u00e8re livraison de missiles. Le consortium europ\u00e9en a promis de r\u00e9duire le d\u00e9lai \u00e0 18 mois, mais ce dernier reste extr\u00eamement long et ne couvre certainement pas la p\u00e9riode avant la fin du conflit arm\u00e9 sur le sol ukrainien.<\/p>\n\n\n\n<p><strong>MLR et missiles<\/strong><\/p>\n\n\n\n<p>Avec la cessation de l&rsquo;aide militaire am\u00e9ricaine, l&rsquo;arm\u00e9e ukrainienne perd \u00e9galement les missiles guid\u00e9s pour les lance-roquettes mobiles MLRS \u00e0 chenilles et les HIMARS \u00e0 roues. Les \u00c9tats-Unis ont fourni \u00e0 l\u2019Ukraine deux types de munitions&nbsp;: GMLRS avec la port\u00e9e allant \u00e0 90km et ATACMS avec la port\u00e9e allant \u00e0 300km.<\/p>\n\n\n\n<p>La grande pr\u00e9cision et la puissance de l&rsquo;ogive de la fus\u00e9e sont compl\u00e9t\u00e9es par la vitesse de d\u00e9ploiement&nbsp;: le lanceur \u00e0 roues HIMARS ou le MLRS \u00e0 chenilles permettent de frapper peu de temps apr\u00e8s avoir re\u00e7u des informations de reconnaissance.<\/p>\n\n\n\n<p>Le probl\u00e8me est que les GMLRS, contrairement aux obus classiques, ne sont fabriqu\u00e9s qu&rsquo;aux \u00c9tats-Unis dans les usines de Lockheed Martin. En outre, la grande efficacit\u00e9 d\u00e9montr\u00e9e par ces missiles en Ukraine a augment\u00e9 la demande du produit sur le march\u00e9 mondial de l\u2019armement et l&rsquo;Ukraine avait beaucoup de concurrents pour les acqu\u00e9rir, avant m\u00eame l\u2019arr\u00eat des livraisons dat\u00e9 de ce 3 mars. Et il n&rsquo;y a rien pour remplacer ces missiles. Ni quantitativement ni qualitativement, <a href=\"https:\/\/www.bbc.com\/ukrainian\/articles\/c70wwn4zzp7o\">comme l\u2019\u00e9crit la BBC. \u00a0<\/a><\/p>\n\n\n\n<p>En ce qui concerne les missiles de croisi\u00e8re europ\u00e9ens SCALP\/Storm Shadow lanc\u00e9s \u00e0 partir d&rsquo;avions &#8211; ils ne suffisent gu\u00e8re \u00e0 remplacer les ATACMS am\u00e9ricains.<\/p>\n\n\n\n<p>Il faut comprendre qu&rsquo;une fois sans artillerie de longue port\u00e9e et de haute pr\u00e9cision et sans les missiles de croisi\u00e8re, les forces arm\u00e9es ukrainiennes ne pourront plus frapper les d\u00e9p\u00f4ts d&rsquo;armes, les d\u00e9p\u00f4ts p\u00e9troliers, les raffineries, les postes de commandement, les a\u00e9rodromes et les polygones russes. Les frappes sur ces installations n\u2019ont jamais \u00e9t\u00e9 critiques, mais ont perturb\u00e9 quand m\u00eame la logistique et l&rsquo;approvisionnement de l\u2019arm\u00e9e Russe. Une fois la livraison de ces missiles \u00e0 l\u2019Ukraine arr\u00eat\u00e9e \u2013 l&rsquo;arm\u00e9e russe augmentera son potentiel d&rsquo;attaque et avancera d\u2019une mani\u00e8re encore plus soutenue.<\/p>\n\n\n\n<p><strong>La grave p\u00e9nurie d&rsquo;obus<\/strong><\/p>\n\n\n\n<p>D\u00e8s le d\u00e9but de la guerre et surtout depuis les derniers mois, l&rsquo;arm\u00e9e ukrainienne connait une importante p\u00e9nurie d\u2019obus d\u2019artillerie. Le rapport des tirs dans la zone d&rsquo;affrontement a atteint par endroits 1 \u00e0 10 en d\u00e9faveur de l&rsquo;Ukraine.<\/p>\n\n\n\n<p>La Russie et ses alli\u00e9s produisent environ 3 millions de munitions par an et \u00e0 un prix incomparablement moins \u00e9lev\u00e9 qu\u2019en Occident. De leur c\u00f4t\u00e9, \u00ab les \u00c9tats-Unis et l&rsquo;Europe n&rsquo;ont la capacit\u00e9 de produire qu&rsquo;environ 1,2 million de munitions par an \u00bb, <a href=\"https:\/\/edition.cnn.com\/2024\/03\/10\/politics\/russia-artillery-shell-production-us-europe-ukraine\/index.html\">comme l\u2019indique la CNN<em>.<\/em><\/a><\/p>\n\n\n\n<p>Un tel rapport de capacit\u00e9 de production est nettement en d\u00e9faveur des alli\u00e9s de Kiev et avec l\u2019abandon de la participation par Washington dans l\u2019effort de guerre du c\u00f4t\u00e9 ukrainien, la situation de ce dernier devient tout \u00e0 fait catastrophique.<\/p>\n\n\n\n<p>Le principal probl\u00e8me du Vieux continent est dans l&rsquo;absence quasi totale de capacit\u00e9 de d\u00e9fense. Depuis la guerre froide, l\u2019Europe a v\u00e9cu sous la protection militaire des \u00c9tats-Unis et les mesures prises par l&rsquo;Union europ\u00e9enne pour accro\u00eetre sa puissance militaire n&rsquo;ont pas encore eu d&rsquo;effet et n\u2019en n\u2019auront, certainement pas, ni dans le temps couvrant le conflit arm\u00e9 sur le territoire de l\u2019Ukraine, ni dans les ann\u00e9es \u00e0 venir.<\/p>\n\n\n\n<p><strong>Les renseignements<\/strong><\/p>\n\n\n\n<p>Aujourd\u2019hui, les dirigeants am\u00e9ricains ont arr\u00eat\u00e9 les livraisons d&rsquo;armes et de munitions. Si l\u2019arr\u00eat de l\u2019aide militaire des Etats-Unis influait \u00e9galement la fourniture des renseignements militaires aux forces arm\u00e9es ukrainiennes, ces derniers deviendraient pratiquement aveugles dans leurs actions sur le terrain des op\u00e9rations.<\/p>\n\n\n\n<p>Le g\u00e9n\u00e9ral de l&rsquo;arm\u00e9e et ancien chef du service de renseignement ext\u00e9rieur de l\u2019Ukraine, <a href=\"https:\/\/www.youtube.com\/watch?v=9txKdNPk1Dw\">Mikola Malomuz, a d\u00e9clar\u00e9 \u00e0 la chaine ukrainienne \u00ab\u00a0Channel 24\u00a0\u00bb<\/a> quelles cons\u00e9quences pourraient entra\u00eener la cessation de l&rsquo;\u00e9change de renseignements entre Washington et Kiev. <\/p>\n\n\n\n<p>Selon lui, l&rsquo;arr\u00eat du transfert des donn\u00e9es des renseignements spatiaux, techniques et du r\u00e9seau d\u2019agents de renseignement sera une immense perte pour l&rsquo;Ukraine, car les renseignements am\u00e9ricains sont beaucoup plus avantageux que ceux m\u00eame des grands pays europ\u00e9ens.<\/p>\n\n\n\n<p><strong>L&rsquo;insuffisance des aides des alli\u00e9s europ\u00e9ens<\/strong><\/p>\n\n\n\n<p>Apr\u00e8s le d\u00e9sastre de la conf\u00e9rence de presse dans le bureau ovale, l&rsquo;Ukraine et ses alli\u00e9s tentent fr\u00e9n\u00e9tiquement de mettre en place le remplacement d&rsquo;urgence des armes cl\u00e9s de la production am\u00e9ricaine en service dans le pays en guerre, y compris les missiles de d\u00e9fense a\u00e9rienne.<\/p>\n\n\n\n<p>Hormis les missiles de d\u00e9fense a\u00e9rienne, Kiev peut obtenir pratiquement tous les autres types d&rsquo;armes de ses partenaires europ\u00e9ens. N\u00e9anmoins, les volumes de livraisons ne pourront plus \u00eatre comparables \u00e0 ceux d\u2019auparavant, d\u00e9j\u00e0 tr\u00e8s insuffisants, ce qui sera lourd de cons\u00e9quences sur les champs de bataille. &nbsp;<\/p>\n\n\n\n<p>Aujourd&rsquo;hui, la soci\u00e9t\u00e9 ukrainienne est domin\u00e9e par des sentiments de panique en raison de l&rsquo;in\u00e9vitabilit\u00e9 de la d\u00e9faite militaire \u00e0 venir. Le rejet de l&rsquo;accord de paix et la rupture des relations avec les \u00c9tats-Unis mettent le pays directement au bord de l\u2019effondrement. Et ce n\u2019est gu\u00e8re la propagande ukraino-europ\u00e9enne grossi\u00e8rement mensong\u00e8re sur la cote tr\u00e8s \u00e9lev\u00e9e de Zelensky aupr\u00e8s de sa population qui pourra avoir le moindre impact sur la fin qui approche \u00e0 grand pas.<\/p>\n\n\n\n<p>Si Volodimir Zelensky et son proche entourage peuvent compter sur un avenir personnel tr\u00e8s confortable entre Londres, Paris, Courchevel et la C\u00f4te d\u2019Azur, la population ukrainienne, quant \u00e0 elle, attend de tristes perspectives. D\u2019une mani\u00e8re imminente, dans la d\u00e9cennie \u00e0 venir, la soci\u00e9t\u00e9 ukrainienne profond\u00e9ment divis\u00e9e et d\u00e9chir\u00e9e par les \u00e9v\u00e9nements des onze derni\u00e8res ann\u00e9es sera condamn\u00e9e \u00e0 vivre sur les ruines \u00e9conomiques, sociales et culturelles du pays rong\u00e9 par la mis\u00e8re.<\/p>","protected":false},"excerpt":{"rendered":"<p>Clash Trump-Zelensky : la suspension de l\u2019aide militaire pour l\u2019Ukraine Ce lundi, le 3 mars, Donald Trump a ordonn\u00e9 une \u00ab&nbsp;pause&nbsp;\u00bb dans l\u2019aide militaire des Etats-Unis d\u2019Am\u00e9rique \u00e0 l\u2019Ukraine. Non seulement les nouvelles aides \u00e0 venir sont stopp\u00e9es, mais \u00e9galement celles d\u00e9j\u00e0 approuv\u00e9es par l&rsquo;ancienne administration de Joe Biden et pas encore livr\u00e9es font \u00e9galement [&hellip;]<\/p>\n","protected":false},"author":2,"featured_media":0,"parent":0,"menu_order":0,"comment_status":"closed","ping_status":"closed","template":"","meta":{"site-sidebar-layout":"default","site-content-layout":"","ast-site-content-layout":"default","site-content-style":"default","site-sidebar-style":"default","ast-global-header-display":"","ast-banner-title-visibility":"","ast-main-header-display":"","ast-hfb-above-header-display":"","ast-hfb-below-header-display":"","ast-hfb-mobile-header-display":"","site-post-title":"disabled","ast-breadcrumbs-content":"","ast-featured-img":"","footer-sml-layout":"","ast-disable-related-posts":"","theme-transparent-header-meta":"","adv-header-id-meta":"","stick-header-meta":"","header-above-stick-meta":"","header-main-stick-meta":"","header-below-stick-meta":"","astra-migrate-meta-layouts":"set","ast-page-background-enabled":"default","ast-page-background-meta":{"desktop":{"background-color":"","background-image":"","background-repeat":"repeat","background-position":"center center","background-size":"auto","background-attachment":"scroll","background-type":"","background-media":"","overlay-type":"","overlay-color":"","overlay-gradient":""},"tablet":{"background-color":"","background-image":"","background-repeat":"repeat","background-position":"center center","background-size":"auto","background-attachment":"scroll","background-type":"","background-media":"","overlay-type":"","overlay-color":"","overlay-gradient":""},"mobile":{"background-color":"","background-image":"","background-repeat":"repeat","background-position":"center center","background-size":"auto","background-attachment":"scroll","background-type":"","background-media":"","overlay-type":"","overlay-color":"","overlay-gradient":""}},"ast-content-background-meta":{"desktop":{"background-color":"var(--ast-global-color-5)","background-image":"","background-repeat":"repeat","background-position":"center center","background-size":"auto","background-attachment":"scroll","background-type":"","background-media":"","overlay-type":"","overlay-color":"","overlay-gradient":""},"tablet":{"background-color":"var(--ast-global-color-5)","background-image":"","background-repeat":"repeat","background-position":"center center","background-size":"auto","background-attachment":"scroll","background-type":"","background-media":"","overlay-type":"","overlay-color":"","overlay-gradient":""},"mobile":{"background-color":"var(--ast-global-color-5)","background-image":"","background-repeat":"repeat","background-position":"center center","background-size":"auto","background-attachment":"scroll","background-type":"","background-media":"","overlay-type":"","overlay-color":"","overlay-gradient":""}},"footnotes":""},"class_list":["post-8675","page","type-page","status-publish","hentry"],"_links":{"self":[{"href":"https:\/\/c-cie.eu\/ru\/wp-json\/wp\/v2\/pages\/8675","targetHints":{"allow":["GET"]}}],"collection":[{"href":"https:\/\/c-cie.eu\/ru\/wp-json\/wp\/v2\/pages"}],"about":[{"href":"https:\/\/c-cie.eu\/ru\/wp-json\/wp\/v2\/types\/page"}],"author":[{"embeddable":true,"href":"https:\/\/c-cie.eu\/ru\/wp-json\/wp\/v2\/users\/2"}],"replies":[{"embeddable":true,"href":"https:\/\/c-cie.eu\/ru\/wp-json\/wp\/v2\/comments?post=8675"}],"version-history":[{"count":2,"href":"https:\/\/c-cie.eu\/ru\/wp-json\/wp\/v2\/pages\/8675\/revisions"}],"predecessor-version":[{"id":8678,"href":"https:\/\/c-cie.eu\/ru\/wp-json\/wp\/v2\/pages\/8675\/revisions\/8678"}],"wp:attachment":[{"href":"https:\/\/c-cie.eu\/ru\/wp-json\/wp\/v2\/media?parent=8675"}],"curies":[{"name":"wp","href":"https:\/\/api.w.org\/{rel}","templated":true}]}}