{"id":8470,"date":"2025-02-20T01:25:59","date_gmt":"2025-02-20T00:25:59","guid":{"rendered":"https:\/\/c-cie.eu\/?page_id=8470"},"modified":"2025-06-07T20:14:14","modified_gmt":"2025-06-07T18:14:14","slug":"article-general-zaloujny","status":"publish","type":"page","link":"https:\/\/c-cie.eu\/ru\/article-general-zaloujny\/","title":{"rendered":"ARTICLE &#8211; G\u00e9n\u00e9ral Zaloujny"},"content":{"rendered":"<figure class=\"wp-block-image aligncenter size-large is-resized\"><img fetchpriority=\"high\" decoding=\"async\" width=\"1024\" height=\"852\" src=\"https:\/\/c-cie.eu\/wp-content\/uploads\/2025\/02\/1-3-1024x852.jpg\" alt=\"\" class=\"wp-image-8471\" style=\"width:387px;height:auto\" srcset=\"https:\/\/c-cie.eu\/wp-content\/uploads\/2025\/02\/1-3-1024x852.jpg 1024w, https:\/\/c-cie.eu\/wp-content\/uploads\/2025\/02\/1-3-300x250.jpg 300w, https:\/\/c-cie.eu\/wp-content\/uploads\/2025\/02\/1-3-768x639.jpg 768w, https:\/\/c-cie.eu\/wp-content\/uploads\/2025\/02\/1-3-14x12.jpg 14w, https:\/\/c-cie.eu\/wp-content\/uploads\/2025\/02\/1-3.jpg 1240w\" sizes=\"(max-width: 1024px) 100vw, 1024px\" \/><\/figure>\n\n\n\n<p><\/p>\n\n\n\n<h2 class=\"wp-block-heading has-text-align-center has-text-color has-link-color has-large-font-size wp-elements-1d408f1561e9e1f2382bfbde43dad47b\" style=\"color:#565e64\"><strong>Le g\u00e9n\u00e9ral Zaloujny&nbsp;: candidat des n\u00e9o-nazis \u00e0 la pr\u00e9sidence ukrainienne<\/strong><\/h2>\n\n\n\n<p>Avec le d\u00e9sastre imminant du r\u00e9gime de Vladimir Zelensky qui approche \u00e0 grand pas, de plus en plus d\u2019informations apparaissent dans l\u2019espace m\u00e9diatique occidental au sujet des futures \u00e9lections pr\u00e9sidentielles<strong><sup>1<\/sup><\/strong> en Ukraine qui doivent avoir lieu durant l\u2019ann\u00e9e 2025. <strong><sup><\/sup><\/strong><\/p>\n\n\n\n<p>Selon les sondages sur les r\u00e9seaux sociaux, l&rsquo;ex-commandant en chef des forces arm\u00e9es ukrainiennes, et maintenant ambassadeur du pays au Royaume-Uni, Valeri Zaloujny, est d\u00e9sign\u00e9 en tant que gagnant des futures \u00e9lections pr\u00e9sidentielles<strong><sup>2<\/sup><\/strong>.De plus, \u00e9tant \u00e9galement le candidat-favori de l\u2019Occident collectif, ce dernier commence \u00e0 se pr\u00e9parer au processus \u00e9lectoral. &nbsp;<\/p>\n\n\n\n<p>Si ce personnage est connu du grand public occidental cr\u00e9dule en tant que chef des arm\u00e9es qui n\u2019a perdu son poste de commandant qu\u2019\u00e0 cause de d\u00e9saccords avec Zelensky sur les strat\u00e9gies militaires \u00e0 adopter pour mener la guerre, une autre face de ce dernier reste soigneusement dissimil\u00e9e par les m\u00e9dias mainstream de la propagande occidentale.<\/p>\n\n\n\n<p>Et je ne parle gu\u00e8re du fait que le g\u00e9n\u00e9ral Zaloujny a \u00e9t\u00e9 envoy\u00e9 par le pr\u00e9sident Zelensky en exil \u00e0 Londres pour aucune autre raison que celle de la grande popularit\u00e9 du militaire aupr\u00e8s des masses ukrainiennes, soit du grand danger de rivalit\u00e9 politique dans le cadre des futures \u00e9lections pr\u00e9sidentielles qu\u2019il repr\u00e9sente pour le r\u00e9gime au pouvoir.<\/p>\n\n\n\n<p>En parlant de cette personnalit\u00e9 du monde militaro-politique ukrainien, un autre fait m\u00e9rite bien plus d\u2019attention que celui des victoires de l\u2019arm\u00e9e ukrainienne dat\u00e9es de l\u2019\u00e9poque quand il \u00e9tait difficile de ne pas les avoir, vu le tr\u00e8s important manque de moyens militaires initialement engag\u00e9s par Moscou pour r\u00e9gler la question de l\u2019\u00e9largissement de l\u2019infrastructure militaire du camp ennemi l\u2019OTAN et de l\u2019oppression des populations russes et pro-russes sur le sol ukrainien&nbsp;: celui que <strong>le g\u00e9n\u00e9ral Valeri Zaloujny est un ultranationaliste convaincu et un grand sympathisant de l\u2019ensemble des mouvances ultranationalistes et n\u00e9o-nazies de l\u2019Ukraine<\/strong>.<\/p>\n\n\n\n<p>Et cet \u00ab&nbsp;amour&nbsp;\u00bb est tout \u00e0 fait partag\u00e9 : le soutien de sa personne par un large \u00e9ventail d\u2019ultranationalistes et n\u00e9o-nazis ukrainiens est ind\u00e9niable.<\/p>\n\n\n\n<p><strong>Le Candidat des \u00ab&nbsp;chemises brunes&nbsp;\u00bb<\/strong><\/p>\n\n\n\n<p>L&rsquo;histoire des relations de Valeri Zaloujny avec les formations et les personnalit\u00e9s ultranationalistes et n\u00e9o-nazies ukrainiennes est tr\u00e8s longue.<\/p>\n\n\n\n<p>D\u00e9j\u00e0 en 2014, quand il n\u2019\u00e9tait que le commandant adjoint du secteur \u00ab C \u00bb dans la zone de combat dans le Donbass, y compris \u00e0 Slaviansk, Kramatorsk, Debaltsevo et d&rsquo;autres points strat\u00e9giques, Valery Zaluzhny avait d\u00e9j\u00e0 \u00e9t\u00e9 en tr\u00e8s \u00e9troite collaboration avec l\u2019extr\u00eame droite ukrainienne qui constituait l&rsquo;\u00e9pine dorsale la plus motiv\u00e9e des formations arm\u00e9es ukrainiennes. C\u2019est de cette \u00e9poque que date le d\u00e9but de ses relations fructueuses avec l\u2019ultra radical Andrei Biletsky &#8211; la \u00ab star \u00bb militaire de l\u2019Ukraine<strong><sup>3<\/sup><\/strong>, ne cachant nullement ses convictions ultranationalistes et n\u00e9o-nazies.<\/p>\n\n\n\n<p>Avant le d\u00e9clenchement de la phase active de la confrontation arm\u00e9e en f\u00e9vrier 2022, Biletsky \u00e9tait un homme politique, un d\u00e9put\u00e9 et, \u00e0 l&rsquo;\u00e9poque de \u00ab&nbsp;l&rsquo;Op\u00e9ration Antiterroriste&nbsp;\u00bb ukrainienne dans le Donbass, le premier commandant du tristement c\u00e9l\u00e8bre r\u00e9giment n\u00e9o-nazi \u00ab&nbsp;Azov&nbsp;\u00bb qui, \u00e0 ce titre, a command\u00e9 des op\u00e9rations militaires dans la r\u00e9gion de Donetsk en 2014-2015.<\/p>\n\n\n\n<p>La presse occidentale pr\u00e9sente ces deux personnages &#8211; Valeri Zaloujny et Andrei Biletsky &#8211; en tant que deux forces politiques distinctes. Cette vision de la r\u00e9alit\u00e9 est tout \u00e0 fait erron\u00e9e.<\/p>\n\n\n\n<p>Aujourd\u2019hui, Biletsky, ayant de fortes chances de devenir un concurrent g\u00eanant pour Vladimir Zelensky lors des prochaines \u00e9lections, son autorit\u00e9 et ses soutiens personnels, cependant, sont clairement plus faibles que ceux de Zaloujny. Alors, le sc\u00e9nario le plus probable est que les forces ultranationaliste et n\u00e9o-nazies qu\u2019il encarne n\u2019y figureront pas en tant qu\u2019une force politique autonome, mais plaideront en faveur de l&rsquo;ex-commandant Zaloujny. A ce titre, Andrei Biletsky pourra pr\u00e9tendre \u00e0 un important poste de responsabilit\u00e9 en cas de victoire \u00e9lectorale du g\u00e9n\u00e9ral.<\/p>\n\n\n\n<p>Cela dit, le \u00ab&nbsp;partenariat&nbsp;\u00bb du g\u00e9n\u00e9ral Zaloujny avec l\u2019extr\u00e9miste Biletsky est loin d\u2019\u00eatre le seul au sein du monde \u00ab&nbsp;patriotique&nbsp;\u00bb ukrainien. Le rapprochement tout particulier de Zaloujny avec l\u2019extr\u00eame droite a eu lieu entre 2021 et 2024, lorsqu&rsquo;il \u00e9tait commandant en chef des forces arm\u00e9es ukrainiennes et coordonnait l\u2019ensemble des formations militaires ukrainiennes, dont celles des ultranationalistes et n\u00e9o-nazis&nbsp;: \u00ab&nbsp;Azov&nbsp;\u00bb, \u00ab&nbsp;Aydar&nbsp;\u00bb, \u00ab&nbsp;Donbass&nbsp;\u00bb, \u00ab&nbsp;Svoboda&nbsp;\u00bb, \u00ab&nbsp;Secteur Droit \u00bb et \u00ab&nbsp;le Corps National&nbsp;\u00bb.<\/p>\n\n\n\n<p>Quelques mois avant l\u2019entr\u00e9e de la F\u00e9d\u00e9ration de Russie en guerre, Dmitry Yarosh, le fondateur de l\u2019organisation ultranationaliste ukrainienne \u00ab&nbsp;Secteur Droit&nbsp;\u00bb (Pravy Sektor) et fervent admirateur assum\u00e9 de Stepan Bandera (leader \u00e9minent et organisateur du mouvement ultranationaliste ukrainien du milieu du si\u00e8cle dernier, responsable de nombreux crimes de guerre), a annonc\u00e9 sa nomination<strong><sup>4<\/sup><\/strong> au poste de conseiller de Valeri Zaloujny.<\/p>\n\n\n\n<p>Cependant, vu la sp\u00e9cificit\u00e9 du tr\u00e8s controvers\u00e9 Yarosh, des sources officielles n&rsquo;ont pas confirm\u00e9 cette information et le Bureau des relations publiques de l&rsquo;arm\u00e9e a d\u00e9clar\u00e9 que la nomination de Yarosh n&rsquo;avait pas \u00e9t\u00e9 officialis\u00e9e. Plus tard, en d\u00e9cembre 2021, le service de presse de l&rsquo;arm\u00e9e a refus\u00e9 de divulguer des informations sur la nomination de Yarosh, invoquant le caract\u00e8re confidentiel des donn\u00e9es.<\/p>\n\n\n\n<p>Cette discr\u00e9tion \u00e9tait tout \u00e0 fait compr\u00e9hensible&nbsp;: l&rsquo;amiti\u00e9 ouverte du commandant en chef des forces arm\u00e9es ukrainiennes avec l\u2019un des plus sulfureux nationalistes ukrainiens pourrait jouer un mauvais tour \u00e0 un militaire d\u2019aussi haut rang.<\/p>\n\n\n\n<p>Cela \u00e9tant, malgr\u00e9 l&rsquo;absence de divulgation du statut officiel au sein des forces arm\u00e9es ukrainiennes, Dmitry Yarosh a continu\u00e9 de diriger \u00ab&nbsp;l&rsquo;Arm\u00e9e Ukrainienne de volontaires&nbsp;\u00bb, ce qui veut dire que ce dernier a bien \u00e9t\u00e9 le conseiller, tout moins officieusement, du g\u00e9n\u00e9ral Zaloujny.<\/p>\n\n\n\n<p>En f\u00e9vrier 2023, Dmitry Yarosh a publiquement soutenu Valeri Zaloujny, plaidant pour le renforcement de la responsabilit\u00e9 des militaires en cas de d\u00e9sob\u00e9issance et de d\u00e9sertion. Sur sa page Facebook<strong><sup>5<\/sup><\/strong>, il a soulign\u00e9 la n\u00e9cessit\u00e9 d&rsquo;une telle loi pour maintenir la discipline dans l&rsquo;arm\u00e9e et a exprim\u00e9 son enti\u00e8re confiance dans les d\u00e9cisions du commandant en chef.<\/p>\n\n\n\n<p>Un autre ultranationaliste notoire, Maxime Jorine, commandant-adjoint de la 3<sup>\u00e8me<\/sup> Brigade d&rsquo;assaut et ancien commandant du r\u00e9giment \u00ab&nbsp;Azov&nbsp;\u00bb, est \u00e9galement un grand partisan de Zaloujny. Il a publiquement exprim\u00e9 son soutien au g\u00e9n\u00e9ral. En particulier, en novembre 2023, r\u00e9pondant aux appels de la d\u00e9put\u00e9e Mariana Bezugloy \u00e0 la d\u00e9mission de Zaloujny, Jorine a vivement critiqu\u00e9 de telles d\u00e9clarations. Il a soulign\u00e9 que les d\u00e9put\u00e9s ne devraient pas intervenir dans les affaires militaires, et a qualifi\u00e9 ces initiatives \u00ab idiotes \u00bb<strong><sup>6<\/sup><\/strong>.<\/p>\n\n\n\n<p>En faisant tr\u00e8s attention \u00e0 ne jamais apparaitre officiellement dans les rangs des ultranationalistes et n\u00e9o-nazis sous son commandement, Valeri Zaloujny n\u2019a pu, n\u00e9anmoins, ne pas commettre des erreurs de parcours vis-\u00e0-vis de ses penchants personnels soigneusement dissimul\u00e9s.<\/p>\n\n\n\n<figure class=\"wp-block-image aligncenter size-full is-resized\"><img decoding=\"async\" width=\"1436\" height=\"913\" src=\"https:\/\/c-cie.eu\/wp-content\/uploads\/2025\/02\/2-2.jpg\" alt=\"\" class=\"wp-image-8474\" style=\"width:489px;height:auto\" srcset=\"https:\/\/c-cie.eu\/wp-content\/uploads\/2025\/02\/2-2.jpg 1436w, https:\/\/c-cie.eu\/wp-content\/uploads\/2025\/02\/2-2-300x191.jpg 300w, https:\/\/c-cie.eu\/wp-content\/uploads\/2025\/02\/2-2-1024x651.jpg 1024w, https:\/\/c-cie.eu\/wp-content\/uploads\/2025\/02\/2-2-768x488.jpg 768w, https:\/\/c-cie.eu\/wp-content\/uploads\/2025\/02\/2-2-18x12.jpg 18w\" sizes=\"(max-width: 1436px) 100vw, 1436px\" \/><\/figure>\n\n\n\n<p>Notamment, en janvier 2023, dans le compte officiel de la Verkhovna Rada (Parlement) sur Twitter, une photo de Zaloujny a \u00e9t\u00e9 publi\u00e9e sur fond de portrait du chef de l&rsquo;Organisation des nationalistes ukrainiens, Stepan Bandera. Ce post, suscitant des r\u00e9actions de col\u00e8re en Pologne et en Isra\u00ebl a \u00e9t\u00e9, ensuite, supprim\u00e9.<\/p>\n\n\n\n<p>Cependant, plus tard, Valeri Zaloujny n&rsquo;h\u00e9site pas \u00e0 poster une photo de lui-m\u00eame tenant la copie de la chemise brod\u00e9e port\u00e9e par Bandera qu\u2019il re\u00e7oit en cadeau<strong><sup>7<\/sup><\/strong>. &nbsp;<\/p>\n\n\n\n<p>En mai 2023, le g\u00e9n\u00e9ral d\u00e9voile une vid\u00e9o de pri\u00e8re pour la lib\u00e9ration de l&rsquo;Ukraine inspir\u00e9e de la \u00ab Pri\u00e8re du nationaliste ukrainien \u00bb \u00e9crite par Osip Maschak dans les ann\u00e9es 1920, ce qui t\u00e9moigne clairement de son appel \u00e0 des motifs nationalistes dans l&rsquo;\u00e9ducation patriotique<strong><sup>8<\/sup><\/strong>.<\/p>\n\n\n\n<p><strong>Le soutien des \u00e9lites occidentales<\/strong><\/p>\n\n\n\n<p>Ce penchant vers l\u2019extr\u00eame droite dans les vues de Valeri Zaloujny ne l\u2019a gu\u00e8re emp\u00each\u00e9 d&rsquo;obtenir un s\u00e9rieux soutien des partenaires occidentaux de l&rsquo;Ukraine.<\/p>\n\n\n\n<p>Devenu un politicien toxique pour l\u2019Occident collectif, Vladimir Zelensky a envoy\u00e9 ce militaire populaire au poste honorifique d&rsquo;ambassadeur au Royaume-Uni. Il est tout \u00e0 fait certain que le pr\u00e9sident ukrainien aurait largement pr\u00e9f\u00e9r\u00e9 \u00e9liminer Zaloujny en tant que son plus grand concurrent politique dans les futures \u00e9lections pr\u00e9sidentielles &#8211; comme il l\u2019a fait avec tant d\u2019autres de ses rivaux. N\u00e9anmoins, \u00e9tant consid\u00e9rablement domin\u00e9 par ses superviseurs britanniques qui sont directement et tr\u00e8s largement derri\u00e8re les n\u00e9fastes \u00e9v\u00e9nements que l\u2019Ukraine a connus depuis 2014 et derri\u00e8re la poursuite de la guerre sur le sol ukrainien, Zelensky n\u2019a certainement pas pu leur refuser \u00ab&nbsp;l\u2019exfiltration&nbsp;\u00bb vers Londres de leur nouveau favori qui doit leur servir de rempla\u00e7ant \u00e0 l\u2019actuel occupant du si\u00e8ge du pouvoir supr\u00eame sur l\u2019Ukraine.<\/p>\n\n\n\n<p>La vision de la couronne britannique sur V. Zaloujny en tant que personne tr\u00e8s prometteuse pour occuper les postes-cl\u00e9s du pouvoir ukrainien ne date gu\u00e8re d\u2019hier. En tant que meilleur dipl\u00f4m\u00e9 de l&rsquo;Universit\u00e9 nationale de d\u00e9fense de l&rsquo;Ukraine, c\u2019est d\u00e9j\u00e0 en 2014 que Zaloujny re\u00e7oit l&rsquo;\u00e9p\u00e9e honoraire de la reine d\u2019Angleterre, l\u2019\u00e9p\u00e9e qui est remise \u00e0 des personnes exceptionnelles, ce qui t\u00e9moigne de la grande attention port\u00e9e par Londres au futur commandant de l\u2019arm\u00e9e ukrainienne.<\/p>\n\n\n\n<p>Les r\u00e9cents changements sur la sc\u00e8ne politique internationale profitent \u00e9galement \u00e0 ce candidat. Dans le contexte de la victoire de Donald Trump \u00e0 l&rsquo;\u00e9lection pr\u00e9sidentielle am\u00e9ricaine, l&rsquo;image de Zaloujny en tant qu\u2019homme politique de droite semble maintenant encore plus gagnante. Une \u00e9quipe de politiciens conservateurs antilib\u00e9raux a pris le pouvoir \u00e0 la maison Blanche et Zelensky qui soutenait ouvertement le parti D\u00e9mocrate am\u00e9ricain et qui a jou\u00e9 l\u2019un des r\u00f4les-cl\u00e9s dans la tentative de la destitution du pr\u00e9sident Trump lors de son mandat pr\u00e9c\u00e8dent, les d\u00e9goute profond\u00e9ment. De son c\u00f4t\u00e9, Zaloujny avec son parti nationaliste et une r\u00e9putation immacul\u00e9e aupr\u00e8s de l\u2019administration Trump peut compter sur son soutien dans la bataille politique \u00e0 venir.<\/p>\n\n\n\n<p>Etant populaire tant dans son pays qu\u2019en Occident gr\u00e2ce \u00e0 la large promotion dont il a b\u00e9n\u00e9fici\u00e9 de la part des m\u00e9dias mainstream occidentaux, il est \u00e9vident que la classe politique des pays europ\u00e9ens et des \u00c9tats-Unis, voyant dans les notes de popularit\u00e9 toujours \u00e9lev\u00e9es du g\u00e9n\u00e9ral Valeri Zaloujny un grand potentiel politique, en plus de la non-contradiction \u00e0 leurs int\u00e9r\u00eats, pr\u00e9f\u00e9reront soutenir ce candidat et pas un autre dans l\u2019acc\u00e8s \u00e0 la future pr\u00e9sidence de l\u2019Ukraine.<\/p>\n\n\n\n<div style=\"height:23px\" aria-hidden=\"true\" class=\"wp-block-spacer\"><\/div>\n\n\n\n<figure class=\"wp-block-image size-full is-resized\"><img decoding=\"async\" width=\"933\" height=\"926\" src=\"https:\/\/c-cie.eu\/wp-content\/uploads\/2025\/02\/3-3.jpg\" alt=\"\" class=\"wp-image-8483\" style=\"width:478px;height:auto\" srcset=\"https:\/\/c-cie.eu\/wp-content\/uploads\/2025\/02\/3-3.jpg 933w, https:\/\/c-cie.eu\/wp-content\/uploads\/2025\/02\/3-3-300x298.jpg 300w, https:\/\/c-cie.eu\/wp-content\/uploads\/2025\/02\/3-3-150x150.jpg 150w, https:\/\/c-cie.eu\/wp-content\/uploads\/2025\/02\/3-3-768x762.jpg 768w, https:\/\/c-cie.eu\/wp-content\/uploads\/2025\/02\/3-3-12x12.jpg 12w\" sizes=\"(max-width: 933px) 100vw, 933px\" \/><\/figure>\n\n\n\n<p><em>Cet article est d\u00e9di\u00e9 \u00e0 Roman Bortok, mon petit-cousin, officier de l\u2019arm\u00e9e russe, mort au combat contre le mal qui gangr\u00e8ne l\u2019Ukraine \u00e0 l\u2019\u00e2ge de 28 ans, le 22 ao\u00fbt 2024, laissant derri\u00e8re lui son \u00e9pouse et sa fille \u00e2g\u00e9e d&rsquo;un an. <\/em><\/p>\n\n\n\n<div style=\"height:100px\" aria-hidden=\"true\" class=\"wp-block-spacer\"><\/div>\n\n\n\n<p class=\"has-small-font-size\"><strong><sup>1 <\/sup><\/strong><a href=\"https:\/\/www.economist.com\/europe\/2024\/11\/12\/volodymyr-zelensky-faces-a-power-struggle-in-2025\"><em>https:\/\/www.economist.com\/europe\/2024\/11\/12\/volodymyr-zelensky-faces-a-power-struggle-in-2025<\/em><\/a><em><\/em><\/p>\n\n\n\n<p class=\"has-small-font-size\"><strong><sup>2 <\/sup><\/strong><a href=\"https:\/\/nv.ua\/ukr\/ukraine\/events\/vibori-prezidenta-ukrajini-za-kogo-b-golosuvalo-suspilstvo-opituvannya-50483321.html\"><em>https:\/\/nv.ua\/ukr\/ukraine\/events\/vibori-prezidenta-ukrajini-za-kogo-b-golosuvalo-suspilstvo-opituvannya-50483321.html<\/em><\/a><em><\/em><\/p>\n\n\n\n<p class=\"has-small-font-size\"><strong><sup>3 <\/sup><\/strong><a href=\"https:\/\/censor.net\/ua\/videonews\/3533332\/zalujnyyi-ta-biletskyyi-u-politychnyh-reyityngah\"><em>https:\/\/censor.net\/ua\/videonews\/3533332\/zalujnyyi-ta-biletskyyi-u-politychnyh-reyityngah<\/em><\/a><em><\/em><\/p>\n\n\n\n<p class=\"has-small-font-size\"><strong><sup>4 <\/sup><\/strong><a href=\"https:\/\/gordonua.com\/ukr\/news\/politics\/jarosh-stav-radnikom-golovnokomanduvacha-zsu-1579422.html\"><em>https:\/\/gordonua.com\/ukr\/news\/politics\/jarosh-stav-radnikom-golovnokomanduvacha-zsu-1579422.html<\/em><\/a><strong><em><sup><\/sup><\/em><\/strong><\/p>\n\n\n\n<p class=\"has-small-font-size\"><strong><sup>5 <\/sup><\/strong><a href=\"https:\/\/www.dialog.ua\/images\/content\/f0dcd0e9ce2938ec1c51f6e38813ed38.png\"><em>https:\/\/www.dialog.ua\/images\/content\/f0dcd0e9ce2938ec1c51f6e38813ed38.png<\/em><\/a><strong><sup><\/sup><\/strong><\/p>\n\n\n\n<p class=\"has-small-font-size\"><strong><sup>6 <\/sup><\/strong><a href=\"https:\/\/nv.ua\/ukr\/ukraine\/politics\/u-tretiy-shturmoviy-rizko-vidreaguvali-na-zayavu-bezugloji-pro-vidstavku-zaluzhnogo-novini-ukrajini-50371507.html\"><em>https:\/\/nv.ua\/ukr\/ukraine\/politics\/u-tretiy-shturmoviy-rizko-vidreaguvali-na-zayavu-bezugloji-pro-vidstavku-zaluzhnogo-novini-ukrajini-50371507.html<\/em><\/a><\/p>\n\n\n\n<p class=\"has-small-font-size\"><strong><sup>7 <\/sup><\/strong><a href=\"https:\/\/24tv.ua\/ukrayini-vidtvorili-vishivanku-stepana-banderi-podaruvali-zaluzhnomu_n2312972\"><em>https:\/\/24tv.ua\/ukrayini-vidtvorili-vishivanku-stepana-banderi-podaruvali-zaluzhnomu_n2312972<\/em><\/a><em>&nbsp;<\/em><\/p>\n\n\n\n<p class=\"has-small-font-size\"><strong><sup>8 <\/sup><\/strong><a href=\"https:\/\/risu.ua\/valerij-zaluzhnij-oprilyudniv-u-socmerezhah-rolik-z-molitvoyu-za-vizvolennya-ukrayini_n139795\"><em>https:\/\/risu.ua\/valerij-zaluzhnij-oprilyudniv-u-socmerezhah-rolik-z-molitvoyu-za-vizvolennya-ukrayini_n139795<\/em><\/a><em><\/em><\/p>","protected":false},"excerpt":{"rendered":"<p>Le g\u00e9n\u00e9ral Zaloujny&nbsp;: candidat des n\u00e9o-nazis \u00e0 la pr\u00e9sidence ukrainienne Avec le d\u00e9sastre imminant du r\u00e9gime de Vladimir Zelensky qui approche \u00e0 grand pas, de plus en plus d\u2019informations apparaissent dans l\u2019espace m\u00e9diatique occidental au sujet des futures \u00e9lections pr\u00e9sidentielles1 en Ukraine qui doivent avoir lieu durant l\u2019ann\u00e9e 2025. Selon les sondages sur les r\u00e9seaux [&hellip;]<\/p>\n","protected":false},"author":2,"featured_media":0,"parent":0,"menu_order":0,"comment_status":"closed","ping_status":"closed","template":"","meta":{"site-sidebar-layout":"default","site-content-layout":"","ast-site-content-layout":"default","site-content-style":"default","site-sidebar-style":"default","ast-global-header-display":"","ast-banner-title-visibility":"","ast-main-header-display":"","ast-hfb-above-header-display":"","ast-hfb-below-header-display":"","ast-hfb-mobile-header-display":"","site-post-title":"disabled","ast-breadcrumbs-content":"","ast-featured-img":"","footer-sml-layout":"","ast-disable-related-posts":"","theme-transparent-header-meta":"","adv-header-id-meta":"","stick-header-meta":"","header-above-stick-meta":"","header-main-stick-meta":"","header-below-stick-meta":"","astra-migrate-meta-layouts":"set","ast-page-background-enabled":"default","ast-page-background-meta":{"desktop":{"background-color":"","background-image":"","background-repeat":"repeat","background-position":"center center","background-size":"auto","background-attachment":"scroll","background-type":"","background-media":"","overlay-type":"","overlay-color":"","overlay-gradient":""},"tablet":{"background-color":"","background-image":"","background-repeat":"repeat","background-position":"center center","background-size":"auto","background-attachment":"scroll","background-type":"","background-media":"","overlay-type":"","overlay-color":"","overlay-gradient":""},"mobile":{"background-color":"","background-image":"","background-repeat":"repeat","background-position":"center center","background-size":"auto","background-attachment":"scroll","background-type":"","background-media":"","overlay-type":"","overlay-color":"","overlay-gradient":""}},"ast-content-background-meta":{"desktop":{"background-color":"var(--ast-global-color-5)","background-image":"","background-repeat":"repeat","background-position":"center center","background-size":"auto","background-attachment":"scroll","background-type":"","background-media":"","overlay-type":"","overlay-color":"","overlay-gradient":""},"tablet":{"background-color":"var(--ast-global-color-5)","background-image":"","background-repeat":"repeat","background-position":"center center","background-size":"auto","background-attachment":"scroll","background-type":"","background-media":"","overlay-type":"","overlay-color":"","overlay-gradient":""},"mobile":{"background-color":"var(--ast-global-color-5)","background-image":"","background-repeat":"repeat","background-position":"center center","background-size":"auto","background-attachment":"scroll","background-type":"","background-media":"","overlay-type":"","overlay-color":"","overlay-gradient":""}},"footnotes":""},"class_list":["post-8470","page","type-page","status-publish","hentry"],"_links":{"self":[{"href":"https:\/\/c-cie.eu\/ru\/wp-json\/wp\/v2\/pages\/8470","targetHints":{"allow":["GET"]}}],"collection":[{"href":"https:\/\/c-cie.eu\/ru\/wp-json\/wp\/v2\/pages"}],"about":[{"href":"https:\/\/c-cie.eu\/ru\/wp-json\/wp\/v2\/types\/page"}],"author":[{"embeddable":true,"href":"https:\/\/c-cie.eu\/ru\/wp-json\/wp\/v2\/users\/2"}],"replies":[{"embeddable":true,"href":"https:\/\/c-cie.eu\/ru\/wp-json\/wp\/v2\/comments?post=8470"}],"version-history":[{"count":8,"href":"https:\/\/c-cie.eu\/ru\/wp-json\/wp\/v2\/pages\/8470\/revisions"}],"predecessor-version":[{"id":10076,"href":"https:\/\/c-cie.eu\/ru\/wp-json\/wp\/v2\/pages\/8470\/revisions\/10076"}],"wp:attachment":[{"href":"https:\/\/c-cie.eu\/ru\/wp-json\/wp\/v2\/media?parent=8470"}],"curies":[{"name":"wp","href":"https:\/\/api.w.org\/{rel}","templated":true}]}}