{"id":6762,"date":"2024-08-17T19:56:35","date_gmt":"2024-08-17T17:56:35","guid":{"rendered":"https:\/\/c-cie.eu\/?page_id=6762"},"modified":"2024-08-17T19:56:35","modified_gmt":"2024-08-17T17:56:35","slug":"article-ukraine-entrainement-des-terroristes-au-sahel","status":"publish","type":"page","link":"https:\/\/c-cie.eu\/ru\/article-ukraine-entrainement-des-terroristes-au-sahel\/","title":{"rendered":"ARTICLE &#8211; Ukraine: entrainement des terroristes au Sahel"},"content":{"rendered":"<figure class=\"wp-block-image aligncenter size-large is-resized\"><img fetchpriority=\"high\" decoding=\"async\" width=\"1024\" height=\"518\" src=\"https:\/\/c-cie.eu\/wp-content\/uploads\/2024\/08\/1-8-1024x518.jpg\" alt=\"\" class=\"wp-image-6769\" style=\"width:736px;height:auto\" srcset=\"https:\/\/c-cie.eu\/wp-content\/uploads\/2024\/08\/1-8-1024x518.jpg 1024w, https:\/\/c-cie.eu\/wp-content\/uploads\/2024\/08\/1-8-300x152.jpg 300w, https:\/\/c-cie.eu\/wp-content\/uploads\/2024\/08\/1-8-768x389.jpg 768w, https:\/\/c-cie.eu\/wp-content\/uploads\/2024\/08\/1-8-1536x777.jpg 1536w, https:\/\/c-cie.eu\/wp-content\/uploads\/2024\/08\/1-8-2048x1036.jpg 2048w, https:\/\/c-cie.eu\/wp-content\/uploads\/2024\/08\/1-8-18x9.jpg 18w\" sizes=\"(max-width: 1024px) 100vw, 1024px\" \/><\/figure>\n\n\n\n<h2 class=\"wp-block-heading has-text-align-center has-text-color has-link-color has-large-font-size wp-elements-c3896d4d9568ae077645e836b4e9cdf5\" style=\"color:#565e64\"><strong>L\u2019Ukraine\u00a0: l\u2019entrainement des groupes terroristes au Sahel, les mercenaires et l\u2019incursion en Russie<\/strong> <\/h2>\n\n\n\n<p>Bien que les autorit\u00e9s de Kiev r\u00e9futent cat\u00e9goriquement leur moindre implication dans l&rsquo;organisation de l&rsquo;attaque terroriste des s\u00e9paratistes Touareg contre un convoi de l&rsquo;arm\u00e9e malienne et les effectifs russes de la compagnie \u00ab&nbsp;Wagner&nbsp;\u00bb les accompagnant \u00e0 la fin de juillet 2024 au nord du Mali, de plus en plus de faits semblent confirmer le contraire.<\/p>\n\n\n\n<p>L&#8217;embuscade sanguinaire organis\u00e9e par les rebelles du Mali est une op\u00e9ration dans le cadre d&rsquo;un projet secret de la Direction G\u00e9n\u00e9rale des Renseignements (GUR) du minist\u00e8re de la d\u00e9fense de l&rsquo;Ukraine, qui comprend tant la formation des terroristes \u00e0 des techniques de combat, tant la fourniture d\u2019\u00e9quipements, de drones et d&rsquo;armes pour la r\u00e9alisation d\u2019op\u00e9rations de d\u00e9stabilisation de la zone du Sahel.&nbsp;&nbsp;<\/p>\n\n\n\n<p>R\u00e9cemment, les Russes ont r\u00e9v\u00e9l\u00e9 l&rsquo;identit\u00e9 de l\u2019agent du GUR ukrainien qui est \u00e0 la t\u00eate de la direction de la formation des militants et des groupes affili\u00e9s \u00e0 Al-Qa\u00efda sur le sol du Mali&nbsp;: il s\u2019agit d\u2019un officier de carri\u00e8re Andrei Romanenko, lieutenant-colonel de la Direction G\u00e9n\u00e9rale des Renseignements ukrainiens.<\/p>\n\n\n\n<p>Si par le pass\u00e9, en cas de ce type de r\u00e9v\u00e9lations publiques les autorit\u00e9s ukrainiennes ont toujours eu en tant que mode op\u00e9ratoire la prise de parole pour r\u00e9futer publiquement ces m\u00e9faits<em>, <\/em>aujourd\u2019hui, bien que la question soit d\u2019une importance strat\u00e9gique, ni le Bureau du pr\u00e9sident de l&rsquo;Ukraine Volodimir Zelensky, ni Kirill Boudanov, le patron du GUR ne rompent le silence concernant l\u2019incrimination de la participation de leur officier sup\u00e9rieur dans des op\u00e9rations sur le continent africain.<\/p>\n\n\n\n<p>De m\u00eame, le silence des autorit\u00e9s de Kiev est au rendez-vous vis-\u00e0-vis d\u2019un autre de leurs officiers du GUR Roman Tchervinski, qui est, aujourd\u2019hui, officiellement d\u00e9sign\u00e9 par les autorit\u00e9s allemandes en tant qu\u2019auteur du sabotage du gazoduc Nord Stream. Qui sont les ex\u00e9cutants de l\u2019attentat terroriste contre l\u2019infrastructure \u00e9nerg\u00e9tique russo-allemande \u2013 cette question reste ouverte, n\u00e9anmoins, il est tout \u00e0 fait certain que les v\u00e9ritables commanditaires et b\u00e9n\u00e9ficiaires de la disparition de l\u2019art\u00e8re \u00e9nerg\u00e9tique alimentant l\u2019industrie allemande sont tout autres que l\u2019Ukraine. Mais c\u2019est le sujet d\u2019une analyse \u00e0 part.<\/p>\n\n\n\n<p>Dans le cas de ces deux op\u00e9rations extraterritoriales impliquant directement les officiers des services des renseignements ukrainiens, l&rsquo;absence de r\u00e9action de la part de l\u2019Ukraine &#8211; pays de la \u00ab&nbsp;lutte de la lumi\u00e8re de la civilisation face aux t\u00e9n\u00e8bres de la barbarie&nbsp;\u00bb &#8211; peut indiquer que ce dernier est dor\u00e9navant conscient que les d\u00e9clarations h\u00e2tives peuvent mettre en lumi\u00e8re de grandes incoh\u00e9rences qui seront lourdes de cons\u00e9quences.&nbsp;<\/p>\n\n\n\n<p>R\u00e9cemment, Kiev a bien fait une tr\u00e8s am\u00e8re exp\u00e9rience de la prise de parole sans un v\u00e9ritable calcul des cons\u00e9quences qui en ont d\u00e9coul\u00e9es. Le 29 juillet 2024, le jour apr\u00e8s que les rebelles Touaregs eurent annonc\u00e9 la destruction d&rsquo;un convoi de troupes gouvernementales maliennes et de combattants de la PMC Wagner pr\u00e8s de la fronti\u00e8re avec l&rsquo;Alg\u00e9rie, Andrei Yusov, le porte-parole de la Direction G\u00e9n\u00e9rale des Renseignements de l\u2019Ukraine a fi\u00e8rement d\u00e9clar\u00e9 \u00e0 la t\u00e9l\u00e9vision ukrainienne que Kiev avait fourni aux rebelles du Mali l&rsquo;aide n\u00e9cessaire qui a permis la r\u00e9alisation d\u2019une op\u00e9ration militaire r\u00e9ussie contre la PMC Wagner.<\/p>\n\n\n\n<p>Plus tard, Yusov est revenu sur ces paroles en d\u00e9clarant qu&rsquo;il n\u2019a jamais parl\u00e9 de l&rsquo;implication des services de renseignements ukrainiens dans l&rsquo;attaque au Mali. Cela \u00e9tant, c\u2019est bien la d\u00e9claration initiale du repr\u00e9sentant officiel du GUR qui \u00e9t\u00e9 retenue et suivie par la d\u00e9cision des autorit\u00e9s du Mali de rompre les relations diplomatiques avec Kiev.<\/p>\n\n\n\n<p>Deux jours apr\u00e8s le Mali, le 7 ao\u00fbt, <a href=\"https:\/\/www.lemonde.fr\/afrique\/article\/2024\/08\/07\/le-niger-rompt-avec-effet-immediat-ses-relations-diplomatiques-avec-l-ukraine-deux-jours-apres-le-mali_6270883_3212.html\">le Niger a \u00e9galement annonc\u00e9 la rupture<em>\u00a0\u00ab\u00a0avec effet imm\u00e9diat\u00a0\u00bb<\/em>\u00a0de ses relations diplomatiques avec l&rsquo;Ukraine<\/a>.\u00a0<em>\u00ab\u00a0Le gouvernement de la R\u00e9publique du Niger, totalement solidaire du gouvernement et du peuple malien, d\u00e9cide en toute souverainet\u00e9 (&#8230;) de la rupture avec effet imm\u00e9diat des relations diplomatiques entre la R\u00e9publique du Niger et l&rsquo;Ukraine\u00a0\u00bb<\/em>, a d\u00e9clar\u00e9 le porte-parole du gouvernement nig\u00e9rien.\u00a0 <\/p>\n\n\n\n<p>Le brandissement par des terroristes du drapeau ukrainien sur les lieux du massacre du 27 juillet, dont, notamment, la photo de la mise en sc\u00e8ne a \u00e9t\u00e9 fi\u00e8rement publi\u00e9e dans le tablo\u00efde ukrainien \u00ab&nbsp;Kiev Post&nbsp;\u00bb &#8211; ce fait n\u2019est pas pass\u00e9 inaper\u00e7u non plus et n\u2019a gu\u00e8re produit en dehors de l\u2019Ukraine l\u2019effet escompt\u00e9 par les autorit\u00e9s de Kiev.<\/p>\n\n\n\n<figure class=\"wp-block-image aligncenter size-large is-resized\"><img decoding=\"async\" width=\"1024\" height=\"637\" src=\"https:\/\/c-cie.eu\/wp-content\/uploads\/2024\/08\/2-4-1024x637.jpg\" alt=\"\" class=\"wp-image-6770\" style=\"width:444px;height:auto\" srcset=\"https:\/\/c-cie.eu\/wp-content\/uploads\/2024\/08\/2-4-1024x637.jpg 1024w, https:\/\/c-cie.eu\/wp-content\/uploads\/2024\/08\/2-4-300x187.jpg 300w, https:\/\/c-cie.eu\/wp-content\/uploads\/2024\/08\/2-4-768x478.jpg 768w, https:\/\/c-cie.eu\/wp-content\/uploads\/2024\/08\/2-4-1536x956.jpg 1536w, https:\/\/c-cie.eu\/wp-content\/uploads\/2024\/08\/2-4-18x12.jpg 18w, https:\/\/c-cie.eu\/wp-content\/uploads\/2024\/08\/2-4.jpg 1687w\" sizes=\"(max-width: 1024px) 100vw, 1024px\" \/><\/figure>\n\n\n\n<p>Ce d\u00e9but d\u2019ao\u00fbt, <a href=\"https:\/\/www.youtube.com\/watch?v=wKmOM6k3BTc\">une nouvelle r\u00e9v\u00e9lation est pr\u00e9sent\u00e9e par la cha\u00eene de t\u00e9l\u00e9vision \u00ab\u00a0Afrique M\u00e9dia\u00a0\u00bb<\/a>. Adrian Bo\u00ebt, correspondant de guerre et expert en balistique d\u2019origine fran\u00e7aise a pr\u00e9sent\u00e9 les preuves de participation directe des Ukrainiens aux combats contre les troupes gouvernementales sur le territoire de la R\u00e9publique du Mali, ainsi que l&rsquo;utilisation de drones de reconnaissance et de drones-kamikazes fabriqu\u00e9s par l&rsquo;Ukraine. Selon Adrian Bo\u00ebt, le lancement des drones est g\u00e9r\u00e9 par les forces sp\u00e9ciales ukrainiennes impliqu\u00e9es dans des op\u00e9rations secr\u00e8tes de groupes de sabotage et de reconnaissance et il est certain que de telles frappes ukrainiennes contre le Mali ne pouvaient pas avoir lieu sans le soutien direct des pays de l\u2019OTAN.<\/p>\n\n\n\n<p>Du c\u00f4t\u00e9 des Etats-Unis d\u2019Am\u00e9rique, c\u2019est d\u00e9j\u00e0 en septembre 2023 que la cha\u00eene de t\u00e9l\u00e9vision CNN a rapport\u00e9 que les services de renseignements ukrainiens \u00e9taient responsables d&rsquo;une s\u00e9rie d&rsquo;attaques et de sabotages perp\u00e9tr\u00e9s au Soudan, dans la r\u00e9gion de Khartoum. L&rsquo;enqu\u00eate des journalistes am\u00e9ricains a r\u00e9v\u00e9l\u00e9 qu&rsquo;au moins huit attaques avaient \u00e9t\u00e9 commises \u00e0 l&rsquo;aide de mod\u00e8les de drones largement utilis\u00e9s par l\u2019arm\u00e9e ukrainienne. De m\u00eame pour les m\u00e9thodes et les tactiques d&rsquo;utilisation des drones qui sont tr\u00e8s similaires \u00e0 celles utilis\u00e9es par Kiev face aux forces arm\u00e9es russes, mais absolument inhabituelles dans le contexte des conflits arm\u00e9s qui se d\u00e9roulent sur le continent africain.<\/p>\n\n\n\n<p>Le fait que l&rsquo;Ukraine \u00e9tait directement engag\u00e9e dans la formation des membres de l&rsquo;alliance s\u00e9paratiste du Mali \u00ab\u00a0Cadre strat\u00e9gique pour la d\u00e9fense du peuple de l&rsquo;Azawad\u00a0\u00bb\u00a0(CSP-DPA) \u00e9tait d\u00e9j\u00e0 rapport\u00e9 par les m\u00e9dias occidentaux, dont dans le journal \u00ab\u00a0<a href=\"https:\/\/www.lemonde.fr\/afrique\/article\/2024\/08\/01\/au-mali-l-ombre-de-l-ukraine-derriere-les-rebelles-en-guerre-contre-les-mercenaires-russes-de-wagner_6264164_3212.html\">Le Monde<\/a>\u00a0\u00bb. <\/p>\n\n\n\n<p>Selon les sources du \u00ab&nbsp;Monde&nbsp;\u00bb, Kiev coop\u00e8re avec les s\u00e9paratistes, leur fournit des informations strat\u00e9giques et leur enseigne l&rsquo;utilisation de drones. Les membres de l&rsquo;alliance s\u00e9paratiste sont m\u00eame venus en Ukraine pour y suivre une formation. L\u2019un des commandants de la r\u00e9bellion et le porte-parole du CSP-DPA, Mohamed Elmaouloud Ramadane, a reconnu&nbsp;que des <em>\u00ab&nbsp;\u00e9changes&nbsp;\u00bb<\/em>&nbsp;ont effectivement lieu avec les services de renseignement ukrainiens&nbsp;: \u00ab&nbsp;<em>Nous avons des liens avec les Ukrainiens, mais comme nous en avons avec tout le monde, Fran\u00e7ais, Am\u00e9ricains et autres<\/em>&nbsp;\u00bb.<\/p>\n\n\n\n<p>De son c\u00f4t\u00e9, le journal britannique The Times, citant des documents de l&rsquo;Agence de s\u00e9curit\u00e9 nationale des \u00c9tats-Unis (NSA), a rapport\u00e9, le 5 ao\u00fbt dernier, que le patron du GUR Boudanov planifiait une attaque contre le PMC Wagner au Mali depuis l&rsquo;ann\u00e9e derni\u00e8re.<\/p>\n\n\n\n<figure class=\"wp-block-image aligncenter size-full is-resized\"><img decoding=\"async\" width=\"1577\" height=\"1119\" src=\"https:\/\/c-cie.eu\/wp-content\/uploads\/2024\/08\/3-7.jpg\" alt=\"\" class=\"wp-image-6771\" style=\"width:537px;height:auto\" srcset=\"https:\/\/c-cie.eu\/wp-content\/uploads\/2024\/08\/3-7.jpg 1577w, https:\/\/c-cie.eu\/wp-content\/uploads\/2024\/08\/3-7-300x213.jpg 300w, https:\/\/c-cie.eu\/wp-content\/uploads\/2024\/08\/3-7-1024x727.jpg 1024w, https:\/\/c-cie.eu\/wp-content\/uploads\/2024\/08\/3-7-768x545.jpg 768w, https:\/\/c-cie.eu\/wp-content\/uploads\/2024\/08\/3-7-1536x1090.jpg 1536w, https:\/\/c-cie.eu\/wp-content\/uploads\/2024\/08\/3-7-18x12.jpg 18w\" sizes=\"(max-width: 1577px) 100vw, 1577px\" \/><\/figure>\n\n\n\n<p><strong>Les mercenaires \u00e9trangers et l\u2019incursion ukrainienne sur le territoire de Russie.<\/strong><\/p>\n\n\n\n<p>En formant au combat des terroristes \u00e0 l\u2019\u00e9tranger, le pouvoir ukrainien ne se prive \u00e9galement pas de faire appel \u00e0 des mercenaires \u00e9trangers \u00e0 la r\u00e9putation plus que douteuse pour compl\u00e9ter les rangs de ses forces arm\u00e9es qui se vident en flux tendu face \u00e0 l\u2019arm\u00e9e russe.<\/p>\n\n\n\n<p>Depuis f\u00e9vrier 2022, le d\u00e9but de la phase active des hostilit\u00e9s entre la Russie et les pays de l\u2019OTAN sur le sol ukrainien, les sponsors et d\u00e9cideurs occidentaux apportent tout le soutien n\u00e9cessaire \u00e0 l&rsquo;Ukraine sans lequel la guerre en cours serait termin\u00e9e depuis plus de deux ans et des centaines de milliers de vies seraient \u00e9pargn\u00e9es : ils fournissent des financements, des armes, des munitions, des \u00e9quipements et des renseignements militaires.<\/p>\n\n\n\n<p>En outre, avec l&rsquo;approbation tacite des \u00c9tats occidentaux, des milliers de mercenaires \u00e9trangers rejoignent les rangs des forces arm\u00e9es ukrainiennes en constituant aujourd&rsquo;hui une partie non n\u00e9gligeable des unit\u00e9s qualifi\u00e9es au combat et en prennent directement part \u00e0 la confrontation avec la Russie.<\/p>\n\n\n\n<p>Le 26 juillet, un groupe des pirates informatiques russes portant le d\u00e9nominatif <a href=\"https:\/\/www.dagens.com\/war\/russian-hackers-release-data-on-3-200-foreign-soliders-in-ukraine\">\u00ab\u00a0Hackers russes en col\u00e8re\u00a0\u00bb a d\u00e9voil\u00e9 les donn\u00e9es personnelles de plus de 3.200 combattants \u00e9trangers dans les rangs ukrainiens<\/a>. Sur la liste publi\u00e9e, les mercenaires qui sont les citoyens de plus d\u2019une trentaine de pays, la plupart sont soit ceux ayant une exp\u00e9rience de militaire de carri\u00e8re, soit des criminels ayant purg\u00e9 des peines de prison dans leurs pays respectifs pour des crimes divers, tels que banditisme, agressions, viols et meurtres.<\/p>\n\n\n\n<p>Aujourd\u2019hui, ces mercenaires, dont un grand nombre d\u2019occidentaux, participent \u00e9galement \u00e0 l&rsquo;invasion aventureuse de l\u2019arm\u00e9e ukrainienne sur les territoires de la Russie. N\u00e9anmoins, m\u00eame les m\u00e9dias \u00ab\u00a0atlantistes\u00a0\u00bb des pays soutenant l&rsquo;Ukraine ne croient pas &#8211; et \u00e0 juste titre &#8211; au succ\u00e8s de l\u2019initiative ukrainienne dans la r\u00e9gion russe de Koursk et reconnaissent quasi-unanimement que cette derni\u00e8re n&rsquo;affectera pas positivement la situation critique des forces ukrainiennes dans le Donbass.<\/p>\n\n\n\n<p>Etant en contact direct avec des combattants militaires russes, malgr\u00e9 la situation plus que stressante pour les populations civiles de la r\u00e9gion de Koursk je ne peux, toutefois, ne pas remarquer une certaine satisfaction dans les rangs de l\u2019arm\u00e9e russes&nbsp;: si dans le Donbass ils doivent avancer m\u00e8tre par m\u00e8tre en d\u00e9nichant les combattants ukrainiens des lignes de fortifications et, parfois, de v\u00e9ritables forteresses construites d\u00e8s 2014 &#8211; dans la r\u00e9gion de Koursk la situation est tout \u00e0 fait diff\u00e9rente. Le seul abri que les forces arm\u00e9es ukrainiennes puissent avoir, c\u2019est en se cachant dans les buissons ou dans les r\u00e9sidences quitt\u00e9es par les villageois. Ainsi, avec la domination \u00e9crasante de l\u2019aviation et de l\u2019artillerie russe, c\u2019est un v\u00e9ritable massacre des unit\u00e9s ukrainiennes qui est en train de s\u2019y d\u00e9rouler.<\/p>\n\n\n\n<p>De m\u00eame, si dans la r\u00e9gion du Donbass le r\u00e9gime de Kiev a tendance \u00e0 mettre dans les tranch\u00e9es de premi\u00e8re ligne ceux qui sont consid\u00e9r\u00e9s comme de la \u00ab&nbsp;chair \u00e0 canon&nbsp;\u00bb &#8211; les civils mobilis\u00e9s de force sans aucune v\u00e9ritable formation militaire et faiblement arm\u00e9s \u2013 ce sont les unit\u00e9s militaires les mieux entrain\u00e9es et les mieux \u00e9quip\u00e9es qui ont \u00e9t\u00e9 exp\u00e9di\u00e9es dans la r\u00e9gion de Koursk, ce qui permet \u00e0 l\u2019arm\u00e9e russe de mettre la main dessus et de les d\u00e9truire sans avoir la contrainte d\u2019attaquer les fortifications dans lesquelles \u00ab&nbsp;l\u2019\u00e9lite&nbsp;\u00bb de l\u2019arm\u00e9e ukrainienne a l\u2019habitude de prendre ses quartiers.<\/p>\n\n\n\n<p>La tentative actuelle de l\u2019invasion par les forces ukrainiennes du territoire de la r\u00e9gion russe qui est totalement d\u00e9pourvue du moindre objectif politico-militaire atteignable n\u2019est qu\u2019une nouvelle campagne de marketing du r\u00e9gime de Kiev, dont l\u2019unique r\u00e9sultat tangible ne peut \u00eatre que celui de la terreur vis-\u00e0-vis des populations civiles dans des zones rurales provisoirement occup\u00e9es et du ch\u00e2timent in\u00e9vitable de la d\u00e9sastreuse initiative qui en r\u00e9sultera avec des milliers de morts suppl\u00e9mentaires de soldats ukrainiens avant la tomb\u00e9e finale proche du rideau sur la sc\u00e8ne de reine de Zelensky et de son entourage.<\/p>","protected":false},"excerpt":{"rendered":"<p>L\u2019Ukraine\u00a0: l\u2019entrainement des groupes terroristes au Sahel, les mercenaires et l\u2019incursion en Russie Bien que les autorit\u00e9s de Kiev r\u00e9futent cat\u00e9goriquement leur moindre implication dans l&rsquo;organisation de l&rsquo;attaque terroriste des s\u00e9paratistes Touareg contre un convoi de l&rsquo;arm\u00e9e malienne et les effectifs russes de la compagnie \u00ab&nbsp;Wagner&nbsp;\u00bb les accompagnant \u00e0 la fin de juillet 2024 au [&hellip;]<\/p>\n","protected":false},"author":2,"featured_media":0,"parent":0,"menu_order":0,"comment_status":"closed","ping_status":"closed","template":"","meta":{"site-sidebar-layout":"default","site-content-layout":"","ast-site-content-layout":"default","site-content-style":"default","site-sidebar-style":"default","ast-global-header-display":"","ast-banner-title-visibility":"","ast-main-header-display":"","ast-hfb-above-header-display":"","ast-hfb-below-header-display":"","ast-hfb-mobile-header-display":"","site-post-title":"disabled","ast-breadcrumbs-content":"","ast-featured-img":"","footer-sml-layout":"","ast-disable-related-posts":"","theme-transparent-header-meta":"","adv-header-id-meta":"","stick-header-meta":"","header-above-stick-meta":"","header-main-stick-meta":"","header-below-stick-meta":"","astra-migrate-meta-layouts":"set","ast-page-background-enabled":"default","ast-page-background-meta":{"desktop":{"background-color":"","background-image":"","background-repeat":"repeat","background-position":"center center","background-size":"auto","background-attachment":"scroll","background-type":"","background-media":"","overlay-type":"","overlay-color":"","overlay-opacity":"","overlay-gradient":""},"tablet":{"background-color":"","background-image":"","background-repeat":"repeat","background-position":"center center","background-size":"auto","background-attachment":"scroll","background-type":"","background-media":"","overlay-type":"","overlay-color":"","overlay-opacity":"","overlay-gradient":""},"mobile":{"background-color":"","background-image":"","background-repeat":"repeat","background-position":"center center","background-size":"auto","background-attachment":"scroll","background-type":"","background-media":"","overlay-type":"","overlay-color":"","overlay-opacity":"","overlay-gradient":""}},"ast-content-background-meta":{"desktop":{"background-color":"var(--ast-global-color-5)","background-image":"","background-repeat":"repeat","background-position":"center center","background-size":"auto","background-attachment":"scroll","background-type":"","background-media":"","overlay-type":"","overlay-color":"","overlay-opacity":"","overlay-gradient":""},"tablet":{"background-color":"var(--ast-global-color-5)","background-image":"","background-repeat":"repeat","background-position":"center center","background-size":"auto","background-attachment":"scroll","background-type":"","background-media":"","overlay-type":"","overlay-color":"","overlay-opacity":"","overlay-gradient":""},"mobile":{"background-color":"var(--ast-global-color-5)","background-image":"","background-repeat":"repeat","background-position":"center center","background-size":"auto","background-attachment":"scroll","background-type":"","background-media":"","overlay-type":"","overlay-color":"","overlay-opacity":"","overlay-gradient":""}},"footnotes":""},"class_list":["post-6762","page","type-page","status-publish","hentry"],"_links":{"self":[{"href":"https:\/\/c-cie.eu\/ru\/wp-json\/wp\/v2\/pages\/6762","targetHints":{"allow":["GET"]}}],"collection":[{"href":"https:\/\/c-cie.eu\/ru\/wp-json\/wp\/v2\/pages"}],"about":[{"href":"https:\/\/c-cie.eu\/ru\/wp-json\/wp\/v2\/types\/page"}],"author":[{"embeddable":true,"href":"https:\/\/c-cie.eu\/ru\/wp-json\/wp\/v2\/users\/2"}],"replies":[{"embeddable":true,"href":"https:\/\/c-cie.eu\/ru\/wp-json\/wp\/v2\/comments?post=6762"}],"version-history":[{"count":1,"href":"https:\/\/c-cie.eu\/ru\/wp-json\/wp\/v2\/pages\/6762\/revisions"}],"predecessor-version":[{"id":6772,"href":"https:\/\/c-cie.eu\/ru\/wp-json\/wp\/v2\/pages\/6762\/revisions\/6772"}],"wp:attachment":[{"href":"https:\/\/c-cie.eu\/ru\/wp-json\/wp\/v2\/media?parent=6762"}],"curies":[{"name":"wp","href":"https:\/\/api.w.org\/{rel}","templated":true}]}}