{"id":6384,"date":"2024-07-21T19:07:55","date_gmt":"2024-07-21T17:07:55","guid":{"rendered":"https:\/\/c-cie.eu\/?page_id=6384"},"modified":"2024-07-21T19:07:55","modified_gmt":"2024-07-21T17:07:55","slug":"article-le-debat-presidentiel-trump-versus-biden-2","status":"publish","type":"page","link":"https:\/\/c-cie.eu\/ru\/article-le-debat-presidentiel-trump-versus-biden-2\/","title":{"rendered":"ARTICLE &#8211; Le D\u00e9bat pr\u00e9sidentiel : Trump versus Biden."},"content":{"rendered":"\n<figure class=\"wp-block-image aligncenter size-full is-resized\"><img fetchpriority=\"high\" decoding=\"async\" width=\"1035\" height=\"693\" src=\"https:\/\/c-cie.eu\/wp-content\/uploads\/2024\/07\/1-4.jpg\" alt=\"\" class=\"wp-image-6387\" style=\"width:548px;height:auto\" srcset=\"https:\/\/c-cie.eu\/wp-content\/uploads\/2024\/07\/1-4.jpg 1035w, https:\/\/c-cie.eu\/wp-content\/uploads\/2024\/07\/1-4-300x201.jpg 300w, https:\/\/c-cie.eu\/wp-content\/uploads\/2024\/07\/1-4-1024x686.jpg 1024w, https:\/\/c-cie.eu\/wp-content\/uploads\/2024\/07\/1-4-768x514.jpg 768w, https:\/\/c-cie.eu\/wp-content\/uploads\/2024\/07\/1-4-18x12.jpg 18w\" sizes=\"(max-width: 1035px) 100vw, 1035px\" \/><\/figure>\n\n\n\n<p><\/p>\n\n\n\n<h2 class=\"wp-block-heading has-text-align-center has-large-font-size\"><strong>Le D\u00e9bat pr\u00e9sidentiel : Trump versus Biden.<\/strong> <strong>Le d\u00e9cryptage vis-\u00e0-vis de la guerre en Ukraine.<\/strong> <\/h2>\n\n\n\n<div style=\"height:23px\" aria-hidden=\"true\" class=\"wp-block-spacer\"><\/div>\n\n\n\n<p>Le premier d\u00e9bat pr\u00e9sidentiel am\u00e9ricain s\u2019est tenu le 27 juin sous les yeux du monde riv\u00e9s sur les deux protagonistes de la politique am\u00e9ricaine des derni\u00e8res ann\u00e9es, avec une attention toute particuli\u00e8re, vu les enjeux en cours et les r\u00e9percutions qui auront lieu d\u00e8s le jour des \u00e9lections pr\u00e9sidentielles am\u00e9ricaines, le 5 novembre 2024, sur l\u2019\u00e9chiquier mondial plong\u00e9 dans les plus grands troubles depuis la fin de la seconde guerre mondiale.<\/p>\n\n\n\n<p>Le temps depuis les derniers d\u00e9bats qui ont eu lieu en 2020 entre les deux candidats dans la course \u00e0 la Maison Blanche a bien laiss\u00e9 son empreinte sur les rivaux. Surtout sur le pr\u00e9sident sortant Joe Biden, ce qui \u00e9tait fort visible, malgr\u00e9 les remontants que ce dernier a tr\u00e8s certainement pris avant sa sortie de sc\u00e8ne, vu son \u00e2ge tr\u00e8s avanc\u00e9.<\/p>\n\n\n\n<p>L\u2019\u00e9quipe de Joe Biden n\u2019a pas trouv\u00e9 de meilleure parade pour justifier l\u2019\u00e9tat de d\u00e9t\u00e9rioration physique et mentale avanc\u00e9e de leur leader qu\u2019en faisant passer un message dans les coulisses des d\u00e9bats sur la mauvaise forme du pr\u00e9sident due \u00e0 un rhume, dont il souffre depuis quelques jours.<\/p>\n\n\n\n<p>Selon la majorit\u00e9 des analystes am\u00e9ricains et \u00e9trangers, la prestation de Joe Biden est jug\u00e9e catastrophique et a enfonc\u00e9 le clou dans le cercueil du futur politique de l\u2019octog\u00e9naire. Le r\u00e9publicain Donald Trump remporte les d\u00e9bats haut la main face au porteur des espoirs du camp d\u00e9mocrate am\u00e9ricain.<\/p>\n\n\n\n<p><strong>Trump &#8211; l\u2019accusateur<\/strong><\/p>\n\n\n\n<p>Le niveau g\u00e9n\u00e9ral du d\u00e9bat entre les deux candidats \u00e0 la plus haute fonction au sein de la premi\u00e8re puissance mondiale a atteint un nouveau record de m\u00e9diocrit\u00e9. Un record qui refl\u00e8te parfaitement le niveau professionnel et moral lamentable de l\u2019ensemble de la classe politique du monde Occidental avec les Etats-Unis d\u2019Am\u00e9rique en berger du troupeau.<\/p>\n\n\n\n<p>Mais, je laisse aux autres le soin de d\u00e9cortiquer les nombreux \u00e9l\u00e9ments soulev\u00e9s durant les discours et le niveau d\u2019argumentaire des adversaires, en me concentrant sur l\u2019\u00e9l\u00e9ment principal vis-\u00e0-vis des menaces que le monde encourt \u00e0 l\u2019avenir imm\u00e9diat&nbsp;: celui de la guerre en Ukraine.<\/p>\n\n\n\n<p>Le candidat Donald Trump se positionne depuis bient\u00f4t deux ans et demi en tant qu\u2019homme politique capable d\u2019arr\u00eater cette guerre d\u00e8s son retour au pouvoir. Voyons ses d\u00e9clarations durant le d\u00e9bat.<\/p>\n\n\n\n<p>Trump&nbsp;accuse en force&nbsp;: \u00ab&nbsp;<em>Il <\/em>(Biden) <em>n\u2019a rien fait pour arr\u00eater la Russie<\/em> [\u2026] <em>Il<\/em> (Poutine) <em>n\u2019aurait jamais envahi l\u2019Ukraine, jamais, jamais dans la vie<\/em> (si j\u2019\u00e9tais pr\u00e9sident) [\u2026] <em>Le monde entier est en train de s\u2019exploser sous Biden<\/em>&nbsp;\u00bb.<\/p>\n\n\n\n<p>\u00ab&nbsp;<em>La Russie, ils ont pris beaucoup de terres sous Obama, sous Buch, sous Biden. Elle n\u2019a rien pris sous Trump. Elle savait qu\u2019elle n\u2019avait pas de marge de man\u0153uvre<\/em> (face \u00e0 moi). <em>Je me suis tr\u00e8s bien entendu avec lui<\/em> (Poutine) [\u2026] <em>il savait que je suis quelqu\u2019un de s\u00e9rieux. Il ne m\u2019a rien pris comme territoire europ\u00e9en \u2013 maintenant il va tout prendre avec ce pr\u00e9sident<\/em> (Biden) <em>qu\u2019on a. Ca &#8211; c\u2019est une guerre qui n\u2019aurait jamais d\u00fb commencer, jamais. Elle n\u2019aura pas commenc\u00e9 avec moi. Et il<\/em> (Poutine) va prendre l\u2019Ukraine [\u2026] <em>C\u2019est lui<\/em> (Biden<em>) qui nous a laiss\u00e9 dans une aussi mauvaise posture avec l\u2019Ukraine et la Russie. Par ce que l\u2019Ukraine n\u2019est pas en train de gagner la guerre&nbsp;<\/em>\u00bb.<\/p>\n\n\n\n<p>Trump se moque, ensuite, de Biden en reprenant ses paroles \u00ab&nbsp;<em>Je ne vais jamais permettre cela&nbsp;!<\/em>&nbsp;\u00bb et en martelant&nbsp;: \u00ab&nbsp;<em>Ils<\/em> (ukrainiens) <em>manquent de soldats. Ils ont perdu tant de gens<\/em> [\u2026] <em>A cause de lui<\/em> (Biden) <em>et de ses d\u00e9cisions ridicules. La Russie n\u2019aurait jamais attaqu\u00e9 si j\u2019avais \u00e9t\u00e9 pr\u00e9sident<\/em> \u00bb.<\/p>\n\n\n\n<p>Sur la question du mod\u00e9rateur de d\u00e9bat, si les termes de Poutine (de l\u2019accord de paix propos\u00e9 par Moscou, le 20 juin dernier) sont acceptables, Donald Trump r\u00e9pond : \u00ab <em>Non, c\u2019est inacceptable. Mais, \u00e9coutez&nbsp;: c\u2019est une guerre qui n\u2019aurait jamais d\u00fb commencer <\/em>[\u2026] <em>il<\/em> (Biden) <em>a donn\u00e9 deux cents milliards ou plus \u00e0 l\u2019Ukraine<\/em> [\u2026] <em>l\u2019argent que nous d\u00e9pensons sur cette guerre \u2013 nous ne devrons pas le d\u00e9penser. Moi, je vais r\u00e9gler cela entre Poutine et Zelensky, en tant que pr\u00e9sident \u00e9lu, avant m\u00eame de prendre le pouvoir le 20 janvier<\/em> (le jour de l\u2019investiture du pr\u00e9sident am\u00e9ricain en 2025)&nbsp;\u00bb.<\/p>\n\n\n\n<p><strong>Trump &#8211; le faiseur de paix<\/strong><\/p>\n\n\n\n<p>Quelles sont les r\u00e9elles perspectives de la politique am\u00e9ricaine vis-\u00e0-vis du conflit en Ukraine, en cas du retour de Donald Trump au pouvoir&nbsp;?<\/p>\n\n\n\n<p>Sans entrer dans les sp\u00e9culations sur l\u2019hypoth\u00e9tique pr\u00e9sent de l\u2019Ukraine, au cas o\u00f9 Trump aurait \u00e9t\u00e9 vainqueur des \u00e9lections pr\u00e9sidentielles de 2020, il est, n\u00e9anmoins, \u00e0 noter qu\u2019\u00e9tant parfaitement juste et lucide au niveau de sa critique prononc\u00e9e sur le r\u00f4le n\u00e9faste de l\u2019administration Biden vis-\u00e0-vis de la paix dans le monde et, notamment en Ukraine &#8211; le candidat r\u00e9publicain Trump reste parfaitement superficiel et populiste vis-\u00e0-vis de ses r\u00e9elles capacit\u00e9s personnelles \u00e0 arr\u00eater le conflit.<\/p>\n\n\n\n<p>D\u2019une part, l\u2019importante r\u00e9duction du soutien militaire et financier \u00e0 l\u2019Ukraine par son principal sponsor que sont les Etats-Unis n\u2019a rien \u00e0 voir avec Donald Trump et ses souhaits d\u00e9clar\u00e9s, mais elle est conditionn\u00e9e par toute une s\u00e9rie d\u2019\u00e9l\u00e9ments de la conjoncture am\u00e9ricaine et mondiale. Sans parler que les aides d\u00e9j\u00e0 planifi\u00e9es et accord\u00e9es \u00e0 Kiev ne seront, en aucun cas, coup\u00e9es du jour au lendemain, m\u00eame si ce dernier acc\u00e8de au bureau ovale de la Maison Blanche.<\/p>\n\n\n\n<p>D\u2019autre part, l\u2019unique condition pour que la parole de Trump soit audible et digne du moindre int\u00e9r\u00eat \u00e0 Moscou, c\u2019est celle de l\u2019acceptation par Kiev pouss\u00e9 par Washington des conditions de l\u2019accord de paix que la F\u00e9d\u00e9ration de Russie a derni\u00e8rement formul\u00e9. Si la position de Trump face aux russes et leurs revendications sera celle proclam\u00e9e durant les d\u00e9bats face \u00e0 Biden &#8211; \u00ab <em>Non, c\u2019est inacceptable<\/em>&nbsp;\u00bb &#8211; son poids dans les futures n\u00e9gociations de paix ne sera gu\u00e8re sup\u00e9rieur \u00e0 celui du pseudo \u00ab&nbsp;sommet pour la paix&nbsp;\u00bb qui s\u2019est tenu en Suisse ce mi-juin et qui s\u2019est av\u00e9r\u00e9 un fiasco total pour Zelensky et ses soutiens.<\/p>\n\n\n\n<p>Par ailleurs, malgr\u00e9 le r\u00f4le de \u00ab&nbsp;faiseur de paix&nbsp;\u00bb que monsieur Trump s\u2019est endoss\u00e9, nul ne doit perdre le sens de la r\u00e9alit\u00e9 et oublier le r\u00f4le r\u00e9el qu\u2019il a eu dans l\u2019escalade du conflit en Ukraine qui s\u2019est traduit dans des paroles que ce dernier a tenu durant le d\u00e9bat pr\u00e9sidentiel face \u00e0 Biden, quatre ans auparavant, en 2020&nbsp;: \u00ab&nbsp;<em>\u2026 Personne n\u2019a \u00e9t\u00e9 aussi fort que moi face \u00e0 la Russie<\/em> [\u2026] <em>Lui<\/em> (Biden) <em>vendait des oreillers et des draps &#8211; moi, j\u2019ai vendu des tanks \u00e0 l\u2019Ukraine <\/em>\u00bb.<\/p>\n\n\n\n<p><strong>Trump &#8211; le surfeur sur la vague de fatigue de l\u2019Occident<\/strong><\/p>\n\n\n\n<p>En ce qui concerne le temps accord\u00e9 \u00e0 la probl\u00e9matique de la guerre en Ukraine &#8211; il est tout \u00e0 fait r\u00e9v\u00e9lateur de la courbe descendante en d\u00e9faveur de Kiev et ceci est toujours sans aucun rapport avec Donald Trump.<\/p>\n\n\n\n<p>Dans le d\u00e9bat pr\u00e9sidentiel de ce 27 juin qui a dur\u00e9 1h30 pr\u00e9cis\u00e9ment, la question ukrainienne n\u2019a pris que 8 minutes et 5 secondes en tout. C\u2019est-\u00e0-dire, moins de 9% du temps de la discussion.<\/p>\n\n\n\n<p>Initialement, une seule question sur la guerre en Ukraine \u00e9tait pr\u00e9vue par les mod\u00e9rateurs de l\u2019\u00e9v\u00e9nement diffus\u00e9 par la chaine de t\u00e9l\u00e9vision CNN \u2013 chaine-cl\u00e9 de la propagande du parti d\u00e9mocrate am\u00e9ricain. Chacun des candidats \u00e9tait cens\u00e9 apporter sa r\u00e9ponse en 120 secondes respectivement. Soit, seulement 4 minutes&nbsp;sur une heure et demie de confrontation des candidats ont \u00e9t\u00e9 accord\u00e9es \u00e0 la question qui est, pourtant, de tr\u00e8s loin le sujet num\u00e9ro un depuis plus de 2 ans sur la sc\u00e8ne politique internationale.<\/p>\n\n\n\n<p>Seules les petites attaques r\u00e9p\u00e9t\u00e9es tout au long du d\u00e9bat par Trump sur Biden ont fait doubler ce temps. \u00c0 chaque fois, les retours au probl\u00e8me ukrainien n&rsquo;ont eu lieu qu&rsquo;\u00e0 l&rsquo;initiative de Donald Trump. Soit, le camp des d\u00e9mocrates am\u00e9ricains avec Joe Biden en t\u00eate de gondole, ce camp qui est directement coupable de l&rsquo;existence du conflit arm\u00e9 sur le territoire de l&rsquo;Europe et qui a mis le monde au bord de la 3e guerre mondiale &#8211; n\u2019a pas consid\u00e9r\u00e9 que le sujet m\u00e9ritait une r\u00e9ponse qui d\u00e9passe les 120 secondes.<\/p>\n\n\n\n<p>En ce qui concerne les paroles de Joe Biden &#8211; nul int\u00e9r\u00eat \u00e0 d\u00e9tailler les r\u00e9pliques de ce dernier sur les piq\u00fbres de Trump. Des r\u00e9pliques qui se sont limit\u00e9es \u00e0 la r\u00e9p\u00e9tition des slogans habituels sur le danger imminent de l&rsquo;invasion de l&rsquo;Univers par Moscou, en commen\u00e7ant par la Pologne, si Poutine n\u2019\u00e9tait pas arr\u00eat\u00e9 sur le sol ukrainien.<\/p>\n\n\n\n<p>Bien que le monde se situe au plus proche que jamais du d\u00e9clenchement de la 3\u00e8me guerre mondiale et du r\u00e9el danger de l\u2019utilisation des armes nucl\u00e9aires, le temps accord\u00e9 au conflit en Ukraine durant ce premier d\u00e9bat pr\u00e9sidentiel am\u00e9ricain est bien plus \u00e9voquant et r\u00e9v\u00e9lateur que les paroles, quelles qu\u2019elles soient, de Trump et de Biden sur le sujet&nbsp;: ce n\u2019est nullement le sujet qui int\u00e9resse les Am\u00e9ricains en premier lieu. Le camp occidental dirig\u00e9 par les Etats-Unis est fatigu\u00e9 de l\u2019Ukraine et veut de moins en moins en attendre parler. Les espoirs d\u2019\u00e9craser la Russie en deux temps trois mouvements sont pass\u00e9s dans le n\u00e9ant et les \u00e9lecteurs occidentaux devant leurs postes de t\u00e9l\u00e9 souhaitent passer \u00e0 autre chose.<\/p>\n\n\n\n<p><strong>La pr\u00e9paration de l\u2019inhumation du r\u00e9gime ukrainien<\/strong><\/p>\n\n\n\n<p>Comme je l\u2019ai d\u00e9j\u00e0 soulev\u00e9 dans mon analyse \u00ab&nbsp;<em>La guerre en Ukraine&nbsp;: la gen\u00e8se&nbsp;\u00bb, cela fait un an et demi, bien avant le d\u00e9but de la fameuse offensive ukrainienne qui devait renverser et faire fuir les troupes russes, \u00ab&nbsp;au moment venu, quand le pouvoir am\u00e9ricain consid\u00e9rera que le \u00ab&nbsp;retour sur investissement&nbsp;\u00bb dans la guerre en Ukraine est suffisant ou bien quand il fera le constat que la probabilit\u00e9 \u00e0 atteindre le seuil de satisfaction est trop faible \u2013 il abandonnera le r\u00e9gime de Kiev. Abandonnera de la m\u00eame mani\u00e8re que le r\u00e9gime afghan de Ghani a \u00e9t\u00e9 abandonn\u00e9 et les kurdes en Irak et en Syrie ont \u00e9t\u00e9 abandonn\u00e9s apr\u00e8s avoir accompli, partiellement, les missions qui leurs ont \u00e9t\u00e9 attribu\u00e9es par l\u2019Am\u00e9rique, contre la promesse de la cr\u00e9ation d\u2019un \u00e9tat kurde. La promesse qui n\u2019engageait que ceux qui l\u2019\u00e9coutaient<\/em>&nbsp;\u00bb.<\/p>\n\n\n\n<p>Ce moment est en train d\u2019arriver. L\u2019Ukraine, qui n\u2019a \u00e9t\u00e9 utilis\u00e9 qu\u2019en tant qu\u2019outil p\u00e9rissable de l\u2019affaiblissement de la puissance russe, dont pas la seule, mais l\u2019une des principales missions \u00e9tait la destruction des relations \u00e9conomiques entre la Russie et le premier concurrent commercial sur les march\u00e9s mondiaux des Etats-Unis d\u2019Am\u00e9rique qui n\u2019est personne d\u2019autre que l\u2019Union Europ\u00e9enne &#8211; cette Ukraine a accompli sa t\u00e2che et il est temps pour les Am\u00e9ricains de clore le projet.<\/p>\n\n\n\n<p>Ainsi, les r\u00e9elles n\u00e9gociations de paix qui auront lieu, ne seront nullement celles entre Moscou et Kiev, mais celles invisibles entre Moscou et Washington &#8211; peu importe si le futur locataire de la maison Blanche sera Donald Trump, Joe Biden ou un autre. Ces n\u00e9gociations mettront en place les nouvelles fondations de l\u2019architecture de la s\u00e9curit\u00e9 globale entre la Russie et les Etats-Unis. Les fondations lesquelles, entre autres effets majeurs, inhumeront le r\u00e9gime actuellement au pouvoir \u00e0 Kiev.<\/p>\n","protected":false},"excerpt":{"rendered":"<p>Le D\u00e9bat pr\u00e9sidentiel : Trump versus Biden. Le d\u00e9cryptage vis-\u00e0-vis de la guerre en Ukraine. Le premier d\u00e9bat pr\u00e9sidentiel am\u00e9ricain s\u2019est tenu le 27 juin sous les yeux du monde riv\u00e9s sur les deux protagonistes de la politique am\u00e9ricaine des derni\u00e8res ann\u00e9es, avec une attention toute particuli\u00e8re, vu les enjeux en cours et les r\u00e9percutions [&hellip;]<\/p>\n","protected":false},"author":2,"featured_media":0,"parent":0,"menu_order":0,"comment_status":"closed","ping_status":"closed","template":"","meta":{"site-sidebar-layout":"default","site-content-layout":"","ast-site-content-layout":"default","site-content-style":"default","site-sidebar-style":"default","ast-global-header-display":"","ast-banner-title-visibility":"","ast-main-header-display":"","ast-hfb-above-header-display":"","ast-hfb-below-header-display":"","ast-hfb-mobile-header-display":"","site-post-title":"disabled","ast-breadcrumbs-content":"","ast-featured-img":"","footer-sml-layout":"","ast-disable-related-posts":"","theme-transparent-header-meta":"","adv-header-id-meta":"","stick-header-meta":"","header-above-stick-meta":"","header-main-stick-meta":"","header-below-stick-meta":"","astra-migrate-meta-layouts":"set","ast-page-background-enabled":"default","ast-page-background-meta":{"desktop":{"background-color":"","background-image":"","background-repeat":"repeat","background-position":"center center","background-size":"auto","background-attachment":"scroll","background-type":"","background-media":"","overlay-type":"","overlay-color":"","overlay-opacity":"","overlay-gradient":""},"tablet":{"background-color":"","background-image":"","background-repeat":"repeat","background-position":"center center","background-size":"auto","background-attachment":"scroll","background-type":"","background-media":"","overlay-type":"","overlay-color":"","overlay-opacity":"","overlay-gradient":""},"mobile":{"background-color":"","background-image":"","background-repeat":"repeat","background-position":"center center","background-size":"auto","background-attachment":"scroll","background-type":"","background-media":"","overlay-type":"","overlay-color":"","overlay-opacity":"","overlay-gradient":""}},"ast-content-background-meta":{"desktop":{"background-color":"var(--ast-global-color-5)","background-image":"","background-repeat":"repeat","background-position":"center center","background-size":"auto","background-attachment":"scroll","background-type":"","background-media":"","overlay-type":"","overlay-color":"","overlay-opacity":"","overlay-gradient":""},"tablet":{"background-color":"var(--ast-global-color-5)","background-image":"","background-repeat":"repeat","background-position":"center center","background-size":"auto","background-attachment":"scroll","background-type":"","background-media":"","overlay-type":"","overlay-color":"","overlay-opacity":"","overlay-gradient":""},"mobile":{"background-color":"var(--ast-global-color-5)","background-image":"","background-repeat":"repeat","background-position":"center center","background-size":"auto","background-attachment":"scroll","background-type":"","background-media":"","overlay-type":"","overlay-color":"","overlay-opacity":"","overlay-gradient":""}},"footnotes":""},"class_list":["post-6384","page","type-page","status-publish","hentry"],"_links":{"self":[{"href":"https:\/\/c-cie.eu\/ru\/wp-json\/wp\/v2\/pages\/6384","targetHints":{"allow":["GET"]}}],"collection":[{"href":"https:\/\/c-cie.eu\/ru\/wp-json\/wp\/v2\/pages"}],"about":[{"href":"https:\/\/c-cie.eu\/ru\/wp-json\/wp\/v2\/types\/page"}],"author":[{"embeddable":true,"href":"https:\/\/c-cie.eu\/ru\/wp-json\/wp\/v2\/users\/2"}],"replies":[{"embeddable":true,"href":"https:\/\/c-cie.eu\/ru\/wp-json\/wp\/v2\/comments?post=6384"}],"version-history":[{"count":1,"href":"https:\/\/c-cie.eu\/ru\/wp-json\/wp\/v2\/pages\/6384\/revisions"}],"predecessor-version":[{"id":6388,"href":"https:\/\/c-cie.eu\/ru\/wp-json\/wp\/v2\/pages\/6384\/revisions\/6388"}],"wp:attachment":[{"href":"https:\/\/c-cie.eu\/ru\/wp-json\/wp\/v2\/media?parent=6384"}],"curies":[{"name":"wp","href":"https:\/\/api.w.org\/{rel}","templated":true}]}}