{"id":5449,"date":"2024-04-19T23:52:51","date_gmt":"2024-04-19T21:52:51","guid":{"rendered":"https:\/\/c-cie.eu\/?page_id=5449"},"modified":"2024-11-08T21:46:55","modified_gmt":"2024-11-08T20:46:55","slug":"publications-par-pays-la-livraison-par-la-russie-au-niger","status":"publish","type":"page","link":"https:\/\/c-cie.eu\/ru\/publications-par-pays-la-livraison-par-la-russie-au-niger\/","title":{"rendered":"publications par pays &#8211; La livraison par la Russie au Niger"},"content":{"rendered":"<figure class=\"wp-block-embed aligncenter is-type-video is-provider-youtube wp-block-embed-youtube wp-embed-aspect-16-9 wp-has-aspect-ratio\"><div class=\"wp-block-embed__wrapper\">\n<iframe title=\"&quot; Des armes et des instructeurs Russes\u00a0au\u00a0#sahel #Russie #security\" width=\"500\" height=\"281\" src=\"https:\/\/www.youtube.com\/embed\/0MN_iMDGbxI?feature=oembed\" frameborder=\"0\" allow=\"accelerometer; autoplay; clipboard-write; encrypted-media; gyroscope; picture-in-picture; web-share\" referrerpolicy=\"strict-origin-when-cross-origin\" allowfullscreen><\/iframe>\n<\/div><\/figure>\n\n\n\n<p><\/p>\n\n\n\n<h2 class=\"wp-block-heading has-text-align-center has-vivid-red-color has-text-color has-link-color has-large-font-size wp-elements-79d6646eef0878bad404042d7488d59b\">La livraison par la Russie au Niger des syst\u00e8mes de d\u00e9fenses antia\u00e9rienne<\/h2>\n\n\n\n<h2 class=\"wp-block-heading has-text-align-center has-vivid-red-color has-text-color has-link-color has-large-font-size wp-elements-4fcbb557a1a9206c1efef647e6d17071\">\u041f\u043e\u0441\u0442\u0430\u0432\u043a\u0430 \u0420\u043e\u0441\u0441\u0438\u0435\u0439 \u041d\u0438\u0433\u0435\u0440\u0438\u0438 \u0441\u0438\u0441\u0442\u0435\u043c \u043f\u0440\u043e\u0442\u0438\u0432\u043e\u0432\u043e\u0437\u0434\u0443\u0448\u0435\u043e\u0439 \u043e\u0431\u043e\u0440\u043e\u043d\u044b<\/h2>\n\n\n\n<div style=\"height:47px\" aria-hidden=\"true\" class=\"wp-block-spacer\"><\/div>\n\n\n\n<p class=\"has-medium-font-size\"><strong>Parutions par pays<\/strong> \/\u041f\u0443\u0431\u043b\u0438\u043a\u0430\u0446\u0438\u0438 \u043f\u043e \u0441\u0442\u0440\u0430\u043d\u0430\u043c<\/p>\n\n\n\n<p class=\"has-vivid-red-color has-text-color has-link-color has-medium-font-size wp-elements-63ba714e330d6259fa73c853b952248e\"><strong>ALGERIE <\/strong>\/\u0410\u041b\u0416\u0418\u0420<\/p>\n\n\n\n<figure class=\"wp-block-image size-full is-resized\"><a href=\"https:\/\/www.youtube.com\/watch?v=0MN_iMDGbxI\"><img fetchpriority=\"high\" decoding=\"async\" width=\"1204\" height=\"676\" src=\"https:\/\/c-cie.eu\/wp-content\/uploads\/2024\/04\/Capture.jpg\" alt=\"\" class=\"wp-image-5460\" style=\"width:563px;height:auto\" srcset=\"https:\/\/c-cie.eu\/wp-content\/uploads\/2024\/04\/Capture.jpg 1204w, https:\/\/c-cie.eu\/wp-content\/uploads\/2024\/04\/Capture-300x168.jpg 300w, https:\/\/c-cie.eu\/wp-content\/uploads\/2024\/04\/Capture-1024x575.jpg 1024w, https:\/\/c-cie.eu\/wp-content\/uploads\/2024\/04\/Capture-768x431.jpg 768w, https:\/\/c-cie.eu\/wp-content\/uploads\/2024\/04\/Capture-18x10.jpg 18w\" sizes=\"(max-width: 1204px) 100vw, 1204px\" \/><\/a><\/figure>\n\n\n\n<p><\/p>\n\n\n\n<div style=\"height:100px\" aria-hidden=\"true\" class=\"wp-block-spacer\"><\/div>\n\n\n\n<p class=\"has-vivid-red-color has-text-color has-link-color has-medium-font-size wp-elements-425eee1402dd1f2b9143cad0c9ed7cfc\"><strong>FRANCE <\/strong>\/\u0424\u0420\u0410\u041d\u0426\u0418\u042f<\/p>\n\n\n\n<figure class=\"wp-block-image size-full is-resized\"><a href=\"https:\/\/fr.sott.net\/article\/43538-Des-armes-et-des-instructeurs-Russes-au-Sahel\"><img decoding=\"async\" width=\"1340\" height=\"994\" src=\"https:\/\/c-cie.eu\/wp-content\/uploads\/2024\/04\/0-1.jpg\" alt=\"\" class=\"wp-image-5464\" style=\"width:576px;height:auto\" srcset=\"https:\/\/c-cie.eu\/wp-content\/uploads\/2024\/04\/0-1.jpg 1340w, https:\/\/c-cie.eu\/wp-content\/uploads\/2024\/04\/0-1-300x223.jpg 300w, https:\/\/c-cie.eu\/wp-content\/uploads\/2024\/04\/0-1-1024x760.jpg 1024w, https:\/\/c-cie.eu\/wp-content\/uploads\/2024\/04\/0-1-768x570.jpg 768w, https:\/\/c-cie.eu\/wp-content\/uploads\/2024\/04\/0-1-16x12.jpg 16w\" sizes=\"(max-width: 1340px) 100vw, 1340px\" \/><\/a><\/figure>\n\n\n\n<p>+<\/p>\n\n\n\n<figure class=\"wp-block-image size-full is-resized\"><a href=\"https:\/\/mai68.org\/spip2\/spip.php?article18136\"><img decoding=\"async\" width=\"880\" height=\"785\" src=\"https:\/\/c-cie.eu\/wp-content\/uploads\/2024\/04\/Capture2.jpg\" alt=\"\" class=\"wp-image-5466\" style=\"width:565px;height:auto\" srcset=\"https:\/\/c-cie.eu\/wp-content\/uploads\/2024\/04\/Capture2.jpg 880w, https:\/\/c-cie.eu\/wp-content\/uploads\/2024\/04\/Capture2-300x268.jpg 300w, https:\/\/c-cie.eu\/wp-content\/uploads\/2024\/04\/Capture2-768x685.jpg 768w, https:\/\/c-cie.eu\/wp-content\/uploads\/2024\/04\/Capture2-13x12.jpg 13w\" sizes=\"(max-width: 880px) 100vw, 880px\" \/><\/a><\/figure>\n\n\n\n<p>+<\/p>\n\n\n\n<figure class=\"wp-block-image size-full is-resized\"><a href=\"https:\/\/resistancerepublicaine.com\/2024\/04\/15\/la-russie-envoie-materiel-et-instructeurs-pour-aider-le-niger-a-lutter-contre-les-djihadistes\"><img loading=\"lazy\" decoding=\"async\" width=\"1275\" height=\"1262\" src=\"https:\/\/c-cie.eu\/wp-content\/uploads\/2024\/04\/Capture1-2.jpg\" alt=\"\" class=\"wp-image-5469\" style=\"width:564px;height:auto\" srcset=\"https:\/\/c-cie.eu\/wp-content\/uploads\/2024\/04\/Capture1-2.jpg 1275w, https:\/\/c-cie.eu\/wp-content\/uploads\/2024\/04\/Capture1-2-300x297.jpg 300w, https:\/\/c-cie.eu\/wp-content\/uploads\/2024\/04\/Capture1-2-1024x1014.jpg 1024w, https:\/\/c-cie.eu\/wp-content\/uploads\/2024\/04\/Capture1-2-768x760.jpg 768w, https:\/\/c-cie.eu\/wp-content\/uploads\/2024\/04\/Capture1-2-12x12.jpg 12w\" sizes=\"(max-width: 1275px) 100vw, 1275px\" \/><\/a><\/figure>\n\n\n\n<p>+<\/p>\n\n\n\n<figure class=\"wp-block-image size-full is-resized\"><a href=\"https:\/\/lesmoutonsenrages.fr\/2024\/04\/16\/des-armes-et-des-instructeurs-russes-au-sahel\"><img loading=\"lazy\" decoding=\"async\" width=\"1430\" height=\"1005\" src=\"https:\/\/c-cie.eu\/wp-content\/uploads\/2024\/04\/0-2.jpg\" alt=\"\" class=\"wp-image-5471\" style=\"width:564px;height:auto\" srcset=\"https:\/\/c-cie.eu\/wp-content\/uploads\/2024\/04\/0-2.jpg 1430w, https:\/\/c-cie.eu\/wp-content\/uploads\/2024\/04\/0-2-300x211.jpg 300w, https:\/\/c-cie.eu\/wp-content\/uploads\/2024\/04\/0-2-1024x720.jpg 1024w, https:\/\/c-cie.eu\/wp-content\/uploads\/2024\/04\/0-2-768x540.jpg 768w, https:\/\/c-cie.eu\/wp-content\/uploads\/2024\/04\/0-2-18x12.jpg 18w\" sizes=\"(max-width: 1430px) 100vw, 1430px\" \/><\/a><\/figure>\n\n\n\n<p>+<\/p>\n\n\n\n<figure class=\"wp-block-image size-full is-resized\"><a href=\"https:\/\/reseauinternational.net\/la-livraison-par-la-russie-au-niger-des-systemes-de-defenses-antiaerienne\"><img loading=\"lazy\" decoding=\"async\" width=\"1371\" height=\"1109\" src=\"https:\/\/c-cie.eu\/wp-content\/uploads\/2024\/04\/0-3.jpg\" alt=\"\" class=\"wp-image-5473\" style=\"width:565px;height:auto\" srcset=\"https:\/\/c-cie.eu\/wp-content\/uploads\/2024\/04\/0-3.jpg 1371w, https:\/\/c-cie.eu\/wp-content\/uploads\/2024\/04\/0-3-300x243.jpg 300w, https:\/\/c-cie.eu\/wp-content\/uploads\/2024\/04\/0-3-1024x828.jpg 1024w, https:\/\/c-cie.eu\/wp-content\/uploads\/2024\/04\/0-3-768x621.jpg 768w, https:\/\/c-cie.eu\/wp-content\/uploads\/2024\/04\/0-3-15x12.jpg 15w\" sizes=\"(max-width: 1371px) 100vw, 1371px\" \/><\/a><\/figure>\n\n\n\n<div style=\"height:100px\" aria-hidden=\"true\" class=\"wp-block-spacer\"><\/div>\n\n\n\n<p class=\"has-vivid-red-color has-text-color has-link-color has-medium-font-size wp-elements-d22462d477b2ec804395e8e87880aa37\"><strong>GABON <\/strong>\/\u0413\u0410\u0411\u041e\u041d<\/p>\n\n\n\n<figure class=\"wp-block-image size-full is-resized\"><a href=\"https:\/\/www.zoomhebdo.com\/annonce\/311099\"><img loading=\"lazy\" decoding=\"async\" width=\"1306\" height=\"1016\" src=\"https:\/\/c-cie.eu\/wp-content\/uploads\/2024\/04\/Capture1-3.jpg\" alt=\"\" class=\"wp-image-5475\" style=\"width:561px;height:auto\" srcset=\"https:\/\/c-cie.eu\/wp-content\/uploads\/2024\/04\/Capture1-3.jpg 1306w, https:\/\/c-cie.eu\/wp-content\/uploads\/2024\/04\/Capture1-3-300x233.jpg 300w, https:\/\/c-cie.eu\/wp-content\/uploads\/2024\/04\/Capture1-3-1024x797.jpg 1024w, https:\/\/c-cie.eu\/wp-content\/uploads\/2024\/04\/Capture1-3-768x597.jpg 768w, https:\/\/c-cie.eu\/wp-content\/uploads\/2024\/04\/Capture1-3-15x12.jpg 15w\" sizes=\"(max-width: 1306px) 100vw, 1306px\" \/><\/a><\/figure>\n\n\n\n<div style=\"height:100px\" aria-hidden=\"true\" class=\"wp-block-spacer\"><\/div>\n\n\n\n<p class=\"has-vivid-red-color has-text-color has-link-color has-medium-font-size wp-elements-d26a13c782dc2299d54acc4ec364a405\"><strong>NIGER <\/strong>\/\u041d\u0418\u0413\u0415\u0420<\/p>\n\n\n\n<figure class=\"wp-block-image size-full is-resized\"><a href=\"https:\/\/www.planeteafrique.com\/actualites\/index.asp?affiche=News_Display.asp&amp;ID=12478\"><img loading=\"lazy\" decoding=\"async\" width=\"1441\" height=\"1100\" src=\"https:\/\/c-cie.eu\/wp-content\/uploads\/2024\/04\/Capture2-1.jpg\" alt=\"\" class=\"wp-image-5477\" style=\"width:563px;height:auto\" srcset=\"https:\/\/c-cie.eu\/wp-content\/uploads\/2024\/04\/Capture2-1.jpg 1441w, https:\/\/c-cie.eu\/wp-content\/uploads\/2024\/04\/Capture2-1-300x229.jpg 300w, https:\/\/c-cie.eu\/wp-content\/uploads\/2024\/04\/Capture2-1-1024x782.jpg 1024w, https:\/\/c-cie.eu\/wp-content\/uploads\/2024\/04\/Capture2-1-768x586.jpg 768w, https:\/\/c-cie.eu\/wp-content\/uploads\/2024\/04\/Capture2-1-16x12.jpg 16w\" sizes=\"(max-width: 1441px) 100vw, 1441px\" \/><\/a><\/figure>\n\n\n\n<div style=\"height:100px\" aria-hidden=\"true\" class=\"wp-block-spacer\"><\/div>\n\n\n\n<p class=\"has-vivid-red-color has-text-color has-link-color has-medium-font-size wp-elements-59ad4324a6673fb1ff5c50a8a8bdc986\"><strong>MALI <\/strong>\/\u041c\u0410\u041b\u0418<\/p>\n\n\n\n<figure class=\"wp-block-image size-full is-resized\"><a href=\"https:\/\/www.afropages.fr\/consulants\/livraison-par-la-russie-au-niger-des-systemes-de-defenses-antiaerienne\"><img loading=\"lazy\" decoding=\"async\" width=\"1664\" height=\"1058\" src=\"https:\/\/c-cie.eu\/wp-content\/uploads\/2024\/04\/Capture2-2.jpg\" alt=\"\" class=\"wp-image-5479\" style=\"width:563px;height:auto\" srcset=\"https:\/\/c-cie.eu\/wp-content\/uploads\/2024\/04\/Capture2-2.jpg 1664w, https:\/\/c-cie.eu\/wp-content\/uploads\/2024\/04\/Capture2-2-300x191.jpg 300w, https:\/\/c-cie.eu\/wp-content\/uploads\/2024\/04\/Capture2-2-1024x651.jpg 1024w, https:\/\/c-cie.eu\/wp-content\/uploads\/2024\/04\/Capture2-2-768x488.jpg 768w, https:\/\/c-cie.eu\/wp-content\/uploads\/2024\/04\/Capture2-2-1536x977.jpg 1536w, https:\/\/c-cie.eu\/wp-content\/uploads\/2024\/04\/Capture2-2-18x12.jpg 18w\" sizes=\"(max-width: 1664px) 100vw, 1664px\" \/><\/a><\/figure>\n\n\n\n<div style=\"height:100px\" aria-hidden=\"true\" class=\"wp-block-spacer\"><\/div>\n\n\n\n<p class=\"has-vivid-red-color has-text-color has-link-color has-medium-font-size wp-elements-68c68b77789af68daa1bc30c13454987\"><strong>RWANDA <\/strong>\/\u0420\u0423\u0410\u041d\u0414\u0410<\/p>\n\n\n\n<figure class=\"wp-block-image size-full is-resized\"><a href=\"https:\/\/rwandaises.com\/2024\/04\/r-la-livraison-par-la-russie-au-niger-des-systemes-de-defenses-antiaerienne\/\"><img loading=\"lazy\" decoding=\"async\" width=\"1669\" height=\"1116\" src=\"https:\/\/c-cie.eu\/wp-content\/uploads\/2024\/04\/0-4.jpg\" alt=\"\" class=\"wp-image-5481\" style=\"width:560px;height:auto\" srcset=\"https:\/\/c-cie.eu\/wp-content\/uploads\/2024\/04\/0-4.jpg 1669w, https:\/\/c-cie.eu\/wp-content\/uploads\/2024\/04\/0-4-300x201.jpg 300w, https:\/\/c-cie.eu\/wp-content\/uploads\/2024\/04\/0-4-1024x685.jpg 1024w, https:\/\/c-cie.eu\/wp-content\/uploads\/2024\/04\/0-4-768x514.jpg 768w, https:\/\/c-cie.eu\/wp-content\/uploads\/2024\/04\/0-4-1536x1027.jpg 1536w, https:\/\/c-cie.eu\/wp-content\/uploads\/2024\/04\/0-4-18x12.jpg 18w\" sizes=\"(max-width: 1669px) 100vw, 1669px\" \/><\/a><\/figure>\n\n\n\n<div style=\"height:100px\" aria-hidden=\"true\" class=\"wp-block-spacer\"><\/div>","protected":false},"excerpt":{"rendered":"<p>La livraison par la Russie au Niger des syst\u00e8mes de d\u00e9fenses antia\u00e9rienne \u041f\u043e\u0441\u0442\u0430\u0432\u043a\u0430 \u0420\u043e\u0441\u0441\u0438\u0435\u0439 \u041d\u0438\u0433\u0435\u0440\u0438\u0438 \u0441\u0438\u0441\u0442\u0435\u043c \u043f\u0440\u043e\u0442\u0438\u0432\u043e\u0432\u043e\u0437\u0434\u0443\u0448\u0435\u043e\u0439 \u043e\u0431\u043e\u0440\u043e\u043d\u044b Parutions par pays \/\u041f\u0443\u0431\u043b\u0438\u043a\u0430\u0446\u0438\u0438 \u043f\u043e \u0441\u0442\u0440\u0430\u043d\u0430\u043c ALGERIE \/\u0410\u041b\u0416\u0418\u0420 FRANCE \/\u0424\u0420\u0410\u041d\u0426\u0418\u042f + + + + GABON \/\u0413\u0410\u0411\u041e\u041d NIGER \/\u041d\u0418\u0413\u0415\u0420 MALI \/\u041c\u0410\u041b\u0418 RWANDA \/\u0420\u0423\u0410\u041d\u0414\u0410<\/p>","protected":false},"author":2,"featured_media":0,"parent":0,"menu_order":0,"comment_status":"closed","ping_status":"closed","template":"","meta":{"site-sidebar-layout":"default","site-content-layout":"","ast-site-content-layout":"default","site-content-style":"default","site-sidebar-style":"default","ast-global-header-display":"","ast-banner-title-visibility":"","ast-main-header-display":"","ast-hfb-above-header-display":"","ast-hfb-below-header-display":"","ast-hfb-mobile-header-display":"","site-post-title":"disabled","ast-breadcrumbs-content":"","ast-featured-img":"","footer-sml-layout":"","ast-disable-related-posts":"","theme-transparent-header-meta":"","adv-header-id-meta":"","stick-header-meta":"","header-above-stick-meta":"","header-main-stick-meta":"","header-below-stick-meta":"","astra-migrate-meta-layouts":"set","ast-page-background-enabled":"default","ast-page-background-meta":{"desktop":{"background-color":"","background-image":"","background-repeat":"repeat","background-position":"center center","background-size":"auto","background-attachment":"scroll","background-type":"","background-media":"","overlay-type":"","overlay-color":"","overlay-opacity":"","overlay-gradient":""},"tablet":{"background-color":"","background-image":"","background-repeat":"repeat","background-position":"center center","background-size":"auto","background-attachment":"scroll","background-type":"","background-media":"","overlay-type":"","overlay-color":"","overlay-opacity":"","overlay-gradient":""},"mobile":{"background-color":"","background-image":"","background-repeat":"repeat","background-position":"center center","background-size":"auto","background-attachment":"scroll","background-type":"","background-media":"","overlay-type":"","overlay-color":"","overlay-opacity":"","overlay-gradient":""}},"ast-content-background-meta":{"desktop":{"background-color":"var(--ast-global-color-5)","background-image":"","background-repeat":"repeat","background-position":"center center","background-size":"auto","background-attachment":"scroll","background-type":"","background-media":"","overlay-type":"","overlay-color":"","overlay-opacity":"","overlay-gradient":""},"tablet":{"background-color":"var(--ast-global-color-5)","background-image":"","background-repeat":"repeat","background-position":"center center","background-size":"auto","background-attachment":"scroll","background-type":"","background-media":"","overlay-type":"","overlay-color":"","overlay-opacity":"","overlay-gradient":""},"mobile":{"background-color":"var(--ast-global-color-5)","background-image":"","background-repeat":"repeat","background-position":"center center","background-size":"auto","background-attachment":"scroll","background-type":"","background-media":"","overlay-type":"","overlay-color":"","overlay-opacity":"","overlay-gradient":""}},"footnotes":""},"class_list":["post-5449","page","type-page","status-publish","hentry"],"_links":{"self":[{"href":"https:\/\/c-cie.eu\/ru\/wp-json\/wp\/v2\/pages\/5449","targetHints":{"allow":["GET"]}}],"collection":[{"href":"https:\/\/c-cie.eu\/ru\/wp-json\/wp\/v2\/pages"}],"about":[{"href":"https:\/\/c-cie.eu\/ru\/wp-json\/wp\/v2\/types\/page"}],"author":[{"embeddable":true,"href":"https:\/\/c-cie.eu\/ru\/wp-json\/wp\/v2\/users\/2"}],"replies":[{"embeddable":true,"href":"https:\/\/c-cie.eu\/ru\/wp-json\/wp\/v2\/comments?post=5449"}],"version-history":[{"count":19,"href":"https:\/\/c-cie.eu\/ru\/wp-json\/wp\/v2\/pages\/5449\/revisions"}],"predecessor-version":[{"id":7508,"href":"https:\/\/c-cie.eu\/ru\/wp-json\/wp\/v2\/pages\/5449\/revisions\/7508"}],"wp:attachment":[{"href":"https:\/\/c-cie.eu\/ru\/wp-json\/wp\/v2\/media?parent=5449"}],"curies":[{"name":"wp","href":"https:\/\/api.w.org\/{rel}","templated":true}]}}