{"id":5414,"date":"2024-04-13T05:51:03","date_gmt":"2024-04-13T03:51:03","guid":{"rendered":"https:\/\/c-cie.eu\/?page_id=5414"},"modified":"2024-04-13T05:52:57","modified_gmt":"2024-04-13T03:52:57","slug":"article-le-massacre-de-moscou","status":"publish","type":"page","link":"https:\/\/c-cie.eu\/ru\/article-le-massacre-de-moscou\/","title":{"rendered":"ARTICLE &#8211; Le massacre de Moscou"},"content":{"rendered":"<figure class=\"wp-block-image aligncenter size-large is-resized\"><img fetchpriority=\"high\" decoding=\"async\" width=\"1024\" height=\"576\" src=\"https:\/\/c-cie.eu\/wp-content\/uploads\/2024\/04\/1-6-1024x576.jpg\" alt=\"\" class=\"wp-image-5415\" style=\"width:606px;height:auto\" srcset=\"https:\/\/c-cie.eu\/wp-content\/uploads\/2024\/04\/1-6-1024x576.jpg 1024w, https:\/\/c-cie.eu\/wp-content\/uploads\/2024\/04\/1-6-300x169.jpg 300w, https:\/\/c-cie.eu\/wp-content\/uploads\/2024\/04\/1-6-768x432.jpg 768w, https:\/\/c-cie.eu\/wp-content\/uploads\/2024\/04\/1-6-18x10.jpg 18w, https:\/\/c-cie.eu\/wp-content\/uploads\/2024\/04\/1-6.jpg 1382w\" sizes=\"(max-width: 1024px) 100vw, 1024px\" \/><\/figure>\n\n\n\n<p><\/p>\n\n\n\n<h2 class=\"wp-block-heading has-text-align-center has-text-color has-link-color has-large-font-size wp-elements-7ffdfbe6e52aa82688b8d669284e9d2d\" style=\"color:#565e64\"><strong>LE MASSACRE DE MOSCOU<\/strong><\/h2>\n\n\n\n<div style=\"height:26px\" aria-hidden=\"true\" class=\"wp-block-spacer\"><\/div>\n\n\n\n<p>Plus personne au monde n\u2019ignore l\u2019\u00e9v\u00e9nement qui a eu lieu \u00e0 Moscou, le 22 mars 2024&nbsp;: l\u2019acte terroriste qui a emport\u00e9 la vie de 144 victimes civils, dont trois enfants, et a fait 182 bless\u00e9s.<\/p>\n\n\n\n<p>Nul besoin de mentionner les d\u00e9tails de la barbarie qui a eu lieu, dont l\u2019\u00e9gorgement face \u00e0 la cam\u00e9ra d\u2019un bless\u00e9 par balle d\u00e9j\u00e0 couch\u00e9 par terre, le tir \u00e0 bout portant dans la t\u00eate d\u2019une fillette et tant d\u2019autres moments d\u2019horreur pour comprendre que ce ne sont pas des \u00eatres humains, mais des animaux sans \u00e2me que sont les ex\u00e9cutants, les organisateurs et les commanditaires de ce macabre \u00e9v\u00e8nement.<\/p>\n\n\n\n<p><strong>Le narratif Occidental <\/strong><strong><\/strong><\/p>\n\n\n\n<p>La r\u00e9action imm\u00e9diate am\u00e9ricaine d\u00e9signant l\u2019organisation terroriste \u00ab l\u2019Etat Islamique&nbsp;\u00bb en tant que commanditaire, organisateur et ex\u00e9cutant unique du crime &#8211; et ceci sans la pr\u00e9sentation de la moindre preuve s\u00e9rieuse \u00e0 l\u2019appui &#8211; est un narratif de plus suivi en \u00e9cho par l\u2019ensemble des pays-satellites am\u00e9ricains et introduit dans le but de manipuler l\u2019opinion des masses.<\/p>\n\n\n\n<p>Le narratif qui ne d\u00e9montre aucune corr\u00e9lation s\u00e9rieuse avec l\u2019ensemble d\u2019\u00e9l\u00e9ments actuellement connus pour \u00eatre consid\u00e9r\u00e9 comme probant est une preuve directe qu\u2019il ne s\u2019agit que d\u2019une d\u00e9claration politique dans le cadre de la guerre d\u2019information globale men\u00e9e par l\u2019Occident collectif contre l\u2019adversaire qui est la Russie.<\/p>\n\n\n\n<p>23 ans apr\u00e8s les attentats du 11 septembre aux Etats-Unis &#8211; tout n\u2019est pas encore clair sur l\u2019\u00e9v\u00e8nement en question pour l\u2019administration am\u00e9ricaine ; 2 ans apr\u00e8s le sabotage des gazoducs \u00ab&nbsp;Nord Stream&nbsp;\u00bb &#8211; rien n\u2019est clair pour l\u2019administration am\u00e9ricaine&nbsp;; 12 heures apr\u00e8s l\u2019attentat de Moscou \u2013 tout est clair et d\u00e9finitivement certain pour la Maison Blanche.&nbsp;&nbsp;&nbsp;&nbsp;<\/p>\n\n\n\n<p>La publication par le pr\u00e9sum\u00e9 EI d\u2019une photo des ex\u00e9cutants des crimes sur fond du drapeau de l\u2019organisation et d\u2019une vid\u00e9o film\u00e9e par l\u2019un des terroristes au moment du carnage (pr\u00e9sum\u00e9, car initialement publi\u00e9es en dehors des principales ressources internet de l\u2019organisation) ne peut en aucun cas, judiciairement, faire exclure toute autre hypoth\u00e8se concernant les r\u00e9els commanditaires et organisateurs du crime.&nbsp;<\/p>\n\n\n\n<p>Nous connaissons toute une s\u00e9rie d\u2019actes terroristes par le monde et des \u00e9v\u00e9nements qui pourraient \u00eatre qualifi\u00e9s de tels, quand l\u2019EI a promptement revendiqu\u00e9 la responsabilit\u00e9. Des revendications qui se sont av\u00e9r\u00e9es par la suite \u00eatre parfaitement mensong\u00e8res.<\/p>\n\n\n\n<p>Les exemples les plus connus des fausses revendications par l&rsquo;EI ne serait-ce que pour la Russie :<br>&#8211; en 2017, l&rsquo;EI a revendiqu\u00e9 une attaque terroriste contre le b\u00e2timent du FSB dans le territoire de Khabarovsk. Il a \u00e9t\u00e9 prouv\u00e9 par la suite qu\u2019en r\u00e9alit\u00e9, c\u2019est un individu porteur de l\u2019id\u00e9ologie n\u00e9o-nazie qui avait ouvert le feu sur des personnes avec une carabine qu&rsquo;il avait auparavant vol\u00e9e dans un stand de tir ;<\/p>\n\n\n\n<p>&#8211; la m\u00eame ann\u00e9e, \u00ab&nbsp;l&rsquo;Etat Islamique&nbsp;\u00bb a \u00e9galement revendiqu\u00e9 la responsabilit\u00e9 d&rsquo;une explosion dans un supermarch\u00e9 (\u00ab&nbsp;Perekrestok&nbsp;\u00bb) \u00e0 Saint-P\u00e9tersbourg. En r\u00e9alit\u00e9, l&rsquo;explosion avait \u00e9t\u00e9 perp\u00e9tr\u00e9e par un hindou d\u00e9s\u00e9quilibr\u00e9 ;<\/p>\n\n\n\n<p>&#8211; l&rsquo;EI a \u00e9galement assum\u00e9 la responsabilit\u00e9 dans l\u2019explosion d\u2019un immeuble dans la r\u00e9gion de Moscou, sans m\u00eame prendre le soin de se renseigner sur les d\u00e9tails de l\u2019\u00e9v\u00e9nement avant de publier sa revendication. Ce n\u2019\u00e9tait, en r\u00e9alit\u00e9, qu\u2019une explosion de gaz domestique dans un b\u00e2timent en construction, un simple accident du chantier et il n&rsquo;y avait personne \u00e0 l&rsquo;int\u00e9rieur du b\u00e2timent.<\/p>\n\n\n\n<p>Contrairement au bloc des pays de l\u2019Otan qui, d\u00e8s les premi\u00e8res minutes de prise de connaissance de l\u2019acte terroriste perp\u00e9tr\u00e9 \u00e0 Moscou, a fait d\u00e9signer le coupable en se basant sur des \u00e9l\u00e9ments superficiels et en r\u00e9futant d\u2019une mani\u00e8re la plus ferme toute probabilit\u00e9 de l\u2019existence d\u2019autres auteurs possibles et en d\u00e9clarant haut et fort qu\u2019en aucun cas et sous aucun pr\u00e9texte les autorit\u00e9s ukrainiennes ne peuvent \u00eatre derri\u00e8re l\u2019organisation de l\u2019acte terroriste qui a eu lieu \u2013 les organismes comp\u00e9tents de la F\u00e9d\u00e9ration de Russie ont entam\u00e9 le processus de l\u2019investigation. Ce n\u2019est qu\u2019au terme dudit processus et \u00e0 la condition de l\u2019obtention des r\u00e9sultats appuy\u00e9s par des preuves judiciairement recevables que les v\u00e9ritables commanditaires du crime seront d\u00e9sign\u00e9s.<\/p>\n\n\n\n<p><strong>La piste ukrainienne<\/strong><strong><\/strong><\/p>\n\n\n\n<p class=\"has-black-color has-text-color has-link-color wp-elements-cb8d306cff69ee538f5f0c146a9c21bb\"><a>\u00ab<em>&nbsp;Il n\u2019y a aucun lien avec l\u2019Ukraine. C\u2019\u00e9tait une attaque r\u00e9alis\u00e9e par les combattants de Daech-Khorassan \u2013 point, \u00e0 la ligne, fin de l\u2019histoire&nbsp;!&nbsp;<\/em>\u00bb &#8211; John Kirby, le coordinateur du Conseil de s\u00e9curit\u00e9 nationale des Etats-Unis charg\u00e9 de la communication strat\u00e9gique.<\/a><\/p>\n\n\n\n<p>La mise en cause primaire des autorit\u00e9s ukrainiennes dans l\u2019attentat terroriste qui a eu lieu n\u2019est qu\u2019une piste qui n\u2019exclue aucune autre.<\/p>\n\n\n\n<p>Cette piste est consid\u00e9r\u00e9e comme probante par les autorit\u00e9s de Moscou et ceci pour des raisons parfaitement tangibles. Non seulement le d\u00e9part des terroristes, imm\u00e9diatement apr\u00e8s l\u2019ex\u00e9cution de leur acte, \u00e9tait vers l\u2019Ukraine et non pas vers une autre destination, dont la travers\u00e9e de la fronti\u00e8re russo-ukrainienne qui est une ligne de front est hautement improbable sans une pr\u00e9paration ult\u00e9rieure et la participation dans \u00ab&nbsp;l\u2019exfiltration&nbsp;\u00bb de la partie ukrainienne, mais en plus, toute une s\u00e9rie d\u2019\u00e9l\u00e9ments accompagnant la r\u00e9alisation de l\u2019actuel attentat terroriste paraissent \u00eatre diff\u00e9rents du <em>modus operandi<\/em> classique et connu de l\u2019EI.<\/p>\n\n\n\n<p>De m\u00eame, les attentats qui ne peuvent \u00eatre interpr\u00e9t\u00e9s autrement que terroristes selon les lois de la guerre et le code p\u00e9nal de n\u2019importe quel pays au monde, perp\u00e9tr\u00e9s par les repr\u00e9sentants des autorit\u00e9s de Kiev depuis 2014 et, surtout, depuis 2022 contre les populations civiles, dont plus d\u2019une centaine de bombardements pr\u00e9m\u00e9dit\u00e9s des quartiers r\u00e9sidentiels d\u00e9pourvus de la moindre infrastructure militaire du Donbass, de la r\u00e9gion de Belgorod et de la r\u00e9gion de Briansk, ainsi que les assassinats et les tentatives d\u2019assassinats contre des personnalit\u00e9s publiques russes avec le mode op\u00e9ratoire propre \u00e0 des organisations terroristes &#8211; ces actes r\u00e9pertori\u00e9s par les autorit\u00e9s judiciaires russes ne peuvent pas ne pas \u00eatre prise en compte lors de l\u2019\u00e9valuation de la \u00ab&nbsp;piste ukrainienne&nbsp;\u00bb dans les \u00e9v\u00e9nements du 22 mars.&nbsp;&nbsp;&nbsp;&nbsp;<\/p>\n\n\n\n<p>Les nombreuses d\u00e9clarations publiques criminelles des hauts responsables ukrainiens, tels que celle de Boudanov, patron de la direction g\u00e9n\u00e9rale des renseignements du minist\u00e8re de la d\u00e9fense de l&rsquo;Ukraine : \u00ab <em>Nous allons tuer des russes partout dans le monde&nbsp;! <\/em>\u00bb et celle de Piotr Vroublevsky, ambassadeur d\u2019Ukraine au Kazakhstan : \u00ab&nbsp;<em>Plus nous allons tuer des russes maintenant &#8211; moins nos enfants en auront \u00e0 tuer \u00e0 l\u2019avenir&nbsp;!<\/em>&nbsp;\u00bb &#8211; n\u2019aidons pas non plus Kiev dans ses affirmations que sa participation dans la tuerie des russes \u00e0 Moscou est totalement impensable.&nbsp;&nbsp;&nbsp;&nbsp;&nbsp;<\/p>\n\n\n\n<p>Les \u00e9l\u00e9ments sur lesquels s\u2019appuie l\u2019Occident collectif pour designer l\u2019EI comme le seul et unique coupable du crime perp\u00e9tr\u00e9 sont d\u2019une superficialit\u00e9 flagrante. En mettant de c\u00f4t\u00e9 les organisations appropriement terroristes, il est \u00e0 noter que les services de renseignements de la plupart des pays ont l\u2019action \u00ab&nbsp;sous faux pavillon&nbsp;\u00bb parmi les m\u00e9thodes de mise en place et de r\u00e9alisation de leurs projets.<\/p>\n\n\n\n<p>Nulle personne raisonnable, encore moins ayant de l\u2019expertise sur le sujet, ne peut exclure l\u2019hypoth\u00e8se qu\u2019une partie int\u00e9ress\u00e9e par la r\u00e9alisation d\u2019un acte terroriste, sans pour autant s\u2019afficher, peut ais\u00e9ment trouver et contacter des sympathisants de mouvances islamiques en se faisant passer pour des repr\u00e9sentants de \u00ab&nbsp;l\u2019Etat Islamique&nbsp;\u00bb et en les poussant \u00e0 commettre des crimes. Gu\u00e8re besoin de mentionner la facilit\u00e9 avec laquelle les r\u00e9els commanditaires et organisateurs, qui n\u2019ont rien \u00e0 voir avec l\u2019EI, peuvent fournir aux ex\u00e9cutants un drapeau du groupe islamique et leur demander d\u2019envoyer des photos o\u00f9 ils figureront sur son fond, afin d\u2019assurer \u00ab&nbsp;l\u2019alibi&nbsp;\u00bb des v\u00e9ritables auteurs. De m\u00eame pour le tournage vid\u00e9o du d\u00e9roulement de l\u2019action terroriste. Les faire passer, ensuite, au \u00ab&nbsp;service de communication&nbsp;\u00bb de l\u2019EI est la plus facile des t\u00e2ches d\u2019un tel \u00ab&nbsp;interm\u00e9diaire&nbsp;\u00bb.&nbsp;&nbsp;&nbsp;&nbsp;&nbsp;&nbsp;&nbsp;&nbsp;<\/p>\n\n\n\n<p>Ceci est sans parler du fait, que parmi tant d\u2019\u00e9l\u00e9ments indiquant une importante dissonance entre la version promptement retenue par l\u2019Occident collectif et la r\u00e9alit\u00e9, il y a la photo elle-m\u00eame avec des terroristes dessus sur fond du drapeau de l\u2019\u00e9tat islamique qui pose un probl\u00e8me. Les pr\u00e9tendus experts occidentaux n\u2019ont m\u00eame pas fait attention de quelle mani\u00e8re les quatre criminels sur la photo l\u00e8vent leur index vers le ciel en signe d\u2019all\u00e9geance \u00e0 l\u2019Etat Islamique. Le \u00ab&nbsp;petit&nbsp;\u00bb souci, c\u2019est que c\u2019est l\u2019index de la main gauche et non pas de la main droite qu\u2019ils l\u00e8vent, en n\u00e9gligeant le fait que pour un musulman digne de ce nom la main gauche est une main, dont l\u2019usage est limit\u00e9 \u00e0 des actions impures par le proph\u00e8te Mahomet lui-m\u00eame. Et c\u2019est bien l\u2019index de la main droite qu\u2019un vrai musulman l\u00e8ve vers le ciel en signe de l\u2019unicit\u00e9 d\u2019Allah.&nbsp;&nbsp;&nbsp;&nbsp;&nbsp;&nbsp;<\/p>\n\n\n\n<figure class=\"wp-block-image aligncenter size-large is-resized\"><img decoding=\"async\" width=\"1548\" height=\"1197\" src=\"https:\/\/c-cie.eu\/wp-content\/uploads\/2024\/04\/2-1024x792.jpg\" alt=\"\" class=\"wp-image-5416\" style=\"width:462px;height:auto\" srcset=\"https:\/\/c-cie.eu\/wp-content\/uploads\/2024\/04\/2-1024x792.jpg 1024w, https:\/\/c-cie.eu\/wp-content\/uploads\/2024\/04\/2-300x232.jpg 300w, https:\/\/c-cie.eu\/wp-content\/uploads\/2024\/04\/2-768x594.jpg 768w, https:\/\/c-cie.eu\/wp-content\/uploads\/2024\/04\/2-1536x1188.jpg 1536w, https:\/\/c-cie.eu\/wp-content\/uploads\/2024\/04\/2-16x12.jpg 16w, https:\/\/c-cie.eu\/wp-content\/uploads\/2024\/04\/2.jpg 1548w\" sizes=\"(max-width: 1548px) 100vw, 1548px\" \/><\/figure>\n\n\n\n<p><\/p>\n\n\n\n<p><strong>La stigmatisation des musulmans<\/strong><\/p>\n\n\n\n<p>Tous ceux qui ont l\u2019habitude de mettre les terroristes islamistes dans le m\u00eame panier avec l\u2019int\u00e9gralit\u00e9 du monde musulman ont trouv\u00e9 dans l\u2019attentat terroriste dans la salle de concert et de spectacles \u00ab&nbsp;Crocus City Hall&nbsp;\u00bb de Moscou des \u00e9l\u00e9ments suppl\u00e9mentaires en faveur de leurs th\u00e8ses.<\/p>\n\n\n\n<p>Il est important non seulement de leur rappeler que les premi\u00e8res victimes des islamistes radicaux par le monde sont les musulmans, mais \u00e9galement de leur apprendre qu\u2019un des h\u00e9ros de \u00ab&nbsp;Crocus&nbsp;\u00bb qui a sauv\u00e9 plus d\u2019une centaine de personnes durant ce funeste \u00e9v\u00e9nement est un musulman.<\/p>\n\n\n\n<p>Il s\u2019appelle Islam Halilov et ce n\u2019est qu\u2019un gar\u00e7on de 15 ans. Un \u00e9colier ordinaire qui travaillait \u00e0 temps partiel dans le vestiaire de \u00ab&nbsp;Crocus&nbsp;\u00bb et qui a fait sortir les gens du b\u00e2timent lors de l&rsquo;attaque terroriste. Durant l\u2019attaque et les tirs qui ont suivi, au lieu de paniquer et de partir en courant, Islam a guid\u00e9 les gens vers les bonnes sorties en mettant sa propre vie en danger de mort.&nbsp;Constatant que la foule se dirigeait vers une impasse, l&rsquo;adolescent a tout pris en main et a commenc\u00e9 \u00e0 diriger l&rsquo;\u00e9vacuation.&nbsp;Il a pu guider les gens hors du passage \u00e9troit \u00e0 travers l&rsquo;immeuble de bureaux jusqu&rsquo;\u00e0 la rue, en prenant le soin d\u2019\u00eatre le dernier du groupe guid\u00e9 \u00e0 quitter les lieux.<\/p>\n\n\n\n<p>Il est \u00e0 savoir \u00e9galement qu\u2019un grand nombre de soldats de l\u2019arm\u00e9e russe de confession musulmane a directement particip\u00e9 \u00e0 l\u2019interpellation des terroristes dans la for\u00eat de la r\u00e9gion de Briansk, limitrophe de l\u2019Ukraine.<\/p>\n\n\n\n<p>Par un concours de circonstances, le propri\u00e9taire de \u00ab&nbsp;Crocus City Hall&nbsp;\u00bb, lieu de la trag\u00e9die, est \u00e9galement de confession musulmane.<\/p>\n\n\n\n<p>Ceci est sans rappeler les faits du mois d\u2019ao\u00fbt 2023, quand le tristement c\u00e9l\u00e8bre pilote Maxime Kouzminov &#8211; un Russe ethnique &#8211; a trahi son pays et a fait assassiner son propre \u00e9quipage en amenant contre de l\u2019argent l\u2019h\u00e9licopt\u00e8re de l\u2019arm\u00e9e russe du c\u00f4t\u00e9 ukrainien. L\u2019un des deux membres d\u2019\u00e9quipage assassin\u00e9, copilote Houchbaht Toursounov, un officier et vrai patriote de Russie, \u00e9tait non seulement de confession musulmane, mais en plus de la m\u00eame origine que les quatre terroristes de \u00ab&nbsp;Crocus&nbsp;\u00bb &#8211; tadjik.<\/p>\n\n\n\n<p>La F\u00e9d\u00e9ration de Russie est non seulement un grand pays, mais une grande nation. Nation compos\u00e9e de plus de 190 ethnies originaires du pays, dont pr\u00e8s de 60 sont de confession musulmane et qui font sa grande richesse de diversit\u00e9 consolid\u00e9e au sein d&rsquo;une seule patrie commune.<\/p>\n\n\n\n<p>Aucune action terroriste ne peut \u00e9branler l\u2019unit\u00e9 de la F\u00e9d\u00e9ration. L\u2019effet escompt\u00e9 par les commanditaires et organisateurs de l\u2019attentat terroriste que Moscou vient de subir est \u00e0 l\u2019oppos\u00e9 de celui obtenu \u2013 la reconsolidation de la nation dans la lutte que le pays est en train de mener contre le terrorisme et l\u2019obscurantisme sous toutes ses formes et manifestations. Les coupables seront identifi\u00e9s et recevront le ch\u00e2timent en ad\u00e9quation avec les crimes commis.&nbsp;&nbsp;&nbsp;<\/p>","protected":false},"excerpt":{"rendered":"<p>LE MASSACRE DE MOSCOU Plus personne au monde n\u2019ignore l\u2019\u00e9v\u00e9nement qui a eu lieu \u00e0 Moscou, le 22 mars 2024&nbsp;: l\u2019acte terroriste qui a emport\u00e9 la vie de 144 victimes civils, dont trois enfants, et a fait 182 bless\u00e9s. Nul besoin de mentionner les d\u00e9tails de la barbarie qui a eu lieu, dont l\u2019\u00e9gorgement face [&hellip;]<\/p>\n","protected":false},"author":2,"featured_media":0,"parent":0,"menu_order":0,"comment_status":"closed","ping_status":"closed","template":"","meta":{"site-sidebar-layout":"default","site-content-layout":"","ast-site-content-layout":"default","site-content-style":"default","site-sidebar-style":"default","ast-global-header-display":"","ast-banner-title-visibility":"","ast-main-header-display":"","ast-hfb-above-header-display":"","ast-hfb-below-header-display":"","ast-hfb-mobile-header-display":"","site-post-title":"disabled","ast-breadcrumbs-content":"","ast-featured-img":"","footer-sml-layout":"","ast-disable-related-posts":"","theme-transparent-header-meta":"","adv-header-id-meta":"","stick-header-meta":"","header-above-stick-meta":"","header-main-stick-meta":"","header-below-stick-meta":"","astra-migrate-meta-layouts":"set","ast-page-background-enabled":"default","ast-page-background-meta":{"desktop":{"background-color":"","background-image":"","background-repeat":"repeat","background-position":"center center","background-size":"auto","background-attachment":"scroll","background-type":"","background-media":"","overlay-type":"","overlay-color":"","overlay-opacity":"","overlay-gradient":""},"tablet":{"background-color":"","background-image":"","background-repeat":"repeat","background-position":"center center","background-size":"auto","background-attachment":"scroll","background-type":"","background-media":"","overlay-type":"","overlay-color":"","overlay-opacity":"","overlay-gradient":""},"mobile":{"background-color":"","background-image":"","background-repeat":"repeat","background-position":"center center","background-size":"auto","background-attachment":"scroll","background-type":"","background-media":"","overlay-type":"","overlay-color":"","overlay-opacity":"","overlay-gradient":""}},"ast-content-background-meta":{"desktop":{"background-color":"var(--ast-global-color-5)","background-image":"","background-repeat":"repeat","background-position":"center center","background-size":"auto","background-attachment":"scroll","background-type":"","background-media":"","overlay-type":"","overlay-color":"","overlay-opacity":"","overlay-gradient":""},"tablet":{"background-color":"var(--ast-global-color-5)","background-image":"","background-repeat":"repeat","background-position":"center center","background-size":"auto","background-attachment":"scroll","background-type":"","background-media":"","overlay-type":"","overlay-color":"","overlay-opacity":"","overlay-gradient":""},"mobile":{"background-color":"var(--ast-global-color-5)","background-image":"","background-repeat":"repeat","background-position":"center center","background-size":"auto","background-attachment":"scroll","background-type":"","background-media":"","overlay-type":"","overlay-color":"","overlay-opacity":"","overlay-gradient":""}},"footnotes":""},"class_list":["post-5414","page","type-page","status-publish","hentry"],"_links":{"self":[{"href":"https:\/\/c-cie.eu\/ru\/wp-json\/wp\/v2\/pages\/5414","targetHints":{"allow":["GET"]}}],"collection":[{"href":"https:\/\/c-cie.eu\/ru\/wp-json\/wp\/v2\/pages"}],"about":[{"href":"https:\/\/c-cie.eu\/ru\/wp-json\/wp\/v2\/types\/page"}],"author":[{"embeddable":true,"href":"https:\/\/c-cie.eu\/ru\/wp-json\/wp\/v2\/users\/2"}],"replies":[{"embeddable":true,"href":"https:\/\/c-cie.eu\/ru\/wp-json\/wp\/v2\/comments?post=5414"}],"version-history":[{"count":5,"href":"https:\/\/c-cie.eu\/ru\/wp-json\/wp\/v2\/pages\/5414\/revisions"}],"predecessor-version":[{"id":5421,"href":"https:\/\/c-cie.eu\/ru\/wp-json\/wp\/v2\/pages\/5414\/revisions\/5421"}],"wp:attachment":[{"href":"https:\/\/c-cie.eu\/ru\/wp-json\/wp\/v2\/media?parent=5414"}],"curies":[{"name":"wp","href":"https:\/\/api.w.org\/{rel}","templated":true}]}}