{"id":465,"date":"2023-11-05T18:33:42","date_gmt":"2023-11-05T17:33:42","guid":{"rendered":"https:\/\/c-cie.eu\/?page_id=465"},"modified":"2025-08-07T23:45:55","modified_gmt":"2025-08-07T21:45:55","slug":"implantations","status":"publish","type":"page","link":"https:\/\/c-cie.eu\/ru\/implantations\/","title":{"rendered":"\u041a\u043e\u043e\u0440\u0434\u0438\u043d\u0430\u0442\u044b"},"content":{"rendered":"<div data-elementor-type=\"wp-page\" data-elementor-id=\"465\" class=\"elementor elementor-465\">\n\t\t\t\t\t\t<section class=\"elementor-section elementor-top-section elementor-element elementor-element-b8febe8 elementor-section-content-middle elementor-section-boxed elementor-section-height-default elementor-section-height-default\" data-id=\"b8febe8\" data-element_type=\"section\" data-e-type=\"section\" data-settings=\"{&quot;background_background&quot;:&quot;classic&quot;}\">\n\t\t\t\t\t\t<div class=\"elementor-container elementor-column-gap-no\">\n\t\t\t\t\t<div class=\"elementor-column elementor-col-50 elementor-top-column elementor-element elementor-element-a489f99\" data-id=\"a489f99\" data-element_type=\"column\" data-e-type=\"column\">\n\t\t\t<div class=\"elementor-widget-wrap elementor-element-populated\">\n\t\t\t\t\t\t<div class=\"elementor-element elementor-element-23ff8ad elementor-widget-mobile__width-inherit elementor-widget elementor-widget-heading\" data-id=\"23ff8ad\" data-element_type=\"widget\" data-e-type=\"widget\" data-widget_type=\"heading.default\">\n\t\t\t\t<div class=\"elementor-widget-container\">\n\t\t\t\t\t<h1 class=\"elementor-heading-title elementor-size-default\">\u041a\u043e\u043e\u0440\u0434\u0438\u043d\u0430\u0442\u044b <\/h1>\t\t\t\t<\/div>\n\t\t\t\t<\/div>\n\t\t\t\t\t<\/div>\n\t\t<\/div>\n\t\t\t\t<div class=\"elementor-column elementor-col-50 elementor-top-column elementor-element elementor-element-434828b\" data-id=\"434828b\" data-element_type=\"column\" data-e-type=\"column\">\n\t\t\t<div class=\"elementor-widget-wrap elementor-element-populated\">\n\t\t\t\t\t\t<div class=\"elementor-element elementor-element-9d44a56 elementor-widget elementor-widget-image\" data-id=\"9d44a56\" data-element_type=\"widget\" data-e-type=\"widget\" data-widget_type=\"image.default\">\n\t\t\t\t<div class=\"elementor-widget-container\">\n\t\t\t\t\t\t\t\t\t\t\t\t\t\t\t<img decoding=\"async\" src=\"https:\/\/c-cie.eu\/wp-content\/uploads\/elementor\/thumbs\/ai-generated-business-city-8296834-qf4iczbtvty5y1vhs7vp4hjub5wnu0l1tizyw73kjc.jpg\" title=\"ai-generated-business-city-8296834\" alt=\"ai generated, business, city-8296834.jpg\" loading=\"lazy\" \/>\t\t\t\t\t\t\t\t\t\t\t\t\t\t\t<\/div>\n\t\t\t\t<\/div>\n\t\t\t\t\t<\/div>\n\t\t<\/div>\n\t\t\t\t\t<\/div>\n\t\t<\/section>\n\t\t\t\t<section class=\"elementor-section elementor-top-section elementor-element elementor-element-a3957cb elementor-section-content-middle elementor-section-boxed elementor-section-height-default elementor-section-height-default\" data-id=\"a3957cb\" data-element_type=\"section\" data-e-type=\"section\" data-settings=\"{&quot;background_background&quot;:&quot;classic&quot;}\">\n\t\t\t\t\t\t<div class=\"elementor-container elementor-column-gap-no\">\n\t\t\t\t\t<div class=\"elementor-column elementor-col-50 elementor-top-column elementor-element elementor-element-0504df7\" data-id=\"0504df7\" data-element_type=\"column\" data-e-type=\"column\">\n\t\t\t<div class=\"elementor-widget-wrap elementor-element-populated\">\n\t\t\t\t\t\t<div class=\"elementor-element elementor-element-224bf61 elementor-widget elementor-widget-image\" data-id=\"224bf61\" data-element_type=\"widget\" data-e-type=\"widget\" data-widget_type=\"image.default\">\n\t\t\t\t<div class=\"elementor-widget-container\">\n\t\t\t\t\t\t\t\t\t\t\t\t\t\t\t<img fetchpriority=\"high\" decoding=\"async\" width=\"1280\" height=\"876\" src=\"https:\/\/c-cie.eu\/wp-content\/uploads\/2023\/11\/ai-generated-paris-street-8238113.png\" class=\"elementor-animation-grow attachment-full size-full wp-image-1385\" alt=\"ai generated, paris, street-8238113.jpg\" srcset=\"https:\/\/c-cie.eu\/wp-content\/uploads\/2023\/11\/ai-generated-paris-street-8238113.png 1280w, https:\/\/c-cie.eu\/wp-content\/uploads\/2023\/11\/ai-generated-paris-street-8238113-300x205.png 300w, https:\/\/c-cie.eu\/wp-content\/uploads\/2023\/11\/ai-generated-paris-street-8238113-1024x701.png 1024w, https:\/\/c-cie.eu\/wp-content\/uploads\/2023\/11\/ai-generated-paris-street-8238113-768x526.png 768w, https:\/\/c-cie.eu\/wp-content\/uploads\/2023\/11\/ai-generated-paris-street-8238113-18x12.png 18w\" sizes=\"(max-width: 1280px) 100vw, 1280px\" \/>\t\t\t\t\t\t\t\t\t\t\t\t\t\t\t<\/div>\n\t\t\t\t<\/div>\n\t\t\t\t\t<\/div>\n\t\t<\/div>\n\t\t\t\t<div class=\"elementor-column elementor-col-50 elementor-top-column elementor-element elementor-element-3e9bf05\" data-id=\"3e9bf05\" data-element_type=\"column\" data-e-type=\"column\" data-settings=\"{&quot;background_background&quot;:&quot;classic&quot;}\">\n\t\t\t<div class=\"elementor-widget-wrap elementor-element-populated\">\n\t\t\t\t\t\t<div class=\"elementor-element elementor-element-1b6de6f elementor-invisible elementor-widget elementor-widget-heading\" data-id=\"1b6de6f\" data-element_type=\"widget\" data-e-type=\"widget\" data-settings=\"{&quot;_animation&quot;:&quot;fadeInRight&quot;}\" data-widget_type=\"heading.default\">\n\t\t\t\t<div class=\"elementor-widget-container\">\n\t\t\t\t\t<h3 class=\"elementor-heading-title elementor-size-default\">CCIE \u0424\u0440\u0430\u043d\u0446\u0438\u044f<\/h3>\t\t\t\t<\/div>\n\t\t\t\t<\/div>\n\t\t\t\t<div class=\"elementor-element elementor-element-6b57452 elementor-invisible elementor-widget elementor-widget-text-editor\" data-id=\"6b57452\" data-element_type=\"widget\" data-e-type=\"widget\" data-settings=\"{&quot;_animation&quot;:&quot;fadeInLeft&quot;}\" data-widget_type=\"text-editor.default\">\n\t\t\t\t<div class=\"elementor-widget-container\">\n\t\t\t\t\t\t\t\t\t<p><strong>\u041f\u0430\u0440\u0438\u0436<\/strong><br \/><img decoding=\"async\" src=\"https:\/\/web.archive.org\/web\/20230626061328im_\/http:\/\/c-cie.eu\/data\/images\/fr.png\" \/> 2, All\u00e9e Paul C\u00e9zanne \u2013 91700 Sainte-Genevi\u00e8ve-des-Bois<br \/>T\u00e9l. 01 43 35 32 54 &#8211; Fax : 01 43 20 67 54<\/p><p><img decoding=\"async\" src=\"https:\/\/web.archive.org\/web\/20230626061328im_\/http:\/\/c-cie.eu\/data\/images\/ru.png\" \/> 2, \u0430\u043b\u043b\u0435\u044f \u041f\u043e\u043b\u044c \u0421\u0435\u0437\u0430\u043d \u2013 91700 \u0421\u0435\u043d\u0442-\u0416\u0435\u043d\u0435\u0432\u044c\u0435\u0432-\u0434\u0435-\u0411\u0443\u0430<br \/>T\u00e9l. +33 1 43 35 32 54 &#8211; Fax : +33 1 43 20 67 54<\/p>\t\t\t\t\t\t\t\t<\/div>\n\t\t\t\t<\/div>\n\t\t\t\t\t<\/div>\n\t\t<\/div>\n\t\t\t\t\t<\/div>\n\t\t<\/section>\n\t\t\t\t<section class=\"elementor-section elementor-top-section elementor-element elementor-element-f2c382d elementor-section-content-middle elementor-section-boxed elementor-section-height-default elementor-section-height-default\" data-id=\"f2c382d\" data-element_type=\"section\" data-e-type=\"section\" data-settings=\"{&quot;background_background&quot;:&quot;classic&quot;}\">\n\t\t\t\t\t\t<div class=\"elementor-container elementor-column-gap-no\">\n\t\t\t\t\t<div class=\"elementor-column elementor-col-50 elementor-top-column elementor-element elementor-element-853ad7f\" data-id=\"853ad7f\" data-element_type=\"column\" data-e-type=\"column\">\n\t\t\t<div class=\"elementor-widget-wrap elementor-element-populated\">\n\t\t\t\t\t\t<div class=\"elementor-element elementor-element-cb84c77 elementor-widget elementor-widget-image\" data-id=\"cb84c77\" data-element_type=\"widget\" data-e-type=\"widget\" data-widget_type=\"image.default\">\n\t\t\t\t<div class=\"elementor-widget-container\">\n\t\t\t\t\t\t\t\t\t\t\t\t\t\t\t<img decoding=\"async\" width=\"1280\" height=\"910\" src=\"https:\/\/c-cie.eu\/wp-content\/uploads\/2023\/11\/moscow-city-4610609_1280.jpg\" class=\"elementor-animation-grow attachment-full size-full wp-image-345\" alt=\"\" srcset=\"https:\/\/c-cie.eu\/wp-content\/uploads\/2023\/11\/moscow-city-4610609_1280.jpg 1280w, https:\/\/c-cie.eu\/wp-content\/uploads\/2023\/11\/moscow-city-4610609_1280-300x213.jpg 300w, https:\/\/c-cie.eu\/wp-content\/uploads\/2023\/11\/moscow-city-4610609_1280-1024x728.jpg 1024w, https:\/\/c-cie.eu\/wp-content\/uploads\/2023\/11\/moscow-city-4610609_1280-768x546.jpg 768w\" sizes=\"(max-width: 1280px) 100vw, 1280px\" \/>\t\t\t\t\t\t\t\t\t\t\t\t\t\t\t<\/div>\n\t\t\t\t<\/div>\n\t\t\t\t\t<\/div>\n\t\t<\/div>\n\t\t\t\t<div class=\"elementor-column elementor-col-50 elementor-top-column elementor-element elementor-element-b3bdf3f\" data-id=\"b3bdf3f\" data-element_type=\"column\" data-e-type=\"column\" data-settings=\"{&quot;background_background&quot;:&quot;classic&quot;}\">\n\t\t\t<div class=\"elementor-widget-wrap elementor-element-populated\">\n\t\t\t\t\t\t<div class=\"elementor-element elementor-element-8290b7f elementor-invisible elementor-widget elementor-widget-heading\" data-id=\"8290b7f\" data-element_type=\"widget\" data-e-type=\"widget\" data-settings=\"{&quot;_animation&quot;:&quot;fadeInRight&quot;}\" data-widget_type=\"heading.default\">\n\t\t\t\t<div class=\"elementor-widget-container\">\n\t\t\t\t\t<h3 class=\"elementor-heading-title elementor-size-default\">CCIE \u0420\u043e\u0441\u0441\u0438\u044f<\/h3>\t\t\t\t<\/div>\n\t\t\t\t<\/div>\n\t\t\t\t<div class=\"elementor-element elementor-element-90961f4 elementor-invisible elementor-widget elementor-widget-text-editor\" data-id=\"90961f4\" data-element_type=\"widget\" data-e-type=\"widget\" data-settings=\"{&quot;_animation&quot;:&quot;fadeInLeft&quot;}\" data-widget_type=\"text-editor.default\">\n\t\t\t\t<div class=\"elementor-widget-container\">\n\t\t\t\t\t\t\t\t\t<p><strong>Moscou<\/strong><\/p><p><img decoding=\"async\" src=\"https:\/\/web.archive.org\/web\/20230626061328im_\/http:\/\/c-cie.eu\/data\/images\/fr.png\" \/> Partenaire officiel : Moscow Bar \u00ab\u00a0<a href=\"https:\/\/web.archive.org\/web\/20230626061328\/http:\/\/www.trunov.com\/content.php?act=showcat&amp;id=75\">Trunov, Aivar and Partners<\/a>\u00a0\u00bb &#8211; 125080\u00a0 Volokolamskoe highway, 15\/22<\/p><p><img decoding=\"async\" src=\"https:\/\/web.archive.org\/web\/20230626061328im_\/http:\/\/c-cie.eu\/data\/images\/ru.png\" \/> \u041e\u0444\u0438\u0446\u0438\u0430\u043b\u044c\u043d\u044b\u0439 \u043f\u0430\u0440\u0442\u043d\u0435\u0440 : \u043a\u043e\u043b\u043b\u0435\u0433\u0438\u044f \u0430\u0434\u0432\u043e\u043a\u0430\u0442\u043e\u0432 \u0433. \u041c\u043e\u0441\u043a\u0432\u044b \u00ab\u00a0<a href=\"https:\/\/web.archive.org\/web\/20230626061328\/http:\/\/www.trunov.com\/\">\u0422\u0440\u0443\u043d\u043e\u0432, \u0410\u0439\u0432\u0430\u0440 \u0438 \u041f\u0430\u0440\u0442\u043d\u0451\u0440\u044b<\/a>\u00a0\u00bb &#8211; 125080, \u0433.\u041c\u043e\u0441\u043a\u0432\u0430, \u0412\u043e\u043b\u043e\u043a\u043e\u043b\u0430\u043c\u0441\u043a\u043e\u0435 \u0448\u043e\u0441\u0441\u0435, \u0434. 15\/22 (\u0432\u0445\u043e\u0434 \u0441\u043e \u0441\u0442\u043e\u0440\u043e\u043d\u044b \u0443\u043b\u0438\u0446\u044b \u041f\u0430\u043d\u0444\u0438\u043b\u043e\u0432\u0430, 22)<br \/><br \/><\/p><p><strong>Saint Petersbourg<\/strong><br \/><img decoding=\"async\" src=\"https:\/\/web.archive.org\/web\/20230626061328im_\/http:\/\/c-cie.eu\/data\/images\/fr.png\" \/>\u00a0313, Primorskii prospect, bat. 1<\/p><p><img decoding=\"async\" src=\"https:\/\/web.archive.org\/web\/20230626061328im_\/http:\/\/c-cie.eu\/data\/images\/ru.png\" \/>\u00a0\u041f\u0440\u0438\u043c\u043e\u0440\u0441\u043a\u0438\u0439 \u043f\u0440\u043e\u0441\u043f\u0435\u043a\u0442 \u0434\u043e\u043c 313, \u043a\u043e\u0440\u043f\u0443\u0441 1<br \/><br \/><\/p><p><strong>Kaliningrad<\/strong><br \/><img decoding=\"async\" src=\"https:\/\/web.archive.org\/web\/20230626061328im_\/http:\/\/c-cie.eu\/data\/images\/fr.png\" \/>\u00a0238590, Kaliningrad Region &#8211; Pionersky, Portovaya, 1<\/p><p><img decoding=\"async\" src=\"https:\/\/web.archive.org\/web\/20230626061328im_\/http:\/\/c-cie.eu\/data\/images\/ru.png\" \/>\u00a0238590, \u041a\u0430\u043b\u0438\u043d\u0438\u043d\u0433\u0440\u0430\u0434\u0441\u043a\u0430\u044f \u043e\u0431\u043b. \u0433. \u041f\u0438\u043e\u043d\u0435\u0440\u0441\u043a\u0438\u0439, \u0443\u043b. \u041f\u043e\u0440\u0442\u043e\u0432\u0430\u044f, \u0434. 1<\/p><p>\u00a0<\/p><p><strong>Yalta<\/strong><br \/><img decoding=\"async\" src=\"https:\/\/web.archive.org\/web\/20230626061328im_\/http:\/\/c-cie.eu\/data\/images\/fr.png\" \/> 298609, r\u00e9publique de Crim\u00e9e, Yalta, quai de L\u00e9nine, 4\/16<\/p><p><img decoding=\"async\" src=\"https:\/\/web.archive.org\/web\/20230626061328im_\/http:\/\/c-cie.eu\/data\/images\/ru.png\" \/> 298609, \u0440\u0435\u0441\u043f\u0443\u0431\u043b\u0438\u043a\u0430 \u041a\u0440\u044b\u043c, \u0433. \u042f\u043b\u0442\u0430, \u043d\u0430\u0431\u0435\u0440\u0435\u0436\u043d\u0430\u044f \u0438\u043c. \u041b\u0435\u043d\u0438\u043d\u0430, 4\/16<\/p>\t\t\t\t\t\t\t\t<\/div>\n\t\t\t\t<\/div>\n\t\t\t\t\t<\/div>\n\t\t<\/div>\n\t\t\t\t\t<\/div>\n\t\t<\/section>\n\t\t\t\t<section class=\"elementor-section elementor-top-section elementor-element elementor-element-06b5398 elementor-section-content-middle elementor-section-boxed elementor-section-height-default elementor-section-height-default\" data-id=\"06b5398\" data-element_type=\"section\" data-e-type=\"section\" data-settings=\"{&quot;background_background&quot;:&quot;classic&quot;}\">\n\t\t\t\t\t\t<div class=\"elementor-container elementor-column-gap-no\">\n\t\t\t\t\t<div class=\"elementor-column elementor-col-50 elementor-top-column elementor-element elementor-element-0b79dc8\" data-id=\"0b79dc8\" data-element_type=\"column\" data-e-type=\"column\">\n\t\t\t<div class=\"elementor-widget-wrap elementor-element-populated\">\n\t\t\t\t\t\t<div class=\"elementor-element elementor-element-64e2c2d elementor-widget elementor-widget-image\" data-id=\"64e2c2d\" data-element_type=\"widget\" data-e-type=\"widget\" data-widget_type=\"image.default\">\n\t\t\t\t<div class=\"elementor-widget-container\">\n\t\t\t\t\t\t\t\t\t\t\t\t\t\t\t<img decoding=\"async\" width=\"1280\" height=\"717\" src=\"https:\/\/c-cie.eu\/wp-content\/uploads\/2023\/11\/ai-generated-man-desk-8311289.jpg\" class=\"elementor-animation-grow attachment-full size-full wp-image-1391\" alt=\"ai generated, man, desk-8311289.jpg\" srcset=\"https:\/\/c-cie.eu\/wp-content\/uploads\/2023\/11\/ai-generated-man-desk-8311289.jpg 1280w, https:\/\/c-cie.eu\/wp-content\/uploads\/2023\/11\/ai-generated-man-desk-8311289-300x168.jpg 300w, https:\/\/c-cie.eu\/wp-content\/uploads\/2023\/11\/ai-generated-man-desk-8311289-1024x574.jpg 1024w, https:\/\/c-cie.eu\/wp-content\/uploads\/2023\/11\/ai-generated-man-desk-8311289-768x430.jpg 768w, https:\/\/c-cie.eu\/wp-content\/uploads\/2023\/11\/ai-generated-man-desk-8311289-18x10.jpg 18w\" sizes=\"(max-width: 1280px) 100vw, 1280px\" \/>\t\t\t\t\t\t\t\t\t\t\t\t\t\t\t<\/div>\n\t\t\t\t<\/div>\n\t\t\t\t\t<\/div>\n\t\t<\/div>\n\t\t\t\t<div class=\"elementor-column elementor-col-50 elementor-top-column elementor-element elementor-element-28bb928\" data-id=\"28bb928\" data-element_type=\"column\" data-e-type=\"column\" data-settings=\"{&quot;background_background&quot;:&quot;classic&quot;}\">\n\t\t\t<div class=\"elementor-widget-wrap elementor-element-populated\">\n\t\t\t\t\t\t<div class=\"elementor-element elementor-element-15f000b elementor-invisible elementor-widget elementor-widget-heading\" data-id=\"15f000b\" data-element_type=\"widget\" data-e-type=\"widget\" data-settings=\"{&quot;_animation&quot;:&quot;fadeInRight&quot;}\" data-widget_type=\"heading.default\">\n\t\t\t\t<div class=\"elementor-widget-container\">\n\t\t\t\t\t<h3 class=\"elementor-heading-title elementor-size-default\">CCIE \u0421\u0435\u0432\u0435\u0440\u043d\u0430\u044f \u0410\u0444\u0440\u0438\u043a\u0430<\/h3>\t\t\t\t<\/div>\n\t\t\t\t<\/div>\n\t\t\t\t<div class=\"elementor-element elementor-element-2bcee62 elementor-invisible elementor-widget elementor-widget-text-editor\" data-id=\"2bcee62\" data-element_type=\"widget\" data-e-type=\"widget\" data-settings=\"{&quot;_animation&quot;:&quot;fadeInLeft&quot;}\" data-widget_type=\"text-editor.default\">\n\t\t\t\t<div class=\"elementor-widget-container\">\n\t\t\t\t\t\t\t\t\t<strong>Mekn\u00e8s<\/strong><br>\n<img decoding=\"async\" src=\"https:\/\/web.archive.org\/web\/20230626061328im_\/http:\/\/c-cie.eu\/data\/images\/fr.png\" \/>\u00a01342 Agdal, 50000 &#8211; Mekn\u00e8s, Maroc<br>\n\n<img decoding=\"async\" src=\"https:\/\/web.archive.org\/web\/20230626061328im_\/http:\/\/c-cie.eu\/data\/images\/ru.png\" \/>\u00a01342 \u0410\u0433\u0434\u0430\u043b\u044c, 50000 &#8211; \u041c\u0435\u043a\u043d\u0435\u0441\/\u041c\u0430\u0440\u043e\u043a\u043a\u043e\t\t\t\t\t\t\t\t<\/div>\n\t\t\t\t<\/div>\n\t\t\t\t\t<\/div>\n\t\t<\/div>\n\t\t\t\t\t<\/div>\n\t\t<\/section>\n\t\t\t\t<\/div>","protected":false},"excerpt":{"rendered":"<p>Implantations CCIE France Paris 2, All\u00e9e Paul C\u00e9zanne \u2013 91700 Sainte-Genevi\u00e8ve-des-BoisT\u00e9l. 01 43 35 32 54 &#8211; Fax : 01 43 20 67 54 2, \u0430\u043b\u043b\u0435\u044f \u041f\u043e\u043b\u044c \u0421\u0435\u0437\u0430\u043d \u2013 91700 \u0421\u0435\u043d\u0442-\u0416\u0435\u043d\u0435\u0432\u044c\u0435\u0432-\u0434\u0435-\u0411\u0443\u0430T\u00e9l. +33 1 43 35 32 54 &#8211; Fax : +33 1 43 20 67 54 CCIE Russie Moscou Partenaire officiel : Moscow Bar \u00ab\u00a0Trunov, [&hellip;]<\/p>\n","protected":false},"author":1,"featured_media":0,"parent":0,"menu_order":0,"comment_status":"closed","ping_status":"closed","template":"","meta":{"site-sidebar-layout":"no-sidebar","site-content-layout":"page-builder","ast-site-content-layout":"default","site-content-style":"default","site-sidebar-style":"default","ast-global-header-display":"","ast-banner-title-visibility":"","ast-main-header-display":"","ast-hfb-above-header-display":"","ast-hfb-below-header-display":"","ast-hfb-mobile-header-display":"","site-post-title":"disabled","ast-breadcrumbs-content":"","ast-featured-img":"disabled","footer-sml-layout":"","ast-disable-related-posts":"","theme-transparent-header-meta":"default","adv-header-id-meta":"","stick-header-meta":"","header-above-stick-meta":"","header-main-stick-meta":"","header-below-stick-meta":"","astra-migrate-meta-layouts":"default","ast-page-background-enabled":"default","ast-page-background-meta":{"desktop":{"background-color":"","background-image":"","background-repeat":"repeat","background-position":"center center","background-size":"auto","background-attachment":"scroll","background-type":"","background-media":"","overlay-type":"","overlay-color":"","overlay-opacity":"","overlay-gradient":""},"tablet":{"background-color":"","background-image":"","background-repeat":"repeat","background-position":"center center","background-size":"auto","background-attachment":"scroll","background-type":"","background-media":"","overlay-type":"","overlay-color":"","overlay-opacity":"","overlay-gradient":""},"mobile":{"background-color":"","background-image":"","background-repeat":"repeat","background-position":"center center","background-size":"auto","background-attachment":"scroll","background-type":"","background-media":"","overlay-type":"","overlay-color":"","overlay-opacity":"","overlay-gradient":""}},"ast-content-background-meta":{"desktop":{"background-color":"var(--ast-global-color-5)","background-image":"","background-repeat":"repeat","background-position":"center center","background-size":"auto","background-attachment":"scroll","background-type":"","background-media":"","overlay-type":"","overlay-color":"","overlay-opacity":"","overlay-gradient":""},"tablet":{"background-color":"var(--ast-global-color-5)","background-image":"","background-repeat":"repeat","background-position":"center center","background-size":"auto","background-attachment":"scroll","background-type":"","background-media":"","overlay-type":"","overlay-color":"","overlay-opacity":"","overlay-gradient":""},"mobile":{"background-color":"var(--ast-global-color-5)","background-image":"","background-repeat":"repeat","background-position":"center center","background-size":"auto","background-attachment":"scroll","background-type":"","background-media":"","overlay-type":"","overlay-color":"","overlay-opacity":"","overlay-gradient":""}},"footnotes":""},"class_list":["post-465","page","type-page","status-publish","hentry"],"_links":{"self":[{"href":"https:\/\/c-cie.eu\/ru\/wp-json\/wp\/v2\/pages\/465","targetHints":{"allow":["GET"]}}],"collection":[{"href":"https:\/\/c-cie.eu\/ru\/wp-json\/wp\/v2\/pages"}],"about":[{"href":"https:\/\/c-cie.eu\/ru\/wp-json\/wp\/v2\/types\/page"}],"author":[{"embeddable":true,"href":"https:\/\/c-cie.eu\/ru\/wp-json\/wp\/v2\/users\/1"}],"replies":[{"embeddable":true,"href":"https:\/\/c-cie.eu\/ru\/wp-json\/wp\/v2\/comments?post=465"}],"version-history":[{"count":74,"href":"https:\/\/c-cie.eu\/ru\/wp-json\/wp\/v2\/pages\/465\/revisions"}],"predecessor-version":[{"id":11063,"href":"https:\/\/c-cie.eu\/ru\/wp-json\/wp\/v2\/pages\/465\/revisions\/11063"}],"wp:attachment":[{"href":"https:\/\/c-cie.eu\/ru\/wp-json\/wp\/v2\/media?parent=465"}],"curies":[{"name":"wp","href":"https:\/\/api.w.org\/{rel}","templated":true}]}}