{"id":4283,"date":"2023-11-28T20:36:08","date_gmt":"2023-11-28T19:36:08","guid":{"rendered":"https:\/\/c-cie.eu\/?page_id=4283"},"modified":"2024-05-11T03:08:36","modified_gmt":"2024-05-11T01:08:36","slug":"publications-par-pays-preparation-de-la-capitulation","status":"publish","type":"page","link":"https:\/\/c-cie.eu\/ru\/publications-par-pays-preparation-de-la-capitulation\/","title":{"rendered":"ARTICLE &#8211; Pr\u00e9paration de la Capitulation"},"content":{"rendered":"<figure class=\"wp-block-image aligncenter size-full is-resized\"><img fetchpriority=\"high\" decoding=\"async\" width=\"1177\" height=\"826\" src=\"https:\/\/c-cie.eu\/wp-content\/uploads\/2023\/11\/2-47.jpg\" alt=\"\" class=\"wp-image-4284\" style=\"width:689px;height:auto\" srcset=\"https:\/\/c-cie.eu\/wp-content\/uploads\/2023\/11\/2-47.jpg 1177w, https:\/\/c-cie.eu\/wp-content\/uploads\/2023\/11\/2-47-300x211.jpg 300w, https:\/\/c-cie.eu\/wp-content\/uploads\/2023\/11\/2-47-1024x719.jpg 1024w, https:\/\/c-cie.eu\/wp-content\/uploads\/2023\/11\/2-47-768x539.jpg 768w, https:\/\/c-cie.eu\/wp-content\/uploads\/2023\/11\/2-47-18x12.jpg 18w\" sizes=\"(max-width: 1177px) 100vw, 1177px\" \/><\/figure>\n\n\n\n<p><\/p>\n\n\n\n<h2 class=\"wp-block-heading has-text-align-center has-text-color has-link-color has-large-font-size wp-elements-cb86d94e63b15b6b06b09851b5a408e5\" style=\"color:#565e64\"><strong>L\u2019Ukraine. La pr\u00e9paration de la capitulation<\/strong><\/h2>\n\n\n\n<p><\/p>\n\n\n\n<p>Depuis le d\u00e9but du d\u00e9sastre de la contre-offensive ukrainienne face aux troupes russes suivi de la compr\u00e9hension par les partenaires occidentaux de la faillite de leur projet sur le territoire de l\u2019Ukraine, le pouvoir \u00e0 Kiev s\u2019est retrouv\u00e9 devant une r\u00e9alit\u00e9 effroyable&nbsp;: le refus de la continuation des investissements venus des sources qui lui ont assur\u00e9 auparavant d\u2019\u00eatre imp\u00e9rissables &#8211; le d\u00e9but de la fin du r\u00e8gne de Zelensky et de son entourage.&nbsp;&nbsp;&nbsp;&nbsp;<\/p>\n\n\n\n<p>Pourtant, une telle fin \u00e9tait parfaitement pr\u00e9visible. Seule l\u2019ignorance de l\u2019histoire et du mode op\u00e9ratoire doctrinal des protagonistes nous condamne \u00e0 sa r\u00e9p\u00e9tition. Dans mon analyse datant d\u2019un an \u00ab <em>La guerre en Ukraine&nbsp;: les v\u00e9ritables raisons du conflit<\/em> \u00bb j\u2019ai d\u00e9j\u00e0 mentionn\u00e9 les \u00e9l\u00e9ments constitutifs de la future d\u00e9faite de Kiev&nbsp;:<\/p>\n\n\n\n<p class=\"has-text-color has-link-color wp-elements-ef9b08b9db752732e706431e6d86fff6\" style=\"color:#425e7d\">{\u2026&nbsp; <em>Au moment venu, quand le pouvoir am\u00e9ricain consid\u00e9rera que le \u00ab&nbsp;retour sur investissement&nbsp;\u00bb dans la guerre en Ukraine est suffisant ou bien quand il fera le constat que la probabilit\u00e9 \u00e0 atteindre le seuil de satisfaction est trop faible &#8211; il abandonnera le r\u00e9gime de Kiev. L\u2019abandonnera de la m\u00eame mani\u00e8re que le r\u00e9gime afghan de Ghani a \u00e9t\u00e9 abandonn\u00e9 et les kurdes en Irak et en Syrie ont \u00e9t\u00e9 abandonn\u00e9s apr\u00e8s avoir accompli, partiellement, les missions qui leurs ont \u00e9t\u00e9 attribu\u00e9es par l\u2019Am\u00e9rique contre la promesse de la cr\u00e9ation d\u2019un \u00e9tat kurde. La promesse qui n\u2019engageait que ceux qui l\u2019\u00e9coutaient.<\/em><\/p>\n\n\n\n<p class=\"has-text-color has-link-color wp-elements-5b8c97c4ce9c413f207da48f1b9037ca\" style=\"color:#425e7d\"><em>De ce fait, et vu que malgr\u00e9 la pression des sanctions occidentales sans pr\u00e9c\u00e8dent la Russie dispose toujours de finances publiques saines, dette n\u00e9gligeable, balance commerciale exc\u00e9dentaire et aucun d\u00e9ficit budg\u00e9taire &#8211; le conflit en Ukraine ne peut ne pas \u00eatre import\u00e9 par les Russes, dans une forme ou une autre.<\/em><\/p>\n\n\n\n<p class=\"has-text-color has-link-color wp-elements-07252b00e126a5188832a65fdf5638c5\" style=\"color:#425e7d\"><em>De plus que, \u00e9l\u00e9ment fondamental&nbsp;: pour la F\u00e9d\u00e9ration de Russie ceci est un \u00e9l\u00e9ment existentiel&nbsp;; pour les Etats-Unis d\u2019Am\u00e9rique, comme d\u00e9j\u00e0 mentionn\u00e9, il ne l\u2019est pas.<\/em>&nbsp; \u2026}<\/p>\n\n\n\n<p><strong>Les intentions initiales des Russes<\/strong><\/p>\n\n\n\n<p>Les pseudos experts du camp Occidental n\u2019ont trouv\u00e9 qu\u2019une parade pour justifier leur grave manque de vision, d\u2019anticipation et d\u2019\u00e9valuation du potentiel de Moscou&nbsp;: r\u00e9p\u00e9ter les mantras sur l\u2019impuissance de la Russie \u00e0 continuer \u00e0 mener la guerre, vu qu\u2019elle reste sur ses positions et n\u2019avance gu\u00e8re sur le front depuis un an.<\/p>\n\n\n\n<p>La myopie analytique ne leur permet pas de percevoir la r\u00e9alit\u00e9 d\u00e9rangeante. Si la F\u00e9d\u00e9ration de Russie a eu l\u2019initiative unilat\u00e9rale au d\u00e9but de la guerre de proposer la signature de l\u2019accord de paix qui devait avoir lieu \u00e0 Istanbul, \u00e0 l\u2019\u00e9poque quand elle \u00e9tait incontestablement en position de force, y compris selon le point de vue du camp \u00ab&nbsp;atlantiste&nbsp;\u00bb &#8211; cela ne signifie qu\u2019une seule chose&nbsp;: au moment d\u2019entrer dans la n\u00e9gociation Moscou avait d\u00e9j\u00e0 obtenu la satisfaction au niveau des acquis territoriaux (les territoires pro-russes r\u00e9cup\u00e9r\u00e9s \u00e0 l\u2019Ukraine) et il ne lui restait qu\u2019\u00e0 obtenir de Kiev l\u2019engagement sur son statut de neutralit\u00e9 vis-\u00e0-vis de l\u2019OTAN, soit l\u2019assurance juridique de la non pr\u00e9sence des forces arm\u00e9es du camp ennemi sur le territoire de l\u2019Etat tampon qu\u2019est devenu l\u2019Ukraine pour la Russie depuis 1991.<\/p>\n\n\n\n<p>Aujourd\u2019hui, la Russie reste stationn\u00e9e d\u2019une mani\u00e8re in\u00e9branlable sur ses positions acquises sur le front et ne se contente qu\u2019\u00e0 \u00e9puiser les derni\u00e8res forces mat\u00e9rielles et humaines restantes de l\u2019arm\u00e9e ukrainienne. Ceci n\u2019est ni un signe de faiblesse, ni, encore moins, un hasard.<\/p>\n\n\n\n<p>Les th\u00e8ses ukraino-occidentales stipulant que la Russie a vis\u00e9 la disparition de l\u2019Etat ukrainien en tant qu\u2019entit\u00e9 \u00e9tatique sont, tout simplement, fantaisistes et ne sont que le reflet d\u2019amateurisme d\u00e9concertant de leurs auteurs. Les \u00e9v\u00e9nements qui ont eu lieu \u00e0 Istanbul au d\u00e9but de la guerre en sont la preuve&nbsp;: si Moscou avait comme objectif la disparition de l\u2019Ukraine &#8211; jamais elle ne serait mise autour d\u2019une table de n\u00e9gociation de sa propre initiative au tout d\u00e9but de la guerre, tandis qu\u2019elle dominait la situation sur le terrain et quand ses troupes \u00e9taient positionn\u00e9es dans les faubourgs de Kiev qui se trouvaient en \u00e9tat de chaos. Les troupes qui n\u2019ont \u00e9t\u00e9 retir\u00e9es qu\u2019en gage de bonne volont\u00e9 au moment de la signature de l\u2019accord d\u2019Istanbul par la partie ukrainienne. Signature suivie de l\u2019annulation au lieu de la ratification.&nbsp;&nbsp;&nbsp;<\/p>\n\n\n\n<p><strong>La r\u00e9v\u00e9lation<\/strong><\/p>\n\n\n\n<p>Vingt mois se sont \u00e9coul\u00e9s depuis les \u00e9v\u00e9nements mentionn\u00e9s. Ce fin novembre 2023, un personnage tr\u00e8s controvers\u00e9 de la sc\u00e8ne politique ukrainienne a \u00e9t\u00e9 mis sur le devant de la sc\u00e8ne dans l\u2019espace m\u00e9diatique ukrainien et a fait des r\u00e9v\u00e9lations qui ont produit l\u2019effet de l\u2019explosion d\u2019une bombe aupr\u00e8s de l\u2019opinion publique ukrainienne. R\u00e9v\u00e9lation, consid\u00e9r\u00e9e par la communaut\u00e9 d\u2019experts ukrainiens ind\u00e9pendants comme la plus scandaleuse de l\u2019ann\u00e9e en cours.<\/p>\n\n\n\n<p>Dans une interview accord\u00e9e \u00e0 la cha\u00eene de t\u00e9l\u00e9vision ukrainienne \u00ab&nbsp;1+1&nbsp;\u00bb par David Arakhamia, qui n\u2019est personne d\u2019autre que le chef de la fraction parlementaire du parti \u00ab&nbsp;Serviteur du Peuple&nbsp;\u00bb (parti politique de V. Zelensky), il a \u00e9voqu\u00e9 les circonstances des n\u00e9gociations entre la Russie et l&rsquo;Ukraine qui ont eu lieu \u00e0 Istanbul en mars-mai 2022 et dont il \u00e9tait \u00e0 la t\u00eate de la d\u00e9l\u00e9gation ukrainienne.<\/p>\n\n\n\n<p>Arakhamia se souvient de la position des Russes \u00e0 l\u2019\u00e9poque : \u00ab&nbsp;<em>Ils ont esp\u00e9r\u00e9 presque jusqu\u2019au dernier moment que nous allions accepter la neutralit\u00e9. Cela \u00e9tait leur objectif principal. Ils \u00e9taient pr\u00eats \u00e0 terminer la guerre si nous prenions la neutralit\u00e9 \u2013 comme la Finlande autre fois \u2013 et si nous prenions des obligations de ne pas entrer dans l\u2019OTAN<\/em>&nbsp;\u00bb.&nbsp;<\/p>\n\n\n\n<p>Il a \u00e9galement mentionn\u00e9 que les \u00ab&nbsp;<em>conseillers \u00e0 la s\u00e9curit\u00e9<\/em>&nbsp;\u00bb de Washington, de Londres, de Varsovie et de Berlin ont eu acc\u00e8s \u00e0 l\u2019int\u00e9gralit\u00e9 des documents discut\u00e9s sur la table de n\u00e9gociation.&nbsp;<\/p>\n\n\n\n<p>En parlant des raisons de l\u2019annulation de l\u2019accord il en n\u2019a \u00e9voqu\u00e9 qu\u2019une seule s\u00e9rieuse&nbsp;&#8211; la visite de Boris Johnson \u00e0 Kiev&nbsp;: \u00ab&nbsp;<em>&#8230;<strong>Boris Johnson est venu \u00e0 Kiev et a dit que \u00ab&nbsp;nous ne signerons rien du tout avec eux. Nous allons, tout simplement, faire la guerre<\/strong><\/em>&nbsp;\u00bb.<\/p>\n\n\n\n<p>Il est \u00e0 noter que le parlementaire n\u2019a pas prononc\u00e9 un seul mot concernant Boutcha. Et, rappelons-nous, l\u2019unique version officielle de Kiev et du camp \u00ab&nbsp;atlantiste&nbsp;\u00bb de l\u2019\u00e9poque de la raison de l\u2019arr\u00eat des pourparlers avec les Russes et de l\u2019annulation de l\u2019accord d\u2019Istanbul \u00e9tait le pr\u00e9tendu \u00ab&nbsp;<em>massacre de la population civile perp\u00e9tr\u00e9 par des troupes russes \u00e0 Boutcha<\/em>&nbsp;\u00bb.<\/p>\n\n\n\n<p>Cet illustre personnage termine son interview avec la grande fiert\u00e9 d\u2019avoir duper la d\u00e9l\u00e9gation russe : \u00ab&nbsp;<em>Nous avons accompli notre mission de faire trainer les choses avec la note 8 sur 10. Ils se sont <\/em>(les russes) <em>d\u00e9contract\u00e9s, sont partis \u2013 et nous avons pris la direction de la solution militaire<\/em>&nbsp;\u00bb.<\/p>\n\n\n\n<figure class=\"wp-block-embed is-type-video is-provider-youtube wp-block-embed-youtube wp-embed-aspect-16-9 wp-has-aspect-ratio\"><div class=\"wp-block-embed__wrapper\">\n<iframe title=\"L\u2019UKRAINE PREPARE SA CAPITULATION\" width=\"500\" height=\"281\" src=\"https:\/\/www.youtube.com\/embed\/CkLloFfIDs8?feature=oembed\" frameborder=\"0\" allow=\"accelerometer; autoplay; clipboard-write; encrypted-media; gyroscope; picture-in-picture; web-share\" referrerpolicy=\"strict-origin-when-cross-origin\" allowfullscreen><\/iframe>\n<\/div><\/figure>\n\n\n\n<p>Cette r\u00e9v\u00e9lation t\u00e9l\u00e9vis\u00e9e a fait d\u00e9couvrir au grand public ukrainien la r\u00e9alit\u00e9 de la guerre qui aurait pu ais\u00e9ment \u00eatre arr\u00eat\u00e9e dans ses d\u00e9buts et que ce n\u2019est qu\u2019\u00e0 l\u2019initiative directe de l\u2019Occident collectif via son \u00e9missaire Boris Johnson qu\u2019elle a \u00e9t\u00e9 relanc\u00e9e d\u2019une mani\u00e8re forc\u00e9e et a eu comme cons\u00e9quences des centaines de milliers de morts ukrainiens et encore davantage de bless\u00e9s graves et de mutil\u00e9s, ainsi que la destruction quasi totale de l\u2019\u00e9conomie et des infrastructures du pays qui prendront des d\u00e9cennies pour se remettre et revenir au niveau d\u2019avant-guerre qui \u00e9tait d\u00e9j\u00e0 tout \u00e0 fait d\u00e9plorable.<\/p>\n\n\n\n<p><strong>Le rappel<\/strong><\/p>\n\n\n\n<p>Etant \u00e0 l\u2019oppos\u00e9 de tout ce qui \u00e9tait servi par l\u2019appareil de la propagande \u00e9tatique in\u00e9gal\u00e9 agissant en Ukraine et dans les pays occidentaux depuis bient\u00f4t deux ans, les informations r\u00e9v\u00e9l\u00e9es ce fin novembre 2023 ont provoqu\u00e9es une v\u00e9ritable stup\u00e9faction aupr\u00e8s des masses ukrainiennes auparavant format\u00e9es et endoctrin\u00e9es par des r\u00e9cits de toute autre nature.<\/p>\n\n\n\n<p>Pourtant, pour des esprits non aveugl\u00e9s par des narratifs \u00ab&nbsp;otaniens&nbsp;\u00bb les choses ont \u00e9t\u00e9 d\u2019une \u00e9vidence flagrante d\u00e8s le d\u00e9but du conflit en cours.<\/p>\n\n\n\n<p>Lors de mon interview du mois de mai 2023 \u00e0 la publication fran\u00e7aise \u00ab&nbsp;l\u2019Eclaireur des Alpes&nbsp;\u00bb, cette r\u00e9alit\u00e9 \u00e9tait d\u00e9j\u00e0 \u00e9voqu\u00e9e non pas comme l&rsquo;une des probabilit\u00e9s, mais comme l&rsquo;unique \u00e9vidence avec des cons\u00e9quences imm\u00e9diates appropri\u00e9es&nbsp;:<\/p>\n\n\n\n<p class=\"has-text-color has-link-color wp-elements-db4cacf9c76a7d72ab39b65be06e6cec\" style=\"color:#425e7d\">{\u2026 &nbsp;<a><strong><em>L\u2019Eclaireur &#8211; La Russie n\u2019a-t-elle pas n\u00e9anmoins sous-estim\u00e9 la capacit\u00e9 de r\u00e9sistance des Ukrainiens ?<\/em><\/strong><\/a><\/p>\n\n\n\n<p class=\"has-text-color has-link-color wp-elements-094459bde76a0e17876bef3627e4b1c0\" style=\"color:#425e7d\"><strong><em>Oleg Nesterenko &#8211;&nbsp;<\/em><\/strong><em>Rappelez-vous les expertises s\u00e9rieuses qui ont \u00e9t\u00e9 faites sur la capacit\u00e9 de l\u2019Ukraine \u00e0 maintenir la r\u00e9sistance contre la Russie. A l\u2019\u00e9poque, juste avant le d\u00e9clenchement de la guerre, il \u00e9tait estim\u00e9 que l\u2019Ukraine ne pouvait tenir qu\u2019un temps tr\u00e8s limit\u00e9 face \u00e0 la Russie.<\/em><\/p>\n\n\n\n<p class=\"has-text-color has-link-color wp-elements-e671fa7d04b67beb3c92b9395c5d2ac4\" style=\"color:#425e7d\"><em>Contrairement aux informations d\u00e9velopp\u00e9es dans les mass m\u00e9dias occidentaux et malgr\u00e9 les \u00e9v\u00e9nements que l\u2019on observe sur le terrain, j\u2019aimerais souligner que ces experts qui ont pr\u00e9vu que l\u2019Ukraine ne pourrait r\u00e9sister qu\u2019un temps limit\u00e9 n\u2019ont eu nullement tort. Ils ne se sont nullement tromp\u00e9s dans leurs pr\u00e9visions.&nbsp;<\/em><\/p>\n\n\n\n<p class=\"has-text-color has-link-color wp-elements-c2d77bda1c6bb78db18ed8bc2ec1652d\" style=\"color:#425e7d\"><em>Mes paroles peuvent paraitre \u00e9tonnantes vis-\u00e0-vis de ce qu\u2019on observe depuis plus d\u2019un an. Pourtant il n\u2019y a pas \u00e0 s\u2019\u00e9tonner. Il ne faut jamais oublier que le d\u00e9clenchement de la phase active des hostilit\u00e9s a eu lieu fin f\u00e9vrier 2022 et que d\u00e9j\u00e0 fin mars 2022, il y a eu des pourparlers \u00e0 Istanbul entre l\u2019Ukraine et la Russie. Pour quelles raisons une partie qui se sent forte et qui sait qu\u2019elle a encore des capacit\u00e9s consid\u00e9rables de r\u00e9sistance se mettrait-elle autour d\u2019une table de n\u00e9gociation pour convenir d\u2019une forme de reddition ? \u00c7a n\u2019arrive jamais ainsi. Les Ukrainiens se sont mis autour d\u2019une table de n\u00e9gociation en \u00e9tant conscients que leurs capacit\u00e9s de r\u00e9sistance \u00e9taient tr\u00e8s limit\u00e9es.<\/em><\/p>\n\n\n\n<p class=\"has-text-color has-link-color wp-elements-ff7f06ffe10f7cdef473c03bc9fdf893\" style=\"color:#425e7d\"><em>A Istanbul, quand les deux parties ont trouv\u00e9 un consensus sur la majorit\u00e9 d\u2019\u00e9l\u00e9ments cl\u00e9s de l\u2019accord sur l\u2019arr\u00eat des hostilit\u00e9s, quand ils ont \u00e9t\u00e9 pratiquement \u00e0 un pas de la ratification du document de l\u2019accord de paix, il y a eu un virage \u00e0 180 degr\u00e9s du c\u00f4t\u00e9 ukrainien. Pourquoi ? Il ne faut pas avoir une grande exp\u00e9rience dans le monde des affaires pour savoir : <strong>dans le cadre de n\u00e9gociation, quand une des deux parties fait volte-face du jour au lendemain, cela ne signifie qu\u2019une seule chose &#8211; cette partie a eu une contre-proposition de la part des concurrents de ceux qui sont en face d\u2019elle. C\u2019est comme cela que cela se passe dans le monde des affaires. Dans la politique c\u2019est pareil.<\/strong><\/em><\/p>\n\n\n\n<p class=\"has-text-color has-link-color wp-elements-5fb041094c5033864e6c46ef0c0b4956\" style=\"color:#425e7d\"><strong><em>Si l\u2019Ukraine a pu se permettre le luxe de faire une croix sur l\u2019accord de paix, c\u2019est tout simplement qu\u2019elle a re\u00e7u une contre-proposition. Et cette contre-proposition ne pouvait venir que du camp occidental<\/em><\/strong><em>. Les \u00e9v\u00e8nements qui ont suivi ont d\u00e9voil\u00e9 les \u00e9l\u00e9ments de cette proposition : l\u2019Ukraine a re\u00e7u une proposition pour l\u2019ouverture d\u2019une gigantesque ligne de cr\u00e9dit partiellement payable en armement. En contrepartie, l\u2019Ukraine devait s\u2019engager \u00e0 s\u2019interdire de conclure un accord d\u2019arr\u00eat de guerre face \u00e0 la Russie et fournir \u00ab&nbsp;la main d\u2019\u0153uvre&nbsp;\u00bb combattante. C\u2019\u00e9tait \u00e7a l\u2019accord.<\/em><\/p>\n\n\n\n<p class=\"has-text-color has-link-color wp-elements-90b47bb07fcd314f78d80d105812e40b\" style=\"color:#425e7d\"><em>Afin de r\u00e9pondre au second engagement de Kiev, les fronti\u00e8res nationales de l\u2019Ukraine pour sortir du pays ont \u00e9t\u00e9 ferm\u00e9es. En France, on n\u2019en parle pas beaucoup &#8211; car c\u2019est une v\u00e9rit\u00e9 trop g\u00eanante &#8211; mais au d\u00e9but de la guerre il y a eu un gigantesque exode des populations des territoires ukrainiens, notamment de la population masculine. Les hommes savaient que s\u2019ils ne partaient pas, ils seraient envoy\u00e9s \u00e0 la tuerie. Quand on parle \u00e0 la t\u00e9l\u00e9vision occidentale de l\u2019h\u00e9ro\u00efsme ukrainien, \u00e7a me fait sourire sachant parfaitement que le pays se serait vid\u00e9 des futurs combattants en un temps tr\u00e8s r\u00e9duit si les fronti\u00e8res n&rsquo;\u00e9taient pas interdites de passage.&nbsp;<\/em> \u2026}<\/p>\n\n\n\n<p><a href=\"https:\/\/eclaireur.substack.com\/p\/sans-le-coup-detat-de-2014-lukraine\"><em>https:\/\/eclaireur.substack.com\/p\/sans-le-coup-detat-de-2014-lukraine<\/em><\/a><\/p>\n\n\n\n<p><strong>La capitulation et le transfert des responsabilit\u00e9s<\/strong><\/p>\n\n\n\n<p>Dans cet interview de David Arakhamia, l\u2019une des personnes-cl\u00e9s de la politique de l\u2019Ukraine d\u2019aujourd\u2019hui, en parlant de plusieurs sujets il a \u00e9galement \u00e9voqu\u00e9 la n\u00e9cessite d\u2019organiser un referendum national sur la question des \u00e9ventuelles concessions territoriales \u00e0 la Russie en \u00e9change de l\u2019accord de paix.<\/p>\n\n\n\n<p>La signification de cette d\u00e9claration est d\u2019une importance strat\u00e9gique&nbsp;: le r\u00e9gime de Kiev pr\u00e9pare aupr\u00e8s de l\u2019opinion publique du pays non seulement sa capitulation, mais \u00e9galement, et surtout, le transfert sur les \u00e9paules du peuple ukrainien meurtri depuis bient\u00f4t deux ans&nbsp;de la responsabilit\u00e9 de sa politique d\u00e9sastreuse mise en place par le camp occidental am\u00e9ricano-centrique qui a provoqu\u00e9 des centaines de milliers de morts et a d\u00e9vast\u00e9 le pays.<\/p>\n\n\n\n<p>Ainsi, ce n\u2019est pas le r\u00e9gime en place, mais soi-disant le peuple qui devra prendre la d\u00e9cision et sur la cessation de guerre et sur la perte des territoires nationaux.&nbsp;&nbsp;<\/p>\n\n\n\n<p>Nul doute que ce simulacre de referendum ou une initiative similaire aura lieu. Le fait que Zelensky a d\u00e9j\u00e0 annonc\u00e9 que cela sera \u00e0 la limite de l\u2019impossible de mettre en place et de r\u00e9aliser les futures \u00e9lections pr\u00e9sidentielles du 31 mars 2024, car, pour commencer, une partie non n\u00e9gligeable de la population se situant \u00e0 l\u2019\u00e9tranger, sur les champs de batailles ou sur les territoires occup\u00e9s par la Russie n\u2019aura pas l\u2019acc\u00e8s physique aux centres de vote &#8211; ce fait ne sera certainement pas un obstacle pour organiser la passation de la lourde responsabilit\u00e9 de la perte de la guerre sur les \u00e9paules du peuple ukrainien.<\/p>\n\n\n\n<p>N\u00e9anmoins, si son excellence monsieur le pr\u00e9sident Volodimir Zelensky, \u00e9tant d\u2019ores et d\u00e9j\u00e0 un cadavre politique, n\u2019est pas en train de pr\u00e9parer la passation du pouvoir vers le parlement ukrainien (Verhovna Rada) aussi ultranationaliste et corrompu que lui-m\u00eame, et ceci est en dehors de tout processus \u00e9lectoral &#8211; ce qui est hautement probable &#8211; des surprises fort d\u00e9sagr\u00e9ables l\u2019attendent dans un avenir proche.<\/p>","protected":false},"excerpt":{"rendered":"<p>L\u2019Ukraine. La pr\u00e9paration de la capitulation Depuis le d\u00e9but du d\u00e9sastre de la contre-offensive ukrainienne face aux troupes russes suivi de la compr\u00e9hension par les partenaires occidentaux de la faillite de leur projet sur le territoire de l\u2019Ukraine, le pouvoir \u00e0 Kiev s\u2019est retrouv\u00e9 devant une r\u00e9alit\u00e9 effroyable&nbsp;: le refus de la continuation des investissements [&hellip;]<\/p>\n","protected":false},"author":2,"featured_media":0,"parent":0,"menu_order":0,"comment_status":"closed","ping_status":"closed","template":"","meta":{"site-sidebar-layout":"default","site-content-layout":"","ast-site-content-layout":"default","site-content-style":"default","site-sidebar-style":"default","ast-global-header-display":"","ast-banner-title-visibility":"","ast-main-header-display":"","ast-hfb-above-header-display":"","ast-hfb-below-header-display":"","ast-hfb-mobile-header-display":"","site-post-title":"disabled","ast-breadcrumbs-content":"","ast-featured-img":"","footer-sml-layout":"","ast-disable-related-posts":"","theme-transparent-header-meta":"","adv-header-id-meta":"","stick-header-meta":"","header-above-stick-meta":"","header-main-stick-meta":"","header-below-stick-meta":"","astra-migrate-meta-layouts":"set","ast-page-background-enabled":"default","ast-page-background-meta":{"desktop":{"background-color":"","background-image":"","background-repeat":"repeat","background-position":"center center","background-size":"auto","background-attachment":"scroll","background-type":"","background-media":"","overlay-type":"","overlay-color":"","overlay-opacity":"","overlay-gradient":""},"tablet":{"background-color":"","background-image":"","background-repeat":"repeat","background-position":"center center","background-size":"auto","background-attachment":"scroll","background-type":"","background-media":"","overlay-type":"","overlay-color":"","overlay-opacity":"","overlay-gradient":""},"mobile":{"background-color":"","background-image":"","background-repeat":"repeat","background-position":"center center","background-size":"auto","background-attachment":"scroll","background-type":"","background-media":"","overlay-type":"","overlay-color":"","overlay-opacity":"","overlay-gradient":""}},"ast-content-background-meta":{"desktop":{"background-color":"var(--ast-global-color-5)","background-image":"","background-repeat":"repeat","background-position":"center center","background-size":"auto","background-attachment":"scroll","background-type":"","background-media":"","overlay-type":"","overlay-color":"","overlay-opacity":"","overlay-gradient":""},"tablet":{"background-color":"var(--ast-global-color-5)","background-image":"","background-repeat":"repeat","background-position":"center center","background-size":"auto","background-attachment":"scroll","background-type":"","background-media":"","overlay-type":"","overlay-color":"","overlay-opacity":"","overlay-gradient":""},"mobile":{"background-color":"var(--ast-global-color-5)","background-image":"","background-repeat":"repeat","background-position":"center center","background-size":"auto","background-attachment":"scroll","background-type":"","background-media":"","overlay-type":"","overlay-color":"","overlay-opacity":"","overlay-gradient":""}},"footnotes":""},"class_list":["post-4283","page","type-page","status-publish","hentry"],"_links":{"self":[{"href":"https:\/\/c-cie.eu\/ru\/wp-json\/wp\/v2\/pages\/4283","targetHints":{"allow":["GET"]}}],"collection":[{"href":"https:\/\/c-cie.eu\/ru\/wp-json\/wp\/v2\/pages"}],"about":[{"href":"https:\/\/c-cie.eu\/ru\/wp-json\/wp\/v2\/types\/page"}],"author":[{"embeddable":true,"href":"https:\/\/c-cie.eu\/ru\/wp-json\/wp\/v2\/users\/2"}],"replies":[{"embeddable":true,"href":"https:\/\/c-cie.eu\/ru\/wp-json\/wp\/v2\/comments?post=4283"}],"version-history":[{"count":9,"href":"https:\/\/c-cie.eu\/ru\/wp-json\/wp\/v2\/pages\/4283\/revisions"}],"predecessor-version":[{"id":5544,"href":"https:\/\/c-cie.eu\/ru\/wp-json\/wp\/v2\/pages\/4283\/revisions\/5544"}],"wp:attachment":[{"href":"https:\/\/c-cie.eu\/ru\/wp-json\/wp\/v2\/media?parent=4283"}],"curies":[{"name":"wp","href":"https:\/\/api.w.org\/{rel}","templated":true}]}}