{"id":405,"date":"2023-11-05T17:41:54","date_gmt":"2023-11-05T16:41:54","guid":{"rendered":"https:\/\/c-cie.eu\/?page_id=405"},"modified":"2025-05-31T04:35:32","modified_gmt":"2025-05-31T02:35:32","slug":"conferences","status":"publish","type":"page","link":"https:\/\/c-cie.eu\/ru\/conferences\/","title":{"rendered":"\u041a\u043e\u043d\u0444\u0435\u0440\u0435\u043d\u0446\u0438\u0438"},"content":{"rendered":"<div data-elementor-type=\"wp-page\" data-elementor-id=\"405\" class=\"elementor elementor-405\">\n\t\t\t\t\t\t<section class=\"elementor-section elementor-top-section elementor-element elementor-element-b6d786e elementor-section-content-middle elementor-section-boxed elementor-section-height-default elementor-section-height-default\" data-id=\"b6d786e\" data-element_type=\"section\" data-e-type=\"section\" data-settings=\"{&quot;background_background&quot;:&quot;classic&quot;}\">\n\t\t\t\t\t\t<div class=\"elementor-container elementor-column-gap-no\">\n\t\t\t\t\t<div class=\"elementor-column elementor-col-50 elementor-top-column elementor-element elementor-element-d2f1e5f\" data-id=\"d2f1e5f\" data-element_type=\"column\" data-e-type=\"column\">\n\t\t\t<div class=\"elementor-widget-wrap elementor-element-populated\">\n\t\t\t\t\t\t<div class=\"elementor-element elementor-element-8c02fa3 elementor-widget-mobile__width-inherit elementor-widget elementor-widget-heading\" data-id=\"8c02fa3\" data-element_type=\"widget\" data-e-type=\"widget\" data-widget_type=\"heading.default\">\n\t\t\t\t<div class=\"elementor-widget-container\">\n\t\t\t\t\t<h1 class=\"elementor-heading-title elementor-size-default\">\u041a\u043e\u043d\u0444\u0435\u0440\u0435\u043d\u0446\u0438\u0438<\/h1>\t\t\t\t<\/div>\n\t\t\t\t<\/div>\n\t\t\t\t\t<\/div>\n\t\t<\/div>\n\t\t\t\t<div class=\"elementor-column elementor-col-50 elementor-top-column elementor-element elementor-element-b2b8baf\" data-id=\"b2b8baf\" data-element_type=\"column\" data-e-type=\"column\">\n\t\t\t<div class=\"elementor-widget-wrap elementor-element-populated\">\n\t\t\t\t\t\t<div class=\"elementor-element elementor-element-d27d16f elementor-widget elementor-widget-image\" data-id=\"d27d16f\" data-element_type=\"widget\" data-e-type=\"widget\" data-widget_type=\"image.default\">\n\t\t\t\t<div class=\"elementor-widget-container\">\n\t\t\t\t\t\t\t\t\t\t\t\t\t\t\t<img decoding=\"async\" src=\"https:\/\/c-cie.eu\/wp-content\/uploads\/elementor\/thumbs\/t8uckdig-qf2wlqg7z3m7uq3h4gb8k6ewt28yxc4ba7nfva0ofs.jpg\" title=\"t8uckdig\" alt=\"t8uckdig\" loading=\"lazy\" \/>\t\t\t\t\t\t\t\t\t\t\t\t\t\t\t<\/div>\n\t\t\t\t<\/div>\n\t\t\t\t\t<\/div>\n\t\t<\/div>\n\t\t\t\t\t<\/div>\n\t\t<\/section>\n\t\t\t\t<section class=\"elementor-section elementor-top-section elementor-element elementor-element-061a745 elementor-section-boxed elementor-section-height-default elementor-section-height-default\" data-id=\"061a745\" data-element_type=\"section\" data-e-type=\"section\">\n\t\t\t\t\t\t\t<div class=\"elementor-background-overlay\"><\/div>\n\t\t\t\t\t\t\t<div class=\"elementor-container elementor-column-gap-no\">\n\t\t\t\t\t<div class=\"elementor-column elementor-col-100 elementor-top-column elementor-element elementor-element-b9e486f\" data-id=\"b9e486f\" data-element_type=\"column\" data-e-type=\"column\">\n\t\t\t<div class=\"elementor-widget-wrap elementor-element-populated\">\n\t\t\t\t\t\t<div class=\"elementor-element elementor-element-ece1ba3 elementor-position-left elementor-vertical-align-top elementor-invisible elementor-widget elementor-widget-image-box\" data-id=\"ece1ba3\" data-element_type=\"widget\" data-e-type=\"widget\" data-settings=\"{&quot;_animation&quot;:&quot;fadeIn&quot;}\" data-widget_type=\"image-box.default\">\n\t\t\t\t<div class=\"elementor-widget-container\">\n\t\t\t\t\t<div class=\"elementor-image-box-wrapper\"><figure class=\"elementor-image-box-img\"><img fetchpriority=\"high\" decoding=\"async\" width=\"1280\" height=\"723\" src=\"https:\/\/c-cie.eu\/wp-content\/uploads\/2023\/11\/lecturer-training-teacher-8339699.jpg\" class=\"elementor-animation-grow attachment-full size-full wp-image-2947\" alt=\"lecturer, training, teacher-8339699.jpg\" srcset=\"https:\/\/c-cie.eu\/wp-content\/uploads\/2023\/11\/lecturer-training-teacher-8339699.jpg 1280w, https:\/\/c-cie.eu\/wp-content\/uploads\/2023\/11\/lecturer-training-teacher-8339699-300x169.jpg 300w, https:\/\/c-cie.eu\/wp-content\/uploads\/2023\/11\/lecturer-training-teacher-8339699-1024x578.jpg 1024w, https:\/\/c-cie.eu\/wp-content\/uploads\/2023\/11\/lecturer-training-teacher-8339699-768x434.jpg 768w, https:\/\/c-cie.eu\/wp-content\/uploads\/2023\/11\/lecturer-training-teacher-8339699-18x10.jpg 18w\" sizes=\"(max-width: 1280px) 100vw, 1280px\" \/><\/figure><div class=\"elementor-image-box-content\"><h4 class=\"elementor-image-box-title\">CCIE \u043f\u0440\u0435\u0434\u043b\u0430\u0433\u0430\u0435\u0442 \u0442\u0440\u0438 \u0441\u0435\u0440\u0438\u0438 \u043a\u043e\u043d\u0444\u0435\u0440\u0435\u043d\u0446\u0438\u0439:<\/h4><p class=\"elementor-image-box-description\">- \u041f\u0435\u0440\u0432\u0430\u044f \u0441\u0435\u0440\u0438\u044f \u043f\u043e\u0441\u0432\u044f\u0449\u0435\u043d\u0430 \u043d\u0430\u043f\u0440\u044f\u043c\u0443\u044e \u043c\u0430\u043a\u0440\u043e\u044d\u043a\u043e\u043d\u043e\u043c\u0438\u043a\u0435 \u0438 \u043f\u0440\u043e\u0431\u043b\u0435\u043c\u0430\u0442\u0438\u043a\u0435 \u0420\u043e\u0441\u0441\u0438\u0438.<br><br>\n- \u0412\u0442\u043e\u0440\u0430\u044f \u0441\u0435\u0440\u0438\u044f \u043a\u0430\u0441\u0430\u0435\u0442\u0441\u044f \u044d\u043a\u043e\u043d\u043e\u043c\u0438\u0447\u0435\u0441\u043a\u043e\u0439 \u0438 \u0444\u0438\u043d\u0430\u043d\u0441\u043e\u0432\u043e\u0439 \u043f\u0440\u043e\u0431\u043b\u0435\u043c\u0430\u0442\u0438\u043a\u0438 \u0432 \u043a\u0430\u0434\u0440\u0435 \u0444\u0443\u043d\u043a\u0446\u0438\u043e\u043d\u0438\u0440\u043e\u0432\u0430\u043d\u0438\u044f \u043f\u0440\u0435\u0434\u043f\u0440\u0438\u044f\u0442\u0438\u044f.<br><br>\n- \u0422\u0440\u0435\u0442\u044c\u044f \u0441\u0435\u0440\u0438\u044f \u043f\u043e\u0441\u0432\u044f\u0449\u0435\u043d\u0430 \u0432\u043e\u043f\u0440\u043e\u0441\u0430\u043c \u0443\u043f\u0440\u0430\u0432\u043b\u0435\u043d\u0438\u044f \u0438 \u0447\u0435\u043b\u043e\u0432\u0435\u0447\u0435\u0441\u043a\u0438\u0445 \u0440\u0435\u0441\u0443\u0440\u0441\u043e\u0432.<\/p><\/div><\/div>\t\t\t\t<\/div>\n\t\t\t\t<\/div>\n\t\t\t\t\t<\/div>\n\t\t<\/div>\n\t\t\t\t\t<\/div>\n\t\t<\/section>\n\t\t\t\t<section class=\"elementor-section elementor-top-section elementor-element elementor-element-e5a1bb3 elementor-section-boxed elementor-section-height-default elementor-section-height-default\" data-id=\"e5a1bb3\" data-element_type=\"section\" data-e-type=\"section\">\n\t\t\t\t\t\t\t<div class=\"elementor-background-overlay\"><\/div>\n\t\t\t\t\t\t\t<div class=\"elementor-container elementor-column-gap-no\">\n\t\t\t\t\t<div class=\"elementor-column elementor-col-100 elementor-top-column elementor-element elementor-element-9696018\" data-id=\"9696018\" data-element_type=\"column\" data-e-type=\"column\">\n\t\t\t<div class=\"elementor-widget-wrap elementor-element-populated\">\n\t\t\t\t\t\t<div class=\"elementor-element elementor-element-42ff897 elementor-position-right elementor-vertical-align-top elementor-invisible elementor-widget elementor-widget-image-box\" data-id=\"42ff897\" data-element_type=\"widget\" data-e-type=\"widget\" data-settings=\"{&quot;_animation&quot;:&quot;fadeIn&quot;}\" data-widget_type=\"image-box.default\">\n\t\t\t\t<div class=\"elementor-widget-container\">\n\t\t\t\t\t<div class=\"elementor-image-box-wrapper\"><figure class=\"elementor-image-box-img\"><img decoding=\"async\" width=\"1280\" height=\"853\" src=\"https:\/\/c-cie.eu\/wp-content\/uploads\/2023\/11\/laptop-office-hand-3196481.jpg\" class=\"elementor-animation-grow attachment-full size-full wp-image-2965\" alt=\"laptop, office, hand-3196481.jpg\" srcset=\"https:\/\/c-cie.eu\/wp-content\/uploads\/2023\/11\/laptop-office-hand-3196481.jpg 1280w, https:\/\/c-cie.eu\/wp-content\/uploads\/2023\/11\/laptop-office-hand-3196481-300x200.jpg 300w, https:\/\/c-cie.eu\/wp-content\/uploads\/2023\/11\/laptop-office-hand-3196481-1024x682.jpg 1024w, https:\/\/c-cie.eu\/wp-content\/uploads\/2023\/11\/laptop-office-hand-3196481-768x512.jpg 768w, https:\/\/c-cie.eu\/wp-content\/uploads\/2023\/11\/laptop-office-hand-3196481-18x12.jpg 18w\" sizes=\"(max-width: 1280px) 100vw, 1280px\" \/><\/figure><div class=\"elementor-image-box-content\"><h4 class=\"elementor-image-box-title\">\u0420\u0430\u0437\u0432\u0438\u0442\u0438\u0435 \u0431\u0438\u0437\u043d\u0435\u0441\u0430 \u0432 \u0420\u043e\u0441\u0441\u0438\u0438<\/h4><p class=\"elementor-image-box-description\">- \u0420\u044b\u043d\u043a\u0438 \u0420\u043e\u0441\u0441\u0438\u0439\u0441\u043a\u043e\u0439 \u0424\u0435\u0434\u0435\u0440\u0430\u0446\u0438\u0438: \u043d\u043e\u0432\u044b\u0435 \u0432\u043e\u0437\u043c\u043e\u0436\u043d\u043e\u0441\u0442\u0438.<br>\n- \u041a\u043e\u0440\u043f\u043e\u0440\u0430\u0442\u0438\u0432\u043d\u0430\u044f \u0431\u0435\u0437\u043e\u043f\u0430\u0441\u043d\u043e\u0441\u0442\u044c \u043d\u0430 \u0440\u044b\u043d\u043a\u0430\u0445 \u0420\u043e\u0441\u0441\u0438\u0438 \u0438 \u0421\u041d\u0413.<br>\n- \u0421\u0442\u0430\u043d\u043e\u0432\u043b\u0435\u043d\u0438\u0435 \u043d\u0430 \u0412\u043e\u0441\u0442\u043e\u043a\u0435: \u0441\u0440\u0430\u0432\u043d\u0438\u0442\u0435\u043b\u044c\u043d\u044b\u0439 \u0430\u043d\u0430\u043b\u0438\u0437 \u043a\u043b\u044e\u0447\u0435\u0432\u044b\u0445 \u0444\u0430\u043a\u0442\u043e\u0440\u043e\u0432 \u0432 \u0420\u043e\u0441\u0441\u0438\u0438, \u0423\u043a\u0440\u0430\u0438\u043d\u0435, \u0411\u0435\u043b\u0430\u0440\u0443\u0441\u0438, \u041a\u0430\u0437\u0430\u0445\u0441\u0442\u0430\u043d\u0435 \u0438 \u0410\u0440\u043c\u0435\u043d\u0438\u0438.<br>\n- \u0424\u0438\u043d\u0430\u043d\u0441\u043e\u0432\u044b\u0435 \u0441\u0442\u0440\u0443\u043a\u0442\u0443\u0440\u044b \u0438 \u043a\u043e\u0440\u043f\u043e\u0440\u0430\u0442\u0438\u0432\u043d\u043e\u0435 \u043d\u0430\u043b\u043e\u0433\u043e\u043e\u0431\u043b\u043e\u0436\u0435\u043d\u0438\u0435 \u0432 \u0420\u043e\u0441\u0441\u0438\u0438.<br>\n- \u041e\u0441\u043e\u0431\u044b\u0435 \u044d\u043a\u043e\u043d\u043e\u043c\u0438\u0447\u0435\u0441\u043a\u0438\u0435 \u0437\u043e\u043d\u044b \u043d\u0430 \u0442\u0435\u0440\u0440\u0438\u0442\u043e\u0440\u0438\u0438 \u0420\u043e\u0441\u0441\u0438\u0439\u0441\u043a\u043e\u0439 \u0424\u0435\u0434\u0435\u0440\u0430\u0446\u0438\u0438.<br>\n- \u041c\u0443\u043b\u044c\u0442\u0438\u043c\u0435\u0434\u0438\u0430 \u0438 \u043a\u043e\u043c\u043c\u0443\u043d\u0438\u043a\u0430\u0446\u0438\u0438: \u043e\u0440\u0433\u0430\u043d\u0438\u0437\u0430\u0446\u0438\u044f \u043a\u0430\u043c\u043f\u0430\u043d\u0438\u0438 \u043d\u0430 \u0440\u044b\u043d\u043a\u0430\u0445 \u0420\u043e\u0441\u0441\u0438\u0438 \u0438 \u0421\u041d\u0413.<br>\n- \u041f\u0430\u0440\u0430\u043c\u0435\u0442\u0440\u044b \u0443\u043f\u0440\u0430\u0432\u043b\u0435\u043d\u0438\u044f \u043f\u0435\u0440\u0441\u043e\u043d\u0430\u043b\u043e\u043c \u0432 \u0420\u043e\u0441\u0441\u0438\u0438: \u0440\u0435\u043a\u0440\u0443\u0442\u0438\u043d\u0433 \u0438 \u0442\u0440\u0443\u0434\u043e\u0432\u043e\u0435 \u0437\u0430\u043a\u043e\u043d\u043e\u0434\u0430\u0442\u0435\u043b\u044c\u0441\u0442\u0432\u043e.<br>\n- \u041f\u0440\u0438\u043e\u0440\u0438\u0442\u0435\u0442\u044b, \u0441\u0438\u043b\u044c\u043d\u044b\u0435 \u0438 \u0441\u043b\u0430\u0431\u044b\u0435 \u0441\u0442\u043e\u0440\u043e\u043d\u044b \u0442\u043e\u0440\u0433\u043e\u0432\u043b\u0438 \u0441 \u0420\u043e\u0441\u0441\u0438\u0435\u0439.<br>\n- \u0420\u043e\u0441\u0441\u0438\u0439\u0441\u043a\u0438\u0435 \u0444\u0438\u043d\u0430\u043d\u0441\u043e\u0432\u044b\u0435 \u0440\u044b\u043d\u043a\u0438: \u0440\u0438\u0441\u043a\u0438 \u0438 \u0432\u043e\u0437\u043c\u043e\u0436\u043d\u043e\u0441\u0442\u0438.<\/p><\/div><\/div>\t\t\t\t<\/div>\n\t\t\t\t<\/div>\n\t\t\t\t<div class=\"elementor-element elementor-element-57a922e elementor-position-left elementor-vertical-align-top elementor-invisible elementor-widget elementor-widget-image-box\" data-id=\"57a922e\" data-element_type=\"widget\" data-e-type=\"widget\" data-settings=\"{&quot;_animation&quot;:&quot;fadeIn&quot;}\" data-widget_type=\"image-box.default\">\n\t\t\t\t<div class=\"elementor-widget-container\">\n\t\t\t\t\t<div class=\"elementor-image-box-wrapper\"><figure class=\"elementor-image-box-img\"><img decoding=\"async\" width=\"1280\" height=\"905\" src=\"https:\/\/c-cie.eu\/wp-content\/uploads\/2023\/11\/entrepreneur-idea-competence-1340649.jpg\" class=\"elementor-animation-grow attachment-full size-full wp-image-2951\" alt=\"entrepreneur, idea, competence-1340649.jpg\" srcset=\"https:\/\/c-cie.eu\/wp-content\/uploads\/2023\/11\/entrepreneur-idea-competence-1340649.jpg 1280w, https:\/\/c-cie.eu\/wp-content\/uploads\/2023\/11\/entrepreneur-idea-competence-1340649-300x212.jpg 300w, https:\/\/c-cie.eu\/wp-content\/uploads\/2023\/11\/entrepreneur-idea-competence-1340649-1024x724.jpg 1024w, https:\/\/c-cie.eu\/wp-content\/uploads\/2023\/11\/entrepreneur-idea-competence-1340649-768x543.jpg 768w, https:\/\/c-cie.eu\/wp-content\/uploads\/2023\/11\/entrepreneur-idea-competence-1340649-18x12.jpg 18w\" sizes=\"(max-width: 1280px) 100vw, 1280px\" \/><\/figure><div class=\"elementor-image-box-content\"><h4 class=\"elementor-image-box-title\">\u042d\u043a\u043e\u043d\u043e\u043c\u0438\u043a\u0430 \u0438 \u0444\u0438\u043d\u0430\u043d\u0441\u044b<\/h4><p class=\"elementor-image-box-description\">- \u0411\u0438\u0437\u043d\u0435\u0441-\u0430\u043d\u0430\u043b\u0438\u0442\u0438\u043a\u0430 \u0432 \u0440\u0430\u0437\u0432\u0438\u0442\u0438\u0438 \u0431\u0438\u0437\u043d\u0435\u0441\u0430.<br>\n- \u0411\u0435\u0437\u043e\u043f\u0430\u0441\u043d\u043e\u0441\u0442\u044c \u0438\u043d\u0432\u0435\u0441\u0442\u0438\u0446\u0438\u0439.<br>\n- \u0420\u0430\u0437\u0432\u0438\u0442\u0438\u0435 \u0431\u0438\u0437\u043d\u0435\u0441\u0430 \u0438 \u043c\u0430\u0440\u043a\u0435\u0442\u0438\u043d\u0433.<br>\n- \u041a\u043e\u043d\u0442\u0440\u043e\u043b\u044c \u043f\u0435\u0440\u0435\u043f\u0430\u0434\u043e\u0432 \u0424\u0438\u043d\u0430\u043d\u0441\u043e\u0432\u044b\u0445 \u0420\u044b\u043d\u043a\u043e\u0432<br>\n- \u0421\u0438\u0442\u0443\u0430\u0446\u0438\u044f \u043d\u0430 \u0440\u044b\u043d\u043a\u0430\u0445 \u0438\u0441\u043a\u043e\u043f\u0430\u0435\u043c\u043e\u0433\u043e \u0442\u043e\u043f\u043b\u0438\u0432\u0430 \u0438 \u0435\u0433\u043e \u044d\u043a\u0441\u043f\u043b\u0443\u0430\u0442\u0430\u0446\u0438\u044f.<\/p><\/div><\/div>\t\t\t\t<\/div>\n\t\t\t\t<\/div>\n\t\t\t\t\t<\/div>\n\t\t<\/div>\n\t\t\t\t\t<\/div>\n\t\t<\/section>\n\t\t\t\t<section class=\"elementor-section elementor-top-section elementor-element elementor-element-46afe6d elementor-section-boxed elementor-section-height-default elementor-section-height-default\" data-id=\"46afe6d\" data-element_type=\"section\" data-e-type=\"section\">\n\t\t\t\t\t\t\t<div class=\"elementor-background-overlay\"><\/div>\n\t\t\t\t\t\t\t<div class=\"elementor-container elementor-column-gap-no\">\n\t\t\t\t\t<div class=\"elementor-column elementor-col-100 elementor-top-column elementor-element elementor-element-5da7ce5\" data-id=\"5da7ce5\" data-element_type=\"column\" data-e-type=\"column\">\n\t\t\t<div class=\"elementor-widget-wrap elementor-element-populated\">\n\t\t\t\t\t\t<div class=\"elementor-element elementor-element-755cc0d elementor-position-right elementor-vertical-align-top elementor-invisible elementor-widget elementor-widget-image-box\" data-id=\"755cc0d\" data-element_type=\"widget\" data-e-type=\"widget\" data-settings=\"{&quot;_animation&quot;:&quot;fadeIn&quot;}\" data-widget_type=\"image-box.default\">\n\t\t\t\t<div class=\"elementor-widget-container\">\n\t\t\t\t\t<div class=\"elementor-image-box-wrapper\"><figure class=\"elementor-image-box-img\"><img loading=\"lazy\" decoding=\"async\" width=\"1280\" height=\"960\" src=\"https:\/\/c-cie.eu\/wp-content\/uploads\/2023\/11\/technology-internet-network-8362815.jpg\" class=\"elementor-animation-grow attachment-full size-full wp-image-2955\" alt=\"technology, internet, network-8362815.jpg\" srcset=\"https:\/\/c-cie.eu\/wp-content\/uploads\/2023\/11\/technology-internet-network-8362815.jpg 1280w, https:\/\/c-cie.eu\/wp-content\/uploads\/2023\/11\/technology-internet-network-8362815-300x225.jpg 300w, https:\/\/c-cie.eu\/wp-content\/uploads\/2023\/11\/technology-internet-network-8362815-1024x768.jpg 1024w, https:\/\/c-cie.eu\/wp-content\/uploads\/2023\/11\/technology-internet-network-8362815-768x576.jpg 768w, https:\/\/c-cie.eu\/wp-content\/uploads\/2023\/11\/technology-internet-network-8362815-16x12.jpg 16w\" sizes=\"(max-width: 1280px) 100vw, 1280px\" \/><\/figure><div class=\"elementor-image-box-content\"><h4 class=\"elementor-image-box-title\">\u041d\u0435\u0439\u0440\u043e\u043a\u043e\u0433\u043d\u0438\u0446\u0438\u044f, \u043c\u0435\u043d\u0435\u0434\u0436\u043c\u0435\u043d\u0442 \u0438 \u043f\u0440\u043e\u0435\u043a\u0442\u044b<\/h4><p class=\"elementor-image-box-description\">- \u041f\u0440\u043e\u0446\u0435\u0441\u0441\u044b \u043f\u0440\u0438\u043d\u044f\u0442\u0438\u044f \u0440\u0435\u0448\u0435\u043d\u0438\u0439: \u0434\u0438\u043d\u0430\u043c\u0438\u0447\u0435\u0441\u043a\u0438\u0435 \u043f\u0430\u0440\u0430\u043c\u0435\u0442\u0440\u044b \u0430\u043a\u0442\u0430 \u043f\u0440\u0438\u043d\u044f\u0442\u0438\u044f \u0440\u0435\u0448\u0435\u043d\u0438\u0439.<br>\n- \u041d\u0435\u0439\u0440\u043e\u043a\u043e\u0433\u043d\u0438\u0446\u0438\u044f \u0438 \u0443\u043f\u0440\u0430\u0432\u043b\u0435\u043d\u0438\u0435.<br>\n- \u041d\u0435\u0439\u0440\u043e\u0444\u0438\u043d\u0430\u043d\u0441\u044b, \u043d\u0435\u0439\u0440\u043e\u044d\u043a\u043e\u043d\u043e\u043c\u0438\u043a\u0430 \u0438 \u043d\u0435\u0439\u0440\u043e\u0442\u0435\u0445\u043d\u043e\u043b\u043e\u0433\u0438\u0438.<br>\n- \u042d\u043c\u043e\u0446\u0438\u0438 \u0438 \u0438\u0445 \u0432\u043b\u0438\u044f\u043d\u0438\u0435 \u043d\u0430 \u0434\u0435\u043b\u043e\u0432\u0443\u044e \u0436\u0438\u0437\u043d\u044c.<br>\n- \u041d\u0435\u0439\u0440\u043e\u043a\u043e\u0433\u043d\u0438\u0446\u0438\u044f, \u0433\u0440\u0443\u043f\u043f\u0430 \u0440\u0438\u0441\u043a\u0430 \u0438 \u0443\u043f\u0440\u0430\u0432\u043b\u0435\u043d\u0438\u0435 \u0440\u0438\u0441\u043a\u0430\u043c\u0438.<\/p><\/div><\/div>\t\t\t\t<\/div>\n\t\t\t\t<\/div>\n\t\t\t\t\t<\/div>\n\t\t<\/div>\n\t\t\t\t\t<\/div>\n\t\t<\/section>\n\t\t<div class=\"elementor-element elementor-element-7944002 e-flex e-con-boxed e-con e-parent\" data-id=\"7944002\" data-element_type=\"container\" data-e-type=\"container\">\n\t\t\t\t\t<div class=\"e-con-inner\">\n\t\t\t\t<div class=\"elementor-element elementor-element-1866a5c elementor-widget elementor-widget-image\" data-id=\"1866a5c\" data-element_type=\"widget\" data-e-type=\"widget\" data-widget_type=\"image.default\">\n\t\t\t\t<div class=\"elementor-widget-container\">\n\t\t\t\t\t\t\t\t\t\t\t\t\t\t\t<img loading=\"lazy\" decoding=\"async\" width=\"1528\" height=\"2180\" src=\"https:\/\/c-cie.eu\/wp-content\/uploads\/2025\/05\/Conference-2005-rotated.jpg\" class=\"attachment-full size-full wp-image-9486\" alt=\"\" srcset=\"https:\/\/c-cie.eu\/wp-content\/uploads\/2025\/05\/Conference-2005-rotated.jpg 1528w, https:\/\/c-cie.eu\/wp-content\/uploads\/2025\/05\/Conference-2005-210x300.jpg 210w, https:\/\/c-cie.eu\/wp-content\/uploads\/2025\/05\/Conference-2005-718x1024.jpg 718w, https:\/\/c-cie.eu\/wp-content\/uploads\/2025\/05\/Conference-2005-768x1096.jpg 768w, https:\/\/c-cie.eu\/wp-content\/uploads\/2025\/05\/Conference-2005-1077x1536.jpg 1077w, https:\/\/c-cie.eu\/wp-content\/uploads\/2025\/05\/Conference-2005-1435x2048.jpg 1435w, https:\/\/c-cie.eu\/wp-content\/uploads\/2025\/05\/Conference-2005-8x12.jpg 8w\" sizes=\"(max-width: 1528px) 100vw, 1528px\" \/>\t\t\t\t\t\t\t\t\t\t\t\t\t\t\t<\/div>\n\t\t\t\t<\/div>\n\t\t\t\t\t<\/div>\n\t\t\t\t<\/div>\n\t\t\t\t<\/div>","protected":false},"excerpt":{"rendered":"<p>Conf\u00e9rences Le CCIE propose trois s\u00e9ries de conf\u00e9rences : &#8211; La premi\u00e8re s\u00e9rie concerne plus directement la probl\u00e9matique Russe. &#8211; La deuxi\u00e8me s\u00e9rie concerne les diff\u00e9rents probl\u00e8mes \u00e9conomiques et financiers relevant du fonctionnement de l&rsquo;entreprise et de la macro \u00e9conomie. &#8211; La troisi\u00e8me s\u00e9rie est r\u00e9serv\u00e9e \u00e0 des interventions ax\u00e9es sur la gestion du management [&hellip;]<\/p>\n","protected":false},"author":1,"featured_media":0,"parent":0,"menu_order":0,"comment_status":"closed","ping_status":"closed","template":"","meta":{"site-sidebar-layout":"no-sidebar","site-content-layout":"page-builder","ast-site-content-layout":"default","site-content-style":"default","site-sidebar-style":"default","ast-global-header-display":"","ast-banner-title-visibility":"","ast-main-header-display":"","ast-hfb-above-header-display":"","ast-hfb-below-header-display":"","ast-hfb-mobile-header-display":"","site-post-title":"disabled","ast-breadcrumbs-content":"","ast-featured-img":"disabled","footer-sml-layout":"","ast-disable-related-posts":"","theme-transparent-header-meta":"default","adv-header-id-meta":"","stick-header-meta":"","header-above-stick-meta":"","header-main-stick-meta":"","header-below-stick-meta":"","astra-migrate-meta-layouts":"default","ast-page-background-enabled":"default","ast-page-background-meta":{"desktop":{"background-color":"","background-image":"","background-repeat":"repeat","background-position":"center center","background-size":"auto","background-attachment":"scroll","background-type":"","background-media":"","overlay-type":"","overlay-color":"","overlay-opacity":"","overlay-gradient":""},"tablet":{"background-color":"","background-image":"","background-repeat":"repeat","background-position":"center center","background-size":"auto","background-attachment":"scroll","background-type":"","background-media":"","overlay-type":"","overlay-color":"","overlay-opacity":"","overlay-gradient":""},"mobile":{"background-color":"","background-image":"","background-repeat":"repeat","background-position":"center center","background-size":"auto","background-attachment":"scroll","background-type":"","background-media":"","overlay-type":"","overlay-color":"","overlay-opacity":"","overlay-gradient":""}},"ast-content-background-meta":{"desktop":{"background-color":"var(--ast-global-color-5)","background-image":"","background-repeat":"repeat","background-position":"center center","background-size":"auto","background-attachment":"scroll","background-type":"","background-media":"","overlay-type":"","overlay-color":"","overlay-opacity":"","overlay-gradient":""},"tablet":{"background-color":"var(--ast-global-color-5)","background-image":"","background-repeat":"repeat","background-position":"center center","background-size":"auto","background-attachment":"scroll","background-type":"","background-media":"","overlay-type":"","overlay-color":"","overlay-opacity":"","overlay-gradient":""},"mobile":{"background-color":"var(--ast-global-color-5)","background-image":"","background-repeat":"repeat","background-position":"center center","background-size":"auto","background-attachment":"scroll","background-type":"","background-media":"","overlay-type":"","overlay-color":"","overlay-opacity":"","overlay-gradient":""}},"footnotes":""},"class_list":["post-405","page","type-page","status-publish","hentry"],"_links":{"self":[{"href":"https:\/\/c-cie.eu\/ru\/wp-json\/wp\/v2\/pages\/405","targetHints":{"allow":["GET"]}}],"collection":[{"href":"https:\/\/c-cie.eu\/ru\/wp-json\/wp\/v2\/pages"}],"about":[{"href":"https:\/\/c-cie.eu\/ru\/wp-json\/wp\/v2\/types\/page"}],"author":[{"embeddable":true,"href":"https:\/\/c-cie.eu\/ru\/wp-json\/wp\/v2\/users\/1"}],"replies":[{"embeddable":true,"href":"https:\/\/c-cie.eu\/ru\/wp-json\/wp\/v2\/comments?post=405"}],"version-history":[{"count":115,"href":"https:\/\/c-cie.eu\/ru\/wp-json\/wp\/v2\/pages\/405\/revisions"}],"predecessor-version":[{"id":9503,"href":"https:\/\/c-cie.eu\/ru\/wp-json\/wp\/v2\/pages\/405\/revisions\/9503"}],"wp:attachment":[{"href":"https:\/\/c-cie.eu\/ru\/wp-json\/wp\/v2\/media?parent=405"}],"curies":[{"name":"wp","href":"https:\/\/api.w.org\/{rel}","templated":true}]}}