{"id":3346,"date":"2023-11-18T00:39:14","date_gmt":"2023-11-17T23:39:14","guid":{"rendered":"https:\/\/c-cie.eu\/?page_id=3346"},"modified":"2023-11-18T00:41:13","modified_gmt":"2023-11-17T23:41:13","slug":"3346-2","status":"publish","type":"page","link":"https:\/\/c-cie.eu\/ru\/3346-2\/","title":{"rendered":"Rapha\u00ebl Blascot"},"content":{"rendered":"<figure class=\"wp-block-image size-full is-resized\"><img fetchpriority=\"high\" decoding=\"async\" width=\"235\" height=\"295\" src=\"https:\/\/c-cie.eu\/wp-content\/uploads\/2023\/11\/raphael1.png\" alt=\"\" class=\"wp-image-288\" style=\"width:281px;height:auto\"\/><\/figure>\n\n\n\n<h4 class=\"wp-block-heading has-vivid-red-color has-text-color has-link-color wp-elements-57d25ba42fe42c352044f66791900bca\">\u0420\u0430\u0444\u0430\u044d\u043b\u044c \u0411\u041b\u0410\u0421\u041a\u041e<\/h4>\n\n\n\n<h6 class=\"wp-block-heading\">\u041c\u0435\u043d\u0435\u0434\u0436\u0435\u0440 \u043f\u043e \u043c\u0430\u0440\u043a\u0435\u0442\u0438\u043d\u0433\u0443<\/h6>\n\n\n\n<ul class=\"wp-block-list\">\n<li>Associ\u00e9 G\u00e9rant de \u00ab&nbsp;EXACT&nbsp;\u00bb&nbsp;\u2013 Profiling d\u2019entreprise (M\u00e9thode d\u2019analyses transverses, restitu\u00e9es sous forme de graphes d\u2019opportunit\u00e9s de d\u00e9veloppement)<\/li>\n\n\n\n<li>Associ\u00e9 G\u00e9rant Mi5 agency (Marketing mobile, d\u00e9veloppement d\u2019applicatifs, analyse et veille de l\u2019information)<\/li>\n\n\n\n<li>Conseiller en d\u00e9veloppement pour les PME<\/li>\n<\/ul>\n\n\n\n<p class=\"has-text-color has-link-color wp-elements-20ac767512b94a229eebe379ec8dbf79\" style=\"color:#636d6f\"><strong>\u041f\u0440\u0435\u0436\u043d\u0438\u0435 \u0444\u0443\u043d\u043a\u0446\u0438\u0438<\/strong><\/p>\n\n\n\n<ul class=\"wp-block-list\">\n<li>\u041f\u0440\u0435\u0437\u0438\u0434\u0435\u043d\u0442 \u0433\u0435\u043d\u0435\u0440\u0430\u043b\u044c\u043d\u044b\u0439 \u0434\u0438\u0440\u0435\u043a\u0442\u043e\u0440 SERAF (Restauration hors foyer)<\/li>\n\n\n\n<li>Directeur G\u00e9n\u00e9ral SERVICARTE-Clean Way&nbsp;(Filiale d\u2019ing\u00e9nierie et de d\u00e9veloppement de syst\u00e8mes de paiement \u00e9lectroniques du Groupe ACCORD)<\/li>\n\n\n\n<li>Directeur des ventes BTB-NITIAL&nbsp;(business to Business)<\/li>\n<\/ul>","protected":false},"excerpt":{"rendered":"<p>Rapha\u00ebl BLASCOT Responsable marketing Anciennes fonctions<\/p>","protected":false},"author":2,"featured_media":0,"parent":0,"menu_order":0,"comment_status":"closed","ping_status":"closed","template":"","meta":{"site-sidebar-layout":"default","site-content-layout":"","ast-site-content-layout":"default","site-content-style":"default","site-sidebar-style":"default","ast-global-header-display":"","ast-banner-title-visibility":"","ast-main-header-display":"","ast-hfb-above-header-display":"","ast-hfb-below-header-display":"","ast-hfb-mobile-header-display":"","site-post-title":"disabled","ast-breadcrumbs-content":"","ast-featured-img":"","footer-sml-layout":"","ast-disable-related-posts":"","theme-transparent-header-meta":"","adv-header-id-meta":"","stick-header-meta":"","header-above-stick-meta":"","header-main-stick-meta":"","header-below-stick-meta":"","astra-migrate-meta-layouts":"set","ast-page-background-enabled":"default","ast-page-background-meta":{"desktop":{"background-color":"","background-image":"","background-repeat":"repeat","background-position":"center center","background-size":"auto","background-attachment":"scroll","background-type":"","background-media":"","overlay-type":"","overlay-color":"","overlay-opacity":"","overlay-gradient":""},"tablet":{"background-color":"","background-image":"","background-repeat":"repeat","background-position":"center center","background-size":"auto","background-attachment":"scroll","background-type":"","background-media":"","overlay-type":"","overlay-color":"","overlay-opacity":"","overlay-gradient":""},"mobile":{"background-color":"","background-image":"","background-repeat":"repeat","background-position":"center center","background-size":"auto","background-attachment":"scroll","background-type":"","background-media":"","overlay-type":"","overlay-color":"","overlay-opacity":"","overlay-gradient":""}},"ast-content-background-meta":{"desktop":{"background-color":"var(--ast-global-color-5)","background-image":"","background-repeat":"repeat","background-position":"center center","background-size":"auto","background-attachment":"scroll","background-type":"","background-media":"","overlay-type":"","overlay-color":"","overlay-opacity":"","overlay-gradient":""},"tablet":{"background-color":"var(--ast-global-color-5)","background-image":"","background-repeat":"repeat","background-position":"center center","background-size":"auto","background-attachment":"scroll","background-type":"","background-media":"","overlay-type":"","overlay-color":"","overlay-opacity":"","overlay-gradient":""},"mobile":{"background-color":"var(--ast-global-color-5)","background-image":"","background-repeat":"repeat","background-position":"center center","background-size":"auto","background-attachment":"scroll","background-type":"","background-media":"","overlay-type":"","overlay-color":"","overlay-opacity":"","overlay-gradient":""}},"footnotes":""},"class_list":["post-3346","page","type-page","status-publish","hentry"],"_links":{"self":[{"href":"https:\/\/c-cie.eu\/ru\/wp-json\/wp\/v2\/pages\/3346","targetHints":{"allow":["GET"]}}],"collection":[{"href":"https:\/\/c-cie.eu\/ru\/wp-json\/wp\/v2\/pages"}],"about":[{"href":"https:\/\/c-cie.eu\/ru\/wp-json\/wp\/v2\/types\/page"}],"author":[{"embeddable":true,"href":"https:\/\/c-cie.eu\/ru\/wp-json\/wp\/v2\/users\/2"}],"replies":[{"embeddable":true,"href":"https:\/\/c-cie.eu\/ru\/wp-json\/wp\/v2\/comments?post=3346"}],"version-history":[{"count":2,"href":"https:\/\/c-cie.eu\/ru\/wp-json\/wp\/v2\/pages\/3346\/revisions"}],"predecessor-version":[{"id":3348,"href":"https:\/\/c-cie.eu\/ru\/wp-json\/wp\/v2\/pages\/3346\/revisions\/3348"}],"wp:attachment":[{"href":"https:\/\/c-cie.eu\/ru\/wp-json\/wp\/v2\/media?parent=3346"}],"curies":[{"name":"wp","href":"https:\/\/api.w.org\/{rel}","templated":true}]}}