{"id":247,"date":"2021-05-18T04:40:38","date_gmt":"2021-05-18T02:40:38","guid":{"rendered":"https:\/\/c-cie.eu\/services\/"},"modified":"2024-06-07T23:51:50","modified_gmt":"2024-06-07T21:51:50","slug":"le-ccie","status":"publish","type":"page","link":"https:\/\/c-cie.eu\/ru\/le-ccie\/","title":{"rendered":"LE CCIE"},"content":{"rendered":"<div data-elementor-type=\"wp-page\" data-elementor-id=\"247\" class=\"elementor elementor-247\">\n\t\t\t\t\t\t<section class=\"elementor-section elementor-top-section elementor-element elementor-element-2ea897d elementor-section-content-middle elementor-section-boxed elementor-section-height-default elementor-section-height-default\" data-id=\"2ea897d\" data-element_type=\"section\" data-e-type=\"section\" data-settings=\"{&quot;background_background&quot;:&quot;classic&quot;}\">\n\t\t\t\t\t\t<div class=\"elementor-container elementor-column-gap-no\">\n\t\t\t\t\t<div class=\"elementor-column elementor-col-50 elementor-top-column elementor-element elementor-element-4ad8e35\" data-id=\"4ad8e35\" data-element_type=\"column\" data-e-type=\"column\">\n\t\t\t<div class=\"elementor-widget-wrap elementor-element-populated\">\n\t\t\t\t\t\t<div class=\"elementor-element elementor-element-ae5e105 elementor-widget-mobile__width-inherit elementor-widget elementor-widget-heading\" data-id=\"ae5e105\" data-element_type=\"widget\" data-e-type=\"widget\" data-widget_type=\"heading.default\">\n\t\t\t\t<div class=\"elementor-widget-container\">\n\t\t\t\t\t<h1 class=\"elementor-heading-title elementor-size-default\">CCIE<\/h1>\t\t\t\t<\/div>\n\t\t\t\t<\/div>\n\t\t\t\t\t<\/div>\n\t\t<\/div>\n\t\t\t\t<div class=\"elementor-column elementor-col-50 elementor-top-column elementor-element elementor-element-b01694e\" data-id=\"b01694e\" data-element_type=\"column\" data-e-type=\"column\">\n\t\t\t<div class=\"elementor-widget-wrap elementor-element-populated\">\n\t\t\t\t\t\t<div class=\"elementor-element elementor-element-4453c8f elementor-invisible elementor-widget elementor-widget-image\" data-id=\"4453c8f\" data-element_type=\"widget\" data-e-type=\"widget\" data-settings=\"{&quot;_animation&quot;:&quot;zoomIn&quot;}\" data-widget_type=\"image.default\">\n\t\t\t\t<div class=\"elementor-widget-container\">\n\t\t\t\t\t\t\t\t\t\t\t\t\t\t\t<img decoding=\"async\" src=\"https:\/\/c-cie.eu\/wp-content\/uploads\/elementor\/thumbs\/moscow-city-4610609_1280-qeu4ge9dv5f7q84j5b1q2pw8w1f2dlzstted9z8r08.jpg\" title=\"moscow-city-4610609_1280\" alt=\"moscow-city-4610609_1280\" loading=\"lazy\" \/>\t\t\t\t\t\t\t\t\t\t\t\t\t\t\t<\/div>\n\t\t\t\t<\/div>\n\t\t\t\t\t<\/div>\n\t\t<\/div>\n\t\t\t\t\t<\/div>\n\t\t<\/section>\n\t\t\t\t<section class=\"elementor-section elementor-top-section elementor-element elementor-element-ebb772c elementor-section-boxed elementor-section-height-default elementor-section-height-default\" data-id=\"ebb772c\" data-element_type=\"section\" data-e-type=\"section\" data-settings=\"{&quot;background_background&quot;:&quot;classic&quot;}\">\n\t\t\t\t\t\t<div class=\"elementor-container elementor-column-gap-no\">\n\t\t\t\t\t<div class=\"elementor-column elementor-col-100 elementor-top-column elementor-element elementor-element-f752b22\" data-id=\"f752b22\" data-element_type=\"column\" data-e-type=\"column\">\n\t\t\t<div class=\"elementor-widget-wrap elementor-element-populated\">\n\t\t\t\t\t\t<div class=\"elementor-element elementor-element-f12035b elementor-widget-mobile__width-inherit elementor-invisible elementor-widget elementor-widget-heading\" data-id=\"f12035b\" data-element_type=\"widget\" data-e-type=\"widget\" data-settings=\"{&quot;_animation&quot;:&quot;fadeInRight&quot;}\" data-widget_type=\"heading.default\">\n\t\t\t\t<div class=\"elementor-widget-container\">\n\t\t\t\t\t<h2 class=\"elementor-heading-title elementor-size-default\">CCIE \u043f\u043e\u0434\u0434\u0435\u0440\u0436\u0438\u0442 \u0432\u0430\u0441 \u0432 \u0443\u0441\u043f\u0435\u0448\u043d\u043e\u043c \u0440\u0430\u0437\u0432\u0438\u0442\u0438\u0438 \u043d\u0430 \u0440\u044b\u043d\u043a\u0435 \u0431\u0443\u0434\u0443\u0449\u0435\u0433\u043e\n<\/h2>\t\t\t\t<\/div>\n\t\t\t\t<\/div>\n\t\t\t\t<section class=\"elementor-section elementor-inner-section elementor-element elementor-element-2c9ee2a elementor-section-boxed elementor-section-height-default elementor-section-height-default\" data-id=\"2c9ee2a\" data-element_type=\"section\" data-e-type=\"section\">\n\t\t\t\t\t\t<div class=\"elementor-container elementor-column-gap-no\">\n\t\t\t\t\t<div class=\"elementor-column elementor-col-33 elementor-inner-column elementor-element elementor-element-e3f6188\" data-id=\"e3f6188\" data-element_type=\"column\" data-e-type=\"column\">\n\t\t\t<div class=\"elementor-widget-wrap elementor-element-populated\">\n\t\t\t\t\t\t<div class=\"elementor-element elementor-element-de85afc elementor-invisible elementor-widget elementor-widget-heading\" data-id=\"de85afc\" data-element_type=\"widget\" data-e-type=\"widget\" data-settings=\"{&quot;_animation&quot;:&quot;fadeInLeft&quot;}\" data-widget_type=\"heading.default\">\n\t\t\t\t<div class=\"elementor-widget-container\">\n\t\t\t\t\t<h4 class=\"elementor-heading-title elementor-size-default\">\u041e\u0441\u043d\u043e\u0432\u0430\u043d\u0438\u0435<\/h4>\t\t\t\t<\/div>\n\t\t\t\t<\/div>\n\t\t\t\t\t<\/div>\n\t\t<\/div>\n\t\t\t\t<div class=\"elementor-column elementor-col-66 elementor-inner-column elementor-element elementor-element-e06ed99\" data-id=\"e06ed99\" data-element_type=\"column\" data-e-type=\"column\">\n\t\t\t<div class=\"elementor-widget-wrap elementor-element-populated\">\n\t\t\t\t\t\t<div class=\"elementor-element elementor-element-e9e399a elementor-invisible elementor-widget elementor-widget-text-editor\" data-id=\"e9e399a\" data-element_type=\"widget\" data-e-type=\"widget\" data-settings=\"{&quot;_animation&quot;:&quot;fadeInRight&quot;}\" data-widget_type=\"text-editor.default\">\n\t\t\t\t<div class=\"elementor-widget-container\">\n\t\t\t\t\t\t\t\t\t<p>\u0415\u0432\u0440\u043e\u043f\u0435\u0439\u0441\u043a\u0438\u0439 \u0422\u043e\u0440\u0433\u043e\u0432\u043e-\u043f\u0440\u043e\u043c\u044b\u0448\u043b\u0435\u043d\u043d\u044b\u0439 \u0446\u0435\u043d\u0442\u0440 (CCIE) \u0441\u043e\u0437\u0434\u0430\u043d \u0432 2002 \u0433\u043e\u0434\u0443 \u043f\u0440\u0438 \u043f\u043e\u0434\u0434\u0435\u0440\u0436\u043a\u0435 \u043f\u0440\u0435\u0434\u0441\u0442\u0430\u0432\u0438\u0442\u0435\u043b\u044c\u0441\u0442\u0432\u0430 \u0422\u043e\u0440\u0433\u043e\u0432\u043e-\u043f\u0440\u043e\u043c\u044b\u0448\u043b\u0435\u043d\u043d\u043e\u0439 \u043f\u0430\u043b\u0430\u0442\u044b \u0420\u043e\u0441\u0441\u0438\u0439\u0441\u043a\u043e\u0439 \u0424\u0435\u0434\u0435\u0440\u0430\u0446\u0438\u0438 \u0432\u043e \u0424\u0440\u0430\u043d\u0446\u0438\u0438 \u0438 \u0441\u0442\u0440\u0430\u043d\u0430\u0445 \u0411\u0435\u043d\u0438\u043b\u044e\u043a\u0441\u0430, \u043f\u0430\u0440\u0438\u0436\u0441\u043a\u043e\u0439 \u0412\u044b\u0441\u0448\u0435\u0439 \u0448\u043a\u043e\u043b\u044b \u043c\u0435\u043d\u0435\u0434\u0436\u043c\u0435\u043d\u0442\u0430 \u0438 \u043c\u0435\u0436\u0434\u0443\u043d\u0430\u0440\u043e\u0434\u043d\u043e\u0439 \u0442\u043e\u0440\u0433\u043e\u0432\u043b\u0438 (ESGCI) \u0438 \u0422\u043e\u0440\u0433\u043e\u0432\u043e\u0433\u043e \u043f\u0440\u0435\u0434\u0441\u0442\u0430\u0432\u0438\u0442\u0435\u043b\u044c\u0441\u0442\u0432\u0430 \u0420\u043e\u0441\u0441\u0438\u0438 \u0432\u043e \u0424\u0440\u0430\u043d\u0446\u0438\u0438.<\/p>\t\t\t\t\t\t\t\t<\/div>\n\t\t\t\t<\/div>\n\t\t\t\t<div class=\"elementor-element elementor-element-56eda18 elementor-invisible elementor-widget elementor-widget-text-editor\" data-id=\"56eda18\" data-element_type=\"widget\" data-e-type=\"widget\" data-settings=\"{&quot;_animation&quot;:&quot;fadeInRight&quot;}\" data-widget_type=\"text-editor.default\">\n\t\t\t\t<div class=\"elementor-widget-container\">\n\t\t\t\t\t\t\t\t\t<p>\u0418\u043d\u0442\u0435\u043d\u0441\u0438\u0432\u043d\u043e\u0435 \u0440\u0430\u0437\u0432\u0438\u0442\u0438\u0435 CCIE \u043e\u0431\u0443\u0441\u043b\u043e\u0432\u043b\u0435\u043d\u043e \u0441\u043e\u0437\u0434\u0430\u043d\u0438\u0435\u043c \u0442\u0435\u0441\u043d\u044b\u0445 \u043a\u043e\u043d\u0442\u0430\u043a\u0442\u043e\u0432 \u0441 \u0440\u044b\u043d\u043a\u0430\u043c\u0438 \u0420\u043e\u0441\u0441\u0438\u0438, \u0421\u041d\u0413, \u0415\u0421 \u0438 \u0410\u0444\u0440\u0438\u043a\u0430\u043d\u0441\u043a\u043e\u0433\u043e \u043a\u043e\u043d\u0442\u0438\u043d\u0435\u043d\u0442\u0430.\n\n\u0421 2004 \u0433\u043e\u0434\u0430, \u0415\u0432\u0440\u043e\u043f\u0435\u0439\u0441\u043a\u0438\u0439 \u0422\u043e\u0440\u0433\u043e\u0432\u043e-\u041f\u0440\u043e\u043c\u044b\u0448\u043b\u0435\u043d\u043d\u044b\u0439 \u0426\u0435\u043d\u0442\u0440 \u044f\u0432\u043b\u044f\u0435\u0442\u0441\u044f \u043e\u0444\u0438\u0446\u0438\u0430\u043b\u044c\u043d\u044b\u043c \u043f\u0430\u0440\u0442\u043d\u0435\u0440\u043e\u043c, \u043f\u0440\u0435\u0434\u0441\u0442\u0430\u0432\u0438\u0442\u0435\u043b\u0435\u043c \u0438\u043d\u0442\u0435\u0440\u0435\u0441\u043e\u0432 \u0432\u043e \u0424\u0440\u0430\u043d\u0446\u0438\u0438 \u0422\u043e\u0440\u0433\u043e\u0432\u043e-\u041f\u0440\u043e\u043c\u044b\u0448\u043b\u0435\u043d\u043d\u043e\u0439 \u041f\u0430\u043b\u0430\u0442\u044b \u0420\u043e\u0441\u0441\u0438\u0439\u0441\u043a\u043e\u0439 \u0424\u0435\u0434\u0435\u0440\u0430\u0446\u0438\u0438.<\/p>\t\t\t\t\t\t\t\t<\/div>\n\t\t\t\t<\/div>\n\t\t\t\t\t<\/div>\n\t\t<\/div>\n\t\t\t\t\t<\/div>\n\t\t<\/section>\n\t\t\t\t<section class=\"elementor-section elementor-inner-section elementor-element elementor-element-23aa4b6 elementor-section-boxed elementor-section-height-default elementor-section-height-default\" data-id=\"23aa4b6\" data-element_type=\"section\" data-e-type=\"section\">\n\t\t\t\t\t\t<div class=\"elementor-container elementor-column-gap-no\">\n\t\t\t\t\t<div class=\"elementor-column elementor-col-33 elementor-inner-column elementor-element elementor-element-bf7019c\" data-id=\"bf7019c\" data-element_type=\"column\" data-e-type=\"column\">\n\t\t\t<div class=\"elementor-widget-wrap elementor-element-populated\">\n\t\t\t\t\t\t<div class=\"elementor-element elementor-element-2713817 elementor-invisible elementor-widget elementor-widget-heading\" data-id=\"2713817\" data-element_type=\"widget\" data-e-type=\"widget\" data-settings=\"{&quot;_animation&quot;:&quot;fadeInLeft&quot;}\" data-widget_type=\"heading.default\">\n\t\t\t\t<div class=\"elementor-widget-container\">\n\t\t\t\t\t<h4 class=\"elementor-heading-title elementor-size-default\">\u041c\u0438\u0441\u0441\u0438\u044f<\/h4>\t\t\t\t<\/div>\n\t\t\t\t<\/div>\n\t\t\t\t\t<\/div>\n\t\t<\/div>\n\t\t\t\t<div class=\"elementor-column elementor-col-66 elementor-inner-column elementor-element elementor-element-3618755\" data-id=\"3618755\" data-element_type=\"column\" data-e-type=\"column\">\n\t\t\t<div class=\"elementor-widget-wrap elementor-element-populated\">\n\t\t\t\t\t\t<div class=\"elementor-element elementor-element-5355268 elementor-invisible elementor-widget elementor-widget-text-editor\" data-id=\"5355268\" data-element_type=\"widget\" data-e-type=\"widget\" data-settings=\"{&quot;_animation&quot;:&quot;fadeInRight&quot;}\" data-widget_type=\"text-editor.default\">\n\t\t\t\t<div class=\"elementor-widget-container\">\n\t\t\t\t\t\t\t\t\t<p>\u0418\u043c\u0435\u044f \u0431\u043e\u043b\u0435\u0435 20 \u043b\u0435\u0442 \u043e\u043f\u044b\u0442\u0430 \u0440\u0430\u0431\u043e\u0442\u044b \u0438 \u0442\u0432\u0435\u0440\u0434\u0443\u044e \u0438\u043d\u0442\u0435\u0433\u0440\u0430\u0446\u0438\u044e \u0432 \u0440\u044b\u043d\u043a\u0438 \u0415\u0421, \u0430\u0444\u0440\u0438\u043a\u0430\u043d\u0441\u043a\u043e\u0433\u043e \u043a\u043e\u043d\u0442\u0438\u043d\u0435\u043d\u0442\u0430, \u0420\u043e\u0441\u0441\u0438\u0438 \u0438 \u0421\u041d\u0413, \u0415\u0432\u0440\u043e\u043f\u0435\u0439\u0441\u043a\u0438\u0439 \u0442\u043e\u0440\u0433\u043e\u0432\u043e-\u043f\u0440\u043e\u043c\u044b\u0448\u043b\u0435\u043d\u043d\u044b\u0439 \u0446\u0435\u043d\u0442\u0440 \u043f\u0440\u0435\u0434\u043b\u0430\u0433\u0430\u0435\u0442 \u0412\u0430\u043c :<\/p><ul><li>\u041e\u0431\u0435\u0441\u043f\u0435\u0447\u0435\u043d\u0438\u0435 \u0431\u0435\u0437\u043e\u043f\u0430\u0441\u043d\u043e\u0441\u0442\u0438 \u043f\u0440\u043e\u0435\u043a\u0442\u0430, \u0431\u043b\u0430\u0433\u043e\u0434\u0430\u0440\u044f \u0434\u043e\u043b\u0433\u043e\u0441\u0440\u043e\u0447\u043d\u044b\u043c \u043e\u0442\u043d\u043e\u0448\u0435\u043d\u0438\u044f\u043c CCIE \u0441 \u044d\u043a\u043e\u043d\u043e\u043c\u0438\u0447\u0435\u0441\u043a\u0438\u043c\u0438 \u0430\u043a\u0442\u0435\u0440\u0430\u043c\u0438 \u0438 \u043e\u0440\u0433\u0430\u043d\u0430\u043c\u0438 \u0432\u043b\u0430\u0441\u0442\u0438 \u043d\u0430 \u043c\u0435\u0441\u0442\u0430\u0445<\/li><li>\u0417\u043d\u0430\u043d\u0438\u0435 \u043c\u0435\u0441\u0442\u043d\u044b\u0445 \u0438\u043d\u0441\u0442\u0438\u0442\u0443\u0446\u0438\u043e\u043d\u0430\u043b\u044c\u043d\u044b\u0445 \u0438 \u0430\u0434\u043c\u0438\u043d\u0438\u0441\u0442\u0440\u0430\u0442\u0438\u0432\u043d\u044b\u0445 \u043f\u0440\u043e\u0446\u0435\u0434\u0443\u0440<\/li><li>\u0418\u043d\u0444\u043e\u0440\u043c\u0430\u0446\u0438\u044e \u043e \u043b\u043e\u043a\u0430\u043b\u044c\u043d\u044b\u0445 \u0437\u043e\u043d\u0430\u0445 \u044d\u043a\u043e\u043d\u043e\u043c\u0438\u0447\u0435\u0441\u043a\u043e\u0433\u043e \u0440\u0430\u0437\u0432\u0438\u0442\u0438\u044f, \u0438\u0445 \u043f\u043e\u0442\u0440\u0435\u0431\u043d\u043e\u0441\u0442\u044f\u0445, \u043f\u0440\u0435\u0438\u043c\u0443\u0449\u0435\u0441\u0442\u0432\u0430\u0445 \u0438 \u043d\u0435\u0434\u043e\u0441\u0442\u0430\u0442\u043a\u0430\u0445 \u0441 \u0442\u043e\u0447\u043a\u0438 \u0437\u0440\u0435\u043d\u0438\u044f \u0438\u043d\u0432\u0435\u0441\u0442\u0438\u0446\u0438\u043e\u043d\u043d\u043e\u0433\u043e \u0438 \u043d\u0430\u043b\u043e\u0433\u043e\u0433\u043e \u0440\u0435\u0433\u0443\u043b\u0438\u0440\u043e\u0432\u0430\u043d\u0438\u044f<\/li><li>\u0417\u043d\u0430\u043d\u0438\u0435 \u043f\u0440\u0430\u0432\u043e\u0432\u044b\u0445 \u0441\u0438\u0441\u0442\u0435\u043c, \u0437\u0430\u043a\u043e\u043d\u043e\u0432 \u0438 \u043d\u043e\u0440\u043c\u0430\u0442\u0438\u0432\u043d\u044b\u0445 \u0430\u043a\u0442\u043e\u0432, \u0434\u0435\u0439\u0441\u0442\u0432\u0443\u044e\u0449\u0438\u0445 \u0432 \u044d\u043a\u043e\u043d\u043e\u043c\u0438\u0447\u0435\u0441\u043a\u043e\u0439 \u0438 \u0441\u043e\u0446\u0438\u0430\u043b\u044c\u043d\u043e-\u043f\u0440\u043e\u0444\u0435\u0441\u0441\u0438\u043e\u043d\u0430\u043b\u044c\u043d\u043e\u0439 \u043e\u0431\u043b\u0430\u0441\u0442\u044f\u0445<\/li><li>\u0421\u0435\u0442\u044c \u0434\u043b\u044f \u0441\u043e\u0437\u0434\u0430\u043d\u0438\u044f \u0442\u043e\u0440\u0433\u043e\u0432\u044b\u0445 \u043f\u043e\u0442\u043e\u043a\u043e\u0432, \u043f\u0440\u043e\u0438\u0437\u0432\u0435\u0434\u0435\u043d\u0438\u044f \u044d\u043a\u043e\u043d\u043e\u043c\u0438\u0447\u0435\u0441\u043a\u0438\u0445 \u0438 \u0444\u0438\u043d\u0430\u043d\u0441\u043e\u0432\u044b\u0445 \u043e\u043f\u0435\u0440\u0430\u0446\u0438\u0439.<\/li><\/ul>\t\t\t\t\t\t\t\t<\/div>\n\t\t\t\t<\/div>\n\t\t\t\t\t<\/div>\n\t\t<\/div>\n\t\t\t\t\t<\/div>\n\t\t<\/section>\n\t\t\t\t\t<\/div>\n\t\t<\/div>\n\t\t\t\t\t<\/div>\n\t\t<\/section>\n\t\t\t\t<\/div>","protected":false},"excerpt":{"rendered":"<p>Le CCIE Le CCIE vous permet de r\u00e9ussir vos d\u00e9veloppements sur un march\u00e9 d&rsquo;avenir Historique Le Centre de Commerce &amp; d&rsquo;Industrie Europ\u00e9en (CCIE) est cr\u00e9e en 2002, avec le soutien de la Repr\u00e9sentation de la Chambre de Commerce et d&rsquo;Industrie de la F\u00e9d\u00e9ration de Russie en France et B\u00e9n\u00e9lux, l&rsquo;Ecole Sup\u00e9rieure de Gestion et de [&hellip;]<\/p>\n","protected":false},"author":1,"featured_media":0,"parent":0,"menu_order":0,"comment_status":"closed","ping_status":"closed","template":"","meta":{"site-sidebar-layout":"no-sidebar","site-content-layout":"page-builder","ast-site-content-layout":"default","site-content-style":"default","site-sidebar-style":"default","ast-global-header-display":"","ast-banner-title-visibility":"","ast-main-header-display":"","ast-hfb-above-header-display":"","ast-hfb-below-header-display":"","ast-hfb-mobile-header-display":"","site-post-title":"disabled","ast-breadcrumbs-content":"","ast-featured-img":"disabled","footer-sml-layout":"","ast-disable-related-posts":"","theme-transparent-header-meta":"","adv-header-id-meta":"","stick-header-meta":"","header-above-stick-meta":"","header-main-stick-meta":"","header-below-stick-meta":"","astra-migrate-meta-layouts":"default","ast-page-background-enabled":"default","ast-page-background-meta":{"desktop":{"background-color":"","background-image":"","background-repeat":"repeat","background-position":"center center","background-size":"auto","background-attachment":"scroll","background-type":"","background-media":"","overlay-type":"","overlay-color":"","overlay-opacity":"","overlay-gradient":""},"tablet":{"background-color":"","background-image":"","background-repeat":"repeat","background-position":"center center","background-size":"auto","background-attachment":"scroll","background-type":"","background-media":"","overlay-type":"","overlay-color":"","overlay-opacity":"","overlay-gradient":""},"mobile":{"background-color":"","background-image":"","background-repeat":"repeat","background-position":"center center","background-size":"auto","background-attachment":"scroll","background-type":"","background-media":"","overlay-type":"","overlay-color":"","overlay-opacity":"","overlay-gradient":""}},"ast-content-background-meta":{"desktop":{"background-color":"var(--ast-global-color-5)","background-image":"","background-repeat":"repeat","background-position":"center center","background-size":"auto","background-attachment":"scroll","background-type":"","background-media":"","overlay-type":"","overlay-color":"","overlay-opacity":"","overlay-gradient":""},"tablet":{"background-color":"var(--ast-global-color-5)","background-image":"","background-repeat":"repeat","background-position":"center center","background-size":"auto","background-attachment":"scroll","background-type":"","background-media":"","overlay-type":"","overlay-color":"","overlay-opacity":"","overlay-gradient":""},"mobile":{"background-color":"var(--ast-global-color-5)","background-image":"","background-repeat":"repeat","background-position":"center center","background-size":"auto","background-attachment":"scroll","background-type":"","background-media":"","overlay-type":"","overlay-color":"","overlay-opacity":"","overlay-gradient":""}},"footnotes":""},"class_list":["post-247","page","type-page","status-publish","hentry"],"_links":{"self":[{"href":"https:\/\/c-cie.eu\/ru\/wp-json\/wp\/v2\/pages\/247","targetHints":{"allow":["GET"]}}],"collection":[{"href":"https:\/\/c-cie.eu\/ru\/wp-json\/wp\/v2\/pages"}],"about":[{"href":"https:\/\/c-cie.eu\/ru\/wp-json\/wp\/v2\/types\/page"}],"author":[{"embeddable":true,"href":"https:\/\/c-cie.eu\/ru\/wp-json\/wp\/v2\/users\/1"}],"replies":[{"embeddable":true,"href":"https:\/\/c-cie.eu\/ru\/wp-json\/wp\/v2\/comments?post=247"}],"version-history":[{"count":53,"href":"https:\/\/c-cie.eu\/ru\/wp-json\/wp\/v2\/pages\/247\/revisions"}],"predecessor-version":[{"id":6054,"href":"https:\/\/c-cie.eu\/ru\/wp-json\/wp\/v2\/pages\/247\/revisions\/6054"}],"wp:attachment":[{"href":"https:\/\/c-cie.eu\/ru\/wp-json\/wp\/v2\/media?parent=247"}],"curies":[{"name":"wp","href":"https:\/\/api.w.org\/{rel}","templated":true}]}}