{"id":1691,"date":"2023-11-10T20:50:42","date_gmt":"2023-11-10T19:50:42","guid":{"rendered":"https:\/\/c-cie.eu\/?page_id=1691"},"modified":"2023-12-10T02:54:32","modified_gmt":"2023-12-10T01:54:32","slug":"article-sommet-russie-afrique","status":"publish","type":"page","link":"https:\/\/c-cie.eu\/ru\/article-sommet-russie-afrique\/","title":{"rendered":"ARTICLE &#8211; Sommet Russie-Afrique 2023"},"content":{"rendered":"<figure class=\"wp-block-image aligncenter size-full is-resized\"><img fetchpriority=\"high\" decoding=\"async\" width=\"1024\" height=\"682\" src=\"https:\/\/c-cie.eu\/wp-content\/uploads\/2023\/11\/Images_TASS.jpg\" alt=\"\" class=\"wp-image-1692\" style=\"width:683px;height:auto\" srcset=\"https:\/\/c-cie.eu\/wp-content\/uploads\/2023\/11\/Images_TASS.jpg 1024w, https:\/\/c-cie.eu\/wp-content\/uploads\/2023\/11\/Images_TASS-300x200.jpg 300w, https:\/\/c-cie.eu\/wp-content\/uploads\/2023\/11\/Images_TASS-768x512.jpg 768w, https:\/\/c-cie.eu\/wp-content\/uploads\/2023\/11\/Images_TASS-18x12.jpg 18w\" sizes=\"(max-width: 1024px) 100vw, 1024px\" \/><\/figure>\n\n\n\n<p><\/p>\n\n\n\n<h2 class=\"wp-block-heading has-text-align-center has-text-color has-link-color has-large-font-size wp-elements-488f39ef2d726995f7cb993e6e1ba2d3\" style=\"color:#565e64\"><strong>Sommet Russie-Afrique 2023<\/strong><\/h2>\n\n\n\n<div style=\"height:20px\" aria-hidden=\"true\" class=\"wp-block-spacer\"><\/div>\n\n\n\n<p>Malgr\u00e9 la pression antirusse sans pr\u00e9c\u00e9dent de l\u2019Occident collectif am\u00e9ricano-centrique sur les pays du continent africain depuis le d\u00e9but de la guerre en Ukraine et jusqu&rsquo;\u00e0 ce jour, l\u2019initiative de contrer la politique de Moscou s\u2019est av\u00e9r\u00e9e un grand \u00e9chec.<\/p>\n\n\n\n<p>Ni les menaces directes et voil\u00e9es, ni les offres d\u2019alternatives all\u00e9chantes contre l\u2019abandon du vecteur du d\u00e9veloppement pro-russe n\u2019ont r\u00e9ussi \u00e0 briser la \u00ab\u00a0r\u00e9sistance\u00a0\u00bb africaine. Les faits sont t\u00eatus : la majorit\u00e9 \u00e9crasante des pays du continent noir participent au sommet \u00ab&nbsp;Russie-Afrique 2023&nbsp;\u00bb organis\u00e9 par Moscou.<\/p>\n\n\n\n<p>Pourquoi ?<\/p>\n\n\n\n<p>Il est incontestable que le camp occidental est, financi\u00e8rement, bien plus riche que la Russie et, th\u00e9oriquement, en mesure d&rsquo;offrir aux pays africains des perspectives financi\u00e8res et \u00e9conomiques bien plus attractives. Mais, il y a lieu de l&rsquo;effondrement quasi complet de l\u2019action antirusse occidentale de ce jour. L\u2019effondrement qui est directement associ\u00e9 \u00e0 la m\u00e9moire historique de l\u2019Afrique.<\/p>\n\n\n\n<p>La m\u00e9moire qui persiste malgr\u00e9 les grands efforts d\u00e9ploy\u00e9s par la vieille Europe ces derni\u00e8res ann\u00e9es pour nuancer les r\u00e9alit\u00e9s du pass\u00e9 : d\u2019un c\u00f4t\u00e9, les africains sont parfaitement conscients des r\u00e9sultats finaux de la coop\u00e9ration avec les anciennes puissances coloniales et vers o\u00f9 elle les a conduites ; de l\u2019autre c\u00f4t\u00e9, ils se souviennent toujours de la coop\u00e9ration avec la Russie, encore de l\u2019\u00e9poque sovi\u00e9tique, dont les r\u00e9sultats restent tangibles.<\/p>\n\n\n\n<p>L\u2019Afrique dispose d\u2019\u00e9l\u00e9ments concrets \u00e0 comparer, dans lesquels la Russie poss\u00e8de de dividendes historiques s\u00e9rieux et incontestables. C&rsquo;est pourquoi les efforts sans pr\u00e9c\u00e9dent du camp occidental pour discr\u00e9diter la Russie aux yeux de la communaut\u00e9 africaine ne peuvent \u00eatre couronn\u00e9s de succ\u00e8s.<\/p>\n\n\n\n<p>Cet atout historique dans les relations russo-africaines est \u00e9galement renforc\u00e9 par un \u00e9l\u00e9ment f\u00e9d\u00e9rateur fondamental suppl\u00e9mentaire : \u00e0 l&rsquo;instar du continent africain, la F\u00e9d\u00e9ration de Russie a \u00e9galement une importante exp\u00e9rience directe et am\u00e8re de la coop\u00e9ration avec l&rsquo;Occident, dont le mod\u00e8le \u00e9conomique global par rapport au monde non occidental a toujours \u00e9t\u00e9 et reste un mod\u00e8le d&rsquo;exploitation. Les Russes savent exactement par leur propre exp\u00e9rience des ann\u00e9es 1990 ce que les africains ont subi et continuent \u00e0 subir. &nbsp;&nbsp;<\/p>\n\n\n\n<p>Aujourd&rsquo;hui, de m\u00eame qu\u2019autrefois, l&rsquo;Occident am\u00e9ricano-centrique n&rsquo;offre aux partenaires africains aucune forme de coop\u00e9ration bas\u00e9e sur une parit\u00e9 et \u00e9galit\u00e9 r\u00e9elle, mais seulement l&rsquo;extension d&rsquo;un mod\u00e8le relationnel d\u00e9j\u00e0 connu et qui ne repr\u00e9sente pour toutes les nations africaines qu\u2019une exp\u00e9rience peu enviable de l&rsquo;\u00e8re post-coloniale.<\/p>\n\n\n\n<p>La F\u00e9d\u00e9ration de Russie, de son c\u00f4t\u00e9, propose un dialogue parfaitement \u00e9galitaire et mutuellement b\u00e9n\u00e9fique dans la pratique et non pas seulement dans les paroles et d\u00e9clarations.<\/p>\n\n\n\n<p>L&rsquo;un des piliers de la politique \u00e9trang\u00e8re russe \u00e0 l&rsquo;\u00e9gard du continent africain consiste dans le principe que l&rsquo;Afrique doit r\u00e9soudre ses probl\u00e8mes syst\u00e9miques sur la base de ses propres structures et m\u00e9thodes financi\u00e8res et politiques adapt\u00e9es aux sp\u00e9cificit\u00e9s des soci\u00e9t\u00e9s et des cultures du continent africain. Avec l&rsquo;effondrement du syst\u00e8me colonial et l&rsquo;ind\u00e9pendance, des structures politiques et financi\u00e8res, des r\u00e9seaux d&rsquo;interaction internationaux et des m\u00e9thodes de type europ\u00e9en et sous le contr\u00f4le occidental de ces derniers se sont impos\u00e9s sur le continent. Les structures, les r\u00e9seaux et les m\u00e9thodes qui se sont av\u00e9r\u00e9s extr\u00eamement inadapt\u00e9s aux sp\u00e9cificit\u00e9s africaines. Plus d&rsquo;un demi-si\u00e8cle d&rsquo;histoire contemporaine a d\u00e9montr\u00e9 leur \u00e9chec absolu.<\/p>\n\n\n\n<p>Bien s\u00fbr, purement \u00e9conomiquement, la F\u00e9d\u00e9ration de Russie p\u00e8se sur le continent africain beaucoup moins que les \u00c9tats-Unis d&rsquo;Am\u00e9rique, l&rsquo;Union europ\u00e9enne ou la Chine. Mais la Russie a des choses \u00e0 offrir. Et ses propositions sont de nature existentielle pour l&rsquo;avenir de l&rsquo;Afrique. Il s&rsquo;agit, d&rsquo;une part, de la participation au renforcement et \u00e0 la stabilisation de la s\u00e9curit\u00e9 sur le continent, y compris de la s\u00e9curit\u00e9 financi\u00e8re et alimentaire&nbsp;; et, d&rsquo;autre part, du transfert de technologies. Transfert de technologies dans divers domaines, comme dans l&rsquo;\u00e9nergie nucl\u00e9aire, o\u00f9 la Russie est le leader mondial, et qui ont la capacit\u00e9 de changer la face de l\u2019Afrique.<\/p>\n\n\n\n<p>A l&rsquo;avenir, la croissance de la population mondiale se fera principalement via le continent africain. Toutes les tendances d\u00e9mographiques le d\u00e9montrent. Dans la seconde moiti\u00e9 du si\u00e8cle en cours, chaque troisi\u00e8me ou quatri\u00e8me habitant de la terre na\u00eetra sur le continent africain, et la Russie ne peut que s&rsquo;int\u00e9resser au d\u00e9veloppement maximal des relations bilat\u00e9rales avec les pays africains. L&rsquo;objectif du forum \u00ab&nbsp;Russie-Afrique 2023&nbsp;\u00bb est d&rsquo;\u00e9largir le vecteur de la coop\u00e9ration russo-africaine et de designer le plan de son d\u00e9veloppement \u00e0 long terme.<\/p>","protected":false},"excerpt":{"rendered":"<p>Sommet Russie-Afrique 2023 Malgr\u00e9 la pression antirusse sans pr\u00e9c\u00e9dent de l\u2019Occident collectif am\u00e9ricano-centrique sur les pays du continent africain depuis le d\u00e9but de la guerre en Ukraine et jusqu&rsquo;\u00e0 ce jour, l\u2019initiative de contrer la politique de Moscou s\u2019est av\u00e9r\u00e9e un grand \u00e9chec. Ni les menaces directes et voil\u00e9es, ni les offres d\u2019alternatives all\u00e9chantes contre [&hellip;]<\/p>\n","protected":false},"author":2,"featured_media":0,"parent":0,"menu_order":0,"comment_status":"closed","ping_status":"closed","template":"","meta":{"site-sidebar-layout":"default","site-content-layout":"","ast-site-content-layout":"default","site-content-style":"default","site-sidebar-style":"default","ast-global-header-display":"","ast-banner-title-visibility":"","ast-main-header-display":"","ast-hfb-above-header-display":"","ast-hfb-below-header-display":"","ast-hfb-mobile-header-display":"","site-post-title":"disabled","ast-breadcrumbs-content":"","ast-featured-img":"","footer-sml-layout":"","ast-disable-related-posts":"","theme-transparent-header-meta":"","adv-header-id-meta":"","stick-header-meta":"","header-above-stick-meta":"","header-main-stick-meta":"","header-below-stick-meta":"","astra-migrate-meta-layouts":"set","ast-page-background-enabled":"default","ast-page-background-meta":{"desktop":{"background-color":"","background-image":"","background-repeat":"repeat","background-position":"center center","background-size":"auto","background-attachment":"scroll","background-type":"","background-media":"","overlay-type":"","overlay-color":"","overlay-opacity":"","overlay-gradient":""},"tablet":{"background-color":"","background-image":"","background-repeat":"repeat","background-position":"center center","background-size":"auto","background-attachment":"scroll","background-type":"","background-media":"","overlay-type":"","overlay-color":"","overlay-opacity":"","overlay-gradient":""},"mobile":{"background-color":"","background-image":"","background-repeat":"repeat","background-position":"center center","background-size":"auto","background-attachment":"scroll","background-type":"","background-media":"","overlay-type":"","overlay-color":"","overlay-opacity":"","overlay-gradient":""}},"ast-content-background-meta":{"desktop":{"background-color":"var(--ast-global-color-5)","background-image":"","background-repeat":"repeat","background-position":"center center","background-size":"auto","background-attachment":"scroll","background-type":"","background-media":"","overlay-type":"","overlay-color":"","overlay-opacity":"","overlay-gradient":""},"tablet":{"background-color":"var(--ast-global-color-5)","background-image":"","background-repeat":"repeat","background-position":"center center","background-size":"auto","background-attachment":"scroll","background-type":"","background-media":"","overlay-type":"","overlay-color":"","overlay-opacity":"","overlay-gradient":""},"mobile":{"background-color":"var(--ast-global-color-5)","background-image":"","background-repeat":"repeat","background-position":"center center","background-size":"auto","background-attachment":"scroll","background-type":"","background-media":"","overlay-type":"","overlay-color":"","overlay-opacity":"","overlay-gradient":""}},"footnotes":""},"class_list":["post-1691","page","type-page","status-publish","hentry"],"_links":{"self":[{"href":"https:\/\/c-cie.eu\/ru\/wp-json\/wp\/v2\/pages\/1691","targetHints":{"allow":["GET"]}}],"collection":[{"href":"https:\/\/c-cie.eu\/ru\/wp-json\/wp\/v2\/pages"}],"about":[{"href":"https:\/\/c-cie.eu\/ru\/wp-json\/wp\/v2\/types\/page"}],"author":[{"embeddable":true,"href":"https:\/\/c-cie.eu\/ru\/wp-json\/wp\/v2\/users\/2"}],"replies":[{"embeddable":true,"href":"https:\/\/c-cie.eu\/ru\/wp-json\/wp\/v2\/comments?post=1691"}],"version-history":[{"count":3,"href":"https:\/\/c-cie.eu\/ru\/wp-json\/wp\/v2\/pages\/1691\/revisions"}],"predecessor-version":[{"id":4548,"href":"https:\/\/c-cie.eu\/ru\/wp-json\/wp\/v2\/pages\/1691\/revisions\/4548"}],"wp:attachment":[{"href":"https:\/\/c-cie.eu\/ru\/wp-json\/wp\/v2\/media?parent=1691"}],"curies":[{"name":"wp","href":"https:\/\/api.w.org\/{rel}","templated":true}]}}