{"id":1681,"date":"2023-11-10T20:26:51","date_gmt":"2023-11-10T19:26:51","guid":{"rendered":"https:\/\/c-cie.eu\/?page_id=1681"},"modified":"2023-12-10T02:53:58","modified_gmt":"2023-12-10T01:53:58","slug":"article-tice","status":"publish","type":"page","link":"https:\/\/c-cie.eu\/ru\/article-tice\/","title":{"rendered":"ARTICLE &#8211; TICE"},"content":{"rendered":"<figure class=\"wp-block-image aligncenter size-large is-resized\"><img fetchpriority=\"high\" decoding=\"async\" width=\"1024\" height=\"626\" src=\"https:\/\/c-cie.eu\/wp-content\/uploads\/2023\/11\/revocation-tice-douma-1024x626.webp\" alt=\"\" class=\"wp-image-1682\" style=\"width:731px;height:auto\" srcset=\"https:\/\/c-cie.eu\/wp-content\/uploads\/2023\/11\/revocation-tice-douma-1024x626.webp 1024w, https:\/\/c-cie.eu\/wp-content\/uploads\/2023\/11\/revocation-tice-douma-300x184.webp 300w, https:\/\/c-cie.eu\/wp-content\/uploads\/2023\/11\/revocation-tice-douma-768x470.webp 768w, https:\/\/c-cie.eu\/wp-content\/uploads\/2023\/11\/revocation-tice-douma-18x12.webp 18w, https:\/\/c-cie.eu\/wp-content\/uploads\/2023\/11\/revocation-tice-douma.webp 1440w\" sizes=\"(max-width: 1024px) 100vw, 1024px\" \/><\/figure>\n\n\n\n<p><\/p>\n\n\n\n<h2 class=\"wp-block-heading has-text-align-center has-text-color has-link-color has-large-font-size wp-elements-343e2679fc18f7fd5da6d421fbab105a\" style=\"color:#565e64\"><strong>TICE&nbsp;: la Russie r\u00e9voque sa ratification<\/strong><\/h2>\n\n\n\n<div style=\"height:20px\" aria-hidden=\"true\" class=\"wp-block-spacer\"><\/div>\n\n\n\n<p>Apr\u00e8s la suspension le 23 f\u00e9vrier 2023 par la F\u00e9d\u00e9ration de Russie de sa participation au trait\u00e9 sur la r\u00e9duction des armements strat\u00e9giques offensifs Start-II\/SNV-III &#8211; qui n\u2019est que la suite logique et pr\u00e9visible d\u00e9coulant du nouveau caract\u00e8re des relations russo-occidentales instaur\u00e9es depuis le d\u00e9but de l\u2019ann\u00e9e 2022&nbsp;face \u00e0 la menace d\u00e9clar\u00e9e et partiellement mise en \u0153uvre par l\u2019Occident collectif am\u00e9ricano-centrique &#8211; la Russie a proc\u00e9d\u00e9 \u00e0 la suppression l\u00e9gale des restrictions au d\u00e9veloppement de son armement strat\u00e9gique. C\u2019est un nouveau pas significatif qui a \u00e9t\u00e9 entrepris par Moscou dans le renforcement de sa s\u00e9curit\u00e9 nationale.<\/p>\n\n\n\n<p class=\"has-black-color has-text-color has-link-color wp-elements-674eeb7b74f7d0d1e1ee6298aeb94c57\"><a>\u00c0 la suite du vote \u00e0 la majorit\u00e9 absolue de la Douma d&rsquo;\u00c9tat (chambre basse de l\u2019Assembl\u00e9e f\u00e9d\u00e9rale\/parlement de la F\u00e9d\u00e9ration de Russie) en faveur de <strong>la r\u00e9vocation de la ratification russe du<\/strong> <strong>Trait\u00e9 d\u2019interdiction compl\u00e8te des essais nucl\u00e9aires (TICE)<\/strong> le 18 octobre dernier, et \u00e0 la suite du vote \u00e0 l\u2019unanimit\u00e9 par le Conseil de la F\u00e9d\u00e9ration (chambre haute) dans le m\u00eame sens le 25 octobre &#8211; le pr\u00e9sident russe Vladimir Poutine a sign\u00e9 la loi, le 2 novembre, qui fait entrer en vigueur ladite r\u00e9vocation de la ratification.<\/a><\/p>\n\n\n\n<p>Pr\u00e9c\u00e9demment, le pr\u00e9sident de la Douma Viatcheslav Volodine a d\u00e9clar\u00e9 que le projet de loi avait \u00e9t\u00e9 sign\u00e9 par 438 sur les 450 d\u00e9put\u00e9s, en soulignant que la consolidation d&rsquo;une telle ampleur est assez rare et n\u2019est qu\u2019une r\u00e9ponse \u00e0 l\u2019attitude grossi\u00e8re des \u00c9tats-Unis \u00e0 l&rsquo;\u00e9gard de leurs responsabilit\u00e9s dans le maintien de la s\u00e9curit\u00e9 mondiale.<\/p>\n\n\n\n<p>De son c\u00f4t\u00e9, le premier vice-pr\u00e9sident du Comit\u00e9 du Conseil de la F\u00e9d\u00e9ration pour les affaires internationales Sergey Kislyak a d\u00e9clar\u00e9&nbsp;: \u00ab&nbsp;L\u2019article sur la ratification du trait\u00e9 d\u2019interdiction compl\u00e8te des essais nucl\u00e9aires de la loi f\u00e9d\u00e9rale de l\u2019an 2000 a \u00e9t\u00e9 abrog\u00e9. Les autres dispositions de la loi qui concernent la mise en \u0153uvre du trait\u00e9 d\u2019interdiction compl\u00e8te des essais nucl\u00e9aires et la participation de la F\u00e9d\u00e9ration de Russie \u00e0 celui-ci, restent inchang\u00e9es&nbsp;\u00bb. Le s\u00e9nateur a soulign\u00e9 que le TICE est un instrument important dans le domaine du contr\u00f4le des armements et de la non-prolif\u00e9ration des armes nucl\u00e9aires. \u00ab&nbsp;C\u2019est ainsi que notre pays a consid\u00e9r\u00e9 ce trait\u00e9 pendant toutes ces ann\u00e9es, en demandant l\u2019adh\u00e9sion de tous les \u00c9tats \u00e0 ce dernier. La r\u00e9vocation de la ratification n\u2019emp\u00eache pas la poursuite d\u2019une approche constructive. La Russie reste un \u00c9tat signataire avec tous les droits et responsabilit\u00e9s que cela implique&nbsp;\u00bb.<\/p>\n\n\n\n<p>La F\u00e9d\u00e9ration de Russie, de m\u00eame que les Etats-Unis d\u2019Am\u00e9rique, a sign\u00e9 le Trait\u00e9, le 24 septembre 1996, en comptant, comme le reste de l\u2019humanit\u00e9, que le TICE deviendrait un instrument juridique international majeur interdisant tout type d\u2019essais nucl\u00e9aires et mettrait fin, \u00e0 tout jamais, au danger de l\u2019apocalypse nucl\u00e9aire qui a plan\u00e9 sur le monde durant la guerre froide.<\/p>\n\n\n\n<p>Toutefois, un accord \u00e9tatique international n\u2019est consid\u00e9r\u00e9 comme valide et entre en vigueur qu\u2019\u00e0 la ratification par les pays-signataires, sans quoi il n\u2019a pas plus de valeur juridique qu\u2019une simple \u00ab&nbsp;lettre d\u2019intentions&nbsp;\u00bb qui n\u2019en a aucune. Moscou ratifie son engagement, le 30 juin 2000&nbsp;; Washington ne l\u2019a jamais fait. Ainsi, la politique classique des doubles standards des \u00c9tats-Unis et l\u2019irresponsabilit\u00e9 chronique face aux questions de la s\u00e9curit\u00e9 internationale a d\u00e9truit le sens m\u00eame de l\u2019existence du Trait\u00e9 d\u2019interdiction compl\u00e8te des essais nucl\u00e9aires. Vingt-sept ans pass\u00e9s, il n\u2019est toujours pas entr\u00e9 en vigueur et avec les repr\u00e9sailles en forme du retrait actuel de la ratification par la Russie, premi\u00e8re puissance nucl\u00e9aire &#8211; le Trait\u00e9 peut \u00eatre consid\u00e9r\u00e9 comme mort et enterr\u00e9.<\/p>\n\n\n\n<p>Une telle attitude arrogante de l\u2019Etat am\u00e9ricain est fond\u00e9e, avant tout, sur la croyance d\u2019\u00eatre une nation sup\u00e9rieure \u00e9lue par Dieu pour gouverner le monde \u00e0 tout jamais &#8211; les lois sont \u00e9crites pour les nations inf\u00e9rieures. Croyance, qui est aussi profonde que l\u2019ignorance non seulement de l\u2019histoire peu enviable de tous les empires du pass\u00e9, mais \u00e9galement de sa propre histoire. L\u2019ignorance qui lui fait oublier l\u2019humilit\u00e9 pouvant rappeler la r\u00e9alit\u00e9 historique&nbsp;: les seules capacit\u00e9s et aptitudes poss\u00e9d\u00e9es par les Etats-Unis d\u2019Am\u00e9rique ont \u00e9t\u00e9, cela fait seulement 200 ans, de faire pousser le coton par des esclaves et de perp\u00e9trer les massacres \u00e0 grande \u00e9chelle des populations indig\u00e8nes du continent, afin de voler leurs terres et ressources.<\/p>\n\n\n\n<p>Malgr\u00e9 la propagande men\u00e9e par le pouvoir \u00ab&nbsp;atlantiste&nbsp;\u00bb via les m\u00e9dias mainstream occidentaux accusant la Russie de casser l\u2019architecture de la s\u00e9curit\u00e9 nucl\u00e9aire mondiale, la r\u00e9alit\u00e9 est bien diff\u00e9rente de leur narratif&nbsp;: l\u2019initiative russe n\u2019est qu\u2019une r\u00e9ponse mesur\u00e9e et logique \u00e0 la strat\u00e9gie belliqueuse am\u00e9ricaine de longue date concernant les armements nucl\u00e9aires.<\/p>\n\n\n\n<p>La non-ratification du TICE par les Etats-Unis, sign\u00e9e en 1996, n\u2019est nullement la seule initiative am\u00e9ricaine, afin de maintenir le monde dans la tension du danger permanent d\u2019une guerre nucl\u00e9aire. Washington est d\u00e9j\u00e0 l\u2019auteur du retrait, en juin 2002, du trait\u00e9 ABM sur la limitation des syst\u00e8mes de d\u00e9fense contre les missiles balistiques&nbsp;; du retrait, en mai 2018, de l\u2019accord de Vienne sur le nucl\u00e9aire iranien&nbsp;; du retrait, en ao\u00fbt 2019, du trait\u00e9 INF sur les missiles nucl\u00e9aires \u00e0 port\u00e9e interm\u00e9diaire, ainsi que du retrait, en mai 2020, du trait\u00e9 \u00ab&nbsp;Ciel ouvert&nbsp;\u00bb sur la v\u00e9rification des mouvements militaires et de la limitation des armements.<\/p>\n\n\n\n<p>Ce n\u2019est pas depuis le d\u00e9but de la guerre en Ukraine, mais depuis plus de 20 ans que les Etats-Unis d\u2019Am\u00e9rique m\u00e8nent une politique du d\u00e9sengagement vis-\u00e0-vis des obligations internationales prises auparavant&nbsp;: le retrait unilat\u00e9ral de l\u2019int\u00e9gralit\u00e9 des accords internationaux cl\u00e9s sur le contr\u00f4le des armements nucl\u00e9aires, hormis celui sur la non-prolif\u00e9ration des armes nucl\u00e9aires, sign\u00e9 en 1968, et celui de Start-II.<\/p>\n\n\n\n<p>En constatant cela, la F\u00e9d\u00e9ration de Russie est en train de prendre des mesures vis-\u00e0-vis de sa force de dissuasion nucl\u00e9aire qui est consid\u00e9r\u00e9e, \u00e0 juste titre, comme un \u00e9l\u00e9ment suffisant pour assurer la mission qui est la sienne : dissuader les adversaires d\u2019engager leurs forces arm\u00e9es dans une confrontation directe avec la Russie, ce qui, selon la doctrine militaire russe en vigueur, m\u00e8nerait directement \u00e0 des frappes nucl\u00e9aires de repr\u00e9sailles des cibles strat\u00e9giques ennemies.<\/p>\n\n\n\n<p>Parmi les pays disposant d\u2019armes nucl\u00e9aires, les Etats-Unis d\u2019Am\u00e9rique sont en t\u00eate de ceux qui n\u2019ont jamais ratifi\u00e9 leur engagement aupr\u00e8s du TICE. Plusieurs autres pays disposant de l\u2019arme nucl\u00e9aire n\u2019ont pas ratifi\u00e9 le Trait\u00e9, voir ne l\u2019ont jamais sign\u00e9&nbsp;: l\u2019Isra\u00ebl, la Cor\u00e9e du Nord, la Chine, le Pakistan et l\u2019Inde. Mais c\u2019est bien aux Etats-Unis que s\u2019adresse le message de la nouvelle disposition de la Russie vis-\u00e0-vis des essais nucl\u00e9aires. Les Etats-Unis, de plus en plus agressifs sur la sc\u00e8ne internationale en vue de l\u2019effondrement imminant de leur domination politico-militaire mondiale qui est d\u00fb \u00e0 l\u2019an\u00e9antissement progressif in\u00e9luctable engag\u00e9 de la domination mon\u00e9taire am\u00e9ricaine et du syst\u00e8me des p\u00e9trodollars instaur\u00e9 en 1979.<\/p>\n\n\n\n<p>Dans le cadre de la lutte des Etats-Unis pour sa survie en tant que puissance dominatrice, l\u2019intensification de leurs hostilit\u00e9s vis-\u00e0-vis du reste du monde et la cr\u00e9ation de nouveaux foyers de conflits arm\u00e9s ne vont que s\u2019accroitre au degr\u00e9 proportionnel de la diminution de leur supr\u00e9matie.<\/p>\n\n\n\n<p>Ainsi, les d\u00e9clarations de Moscou stipulant que les nouveaux essais d\u2019armes nucl\u00e9aires n\u2019auront lieu du c\u00f4t\u00e9 russe qu\u2019\u00e0 l\u2019accroissement des hostilit\u00e9s occidentales envers la Russie, dont les \u00e9ventuels essais nucl\u00e9aires par les Am\u00e9ricains, ne peuvent \u00eatre consid\u00e9r\u00e9es autrement que par la mise en demeure avant le d\u00e9but des essais des nouvelles armes nucl\u00e9aires r\u00e9volutionnaires en possession des forces arm\u00e9es de la F\u00e9d\u00e9ration de Russie. &nbsp;&nbsp;&nbsp;&nbsp;&nbsp; Un nouvel \u00e9quilibre g\u00e9ostrat\u00e9gique, dor\u00e9navant in\u00e9vitable, est en train d\u2019\u00eatre instaur\u00e9. L\u2019\u00e9quilibre qui ne sera plus bas\u00e9 sur les accords, les trait\u00e9s et les partenariats entre la Russie et l\u2019Occident collectif, mais sur la parit\u00e9 militaire rajust\u00e9e en flux tendu entre les parties.<\/p>","protected":false},"excerpt":{"rendered":"<p>TICE&nbsp;: la Russie r\u00e9voque sa ratification Apr\u00e8s la suspension le 23 f\u00e9vrier 2023 par la F\u00e9d\u00e9ration de Russie de sa participation au trait\u00e9 sur la r\u00e9duction des armements strat\u00e9giques offensifs Start-II\/SNV-III &#8211; qui n\u2019est que la suite logique et pr\u00e9visible d\u00e9coulant du nouveau caract\u00e8re des relations russo-occidentales instaur\u00e9es depuis le d\u00e9but de l\u2019ann\u00e9e 2022&nbsp;face \u00e0 [&hellip;]<\/p>\n","protected":false},"author":2,"featured_media":0,"parent":0,"menu_order":0,"comment_status":"closed","ping_status":"closed","template":"","meta":{"site-sidebar-layout":"default","site-content-layout":"","ast-site-content-layout":"default","site-content-style":"default","site-sidebar-style":"default","ast-global-header-display":"","ast-banner-title-visibility":"","ast-main-header-display":"","ast-hfb-above-header-display":"","ast-hfb-below-header-display":"","ast-hfb-mobile-header-display":"","site-post-title":"disabled","ast-breadcrumbs-content":"","ast-featured-img":"","footer-sml-layout":"","ast-disable-related-posts":"","theme-transparent-header-meta":"","adv-header-id-meta":"","stick-header-meta":"","header-above-stick-meta":"","header-main-stick-meta":"","header-below-stick-meta":"","astra-migrate-meta-layouts":"set","ast-page-background-enabled":"default","ast-page-background-meta":{"desktop":{"background-color":"","background-image":"","background-repeat":"repeat","background-position":"center center","background-size":"auto","background-attachment":"scroll","background-type":"","background-media":"","overlay-type":"","overlay-color":"","overlay-opacity":"","overlay-gradient":""},"tablet":{"background-color":"","background-image":"","background-repeat":"repeat","background-position":"center center","background-size":"auto","background-attachment":"scroll","background-type":"","background-media":"","overlay-type":"","overlay-color":"","overlay-opacity":"","overlay-gradient":""},"mobile":{"background-color":"","background-image":"","background-repeat":"repeat","background-position":"center center","background-size":"auto","background-attachment":"scroll","background-type":"","background-media":"","overlay-type":"","overlay-color":"","overlay-opacity":"","overlay-gradient":""}},"ast-content-background-meta":{"desktop":{"background-color":"var(--ast-global-color-5)","background-image":"","background-repeat":"repeat","background-position":"center center","background-size":"auto","background-attachment":"scroll","background-type":"","background-media":"","overlay-type":"","overlay-color":"","overlay-opacity":"","overlay-gradient":""},"tablet":{"background-color":"var(--ast-global-color-5)","background-image":"","background-repeat":"repeat","background-position":"center center","background-size":"auto","background-attachment":"scroll","background-type":"","background-media":"","overlay-type":"","overlay-color":"","overlay-opacity":"","overlay-gradient":""},"mobile":{"background-color":"var(--ast-global-color-5)","background-image":"","background-repeat":"repeat","background-position":"center center","background-size":"auto","background-attachment":"scroll","background-type":"","background-media":"","overlay-type":"","overlay-color":"","overlay-opacity":"","overlay-gradient":""}},"footnotes":""},"class_list":["post-1681","page","type-page","status-publish","hentry"],"_links":{"self":[{"href":"https:\/\/c-cie.eu\/ru\/wp-json\/wp\/v2\/pages\/1681","targetHints":{"allow":["GET"]}}],"collection":[{"href":"https:\/\/c-cie.eu\/ru\/wp-json\/wp\/v2\/pages"}],"about":[{"href":"https:\/\/c-cie.eu\/ru\/wp-json\/wp\/v2\/types\/page"}],"author":[{"embeddable":true,"href":"https:\/\/c-cie.eu\/ru\/wp-json\/wp\/v2\/users\/2"}],"replies":[{"embeddable":true,"href":"https:\/\/c-cie.eu\/ru\/wp-json\/wp\/v2\/comments?post=1681"}],"version-history":[{"count":4,"href":"https:\/\/c-cie.eu\/ru\/wp-json\/wp\/v2\/pages\/1681\/revisions"}],"predecessor-version":[{"id":4547,"href":"https:\/\/c-cie.eu\/ru\/wp-json\/wp\/v2\/pages\/1681\/revisions\/4547"}],"wp:attachment":[{"href":"https:\/\/c-cie.eu\/ru\/wp-json\/wp\/v2\/media?parent=1681"}],"curies":[{"name":"wp","href":"https:\/\/api.w.org\/{rel}","templated":true}]}}