{"id":1668,"date":"2023-11-10T20:15:56","date_gmt":"2023-11-10T19:15:56","guid":{"rendered":"https:\/\/c-cie.eu\/?page_id=1668"},"modified":"2023-12-10T02:58:21","modified_gmt":"2023-12-10T01:58:21","slug":"article-frappe-sur-slaviansk","status":"publish","type":"page","link":"https:\/\/c-cie.eu\/ru\/article-frappe-sur-slaviansk\/","title":{"rendered":"ARTICLE &#8211; Frappe sur Slaviansk"},"content":{"rendered":"<figure class=\"wp-block-image aligncenter size-full is-resized\"><img fetchpriority=\"high\" decoding=\"async\" width=\"538\" height=\"594\" src=\"https:\/\/c-cie.eu\/wp-content\/uploads\/2023\/11\/1-12.jpg\" alt=\"\" class=\"wp-image-1669\" style=\"width:385px;height:auto\" srcset=\"https:\/\/c-cie.eu\/wp-content\/uploads\/2023\/11\/1-12.jpg 538w, https:\/\/c-cie.eu\/wp-content\/uploads\/2023\/11\/1-12-272x300.jpg 272w, https:\/\/c-cie.eu\/wp-content\/uploads\/2023\/11\/1-12-11x12.jpg 11w\" sizes=\"(max-width: 538px) 100vw, 538px\" \/><\/figure>\n\n\n\n<h2 class=\"wp-block-heading has-text-align-center has-text-color has-link-color has-large-font-size wp-elements-4061ef1d6b0b1093b9af3f32c34d6f63\" style=\"color:#565e64\">l\u2019Ukraine : la frappe meurtri\u00e8re sur l\u2019immeuble r\u00e9sidentiel \u00e0 Slaviansk par un&nbsp;missile \u00ab russe \u00bb<\/h2>\n\n\n\n<div style=\"height:20px\" aria-hidden=\"true\" class=\"wp-block-spacer\"><\/div>\n\n\n\n<p>Apr\u00e8s la frappe meurtri\u00e8re sur un immeuble r\u00e9sidentiel dans la ville de Slaviansk de la r\u00e9gion du Donetsk, \u00e0 Donbass, le 14 avril dernier,&nbsp;la propagande de Kiev diffuse largement la vid\u00e9o des restes d\u2019un missile de fabrication russe en affirmant que ce sont les&nbsp;restes d\u2019un missile lanc\u00e9 par les monstres russes, l&rsquo;un de ceux qui ont touch\u00e9 l\u2019immeuble.<\/p>\n\n\n\n<figure class=\"wp-block-embed aligncenter is-type-video is-provider-youtube wp-block-embed-youtube wp-embed-aspect-16-9 wp-has-aspect-ratio\"><div class=\"wp-block-embed__wrapper\">\n<iframe title=\"Les RESTES D\u2019UN MISSILE \u00ab RUSSE \u00bb APRES LA FRAPPE MEURTRUERE d\u2019un IMMEUBLE RESIDENTIEL A SLAVIANSK.\" width=\"500\" height=\"281\" src=\"https:\/\/www.youtube.com\/embed\/7DUW-DmrFrY?feature=oembed\" frameborder=\"0\" allow=\"accelerometer; autoplay; clipboard-write; encrypted-media; gyroscope; picture-in-picture; web-share\" referrerpolicy=\"strict-origin-when-cross-origin\" allowfullscreen><\/iframe>\n<\/div><\/figure>\n\n\n\n<p>La propagande sur les missiles russes bombardant les civils, r\u00e9p\u00e9t\u00e9e \u00e0 de nombreuses reprises d\u00e8s le d\u00e9but de la phase active du conflit en Ukraine est largement et&nbsp;aveuglement reprise par les mainstream m\u00e9dias occidentaux, sans le d\u00e9but d\u2019une moindre v\u00e9rification des faits.&nbsp;<\/p>\n\n\n\n<p>Aujourd\u2019hui, l\u2019appareil de propagande du r\u00e9gime de Kiev a fait, une fois de plus, une&nbsp;grave erreur en montrant le num\u00e9ro de s\u00e9rie de la fus\u00e9e (plus pr\u00e9cis\u00e9ment, du moteur de celle-ci)&nbsp;: 5V55.&nbsp;Pourquoi ceci est une grave erreur ? C\u2019est tr\u00e8s simple : ce num\u00e9ro 5V55 (5B55 en russe) est celui attribu\u00e9 \u00e0 la&nbsp;premi\u00e8re s\u00e9rie du complexe S-300 PS de la d\u00e9fense a\u00e9rienne. A savoir, que cela est justement l\u2019un des seules trois syst\u00e8mes de missile anti-a\u00e9rien que les forces arm\u00e9es ukrainiennes&nbsp;disposent depuis 1991 (hormis les toutes nouvelles livraisons des syst\u00e8mes occidentaux) : S-300 PT, S-300 PS&nbsp;et S-300 V.<\/p>\n\n\n\n<p>En ce qui concerne les unit\u00e9s de la d\u00e9fense a\u00e9rienne des forces arm\u00e9es de la F\u00e9d\u00e9ration de Russie, elles ont \u00e9t\u00e9&nbsp;int\u00e9gralement r\u00e9\u00e9quip\u00e9es des ann\u00e9es auparavant, bien avant le d\u00e9but du conflit en Ukraine, par la version&nbsp;ult\u00e9rieure et profond\u00e9ment modernis\u00e9e de ce syst\u00e8me de d\u00e9fense. Version structurellement distincte et qui comporte des num\u00e9ros de s\u00e9ries compl\u00e8tement diff\u00e9rents de ceux affich\u00e9s sur le corps du&nbsp;propulseur expos\u00e9 par l\u2019Ukraine actuellement.<\/p>\n\n\n\n<p>Plus un seul syst\u00e8me S-300 PS n\u2019est en service au sein de l\u2019arm\u00e9e russe.&nbsp;&nbsp;<\/p>\n\n\n\n<p>Ainsi, l\u2019appareil de propagande de Kiev, sans le vouloir, confirme que l&rsquo;attaque meurtri\u00e8re contre l\u2019immeuble&nbsp;r\u00e9sidentiel \u00e0 Slaviansk &#8211; ville, dont la majorit\u00e9 de la population est profond\u00e9ment pro-russe &#8211; a \u00e9t\u00e9 inflig\u00e9e par un missile de leur propre syst\u00e8me de d\u00e9fense antia\u00e9rienne. &nbsp;<\/p>\n\n\n\n<p>Ce fait malheureux est, en soit, pas \u00e9tonnant, \u00e9tant donn\u00e9 que les forces arm\u00e9es ukrainiennes placent une partie de leurs lanceurs&nbsp;obsol\u00e8tes \u00e9quip\u00e9s souvent de missiles d\u00e9fectueux, faute d\u2019\u00e2ge, directement sur les territoires des villes, en total violation du droit international&nbsp;humanitaire. Par ailleurs, l\u2019utilisation des missiles S-300 dans le ciel au-dessus de zones densement peupl\u00e9es n\u2019est nullement dissimul\u00e9e par les autorit\u00e9s ukrainiennes qui se vantent r\u00e9guli\u00e8rement d\u2019avoir abattu des fus\u00e9es russes au-dessus de telle ou telle ville ukrainienne.<\/p>\n\n\n\n<p>A noter que ce type d\u2019\u00ab accident \u00bb n\u2019arrive g\u00e8re pour la premi\u00e8re fois. Parmi les derniers, les plus connus, celui en date du 8 avril 2022,&nbsp;quand exactement la m\u00eame modification obsol\u00e8te du missile antia\u00e9rien a frapp\u00e9 la gare de la ville de Kramatorsk. De&nbsp;m\u00eame que pour le projectile tomb\u00e9 sur l\u2019immeuble r\u00e9sidentiel \u00e0 Slaviansk, le num\u00e9ro de s\u00e9rie de celui retrouv\u00e9 sur&nbsp;le lieu du massacre \u00e0 Kramatorsk \u00e9tait bien celui en service dans les forces arm\u00e9es ukrainiennes. Vu que des restes&nbsp;de la fus\u00e9e du m\u00eame syst\u00e8me ont \u00e9t\u00e9 retrouv\u00e9s par les forces pro-russes sur leurs positions bombard\u00e9es dans le Donbass d\u00e8s 2015 et qu\u2019ils comportaient des num\u00e9ros de s\u00e9ries extr\u00eamement proches de celui explos\u00e9 le 8 avril&nbsp;2022 &#8211; m\u00eame l\u2019unit\u00e9 pr\u00e9cise des forces antia\u00e9riennes de l\u2019arm\u00e9e ukrainienne qui les a lanc\u00e9s a \u00e9t\u00e9 d\u00e9termin\u00e9e. Une&nbsp;affaire judiciaire est instruite et le tribunal du Donetsk attend les responsables pour les traduire en justice. &nbsp;<\/p>\n\n\n\n<p>Nul besoin de commenter en d\u00e9tail un autre cas connu, quand ce m\u00eame mod\u00e8le de missile ukrainien est tomb\u00e9 sur le territoire&nbsp;de la Pologne, \u00e0 Przewodow, le 15 novembre 2022, et y faisant une victime civile. Une d\u00e9claration du mensonge pr\u00e9m\u00e9dit\u00e9 de Zelensky a imm\u00e9diatement suivi le m\u00e9fait en accusant la Russie. M\u00eame apr\u00e8s l&rsquo;apport des preuves mat\u00e9rielles indiscutables du contraire par la Pologne, qui a d\u00fb le faire, vu l&rsquo;\u00e9vidence flagrante des faits, et non pas suite au z\u00e8le vis-\u00e0-vis de la v\u00e9rit\u00e9 &#8211; aucun r\u00e9el retour formel, direct et officiel sur sa d\u00e9claration n&rsquo;a jamais eu lieu de la part de Kiev et aucune prise de responsabilit\u00e9 n&rsquo;a toujours pas eu et, d\u2019ailleurs, n\u2019aura jamais lieu.<\/p>\n\n\n\n<p>Bien \u00e9videmment, le pouvoir ukrainien a trouv\u00e9 la parade, l&rsquo;unique possible, pour expliquer ces faits plus que g\u00eanants en&nbsp;d\u00e9clarant haut et fort que l\u2019arm\u00e9e russe continue \u00e0 utiliser les missiles de cette modification obsol\u00e8te pour la raison que leurs missiles plus modernes sont \u00e0 deux pas d&rsquo;\u00eatre \u00e9puis\u00e9s. La premi\u00e8re d\u00e9claration de Kiev sur l&rsquo;\u00e9puisement imminent des missiles modernes russes date du mois de mars 2022 &#8211; second mois de la confrontation. Tout au long de l\u2019ann\u00e9e qui a suivi, cette annonce farfelue a \u00e9t\u00e9 r\u00e9p\u00e9t\u00e9e \u00e0 des nombreuses reprises, sans se soucier du fait que chaque mois suivant la r\u00e9alit\u00e9 sur le th\u00e9\u00e2tre des op\u00e9rations d\u00e9montrait le contraire. &nbsp;&nbsp;<\/p>\n\n\n\n<p>En incriminant l\u2019utilisation des syst\u00e8mes S-300 \u00e0 la Russie, Kiev en tire&nbsp;un double b\u00e9n\u00e9fice : d&rsquo;une part, en se soustrayant de sa responsabilit\u00e9 sur des crimes commis contre sa propre population, d\u2019une&nbsp;mani\u00e8re volontaire ou involontaire; d&rsquo;autre part, en remettant cette lourde accusation sur les forces arm\u00e9es russes, le r\u00e9gime ukrainien&nbsp;fournit un des \u00e9l\u00e9ments cl\u00e9s pour le fonctionnement de l\u2019appareil de la propagande \u00ab atlantiste \u00bb qui n\u2019a certainement&nbsp;gu\u00e8re besoin de la moindre preuve \u00e0 l\u2019appui dans le cadre de la guerre de la d\u00e9sinformation qu\u2019elle m\u00e8ne vis-\u00e0-vis de la population occidentale, afin de continuer \u00e0 recevoir l\u2019approbation de la majorit\u00e9 pour la continuation&nbsp;de l\u2019alimentation militaro-financi\u00e8re de la guerre en Ukraine.<\/p>\n\n\n\n<p>&nbsp;Les d\u00e9clarations sur l\u2019utilisation par l\u2019arm\u00e9e russe des syst\u00e8me obsol\u00e8tes S-300 PS comportant les num\u00e9ros de&nbsp;s\u00e9rie 5V55 sont mensong\u00e8res et totalement coup\u00e9es de la r\u00e9alit\u00e9. &nbsp;<\/p>\n\n\n\n<p>N\u2019ayant pass\u00e9 dans ma jeunesse qu\u2019une ann\u00e9e dans les murs d\u2019une \u00e9cole militaire sup\u00e9rieure du commandement&nbsp;des r\u00e9giments des missiles strat\u00e9giques de la F\u00e9d\u00e9ration de Russie, mais en ayant, n\u00e9anmoins, toujours de bons&nbsp;contacts aupr\u00e8s des officiers des divers r\u00e9giments russes de missiles qui sont une excellente source d\u2019information&nbsp;sur le sujet, il ne m\u2019est pas difficile d\u2019exposer tr\u00e8s en d\u00e9tail les preuves techniques prouvant les mensonges&nbsp;orchestr\u00e9s par le r\u00e9gime de Kiev. &nbsp; Un tel expos\u00e9 prendra plusieurs pages &#8211; je me retiens donc de le produire au sein de cet article. Cela \u00e9tant, je mets au&nbsp;d\u00e9fi les journalistes \u00e0 l\u2019esprit corrompu et principes moraux discutables des mass-m\u00e9dias de la propagande \u00ab atlantiste \u00bb russophobe de m\u2019exposer leurs \u00ab preuves \u00bb de l\u2019origine russe des crimes de guerre en question et de m\u2019obliger, ainsi, \u00e0 pr\u00e9senter un dossier complet sur le sujet qui sera la preuve de leur profonde incomp\u00e9tence et amateurisme dans&nbsp;le m\u00e9tier de journaliste qu\u2019ils n\u2019ont pas d\u00fb choisir et dont l\u2019action fr\u00f4le le crime, tout au moins sur le plan moral, vu les&nbsp;ravages qu\u2019elle cause dans les esprits des masses cr\u00e9dules. <\/p>","protected":false},"excerpt":{"rendered":"<p>l\u2019Ukraine : la frappe meurtri\u00e8re sur l\u2019immeuble r\u00e9sidentiel \u00e0 Slaviansk par un&nbsp;missile \u00ab russe \u00bb Apr\u00e8s la frappe meurtri\u00e8re sur un immeuble r\u00e9sidentiel dans la ville de Slaviansk de la r\u00e9gion du Donetsk, \u00e0 Donbass, le 14 avril dernier,&nbsp;la propagande de Kiev diffuse largement la vid\u00e9o des restes d\u2019un missile de fabrication russe en affirmant [&hellip;]<\/p>\n","protected":false},"author":2,"featured_media":0,"parent":0,"menu_order":0,"comment_status":"closed","ping_status":"closed","template":"","meta":{"site-sidebar-layout":"default","site-content-layout":"","ast-site-content-layout":"default","site-content-style":"default","site-sidebar-style":"default","ast-global-header-display":"","ast-banner-title-visibility":"","ast-main-header-display":"","ast-hfb-above-header-display":"","ast-hfb-below-header-display":"","ast-hfb-mobile-header-display":"","site-post-title":"disabled","ast-breadcrumbs-content":"","ast-featured-img":"","footer-sml-layout":"","ast-disable-related-posts":"","theme-transparent-header-meta":"","adv-header-id-meta":"","stick-header-meta":"","header-above-stick-meta":"","header-main-stick-meta":"","header-below-stick-meta":"","astra-migrate-meta-layouts":"set","ast-page-background-enabled":"default","ast-page-background-meta":{"desktop":{"background-color":"","background-image":"","background-repeat":"repeat","background-position":"center center","background-size":"auto","background-attachment":"scroll","background-type":"","background-media":"","overlay-type":"","overlay-color":"","overlay-opacity":"","overlay-gradient":""},"tablet":{"background-color":"","background-image":"","background-repeat":"repeat","background-position":"center center","background-size":"auto","background-attachment":"scroll","background-type":"","background-media":"","overlay-type":"","overlay-color":"","overlay-opacity":"","overlay-gradient":""},"mobile":{"background-color":"","background-image":"","background-repeat":"repeat","background-position":"center center","background-size":"auto","background-attachment":"scroll","background-type":"","background-media":"","overlay-type":"","overlay-color":"","overlay-opacity":"","overlay-gradient":""}},"ast-content-background-meta":{"desktop":{"background-color":"var(--ast-global-color-5)","background-image":"","background-repeat":"repeat","background-position":"center center","background-size":"auto","background-attachment":"scroll","background-type":"","background-media":"","overlay-type":"","overlay-color":"","overlay-opacity":"","overlay-gradient":""},"tablet":{"background-color":"var(--ast-global-color-5)","background-image":"","background-repeat":"repeat","background-position":"center center","background-size":"auto","background-attachment":"scroll","background-type":"","background-media":"","overlay-type":"","overlay-color":"","overlay-opacity":"","overlay-gradient":""},"mobile":{"background-color":"var(--ast-global-color-5)","background-image":"","background-repeat":"repeat","background-position":"center center","background-size":"auto","background-attachment":"scroll","background-type":"","background-media":"","overlay-type":"","overlay-color":"","overlay-opacity":"","overlay-gradient":""}},"footnotes":""},"class_list":["post-1668","page","type-page","status-publish","hentry"],"_links":{"self":[{"href":"https:\/\/c-cie.eu\/ru\/wp-json\/wp\/v2\/pages\/1668","targetHints":{"allow":["GET"]}}],"collection":[{"href":"https:\/\/c-cie.eu\/ru\/wp-json\/wp\/v2\/pages"}],"about":[{"href":"https:\/\/c-cie.eu\/ru\/wp-json\/wp\/v2\/types\/page"}],"author":[{"embeddable":true,"href":"https:\/\/c-cie.eu\/ru\/wp-json\/wp\/v2\/users\/2"}],"replies":[{"embeddable":true,"href":"https:\/\/c-cie.eu\/ru\/wp-json\/wp\/v2\/comments?post=1668"}],"version-history":[{"count":7,"href":"https:\/\/c-cie.eu\/ru\/wp-json\/wp\/v2\/pages\/1668\/revisions"}],"predecessor-version":[{"id":4561,"href":"https:\/\/c-cie.eu\/ru\/wp-json\/wp\/v2\/pages\/1668\/revisions\/4561"}],"wp:attachment":[{"href":"https:\/\/c-cie.eu\/ru\/wp-json\/wp\/v2\/media?parent=1668"}],"curies":[{"name":"wp","href":"https:\/\/api.w.org\/{rel}","templated":true}]}}