{"id":1564,"date":"2023-11-10T06:33:55","date_gmt":"2023-11-10T05:33:55","guid":{"rendered":"https:\/\/c-cie.eu\/?page_id=1564"},"modified":"2024-05-11T03:02:10","modified_gmt":"2024-05-11T01:02:10","slug":"article-holodomor","status":"publish","type":"page","link":"https:\/\/c-cie.eu\/ru\/article-holodomor\/","title":{"rendered":"ARTICLE &#8211; Holodomor"},"content":{"rendered":"<figure class=\"wp-block-image aligncenter size-full\"><img fetchpriority=\"high\" decoding=\"async\" width=\"800\" height=\"424\" src=\"https:\/\/c-cie.eu\/wp-content\/uploads\/2023\/11\/1-10.jpg\" alt=\"\" class=\"wp-image-1565\" srcset=\"https:\/\/c-cie.eu\/wp-content\/uploads\/2023\/11\/1-10.jpg 800w, https:\/\/c-cie.eu\/wp-content\/uploads\/2023\/11\/1-10-300x159.jpg 300w, https:\/\/c-cie.eu\/wp-content\/uploads\/2023\/11\/1-10-768x407.jpg 768w, https:\/\/c-cie.eu\/wp-content\/uploads\/2023\/11\/1-10-18x10.jpg 18w\" sizes=\"(max-width: 800px) 100vw, 800px\" \/><\/figure>\n\n\n\n<h2 class=\"wp-block-heading has-text-align-center has-text-color has-link-color has-large-font-size wp-elements-5e922670da673da994041c55a820e80e\" style=\"color:#565e64\"><strong>\u00ab\u00a0l\u2019HOLODOMOR\u00a0\u00bb\u00a0: LA PARADE DES IRRESPONSABLES A L\u2019ASSEMBLEE NATIONALE<\/strong><\/h2>\n\n\n\n<div style=\"height:20px\" aria-hidden=\"true\" class=\"wp-block-spacer\"><\/div>\n\n\n\n<p>Fin mars 2023, il \u00e9t\u00e9 annonc\u00e9 que L\u2019Assembl\u00e9e nationale fran\u00e7aise a reconnu en tant que g\u00e9nocide \u00ab&nbsp;<em>l\u2019Holodomor<\/em>&nbsp;\u00bb &#8211; \u00ab<em>&nbsp;la famine provoqu\u00e9e au d\u00e9but des ann\u00e9es 1930 contre le people ukrainien par les autorit\u00e9s sovi\u00e9tiques<\/em>&nbsp;\u00bb, la famine qui \u00e9t\u00e9 \u00e0 l\u2019origine de plusieurs millions de morts.<\/p>\n\n\n\n<p>La proposition de r\u00e9solution a \u00e9t\u00e9 adopt\u00e9e \u00e0 la majorit\u00e9 \u00e9crasante des voix : 168&nbsp;voix contre 2. Le texte adopt\u00e9 <em>\u00ab&nbsp;condamne&nbsp;\u00bb<\/em> ces actes et <em>\u00ab&nbsp;affirme son soutien au peuple ukrainien dans son aspiration \u00e0 faire reconna\u00eetre les crimes de masse commis \u00e0 son encontre par le r\u00e9gime sovi\u00e9tique&nbsp;\u00bb<\/em>.<\/p>\n\n\n\n<p>Dans l\u2019\u00e9lan de solidarit\u00e9, les d\u00e9put\u00e9s \u00e9mus de l\u2019Assembl\u00e9e ont fait l\u2019appel solennel au gouvernement fran\u00e7ais \u00e0 faire de m\u00eame, afin de \u00ab&nbsp;<em>r\u00e9pondre \u00e0 la forte attente de Kiev au sujet de ce souvenir douloureux, raviv\u00e9 par l\u2019invasion russe du pays<\/em>&nbsp;\u00bb.<\/p>\n\n\n\n<p>Tout de suite derri\u00e8re, le pr\u00e9sident ukrainien, Volodymyr Zelensky, a exprim\u00e9 dans son tweet&nbsp;sa grande satisfaction et <em>\u00ab&nbsp;reconnaissance envers les d\u00e9put\u00e9s de l\u2019Assembl\u00e9e nationale pour cette d\u00e9cision historique&nbsp;\u00bb<\/em>.<\/p>\n\n\n\n<p>A noter que la loi sur \u00ab&nbsp;<em>l\u2019Holodomor<\/em>&nbsp;\u00bb (extermination par la faim) est la reconnaissance officielle de la famine de 1932-1933 en Ukraine en tant qu\u2019un acte pr\u00e9m\u00e9dit\u00e9 perp\u00e9tr\u00e9 par le pouvoir sovi\u00e9tique, ayant pour l\u2019objectif le g\u00e9nocide du peuple ukrainien, a \u00e9t\u00e9 adopt\u00e9e par <em>Verkhovna Rada<\/em> d&rsquo;Ukraine, le 28 novembre 2006.<\/p>\n\n\n\n<p>Cette \u00ab&nbsp;reconnaissance&nbsp;\u00bb n\u2019a \u00e9t\u00e9 qu\u2019une suite logique de la nouvelle politique ultranationaliste russophobe qui s\u2019est instaur\u00e9e en Ukraine d\u00e8s la \u00ab&nbsp;r\u00e9volution orange&nbsp;\u00bb de 2004.<\/p>\n\n\n\n<p>Le texte adopt\u00e9 en France avait \u00e9t\u00e9 cosign\u00e9 par des membres de sept des dix groupes politiques de l&rsquo;Assembl\u00e9e, \u00e0 l&rsquo;exception de ceux du Rassemblement National, de La France insoumise et du Parti Communiste. Il est regrettable de constater que si les \u00ab&nbsp;insoumis&nbsp;\u00bb ont refus\u00e9 de prendre part au vote, estimant que si <em>\u00ab&nbsp;nul ne peut nier la r\u00e9alit\u00e9 du crime&nbsp;\u00bb<\/em>, il est n\u00e9cessaire, n\u00e9anmoins, de se poser la question <em>\u00ab&nbsp;s\u2019agissait-il d\u2019exterminer le peuple ukrainien en tant que tel&nbsp;?\u00bb<\/em> &#8211; le RN, de son c\u00f4t\u00e9, a bien jou\u00e9 le jeu du pouvoir actuel et a bien vot\u00e9 en faveur du texte. L\u2019objectif de leur action est parfaitement clair&nbsp;: se maintenir \u00ab&nbsp;dans les rangs&nbsp;\u00bb du politiquement correct, afin de s\u00e9duire d\u2019avantage la masse \u00e9lectorale embrigad\u00e9e et format\u00e9e par la propagande des m\u00e9dias mainstream.<\/p>\n\n\n\n<p>Si le fait historique de la famine orchestr\u00e9e par Joseph Staline (Iosif Djougashvili de son vrai nom g\u00e9orgien) n\u2019est nullement contest\u00e9 par personne, y compris en Russie, il est \u00e0 souligner qu\u2019il faut \u00eatre soit un ultranationaliste russophobe ukrainien, soit un inculte ou imb\u00e9cile &#8211; il est difficile de donner un autre qualificatif &#8211; pour croire \u00e0 ces inepties que la famine de 1932-1933 \u00e9tait initi\u00e9e et dirig\u00e9e sp\u00e9cifiquement contre le peuple ukrainien.<\/p>\n\n\n\n<p>En attribuant des qualificatifs particuli\u00e8rement durs \u00e0 des partisans de la propagande mensong\u00e8re du pr\u00e9tendu g\u00e9nocide du people ukrainien dans les ann\u00e9es 30, la question qui doit bien \u00eatre pos\u00e9e : quelle est la l\u00e9gitimit\u00e9 sur le sujet de l\u2019auteur de ces lignes&nbsp;?<\/p>\n\n\n\n<p>Ma prise de parole est on ne peut plus l\u00e9gitime.<\/p>\n\n\n\n<p>En laissant de c\u00f4t\u00e9 le fait qu\u2019\u00e9tant par le pass\u00e9 dirigeant d\u2019un institut de recherche scientifique dans le domaine de l\u2019histoire et disposant de connaissances pr\u00e9cises sur le sujet, appuy\u00e9es sur des documents d\u2019archives historiques, je fais, n\u00e9anmoins, savoir que je suis le descendant direct de victimes qui ont laiss\u00e9 leurs vies dans la famine en question.<\/p>\n\n\n\n<p>En effet, mes arri\u00e8res grands parrains &#8211; le p\u00e8re et la m\u00e8re de ma grande m\u00e8re, c\u00f4t\u00e9 maternel &#8211; sont morts de faim en 1933. De m\u00eame que 2 de leur 4 enfants. Ma grande m\u00e8re, n\u00e9e en 1928, faisant partie des deux survivants des six membres de sa famille. La grande m\u00e8re que je me souviens me racontant d\u00e8s mon enfance les horreurs de la famine qu\u2019elle a v\u00e9cu dans sa petite enfance.<\/p>\n\n\n\n<p>Il existe, toutefois, un fait qui pose un \u00e9norme probl\u00e8me vis-\u00e0-vis de la \u00ab&nbsp;version&nbsp;\u00bb de l\u2019histoire qui vient d\u2019\u00eatre adopt\u00e9e par la France&nbsp;: les membres de ma famille sont morts dans cette famine sur un territoire qui n\u2019a strictement rien \u00e0 avoir avec l\u2019Ukraine. Cela s\u2019est pass\u00e9 sur le territoire de Russie, dans la r\u00e9gion du Caucase du Nord.<\/p>\n\n\n\n<p>Par ailleurs, en ce qui concerne mon grand-p\u00e8re, le mari de ma grande m\u00e8re mentionn\u00e9e, il \u00e9tait ukrainien. Lui-m\u00eame, de m\u00eame que toute sa famille, a v\u00e9cu durant cette grande famine en Ukraine, dans la r\u00e9gion de Zaporoji\u00e9. Et, contrairement \u00e0 la famille d\u00e9cim\u00e9e de son \u00e9pouse russe, sa famille ukrainienne a bien surv\u00e9cu \u00e0 ces ann\u00e9es terribles sans perdre un seul de ses membres.<\/p>\n\n\n\n<p>Les historiens dignes de ce nom le savent parfaitement&nbsp;: de m\u00eame que sur le territoire de l\u2019Ukraine, exactement la m\u00eame famine et exactement pour les m\u00eames raisons a eu lieu en 1932 et 1933 non seulement dans le Caucase du Nord, mais \u00e9galement dans les r\u00e9gions russes de Basse et Moyenne Volga, dans la r\u00e9gion de la Russie Centrale, en Sib\u00e9rie Occidentale et M\u00e9ridionale et en Oural. Et non seulement dans les r\u00e9gions \u00e9num\u00e9r\u00e9es, mais \u00e9galement au Kazakhstan et au Kirghizistan sovi\u00e9tiques.<\/p>\n\n\n\n<p>La mortalit\u00e9 due \u00e0 cette famine a \u00e9t\u00e9 gigantesque. Les experts ne disposent pas des chiffres pr\u00e9cis, mais on estime le nombre de victimes de 7 \u00e0 8 millions de personnes. Il est \u00e0 souligner, que plus de 50% des victimes ont trouv\u00e9 la mort en dehors du territoire de l\u2019Ukraine.<\/p>\n\n\n\n<p>La signification de la reconnaissance par l\u2019Assembl\u00e9e nationale de cette famine en tant que g\u00e9nocide du peuple ukrainien n\u2019est pas seulement une imb\u00e9cilit\u00e9 historique dans le cadre des jeux politiques qui font honte \u00e0 la France.<\/p>\n\n\n\n<p>La port\u00e9e de cette d\u00e9cision est beaucoup plus grave. C\u2019est la n\u00e9gation de l\u2019existence de plus de 3,5 millions de morts innocents dans cette grande famine en dehors de l\u2019Ukraine, dont les membres de la famille de l\u2019auteur de ces lignes.&nbsp;&nbsp; Cette \u00ab&nbsp;reconnaissance&nbsp;\u00bb des raisons qui n\u2019ont jamais exist\u00e9 n\u2019est qu\u2019une parade des incultes et des irresponsables. Les occupants actuels de l\u2019Assembl\u00e9e nationale qui se montrent non pas en tant que responsables politiques, mais en tant que produits de substitution de ce que doivent \u00eatre les repr\u00e9sentants du peuple fran\u00e7ais dignes de ce nom. Ils devraient commencer \u00e0 r\u00e9fl\u00e9chir et cesser de faire honte \u00e0 leur fonction en prenant la seule d\u00e9cision qui sera sage pour leur cas&nbsp;: quitter les banquettes l\u2019Assembl\u00e9e nationale et revenir sur les banquettes de l\u2019\u00e9cole o\u00f9 les professeurs d\u2019histoire essayeront de combler les trous dans leurs connaissances historiques et essayeront de diminuer leur ignorance, dont la profondeur ne peut \u00eatre compar\u00e9e qu\u2019\u00e0 la hauteur de Chimborazo.<\/p>","protected":false},"excerpt":{"rendered":"<p>\u00ab\u00a0l\u2019HOLODOMOR\u00a0\u00bb\u00a0: LA PARADE DES IRRESPONSABLES A L\u2019ASSEMBLEE NATIONALE Fin mars 2023, il \u00e9t\u00e9 annonc\u00e9 que L\u2019Assembl\u00e9e nationale fran\u00e7aise a reconnu en tant que g\u00e9nocide \u00ab&nbsp;l\u2019Holodomor&nbsp;\u00bb &#8211; \u00ab&nbsp;la famine provoqu\u00e9e au d\u00e9but des ann\u00e9es 1930 contre le people ukrainien par les autorit\u00e9s sovi\u00e9tiques&nbsp;\u00bb, la famine qui \u00e9t\u00e9 \u00e0 l\u2019origine de plusieurs millions de morts. La proposition [&hellip;]<\/p>\n","protected":false},"author":2,"featured_media":0,"parent":0,"menu_order":0,"comment_status":"closed","ping_status":"closed","template":"","meta":{"site-sidebar-layout":"default","site-content-layout":"","ast-site-content-layout":"default","site-content-style":"default","site-sidebar-style":"default","ast-global-header-display":"","ast-banner-title-visibility":"","ast-main-header-display":"","ast-hfb-above-header-display":"","ast-hfb-below-header-display":"","ast-hfb-mobile-header-display":"","site-post-title":"disabled","ast-breadcrumbs-content":"","ast-featured-img":"","footer-sml-layout":"","ast-disable-related-posts":"","theme-transparent-header-meta":"","adv-header-id-meta":"","stick-header-meta":"","header-above-stick-meta":"","header-main-stick-meta":"","header-below-stick-meta":"","astra-migrate-meta-layouts":"set","ast-page-background-enabled":"default","ast-page-background-meta":{"desktop":{"background-color":"","background-image":"","background-repeat":"repeat","background-position":"center center","background-size":"auto","background-attachment":"scroll","background-type":"","background-media":"","overlay-type":"","overlay-color":"","overlay-opacity":"","overlay-gradient":""},"tablet":{"background-color":"","background-image":"","background-repeat":"repeat","background-position":"center center","background-size":"auto","background-attachment":"scroll","background-type":"","background-media":"","overlay-type":"","overlay-color":"","overlay-opacity":"","overlay-gradient":""},"mobile":{"background-color":"","background-image":"","background-repeat":"repeat","background-position":"center center","background-size":"auto","background-attachment":"scroll","background-type":"","background-media":"","overlay-type":"","overlay-color":"","overlay-opacity":"","overlay-gradient":""}},"ast-content-background-meta":{"desktop":{"background-color":"var(--ast-global-color-5)","background-image":"","background-repeat":"repeat","background-position":"center center","background-size":"auto","background-attachment":"scroll","background-type":"","background-media":"","overlay-type":"","overlay-color":"","overlay-opacity":"","overlay-gradient":""},"tablet":{"background-color":"var(--ast-global-color-5)","background-image":"","background-repeat":"repeat","background-position":"center center","background-size":"auto","background-attachment":"scroll","background-type":"","background-media":"","overlay-type":"","overlay-color":"","overlay-opacity":"","overlay-gradient":""},"mobile":{"background-color":"var(--ast-global-color-5)","background-image":"","background-repeat":"repeat","background-position":"center center","background-size":"auto","background-attachment":"scroll","background-type":"","background-media":"","overlay-type":"","overlay-color":"","overlay-opacity":"","overlay-gradient":""}},"footnotes":""},"class_list":["post-1564","page","type-page","status-publish","hentry"],"_links":{"self":[{"href":"https:\/\/c-cie.eu\/ru\/wp-json\/wp\/v2\/pages\/1564","targetHints":{"allow":["GET"]}}],"collection":[{"href":"https:\/\/c-cie.eu\/ru\/wp-json\/wp\/v2\/pages"}],"about":[{"href":"https:\/\/c-cie.eu\/ru\/wp-json\/wp\/v2\/types\/page"}],"author":[{"embeddable":true,"href":"https:\/\/c-cie.eu\/ru\/wp-json\/wp\/v2\/users\/2"}],"replies":[{"embeddable":true,"href":"https:\/\/c-cie.eu\/ru\/wp-json\/wp\/v2\/comments?post=1564"}],"version-history":[{"count":7,"href":"https:\/\/c-cie.eu\/ru\/wp-json\/wp\/v2\/pages\/1564\/revisions"}],"predecessor-version":[{"id":5541,"href":"https:\/\/c-cie.eu\/ru\/wp-json\/wp\/v2\/pages\/1564\/revisions\/5541"}],"wp:attachment":[{"href":"https:\/\/c-cie.eu\/ru\/wp-json\/wp\/v2\/media?parent=1564"}],"curies":[{"name":"wp","href":"https:\/\/api.w.org\/{rel}","templated":true}]}}