{"id":1515,"date":"2023-11-10T03:07:14","date_gmt":"2023-11-10T02:07:14","guid":{"rendered":"https:\/\/c-cie.eu\/?page_id=1515"},"modified":"2024-02-18T23:21:18","modified_gmt":"2024-02-18T22:21:18","slug":"article-la-fin-du-traite-start-ii","status":"publish","type":"page","link":"https:\/\/c-cie.eu\/ru\/article-la-fin-du-traite-start-ii\/","title":{"rendered":"ARTICLE &#8211; La fin du Trait\u00e9 \u00ab\u00a0START-II\u00a0\u00bb"},"content":{"rendered":"<h2 class=\"wp-block-heading has-text-align-center has-cyan-bluish-gray-color has-text-color has-link-color has-small-font-size wp-elements-d7fba91c259e4abc9ee473b3c1fd35d6\"><\/h2>\n\n\n\n<figure class=\"wp-block-image aligncenter size-full\"><img fetchpriority=\"high\" decoding=\"async\" width=\"740\" height=\"431\" src=\"https:\/\/c-cie.eu\/wp-content\/uploads\/2023\/11\/RI407-1.webp\" alt=\"\" class=\"wp-image-1517\" srcset=\"https:\/\/c-cie.eu\/wp-content\/uploads\/2023\/11\/RI407-1.webp 740w, https:\/\/c-cie.eu\/wp-content\/uploads\/2023\/11\/RI407-1-300x175.webp 300w, https:\/\/c-cie.eu\/wp-content\/uploads\/2023\/11\/RI407-1-18x10.webp 18w\" sizes=\"(max-width: 740px) 100vw, 740px\" \/><\/figure>\n\n\n\n<h2 class=\"wp-block-heading has-text-align-center has-text-color has-link-color has-large-font-size wp-elements-272826c4b76e9476e0fa317110b236f5\" style=\"color:#565e64\"><a><strong>LA FIN DU TRAITE \u00ab&nbsp;START-II&nbsp;\u00bb&nbsp;: LA POURSUITE DU DECLIN DE L\u2019EUROPE<\/strong><\/a><\/h2>\n\n\n\n<div style=\"height:20px\" aria-hidden=\"true\" class=\"wp-block-spacer\"><\/div>\n\n\n\n<p>Dans le cadre du nouveau caract\u00e8re des relations russo-occidentales qui s\u2019est instaur\u00e9 depuis le d\u00e9but de l\u2019ann\u00e9e 2022, la suspension par la F\u00e9d\u00e9ration de Russie de sa participation dans le trait\u00e9 sur la r\u00e9duction des armements strat\u00e9giques offensifs Start-II\/SNV-III n\u2019a \u00e9t\u00e9 qu\u2019une suite logique et parfaitement pr\u00e9visible&nbsp;: face \u00e0 la menace d\u00e9clar\u00e9e et partiellement mise en \u0153uvre par l\u2019occident collectif vis-\u00e0-vis de la Russie, cette derni\u00e8re a proc\u00e9d\u00e9 \u00e0 la suppression l\u00e9gale des restrictions au d\u00e9veloppement de son armement strat\u00e9gique.<\/p>\n\n\n\n<p><strong>Une r\u00e9ponse appropri\u00e9e<\/strong><\/p>\n\n\n\n<p>Dans les clauses du trait\u00e9 Start-II, il est stipul\u00e9 que chacune des parties prenantes de l\u2019accord dispose du droit de le quitter dans le cas de changement significatif des circonstances&nbsp;: \u00ab&nbsp;<em>si elle consid\u00e8re que les circonstances exceptionnelles li\u00e9es au contenu du pr\u00e9sent accord ont mis en p\u00e9ril ses int\u00e9r\u00eats supr\u00eames<\/em>&nbsp;\u00bb (article 14, paragraphe 3).<\/p>\n\n\n\n<p>La fixation par l\u2019occident collectif comme objectif \u00ab&nbsp;<em>la d\u00e9faite strat\u00e9gique de la Russie<\/em>&nbsp;\u00bb et les nombreuses d\u00e9clarations officielles de ce dernier dans ce sens est un changement significatif des circonstances&nbsp;qui a re\u00e7u une r\u00e9ponse appropri\u00e9e.<\/p>\n\n\n\n<p>Par ailleurs, depuis plusieurs mois, les Etats-Unis d\u2019Am\u00e9rique ont r\u00e9clam\u00e9 \u00e0 multiples reprises leur droit d&rsquo;inspection des sites strat\u00e9giques russes, aussi \u00e9tonnant que cela puisse paraitre dans les circonstances politiques actuelles. L\u2019inadmissibilit\u00e9 de la pr\u00e9sence des visites de contr\u00f4le des sites de d\u00e9fense strat\u00e9gique du pays par les repr\u00e9sentants de l\u2019\u00e9tat-ennemi avec lequel, <em>de facto<\/em>, la Russie se situe en \u00e9tat de guerre \u00e9tait une \u00e9vidence. Ceci est sans n\u00e9gliger le fait que les Etats-Unis, de leur c\u00f4t\u00e9, ont proc\u00e9d\u00e9 \u00e0 la cr\u00e9ation d\u2019obstacles artificiels \u00e0 la r\u00e9ciprocit\u00e9 des visites pr\u00e9vues par l\u2019article 11 du trait\u00e9 en vigueur, via la non-d\u00e9livrance des visas am\u00e9ricains aux contr\u00f4leurs russes et la fermeture de l\u2019espace a\u00e9rien am\u00e9ricain aux avions russes qui pourrait les amener sur le sol am\u00e9ricain, ce qui, <em>de jure<\/em>, vaut sa violation directe.<\/p>\n\n\n\n<p>L\u2019officialisation de la d\u00e9marche de Moscou par l\u2019adoption suivie de la ratification de loi f\u00e9d\u00e9rale Nr. 38-FZ du 23 f\u00e9vrier 2023 a \u00e9t\u00e9 entreprise, afin de rester dans la stricte l\u00e9galit\u00e9 vis-\u00e0-vis des engagements internationaux sign\u00e9s et ratifi\u00e9s par la F\u00e9d\u00e9ration de Russie et de ne pas cr\u00e9er un pr\u00e9c\u00e9dent permettant aux adversaires d\u2019instrumentaliser une hypoth\u00e9tique violation des engagements russes dans le cadre du droit international en vigueur.<\/p>\n\n\n\n<p>Cela \u00e9tant, avec le gel de sa participation dans le trait\u00e9, Moscou souligne qu\u2019elle continuerait \u00e0 \u00ab&nbsp;<em>respecter strictement les limites quantitatives des armes strat\u00e9giques offensives&nbsp;<\/em>\u00bb ind\u00e9pendamment du pr\u00e9sent accord russo-am\u00e9ricain, mais qu\u2019elle serait \u00ab&nbsp;<em>pr\u00eate \u00e0 des essais d&rsquo;armes nucl\u00e9aires<\/em>&nbsp;\u00bb si Washington en effectuait en premier.<\/p>\n\n\n\n<p>La traduction de ce nouveau pas strat\u00e9gique russe est sans \u00e9quivoque&nbsp;: <strong>vu l\u2019hostilit\u00e9 ouverte et croissante de l\u2019occident collectif gravitant autour des USA vis-\u00e0-vis de la Russie, il est exclu que nous continuions \u00e0 exposer nos forces nucl\u00e9aires au contr\u00f4le par l\u2019ennemi, toutefois, n\u2019avisez pas de profiter de cette nouvelle disposition pour faire croitre les v\u00f4tres<\/strong>.<\/p>\n\n\n\n<p><strong>Une excellente nouvelle pour les \u00c9tats-Unis<\/strong><\/p>\n\n\n\n<p>Suivant la d\u00e9claration russe, toute une pluie de r\u00e9actions d\u2019indignation \u00e9manant du camp atlantiste a eu lieu.&nbsp; Parmi elles, consid\u00e9rer comme non hypocrite les paroles du chef de la diplomatie am\u00e9ricaine, Antony Blinken, que la rupture de New Start&nbsp;par la Russie est \u00ab&nbsp;<em>tr\u00e8s d\u00e9cevante<\/em> \u00bb serait la preuve d\u2019une grande l\u00e9g\u00e8ret\u00e9.<\/p>\n\n\n\n<p>\u00c0 la suite des <strong>retraits unilat\u00e9raux des \u00c9tats-Unis de l\u2019int\u00e9gralit\u00e9 des accords internationaux cl\u00e9s sur le contr\u00f4le des armements nucl\u00e9aires<\/strong>, hormis celui sur la non-prolif\u00e9ration des armes nucl\u00e9aires, sign\u00e9 en 1968, et de Start-II&nbsp;: retrait en juin 2002 du trait\u00e9 ABM sur la limitation des syst\u00e8mes de d\u00e9fense contre les missiles balistiques, retrait en mai 2018 de l\u2019accord de Vienne sur le nucl\u00e9aire iranien, retrait en ao\u00fbt 2019 du trait\u00e9 INF sur les missiles nucl\u00e9aires \u00e0 port\u00e9e interm\u00e9diaire et le retrait en mai 2020 du trait\u00e9 \u00ab&nbsp;Ciel ouvert&nbsp;\u00bb sur la v\u00e9rification des mouvements militaires et de la limitation des armements &#8211; l\u2019initiative russe de f\u00e9vrier 2023 est bien une excellente nouvelle pour les strat\u00e8ges am\u00e9ricains.<\/p>\n\n\n\n<p>Les pays membres de l\u2019Union Europ\u00e9enne, depuis plus de 30 ans, ont acquis une certitude qu\u2019\u00e0 l\u2019avenir des horizons visibles ils ne seront plus confront\u00e9s \u00e0 des menaces existentielles \u2013 qualifi\u00e9es comme telles \u00e0 tort ou \u00e0 raison \u2013 et ne seront plus engag\u00e9s dans des conflits majeurs n\u00e9cessitant des actifs militaires consid\u00e9rables, \u00e0 la suite de quoi une politique g\u00e9n\u00e9rale du d\u00e9sinvestissement dans des secteurs de la d\u00e9fense a \u00e9t\u00e9 mise en place et men\u00e9e depuis avec un succ\u00e8s ind\u00e9niable.<\/p>\n\n\n\n<p>Toutes les initiatives \u00e9manant des parties partisantes d\u2019une Europe ind\u00e9pendante et forte non seulement \u00e9conomiquement, mais aussi militairement, ont \u00e9t\u00e9 contrecarr\u00e9es.<\/p>\n\n\n\n<p>Notamment, le freinage constant au niveau de la quasi-int\u00e9gralit\u00e9 des accords dans le domaine de la coop\u00e9ration des industries de l\u2019armement entre deux moteurs du c\u0153ur de l\u2019Union Europ\u00e9enne, la France et l\u2019Allemagne, qui pourraient mener au d\u00e9veloppement significatif de l\u2019industrie de d\u00e9fense europ\u00e9enne, entrepris ces derni\u00e8res ann\u00e9es par le pouvoir allemand politiquement domin\u00e9 par les Etats-Unis, ce freinage a paralys\u00e9 la possibilit\u00e9 de la cr\u00e9ation d\u2019un v\u00e9ritable bloc de d\u00e9fense europ\u00e9enne autonome.&nbsp;&nbsp;&nbsp;&nbsp;&nbsp;<\/p>\n\n\n\n<p>Cette neutralisation a men\u00e9 vers plusieurs succ\u00e8s majeurs de la politique \u00e9trang\u00e8re am\u00e9ricaine&nbsp;: l\u2019affaiblissement significatif du concurrent europ\u00e9en dans le domaine de l\u2019armement, l\u2019\u00e9largissement du march\u00e9 pour l\u2019industrie am\u00e9ricaine de l\u2019armement sur le sol europ\u00e9en et, surtout, comme d\u00e9j\u00e0 mentionn\u00e9, la neutralisation du danger de la cr\u00e9ation du bloc de d\u00e9fense europ\u00e9enne autonome des Etats-Unis d\u2019Am\u00e9rique.&nbsp;&nbsp;&nbsp;&nbsp;&nbsp;<\/p>\n\n\n\n<p>En r\u00e9ponse aux \u00e9v\u00e9nements qui ont lieu depuis le d\u00e9but de l\u2019ann\u00e9e 2022, dans les 10 ans \u00e0 venir, au moins, des investissements consid\u00e9rables auront lieu dans le r\u00e9armement, d\u2019une part, de la F\u00e9d\u00e9ration de Russie, d\u2019autre part, de l\u2019Union Europ\u00e9enne.&nbsp;&nbsp;<\/p>\n\n\n\n<p>Si du c\u00f4t\u00e9 de la Russie, c\u2019est l\u2019industrie nationale de d\u00e9fense qui verra l\u2019accroissement significatif de ses activit\u00e9s qui sont d\u00e9j\u00e0, depuis plus de 10 ans, sur les rails du d\u00e9veloppement progressif&nbsp;;<\/p>\n\n\n\n<p>du c\u00f4t\u00e9 de l\u2019U.E., <strong>ce sont les USA qui ex\u00e9cuteront le r\u00f4le majeur dans le r\u00e9armement du vieux continent, ce qui m\u00e8nera bien vers la cr\u00e9ation d\u2019une v\u00e9ritable force de d\u00e9fense europ\u00e9enne, mais qui aura aucune autonomie vis-\u00e0-vis de son mentor et sous-traitant Outre-Atlantique<\/strong>.<\/p>\n\n\n\n<p>Il est \u00e9galement important de noter que les Etats-Unis d\u2019Am\u00e9rique utilisent contre l\u2019\u00e9conomie concurrente de l\u2019Union Europ\u00e9enne la strat\u00e9gie sous-jacente du \u00ab&nbsp;retour de l\u2019ascenseur&nbsp;\u00bb, qui sera \u00e9galement incrimin\u00e9e \u00e0 la Russie&nbsp;:<\/p>\n\n\n\n<p><strong>lors de la guerre froide, l\u2019occident collectif a utilis\u00e9 contre l\u2019Union Sovi\u00e9tique la baisse significative du cours des \u00e9nergies fossiles jumel\u00e9e \u00e0 l\u2019augmentation consid\u00e9rable des d\u00e9penses militaires dans la course impos\u00e9e aux armements, afin de faire effondrer son \u00e9conomie.<\/strong><\/p>\n\n\n\n<p><strong>Aujourd\u2019hui, c\u2019est l\u2019\u00e9conomie europ\u00e9enne qui se situe au bord de la r\u00e9cession, accompagn\u00e9e d\u2019une augmentation sans pr\u00e9c\u00e8dent du cours des \u00e9nergies fossiles jumel\u00e9e \u00e0 l\u2019augmentation consid\u00e9rable des d\u00e9penses militaires dans la course aux armements.<\/strong><\/p>\n\n\n\n<p>Course aux armements qui n\u2019est plus \u00e9vitable \u00e0 la suite de l\u2019abandon par la Russie de sa participation au trait\u00e9 sur la r\u00e9duction des armements strat\u00e9giques offensifs.&nbsp;<\/p>\n\n\n\n<p>A la suite de ces processus, <strong>un nouvel \u00e9quilibre g\u00e9ostrat\u00e9gique sera instaur\u00e9. L\u2019\u00e9quilibre qui ne sera plus bas\u00e9 sur les accords, les trait\u00e9s et les partenariats entre la Russie et l\u2019Occident collectif, mais sur la parit\u00e9 militaire rajust\u00e9 en flux tendu entre les parties<\/strong>.<\/p>\n\n\n\n<p><strong>Le bouclier anti-missile am\u00e9ricain sur le sol europ\u00e9en<\/strong><\/p>\n\n\n\n<p>Le temps propice pour Washington est arriv\u00e9&nbsp;: le d\u00e9ploiement suppl\u00e9mentaire de syst\u00e8mes de d\u00e9fense antimissile (ABM) am\u00e9ricains dans l&rsquo;Union Europ\u00e9enne sous les auspices de l&rsquo;OTAN est imminant.<\/p>\n\n\n\n<p>La Maison Blanche est parfaitement consciente qu\u2019avec, notamment, la mise en service des missiles strat\u00e9giques russes porteurs de charge nucl\u00e9aire, bas\u00e9s sur des technologies r\u00e9volutionnaires et sans \u00e9gal qui ont vu le jour dans les derni\u00e8res ann\u00e9es &#8211; la neutralisation par les syst\u00e8mes de d\u00e9fense existants d\u2019une \u00e9ventuelle frappe nucl\u00e9aire du sol am\u00e9ricain ou europ\u00e9en entreprise par la Russie s\u2019av\u00e8re \u00eatre impossible, sans m\u00eame la prise en compte de la composante sous-marine de l\u2019adversaire.&nbsp;&nbsp;<\/p>\n\n\n\n<p>Le d\u00e9ploiement suppl\u00e9mentaire du syst\u00e8me am\u00e9ricain de d\u00e9fense antimissile sera mis en \u0153uvre non pas en tant qu\u2019une protection effective contre la menace russe, ni en tant qu\u2019un \u00e9l\u00e9ment symbolique. L\u2019objectif vis\u00e9 sera parfaitement pragmatique&nbsp;: outre sa composante de renseignement et la dotation de l&rsquo;infrastructure par lanceurs universels capables de lancer des missiles \u00e0 t\u00eate nucl\u00e9aire, il consistera \u00e0 <strong>l\u2019augmentation du degr\u00e9 et la consolidation \u00e0 long terme de la domination politico-militaire am\u00e9ricaine sur le continent europ\u00e9en<\/strong>.<\/p>\n\n\n\n<p>Cette initiative, contrairement \u00e0 sa version pr\u00e9c\u00e9dente, n\u2019aura plus besoin de requ\u00e9rir \u00e0 des d\u00e9clarations mensong\u00e8res, comme auparavant, sur la soi-disant protection contre l\u2019hypoth\u00e9tique menace nucl\u00e9aire iranienne.<\/p>\n\n\n\n<p>A noter que la probabilit\u00e9 de l\u2019utilisation, \u00e0 l\u2019avenir, du territoire de l\u2019Ukraine en tant qu\u2019une composante de la d\u00e9fense anti-missile face \u00e0 l\u2019hypoth\u00e9tique menace nucl\u00e9aire russe est math\u00e9matiquement proche de z\u00e9ro absolu.<\/p>\n\n\n\n<p><strong>La fl\u00fbte de Hamelin et les distorsions de la r\u00e9alit\u00e9<\/strong><\/p>\n\n\n\n<p>Pour tous les experts qui n&rsquo;ont pas perdu le sens de la r\u00e9alit\u00e9 il est parfaitement \u00e9vident que la F\u00e9d\u00e9ration de Russie n&rsquo;a aucune attention, de son c\u00f4t\u00e9, ni par le pass\u00e9, ni \u00e0 pr\u00e9sent,&nbsp;d&rsquo;entrer en guerre contre les pays de l&rsquo;Union europ\u00e9enne.&nbsp;<\/p>\n\n\n\n<p>Ce n\u2019est qu\u2019en instaurant artificiellement dans l\u2019imaginaire collectif par la classe dirigeante occidentale une association des valeurs ukrainiennes \u00e0 celles des europ\u00e9ennes et en introduisant l\u2019id\u00e9e totalement coup\u00e9e de la r\u00e9alit\u00e9 du destin commun des deux par les techniques de manipulation des masses, telles que le filtrage et la distorsion de la r\u00e9alit\u00e9 via l\u2019outil de m\u00e9dias mainstream, que les masses ont acquis la croyance dans le s\u00e9rieux de la menace russe.&nbsp;&nbsp;<\/p>\n\n\n\n<p>Les futures d\u00e9penses faramineuses de certains pays de l&rsquo;Union Europ\u00e9enne, dont la France et l&rsquo;Allemagne, dans le r\u00e9armement dit conventionnel seront un engagement financier sans aucun rapport r\u00e9el avec l&rsquo;hypoth\u00e9tique menace russe.<\/p>\n\n\n\n<p>Du c\u00f4t\u00e9 de la Russie, la force de dissuasion nucl\u00e9aire est consid\u00e9r\u00e9e, \u00e0 juste titre, en tant qu\u2019un \u00e9l\u00e9ment suffisant pour assurer la mission qui est la sienne : dissuader les adversaires d\u2019engager leurs arm\u00e9es dans une confrontation directe avec la Russie, ce qui, selon la doctrine militaire russe en vigueur, m\u00e8nerait directement \u00e0 des frappes nucl\u00e9aires de repr\u00e9sailles.<\/p>\n\n\n\n<p>Les d\u00e9clarations du contraire sont \u00e0 l&rsquo;oppos\u00e9 de la r\u00e9alit\u00e9 \u00e9conomico-militaire et ne sont que de la d\u00e9magogie adress\u00e9e \u00e0 des masses pr\u00e9format\u00e9es dans le cadre de la poursuite des objectifs politiques pr\u00e9\u00e9tablis de ses auteurs, parfaitement conscients, en ce qui les concerne, de la futilit\u00e9 de leurs propos.<\/p>\n\n\n\n<p>Les paroles de l\u2019ancien directeur de la CIA, William Casey, prononc\u00e9es en 1981&nbsp;: <em>\u00ab&nbsp;Notre programme de d\u00e9sinformation aura atteint son but lorsque tout ce que le public am\u00e9ricain croira sera faux<\/em> \u00bb brillent aujourd\u2019hui sur le vieux continent avec des couleurs raviv\u00e9es.<\/p>\n\n\n\n<p><strong>L\u2019\u00e9poque des t\u00e9n\u00e8bres dans la diplomatie russo-europ\u00e9enne<\/strong><\/p>\n\n\n\n<p>Pour donner suite \u00e0 l\u2019an\u00e9antissement des relations bilat\u00e9rales \u00e0 l\u2019initiative occidentale dans l\u2019int\u00e9gralit\u00e9 des domaines strat\u00e9giques, le nouvel <em>modus operandi<\/em> \u00e0 long terme de la F\u00e9d\u00e9ration de Russie vis-\u00e0-vis de l\u2019Union Europ\u00e9enne consistera dans l\u2019absence totale de confiance vis-\u00e0-vis des engagements du signataire de l\u2019ouest&nbsp;: <strong>plus aucun \u00e9quilibre ne sera bas\u00e9 sur les signatures et ratifications des accords bilat\u00e9raux, mais sur la parit\u00e9 des forces arm\u00e9es<\/strong>. Les relations diplomatiques russo-europ\u00e9ennes entrent dans l\u2019\u00e9poque des t\u00e9n\u00e8bres.&nbsp;<\/p>\n\n\n\n<p>La suspension de la participation de la Russie dans le trait\u00e9 Start II, dont le maintien ne peut exister dans le cadre du niveau actuel des relations entre les parties prenantes et les parties int\u00e9ress\u00e9es, est le second pas strat\u00e9gique russe dans ce sens.&nbsp;<\/p>\n\n\n\n<p>Le premier pas a \u00e9t\u00e9 la sortie de la Russie du Conseil de l\u2019Europe. Contrairement \u00e0 des d\u00e9clarations purement mensong\u00e8res, afin de sauver la face, c\u2019est bien la F\u00e9d\u00e9ration de Russie qui a quitt\u00e9 l\u2019organisation par sa d\u00e9cision souveraine et non pas \u00e9t\u00e9 exclue, comme ceci est pr\u00e9tendu. Le 15 mars 2022, Marija Pej\u010dinovi\u0107 Buri\u0107, la secr\u00e9taire g\u00e9n\u00e9rale du C.E. a re\u00e7u une lettre officielle dans ce sens, envoy\u00e9 par Sergue\u00ef Lavrov, ministre des Affaires \u00e9trang\u00e8res de Russie. \u00c0 la suite de cette d\u00e9cision de Moscou, le lendemain, le 16 mars 2022, une r\u00e9union extraordinaire de l\u2019organisation a \u00e9t\u00e9 tenue au cours de laquelle il a \u00e9t\u00e9 \u00ab&nbsp;d\u00e9cid\u00e9&nbsp;\u00bb l&rsquo;exclusion la Russie du Conseil de l&rsquo;Europe.<\/p>\n\n\n\n<p>L\u2019un des prochains pas politique de la Russie d\u2019une importance majeure sera, tr\u00e8s certainement, la suspension de sa participation au sein de l\u2019Organisation pour la S\u00e9curit\u00e9 et la Coop\u00e9ration en Europe (OSCE), dont elle est co-fondatrice. La suspension aura lieu \u00e0 la suite du comportement abusif et illicite des pays-membres du bloc occidental vis-\u00e0-vis du fonctionnement de l\u2019organisation, ce qui remet en cause la viabilit\u00e9 m\u00eame de la plateforme de l\u2019organisation servant au dialogue s\u00e9curitaire. Si la Russie entreprenne sa suspension &#8211; le sens m\u00eame de l\u2019existence de l\u2019OSCE sera remis en cause, car, sans la participation russe les objectifs de la structure ne peuvent jamais \u00eatre atteints.&nbsp;&nbsp;<\/p>\n\n\n\n<p class=\"has-black-color has-text-color has-link-color wp-elements-7dd0bf36ad0c1089f320c32bf9072058\"><a><strong>Les fun\u00e9railles du Start-II<\/strong><\/a><\/p>\n\n\n\n<p>La Russie a d\u00e9clar\u00e9 qu\u2019elle ne quitte pas le trait\u00e9, mais ne fait que suspendre sa participation. N\u00e9anmoins, \u00e9tant donn\u00e9 que le pr\u00e9sent accord qui est entr\u00e9 en vigueur en 2011 et a \u00e9t\u00e9 prolong\u00e9 pour 5 ans en f\u00e9vrier 2021 &#8211; arrive \u00e0 son terme en f\u00e9vrier 2026 &#8211; il est fortement improbable qu\u2019avant la date de son \u00e9ch\u00e9ance les relations russo-am\u00e9ricaines puissent se normaliser au point de relancer les contr\u00f4les r\u00e9ciproques des sites de d\u00e9fense strat\u00e9gique.<\/p>\n\n\n\n<p>Par ailleurs, vu que le document constitutif ne pr\u00e9voit pas la possibilit\u00e9 de le suspendre, mais uniquement de le quitter, il est fort probable que, tr\u00e8s prochainement, les USA vont le d\u00e9noncer et le quitter suivant la Russie.<\/p>\n\n\n\n<p class=\"has-black-color has-text-color has-link-color wp-elements-6cd511e715567b450e4bfb2f10cb2118\">De ce fait, <strong>le trait\u00e9 Start-II entre la F\u00e9d\u00e9ration de Russie et les \u00c9tats-Unis d&rsquo;Am\u00e9rique sur les mesures visant \u00e0 r\u00e9duire et \u00e0 limiter les armements strat\u00e9giques offensifs peut \u00eatre consid\u00e9r\u00e9 comme mort et enterr\u00e9<\/strong>, au m\u00eame titre que les relations diplomatiques russo-europ\u00e9ennes <a>et l\u2019autonomie politico-militaires du vieux continent.<\/a><\/p>","protected":false},"excerpt":{"rendered":"<p>LA FIN DU TRAITE \u00ab&nbsp;START-II&nbsp;\u00bb&nbsp;: LA POURSUITE DU DECLIN DE L\u2019EUROPE Dans le cadre du nouveau caract\u00e8re des relations russo-occidentales qui s\u2019est instaur\u00e9 depuis le d\u00e9but de l\u2019ann\u00e9e 2022, la suspension par la F\u00e9d\u00e9ration de Russie de sa participation dans le trait\u00e9 sur la r\u00e9duction des armements strat\u00e9giques offensifs Start-II\/SNV-III n\u2019a \u00e9t\u00e9 qu\u2019une suite logique [&hellip;]<\/p>\n","protected":false},"author":2,"featured_media":0,"parent":0,"menu_order":0,"comment_status":"closed","ping_status":"closed","template":"","meta":{"site-sidebar-layout":"default","site-content-layout":"","ast-site-content-layout":"default","site-content-style":"default","site-sidebar-style":"default","ast-global-header-display":"","ast-banner-title-visibility":"","ast-main-header-display":"","ast-hfb-above-header-display":"","ast-hfb-below-header-display":"","ast-hfb-mobile-header-display":"","site-post-title":"disabled","ast-breadcrumbs-content":"","ast-featured-img":"","footer-sml-layout":"","ast-disable-related-posts":"","theme-transparent-header-meta":"","adv-header-id-meta":"","stick-header-meta":"","header-above-stick-meta":"","header-main-stick-meta":"","header-below-stick-meta":"","astra-migrate-meta-layouts":"set","ast-page-background-enabled":"default","ast-page-background-meta":{"desktop":{"background-color":"","background-image":"","background-repeat":"repeat","background-position":"center center","background-size":"auto","background-attachment":"scroll","background-type":"","background-media":"","overlay-type":"","overlay-color":"","overlay-opacity":"","overlay-gradient":""},"tablet":{"background-color":"","background-image":"","background-repeat":"repeat","background-position":"center center","background-size":"auto","background-attachment":"scroll","background-type":"","background-media":"","overlay-type":"","overlay-color":"","overlay-opacity":"","overlay-gradient":""},"mobile":{"background-color":"","background-image":"","background-repeat":"repeat","background-position":"center center","background-size":"auto","background-attachment":"scroll","background-type":"","background-media":"","overlay-type":"","overlay-color":"","overlay-opacity":"","overlay-gradient":""}},"ast-content-background-meta":{"desktop":{"background-color":"var(--ast-global-color-5)","background-image":"","background-repeat":"repeat","background-position":"center center","background-size":"auto","background-attachment":"scroll","background-type":"","background-media":"","overlay-type":"","overlay-color":"","overlay-opacity":"","overlay-gradient":""},"tablet":{"background-color":"var(--ast-global-color-5)","background-image":"","background-repeat":"repeat","background-position":"center center","background-size":"auto","background-attachment":"scroll","background-type":"","background-media":"","overlay-type":"","overlay-color":"","overlay-opacity":"","overlay-gradient":""},"mobile":{"background-color":"var(--ast-global-color-5)","background-image":"","background-repeat":"repeat","background-position":"center center","background-size":"auto","background-attachment":"scroll","background-type":"","background-media":"","overlay-type":"","overlay-color":"","overlay-opacity":"","overlay-gradient":""}},"footnotes":""},"class_list":["post-1515","page","type-page","status-publish","hentry"],"_links":{"self":[{"href":"https:\/\/c-cie.eu\/ru\/wp-json\/wp\/v2\/pages\/1515","targetHints":{"allow":["GET"]}}],"collection":[{"href":"https:\/\/c-cie.eu\/ru\/wp-json\/wp\/v2\/pages"}],"about":[{"href":"https:\/\/c-cie.eu\/ru\/wp-json\/wp\/v2\/types\/page"}],"author":[{"embeddable":true,"href":"https:\/\/c-cie.eu\/ru\/wp-json\/wp\/v2\/users\/2"}],"replies":[{"embeddable":true,"href":"https:\/\/c-cie.eu\/ru\/wp-json\/wp\/v2\/comments?post=1515"}],"version-history":[{"count":4,"href":"https:\/\/c-cie.eu\/ru\/wp-json\/wp\/v2\/pages\/1515\/revisions"}],"predecessor-version":[{"id":5202,"href":"https:\/\/c-cie.eu\/ru\/wp-json\/wp\/v2\/pages\/1515\/revisions\/5202"}],"wp:attachment":[{"href":"https:\/\/c-cie.eu\/ru\/wp-json\/wp\/v2\/media?parent=1515"}],"curies":[{"name":"wp","href":"https:\/\/api.w.org\/{rel}","templated":true}]}}