{"id":12238,"date":"2026-03-04T09:14:24","date_gmt":"2026-03-04T08:14:24","guid":{"rendered":"https:\/\/c-cie.eu\/?page_id=12238"},"modified":"2026-03-04T19:21:49","modified_gmt":"2026-03-04T18:21:49","slug":"article-aucune-guerre-ne-vaut-la-mort-dun-seul-enfant","status":"publish","type":"page","link":"https:\/\/c-cie.eu\/ru\/article-aucune-guerre-ne-vaut-la-mort-dun-seul-enfant\/","title":{"rendered":"ARTICLE &#8211; Aucune guerre ne vaut la mort d\u2019un seul enfant."},"content":{"rendered":"<figure class=\"wp-block-image aligncenter size-full is-resized\"><img fetchpriority=\"high\" decoding=\"async\" width=\"1462\" height=\"716\" src=\"https:\/\/c-cie.eu\/wp-content\/uploads\/2026\/03\/0.jpg\" alt=\"\" class=\"wp-image-12241\" style=\"aspect-ratio:2.041941783688273;width:881px;height:auto\" srcset=\"https:\/\/c-cie.eu\/wp-content\/uploads\/2026\/03\/0.jpg 1462w, https:\/\/c-cie.eu\/wp-content\/uploads\/2026\/03\/0-300x147.jpg 300w, https:\/\/c-cie.eu\/wp-content\/uploads\/2026\/03\/0-1024x501.jpg 1024w, https:\/\/c-cie.eu\/wp-content\/uploads\/2026\/03\/0-768x376.jpg 768w, https:\/\/c-cie.eu\/wp-content\/uploads\/2026\/03\/0-18x9.jpg 18w\" sizes=\"(max-width: 1462px) 100vw, 1462px\" \/><\/figure>\n\n\n\n<h2 class=\"wp-block-heading alignwide has-text-align-center has-text-color has-link-color has-large-font-size wp-elements-95167a74f9ddc1ac4184205138d4986d\" style=\"color:#565e64\"><strong>Aucune guerre ne vaut la mort d\u2019un seul enfant<\/strong><\/h2>\n\n\n\n<p><\/p>\n\n\n\n<p><strong><em>Voici quatre ans, en mars 2022, une semaine avant les tout premiers n\u00e9gociations de paix entre la Russie et l\u2019Ukraine, je partageais un article sur le r\u00e9seau LinkedIn. Je vous le pr\u00e9sente ici, tel quel, sans y alt\u00e9rer la moindre ligne. Son propos, j&rsquo;en suis convaincu, conserve toute sa pertinence en ce mois de mars 2026, apr\u00e8s quatre ann\u00e9es de guerre en Ukraine et quelques jours depuis le d\u00e9but de l\u2019agression contre l\u2019Iran.<\/em><\/strong><\/p>\n\n\n\n<p>Aucune guerre ne vaut la mort d\u2019un seul enfant.<\/p>\n\n\n\n<p>\u00c9tant le p\u00e8re ayant connu la mort d\u2019un de ces quatre enfants, \u00e9tant une personne qui a vu la guerre de face &#8211; je suis bien plac\u00e9 pour le dire.<\/p>\n\n\n\n<p>Pour ceux qui ont des difficult\u00e9s \u00e0 voir au-del\u00e0 de l\u2019image, qui n\u2019arrivent pas \u00e0 voir clair sous l\u2019inondation des propagandes en cours et pour ceux qui ne connaissent pas assez bien l\u2019histoire, voici une petite remise en ordre des id\u00e9es sur les v\u00e9ritables coupables du chaos dans le monde, dont les derniers \u00e9v\u00e9nements en Ukraine ne sont que le dernier exemple sur une longue liste et ne sont, certainement pas, les derniers.<\/p>\n\n\n\n<p>Voici les faits sur les principales victimes de la Russie ? Non \u2013 sur les principales victimes de la \u00ab d\u00e9mocratie \u00bb de l&rsquo;\u00c9tat am\u00e9ricain (\u00e0 ne pas confondre avec le peuple), ainsi que les remarques sur la situation de l\u2019indignation du \u00ab&nbsp;monde civilis\u00e9 \u00bb qui ont accompagn\u00e9 les massacres.<\/p>\n\n\n\n<p>Pour ne pas \u00eatre trop long, je ne donnerai que quelques brefs exemples en commen\u00e7ant depuis la fin de la Seconde Guerre mondiale. Je ne parlerai pas des plus de 65 000 civils fran\u00e7ais qui ont \u00e9t\u00e9 assassin\u00e9s, plus de 100 000 bless\u00e9s par les bombes made in USA de 1941 \u00e0 1945. Je ne parlerai pas non plus des beaux exploits \u00ab d\u00e9mocratiques \u00bb des \u00c9tats-Unis avant 1941, comme les pr\u00e8s de 12 000 000 de morts du g\u00e9nocide des am\u00e9rindiens de 1492 \u00e0 1900, dans lequel les Am\u00e9ricains ont fait une contribution capitale.<\/p>\n\n\n\n<p>Les chiffres que j\u2019indique n\u2019incluent pas non plus les morts des combattants, ni les dizaines de millions de civils bless\u00e9s, mutil\u00e9s et d\u00e9plac\u00e9s. Les chiffres n\u2019indiquent que le nombre de cadavres, sans exposer le d\u00e9sastre total de la d\u00e9stabilisation globale des zones visit\u00e9es par les fiers d\u00e9fenseurs des \u00ab valeurs du monde civilis\u00e9 \u00bb.<\/p>\n\n\n\n<p><strong>Cor\u00e9e et Chine \/ 1950-1953 :<\/strong><\/p>\n\n\n\n<p>Pr\u00e8s de 3 000 000 de civils assassin\u00e9s.<\/p>\n\n\n\n<p>O\u00f9 \u00e9tait l\u2019indignation du \u00ab monde civilis\u00e9 \u00bb ? Nulle part.<\/p>\n\n\n\n<p><strong>Guatemala \/ 1954-1996 :<\/strong><\/p>\n\n\n\n<p>Plus de 40 ann\u00e9es de guerre civile orchestr\u00e9e et maintenue par les Etats-Unis ont fait plus de 250 000 morts.<\/p>\n\n\n\n<p>O\u00f9 \u00e9tait l\u2019indignation du \u00ab monde civilis\u00e9 \u00bb ? Nulle part.<\/p>\n\n\n\n<p><strong>Indon\u00e9sie \/ 1958-1966 :<\/strong><\/p>\n\n\n\n<p>Les bombardements am\u00e9ricains en 1958 n\u2019ont fait que quelques centaines de morts civils \u2013 \u00ab trois fois rien \u00bb, quoi \u2013 mais le maintien soutenu de la guerre civile par les Etats-Unis de 1958 \u00e0 1966 a fait plus de 23 000 000 de morts.<\/p>\n\n\n\n<p>O\u00f9 \u00e9tait l\u2019indignation du \u00ab monde civilis\u00e9 \u00bb ? Nulle part.<\/p>\n\n\n\n<p><strong>Vietnam \/ 1955-1975 :<\/strong><\/p>\n\n\n\n<p>Plus de 430 000 civils assassin\u00e9s.<\/p>\n\n\n\n<p>O\u00f9 \u00e9tait l\u2019indignation du \u00ab monde civilis\u00e9 \u00bb ? Nulle part.<\/p>\n\n\n\n<p><strong>Cambodge \/ 1969-1975 :<\/strong><\/p>\n\n\n\n<p>Pr\u00e8s de 150 000 personnes assassin\u00e9es, principalement par les bombardements massifs des Etats-Unis.<\/p>\n\n\n\n<p>O\u00f9 \u00e9tait l\u2019indignation du \u00ab monde civilis\u00e9 \u00bb ? Nulle part.<\/p>\n\n\n\n<p><strong>Iraq \/ 1990-1991 :<\/strong><\/p>\n\n\n\n<p>Dans les 100 000 civils assassin\u00e9s, principalement des enfants.<\/p>\n\n\n\n<p>O\u00f9 \u00e9tait l\u2019indignation du \u00ab monde civilis\u00e9 \u00bb ? Nulle part.<\/p>\n\n\n\n<p><strong>Bosnie \/ 1994-1995 :<\/strong><\/p>\n\n\n\n<p>Pr\u00e8s de 50 000 civils assassin\u00e9s.<\/p>\n\n\n\n<p>O\u00f9 \u00e9tait l\u2019indignation du \u00ab monde civilis\u00e9 \u00bb ? Nulle part.<\/p>\n\n\n\n<p><strong>Serbie \/ 1999 :<\/strong><\/p>\n\n\n\n<p>Pr\u00e8s de 3 000 civils assassin\u00e9s. En 78 jours de bombardements a\u00e9riens, 22 000 tonnes de bombes ont \u00e9t\u00e9 largu\u00e9es sur les Serbes. 1\/3 des \u00e9coles du pays ont \u00e9t\u00e9 d\u00e9truites.<\/p>\n\n\n\n<p>O\u00f9 \u00e9tait l\u2019indignation du \u00ab monde civilis\u00e9 \u00bb ? Nulle part.<\/p>\n\n\n\n<p><strong>Iraq \/ 2003-2022 :<\/strong><\/p>\n\n\n\n<p>Dans les 130 000 civils assassin\u00e9s, selon les estimations occidentales les plus \u00ab optimistes \u00bb. Le chiffre r\u00e9el de l\u2019int\u00e9gralit\u00e9 des agressions des Etats-Unis contre ce pays est sup\u00e9rieur \u00e0 1 000 000 de victimes civiles, dont environ 500 000 uniquement de morts d\u2019enfants.<\/p>\n\n\n\n<p>O\u00f9 \u00e9tait l\u2019indignation du \u00ab monde civilis\u00e9 \u00bb ? Nulle part.<\/p>\n\n\n\n<p><strong>Afghanistan \/ 2014-2022 :<\/strong><\/p>\n\n\n\n<p>Plus de 50 000 civils assassin\u00e9s, selon les estimations les plus timides.<\/p>\n\n\n\n<p>O\u00f9 \u00e9tait l\u2019indignation du \u00ab monde civilis\u00e9 \u00bb ? Nulle part.<\/p>\n\n\n\n<p><strong>Syrie \/ 2014-2021 :<\/strong><\/p>\n\n\n\n<p>Plus de 1 000 civils assassin\u00e9s directement par les bombes des Am\u00e9ricains et de leurs vassaux.<\/p>\n\n\n\n<p>O\u00f9 \u00e9tait l\u2019indignation du \u00ab monde civilis\u00e9 \u00bb ? Nulle part.<\/p>\n\n\n\n<p><strong>Ukraine \/ 06.04.2014-23.03.2022 :<\/strong><\/p>\n\n\n\n<p>Plus de 3 500 civils assassin\u00e9s \u00e0 l&rsquo;est de l&rsquo;Ukraine, dans le Donbass.<\/p>\n\n\n\n<p>O\u00f9 \u00e9tait l&rsquo;indignation du \u00ab monde civilis\u00e9 \u00bb ? Nulle part.<\/p>\n\n\n\n<p>Le d\u00e9nominateur officiel du massacre dans le Donbass : \u00ab ATO \u00bb &#8211; Op\u00e9ration Anti-terroriste. Les 15 % des Ukrainiens habitant dans la r\u00e9gion du Donbass, d\u00e8s 2014, ont \u00e9t\u00e9 class\u00e9s par le pouvoir de Kiev comme terroristes.<\/p>\n\n\n\n<p>Ces \u00ab terroristes \u00bb, dont plus de 150 enfants, sont assassin\u00e9s majoritairement non pas par les troupes \u00ab conventionnelles \u00bb constitu\u00e9es d&rsquo;hommes \u00ab normaux \u00bb, mais par des troupes ultranationalistes et r\u00e9ellement n\u00e9o-nazies (r\u00e9giment \u00ab Azov \u00bb, milice \u00ab Secteur Droit \u00bb, bataillon Donbass, etc.) dont l&rsquo;existence est due \u00e0 une tol\u00e9rance \u00e0 toute \u00e9preuve de la part des pouvoirs ukrainiens successifs, d\u00e8s f\u00e9vrier 2014.<\/p>\n\n\n\n<p>Pourquoi une telle tol\u00e9rance ? C&rsquo;est simple : ce sont bien les membres de ces structures constitu\u00e9es des rebus de la soci\u00e9t\u00e9 ukrainienne qui ont \u00e9t\u00e9 le fer de lance dans le processus du renversement du gouvernement ukrainien \u00ab pro-russe \u00bb en 2014. Ces marginaux d&rsquo;hier sont le nouveau \u00ab \u00e9tat profond \u00bb de l&rsquo;Ukraine d&rsquo;aujourd&rsquo;hui.<\/p>\n\n\n\n<p>Il \u00e9tait beaucoup trop dangereux pour le pauvre Zelensky (qui a \u00e9t\u00e9, d&rsquo;ailleurs, \u00e9lu sur son programme de r\u00e9gularisation de la situation dans le Donbass et d&rsquo;instauration de la paix) de s&rsquo;attaquer \u00e0 ces ex\u00e9cutants de la cr\u00e9ation, par les Etats-Unis avec le soutien \u00ab logistique \u00bb de leur vassal, l&rsquo;UE, du nouvel \u00e9tat ukrainien d&rsquo;aujourd&rsquo;hui.<\/p>\n\n\n\n<p>\u00c9l\u00e9ment important : ce sont bien les Etats-Unis et leur vassal, l&rsquo;UE, qui ont insist\u00e9 (sous la table, cela va de soi) pour que cette bande paramilitaire \u00ab bataillon Azov \u00bb int\u00e8gre l&rsquo;arm\u00e9e ukrainienne en tant que r\u00e9giment r\u00e9gulier.<\/p>\n\n\n\n<p>N&rsquo;oublions pas : nous parlons principalement de l&rsquo;\u00e9poque avant Trump, quand la quasi-totalit\u00e9 non seulement des populations de l&rsquo;UE, mais \u00e9galement des gouvernements de cette derni\u00e8re ont v\u00e9cu dans la folle certitude que les Etats-Unis ne pensent pas et n&rsquo;ont jamais pens\u00e9 qu&rsquo;\u00e0 leurs propres int\u00e9r\u00eats et \u00e9taient s\u00fbrs que les slogans am\u00e9ricains co\u00efncidaient parfaitement avec la r\u00e9alit\u00e9.<\/p>\n\n\n\n<p><strong>Ukraine \/ 24.03.2022 :<\/strong><\/p>\n\n\n\n<p>O\u00f9 est l\u2019indignation du \u00ab monde civilis\u00e9 \u00bb ?<\/p>\n\n\n\n<p>Elle est l\u00e0 ! Enfin.<\/p>\n\n\n\n<p>Et ce, m\u00eame avant l\u2019apparition des victimes parmi les civils.<\/p>\n\n\n\n<p>Cela change compl\u00e8tement tout pour le \u00ab monde civilis\u00e9 \u00bb d\u00e8s le moment qu\u2019il y a un conflit qui ne fait pas partie des massacres de masse perp\u00e9tr\u00e9s directement par les Etats-Unis.<\/p>\n\n\n\n<p>Ce qui se passe actuellement en Ukraine est, tout simplement, le \u00ab Jackpot du si\u00e8cle \u00bb pour le pouvoir outre-Atlantique. Si les soi-disant n\u00e9gociations de paix entre 2014 et 2022 n\u2019ont strictement rien donn\u00e9, ce n\u2019est en aucun cas \u00e0 l\u2019initiative des marionnettes de Kiev, directement dirig\u00e9es par le gouvernement de Washington. <strong>Une v\u00e9ritable n\u00e9gociation de paix d\u00e8s demain serait une vraie catastrophe g\u00e9opolitique et financi\u00e8re pour le gouvernement am\u00e9ricain. Ce dernier fera donc tout pour que ce conflit dure le plus longtemps possible*<\/strong>.<\/p>\n\n\n\n<p>Pour exposer en d\u00e9tails les tr\u00e8s nombreux \u00e9l\u00e9ments de ce \u00ab Jackpot du si\u00e8cle \u00bb, c\u2019est un gros chapitre \u00e0 part.<\/p>\n\n\n\n<p>Pour \u00eatre bref, j&rsquo;ai parl\u00e9 seulement des 12 principaux crimes contre l\u2019humanit\u00e9 perp\u00e9tr\u00e9s par les gouvernements am\u00e9ricains successifs. Je n\u2019ai pas parl\u00e9 de tant d\u2019autres op\u00e9rations \u00ab officielles \u00bb de \u00ab bienfaisance \u00bb avec des bombardements directs de civils par les Etats-Unis de par le monde, comme \u00e0 Cuba en 1959-1961, au Congo en 1964, au Laos en 1964-1973, \u00e0 Grenade en 1983, au Liban en 1983, au Salvador en 1980-1990, au Nicaragua en 1980-1990, en Iran en 1987, au Panama en 1989, au Kowe\u00eft en 1991; en Somalie en 1993, en 2007-2008, en 2011-2022 ; au Soudan en 1998; au Y\u00e9men en 2002, en 2009, en 2011-2022; au Pakistan en 2007-2015; en Libye en 2011, en 2015-2019. Et je n\u2019ai parl\u00e9 non plus de tant d\u2019op\u00e9rations \u00ab confidentielles \u00bb men\u00e9es en masse par le monde dans le m\u00eame noble objectif de protection des \u00ab American interests \u00bb.<\/p>\n\n\n\n<p>Depuis 250 ans d\u2019existence des US, c\u2019est seulement durant environ 20 ans que ce pays n\u2019a pas men\u00e9 de guerre en dehors de ses fronti\u00e8res. Le reste du temps \u2013 230 ans de massacres de masse extra-muros. D\u00e8s 2014, ce fut le tour de l\u2019Ukraine.<\/p>\n\n\n\n<p>La France, parmi tant d\u2019autres, pays vassal des Etats-Unis depuis plus de 50 ans, hormis quelques petites \u00ab r\u00e9bellions \u00bb qui ne sont que des petits accidents de parcours en tant qu\u2019assujetti, est toujours d\u2019un soutien ind\u00e9fectible vis-\u00e0-vis des actions de \u00ab d\u00e9mocratisation \u00bb entreprises par son ma\u00eetre. La quasi-int\u00e9gralit\u00e9 des actions \u00ab d\u00e9mocratiques \u00bb mentionn\u00e9es a \u00e9t\u00e9 vue, \u00e0 un moment donn\u00e9, d\u2019un tr\u00e8s bon \u0153il par les diff\u00e9rents pouvoirs cons\u00e9cutifs de l\u2019\u00c9lys\u00e9e.<\/p>\n\n\n\n<p>L\u2019indignation du \u00ab monde civilis\u00e9 \u00bb ne vaut RIEN.<\/p>\n\n\n\n<p>Si nous avons une vision globale du monde des 70 derni\u00e8res ann\u00e9es et non pas l\u2019aveuglement hyst\u00e9rique des derniers jours \u2013 l\u2019indignation d\u2019aujourd\u2019hui appara\u00eet presque malsaine et perverse, car totalement coup\u00e9e du contexte de la r\u00e9alit\u00e9 de ce qui se passe chaque jour dans le monde depuis tant de d\u00e9cennies.<\/p>\n\n\n\n<p>Est-il possible que la vieille Europe de l\u2019Ouest se lib\u00e8re un jour de la domination am\u00e9ricaine ? Ceci est totalement impossible. Les pays vassaux fervents que les Etats-Unis ont fait entrer au sein de l\u2019UE avec le droit de veto sur les d\u00e9cisions de la \u00ab vraie \u00bb Europe : Pologne, Roumanie, Bulgarie, Lettonie, Lituanie, Estonie, Tch\u00e9quie, Slovaquie, Slov\u00e9nie \u2013 sont les ex\u00e9cutants du pouvoir am\u00e9ricain incontestable et irr\u00e9versible au sein de l\u2019Europe. Aucune \u00ab d\u00e9cision \u00bb de ces pays n\u2019ira jamais \u00e0 l\u2019encontre de la volont\u00e9 du ma\u00eetre.<\/p>\n\n\n\n<p>Mais, je ne suis nullement na\u00eff : vu le niveau de l\u2019endoctrinement g\u00e9n\u00e9ralis\u00e9 et le degr\u00e9 de propagande locale imperm\u00e9able \u2013 je suis parfaitement conscient que la majorit\u00e9 des lecteurs occidentaux de cette missive ont un avis pr\u00e9format\u00e9 bien diff\u00e9rent sur le sujet. Cela ne me d\u00e9range nullement.<\/p>\n\n\n\n<p>Les populations des pays occidentaux de l\u2019OTAN ont de tr\u00e8s graves difficult\u00e9s, depuis toujours, \u00e0 comprendre que les beaux principes et valeurs appliqu\u00e9s intra-muros n\u2019ont strictement rien \u00e0 voir, m\u00eame de tr\u00e8s loin, avec ceux prolif\u00e9r\u00e9s par les bras arm\u00e9s du \u00ab monde civilis\u00e9 \u00bb en dehors de leurs territoires.<\/p>\n\n\n\n<p>Ce que les occidentaux voient depuis un mois et sur quoi ils sont \u00e9t\u00e9 totalement aveugles durant les 8 ann\u00e9es cons\u00e9cutives qui ont pr\u00e9c\u00e9d\u00e9 ce dernier mois \u2013 ce n\u2019est nullement une nouvelle guerre qui vient de commencer. Ce n\u2019est que l\u2019\u00e9largissement de la zone des combats, qui passe dor\u00e9navant de 3 % du territoire de l\u2019Ukraine (peupl\u00e9 de 15 % d\u2019habitants du pays) \u00e0 15 % du territoire, \u00e0 ce jour.<\/p>\n\n\n\n<p>La diff\u00e9rence entre vous et les Russes : les Russes voient le bombardement des villes, la destruction des infrastructures civiles, les cadavres d\u2019enfants, les crimes de guerre et les r\u00e9fugi\u00e9s en masse depuis 95 mois et vous \u2013 depuis 30 jours.<\/p>\n\n\n\n<p>P.S. : aujourd\u2019hui, c\u2019est le tour de l\u2019Iran. Demain, c\u2019est le tour de qui ?<\/p>\n\n\n\n<figure class=\"wp-block-image size-full is-resized\"><img decoding=\"async\" width=\"188\" height=\"259\" src=\"https:\/\/c-cie.eu\/wp-content\/uploads\/2026\/03\/image-1.jpeg\" alt=\"\" class=\"wp-image-12240\" style=\"aspect-ratio:0.7258521870286576;width:152px;height:auto\" srcset=\"https:\/\/c-cie.eu\/wp-content\/uploads\/2026\/03\/image-1.jpeg 188w, https:\/\/c-cie.eu\/wp-content\/uploads\/2026\/03\/image-1-9x12.jpeg 9w\" sizes=\"(max-width: 188px) 100vw, 188px\" \/><\/figure>\n\n\n\n<p><strong>\u041e\u043b\u0435\u0433 \u041d\u0415\u0421\u0422\u0415\u0420\u0415\u041d\u041a\u041e<\/strong><\/p>\n\n\n\n<p><em>* cet article date du 23 mars 2022, soit, je l\u2019ai affirm\u00e9 avant m\u00eame le d\u00e9but des premi\u00e8res n\u00e9gociations de paix qui ont eu lieu entre la Russie et l\u2019Ukraine \u00e0 Istanbul du 28 au 30 mars 2022.<\/em><\/p>\n\n\n\n<p><em>N.B.&nbsp;: sur la photo, la petite-fille \u00e2g\u00e9e de 14 mois de l\u2019ayatollah Khamenei, tu\u00e9e par les Etats-Unis avec sa famille.<\/em><\/p>\n\n\n\n<p><\/p>","protected":false},"excerpt":{"rendered":"<p>Aucune guerre ne vaut la mort d\u2019un seul enfant Voici quatre ans, en mars 2022, une semaine avant les tout premiers n\u00e9gociations de paix entre la Russie et l\u2019Ukraine, je partageais un article sur le r\u00e9seau LinkedIn. Je vous le pr\u00e9sente ici, tel quel, sans y alt\u00e9rer la moindre ligne. Son propos, j&rsquo;en suis convaincu, [&hellip;]<\/p>\n","protected":false},"author":2,"featured_media":0,"parent":0,"menu_order":0,"comment_status":"closed","ping_status":"closed","template":"","meta":{"site-sidebar-layout":"default","site-content-layout":"","ast-site-content-layout":"default","site-content-style":"default","site-sidebar-style":"default","ast-global-header-display":"","ast-banner-title-visibility":"","ast-main-header-display":"","ast-hfb-above-header-display":"","ast-hfb-below-header-display":"","ast-hfb-mobile-header-display":"","site-post-title":"disabled","ast-breadcrumbs-content":"","ast-featured-img":"","footer-sml-layout":"","ast-disable-related-posts":"","theme-transparent-header-meta":"","adv-header-id-meta":"","stick-header-meta":"","header-above-stick-meta":"","header-main-stick-meta":"","header-below-stick-meta":"","astra-migrate-meta-layouts":"set","ast-page-background-enabled":"default","ast-page-background-meta":{"desktop":{"background-color":"","background-image":"","background-repeat":"repeat","background-position":"center center","background-size":"auto","background-attachment":"scroll","background-type":"","background-media":"","overlay-type":"","overlay-color":"","overlay-opacity":"","overlay-gradient":""},"tablet":{"background-color":"","background-image":"","background-repeat":"repeat","background-position":"center center","background-size":"auto","background-attachment":"scroll","background-type":"","background-media":"","overlay-type":"","overlay-color":"","overlay-opacity":"","overlay-gradient":""},"mobile":{"background-color":"","background-image":"","background-repeat":"repeat","background-position":"center center","background-size":"auto","background-attachment":"scroll","background-type":"","background-media":"","overlay-type":"","overlay-color":"","overlay-opacity":"","overlay-gradient":""}},"ast-content-background-meta":{"desktop":{"background-color":"var(--ast-global-color-5)","background-image":"","background-repeat":"repeat","background-position":"center center","background-size":"auto","background-attachment":"scroll","background-type":"","background-media":"","overlay-type":"","overlay-color":"","overlay-opacity":"","overlay-gradient":""},"tablet":{"background-color":"var(--ast-global-color-5)","background-image":"","background-repeat":"repeat","background-position":"center center","background-size":"auto","background-attachment":"scroll","background-type":"","background-media":"","overlay-type":"","overlay-color":"","overlay-opacity":"","overlay-gradient":""},"mobile":{"background-color":"var(--ast-global-color-5)","background-image":"","background-repeat":"repeat","background-position":"center center","background-size":"auto","background-attachment":"scroll","background-type":"","background-media":"","overlay-type":"","overlay-color":"","overlay-opacity":"","overlay-gradient":""}},"footnotes":""},"class_list":["post-12238","page","type-page","status-publish","hentry"],"_links":{"self":[{"href":"https:\/\/c-cie.eu\/ru\/wp-json\/wp\/v2\/pages\/12238","targetHints":{"allow":["GET"]}}],"collection":[{"href":"https:\/\/c-cie.eu\/ru\/wp-json\/wp\/v2\/pages"}],"about":[{"href":"https:\/\/c-cie.eu\/ru\/wp-json\/wp\/v2\/types\/page"}],"author":[{"embeddable":true,"href":"https:\/\/c-cie.eu\/ru\/wp-json\/wp\/v2\/users\/2"}],"replies":[{"embeddable":true,"href":"https:\/\/c-cie.eu\/ru\/wp-json\/wp\/v2\/comments?post=12238"}],"version-history":[{"count":4,"href":"https:\/\/c-cie.eu\/ru\/wp-json\/wp\/v2\/pages\/12238\/revisions"}],"predecessor-version":[{"id":12245,"href":"https:\/\/c-cie.eu\/ru\/wp-json\/wp\/v2\/pages\/12238\/revisions\/12245"}],"wp:attachment":[{"href":"https:\/\/c-cie.eu\/ru\/wp-json\/wp\/v2\/media?parent=12238"}],"curies":[{"name":"wp","href":"https:\/\/api.w.org\/{rel}","templated":true}]}}