{"id":12164,"date":"2026-02-09T13:24:23","date_gmt":"2026-02-09T12:24:23","guid":{"rendered":"https:\/\/c-cie.eu\/?page_id=12164"},"modified":"2026-02-15T21:12:31","modified_gmt":"2026-02-15T20:12:31","slug":"communique-de-presse","status":"publish","type":"page","link":"https:\/\/c-cie.eu\/ru\/communique-de-presse\/","title":{"rendered":"Communiqu\u00e9 de presse"},"content":{"rendered":"<figure class=\"wp-block-image aligncenter size-full is-resized\"><img fetchpriority=\"high\" decoding=\"async\" width=\"1676\" height=\"1208\" src=\"https:\/\/c-cie.eu\/wp-content\/uploads\/2026\/02\/01.06.25-2-rotated.jpg\" alt=\"\" class=\"wp-image-12166\" style=\"aspect-ratio:1.3874297028034628;width:777px;height:auto\" srcset=\"https:\/\/c-cie.eu\/wp-content\/uploads\/2026\/02\/01.06.25-2-rotated.jpg 1676w, https:\/\/c-cie.eu\/wp-content\/uploads\/2026\/02\/01.06.25-2-300x216.jpg 300w, https:\/\/c-cie.eu\/wp-content\/uploads\/2026\/02\/01.06.25-2-1024x738.jpg 1024w, https:\/\/c-cie.eu\/wp-content\/uploads\/2026\/02\/01.06.25-2-768x554.jpg 768w, https:\/\/c-cie.eu\/wp-content\/uploads\/2026\/02\/01.06.25-2-1536x1107.jpg 1536w, https:\/\/c-cie.eu\/wp-content\/uploads\/2026\/02\/01.06.25-2-18x12.jpg 18w\" sizes=\"(max-width: 1676px) 100vw, 1676px\" \/><\/figure>\n\n\n\n<h2 class=\"wp-block-heading has-vivid-red-color has-text-color has-link-color has-large-font-size wp-elements-296537d804ace442c3713fb882aee896\"><strong>Communiqu\u00e9 de presse<\/strong><\/h2>\n\n\n\n<p><strong>L&rsquo;ONG \u00ab&nbsp;Reporters Sans Fronti\u00e8res&nbsp;\u00bb (RSF) est attaqu\u00e9 en justice pour diffusion des mensonges.<\/strong><\/p>\n\n\n\n<p>Suite \u00e0 la campagne de diffamation orchestr\u00e9e par RSF en mai 2025, et portant atteinte \u00e0 l\u2019honneur de Monsieur <a href=\"https:\/\/c-cie.eu\/ru\/oleg-nesterenko-2\/\">Oleg Nesterenko<\/a>, pr\u00e9sident du <a href=\"https:\/\/c-cie.eu\/ru\/\">CCIE<\/a>, des poursuites judiciaires sont engag\u00e9es \u00e0 l&rsquo;encontre de cette association.<\/p>\n\n\n\n<p>Fort de <a href=\"https:\/\/c-cie.eu\/ru\/reponse-a-des-mensonges-de-reporters-sans-frontieres\/\">preuves <\/a>mat\u00e9rielles et v\u00e9rifiables, r\u00e9futant point par point les all\u00e9gations fallacieuses prof\u00e9r\u00e9es par <a href=\"https:\/\/c-cie.eu\/ru\/article-rsf\/\">Reporters Sans Fronti\u00e8res<\/a>, une plainte assortie d&rsquo;une constitution de partie civile a \u00e9t\u00e9 d\u00e9pos\u00e9e aupr\u00e8s du juge d&rsquo;instruction du Tribunal Judiciaire de Paris.<\/p>\n\n\n\n<hr class=\"wp-block-separator has-alpha-channel-opacity is-style-dots\"\/>\n\n\n\n<figure class=\"wp-block-image size-full is-resized\"><img decoding=\"async\" width=\"1733\" height=\"1244\" src=\"https:\/\/c-cie.eu\/wp-content\/uploads\/2026\/02\/0-1.jpg\" alt=\"\" class=\"wp-image-12167\" style=\"aspect-ratio:1.3932056378749549;width:836px;height:auto\" srcset=\"https:\/\/c-cie.eu\/wp-content\/uploads\/2026\/02\/0-1.jpg 1733w, https:\/\/c-cie.eu\/wp-content\/uploads\/2026\/02\/0-1-300x215.jpg 300w, https:\/\/c-cie.eu\/wp-content\/uploads\/2026\/02\/0-1-1024x735.jpg 1024w, https:\/\/c-cie.eu\/wp-content\/uploads\/2026\/02\/0-1-768x551.jpg 768w, https:\/\/c-cie.eu\/wp-content\/uploads\/2026\/02\/0-1-1536x1103.jpg 1536w, https:\/\/c-cie.eu\/wp-content\/uploads\/2026\/02\/0-1-18x12.jpg 18w\" sizes=\"(max-width: 1733px) 100vw, 1733px\" \/><\/figure>\n\n\n\n<hr class=\"wp-block-separator has-alpha-channel-opacity is-style-dots\"\/>\n\n\n\n<figure class=\"wp-block-image size-full is-resized\"><img decoding=\"async\" width=\"1100\" height=\"820\" src=\"https:\/\/c-cie.eu\/wp-content\/uploads\/2026\/02\/0-8.jpg\" alt=\"\" class=\"wp-image-12179\" style=\"aspect-ratio:1.3420777784604043;width:839px;height:auto\" srcset=\"https:\/\/c-cie.eu\/wp-content\/uploads\/2026\/02\/0-8.jpg 1100w, https:\/\/c-cie.eu\/wp-content\/uploads\/2026\/02\/0-8-300x224.jpg 300w, https:\/\/c-cie.eu\/wp-content\/uploads\/2026\/02\/0-8-1024x763.jpg 1024w, https:\/\/c-cie.eu\/wp-content\/uploads\/2026\/02\/0-8-768x573.jpg 768w, https:\/\/c-cie.eu\/wp-content\/uploads\/2026\/02\/0-8-16x12.jpg 16w\" sizes=\"(max-width: 1100px) 100vw, 1100px\" \/><\/figure>\n\n\n\n<hr class=\"wp-block-separator has-alpha-channel-opacity is-style-dots\"\/>\n\n\n\n<figure class=\"wp-block-image size-full is-resized\"><img loading=\"lazy\" decoding=\"async\" width=\"1654\" height=\"1278\" src=\"https:\/\/c-cie.eu\/wp-content\/uploads\/2026\/02\/Capture1.jpg\" alt=\"\" class=\"wp-image-12181\" style=\"aspect-ratio:1.2945696620113387;width:837px;height:auto\" srcset=\"https:\/\/c-cie.eu\/wp-content\/uploads\/2026\/02\/Capture1.jpg 1654w, https:\/\/c-cie.eu\/wp-content\/uploads\/2026\/02\/Capture1-300x232.jpg 300w, https:\/\/c-cie.eu\/wp-content\/uploads\/2026\/02\/Capture1-1024x791.jpg 1024w, https:\/\/c-cie.eu\/wp-content\/uploads\/2026\/02\/Capture1-768x593.jpg 768w, https:\/\/c-cie.eu\/wp-content\/uploads\/2026\/02\/Capture1-1536x1187.jpg 1536w, https:\/\/c-cie.eu\/wp-content\/uploads\/2026\/02\/Capture1-16x12.jpg 16w\" sizes=\"(max-width: 1654px) 100vw, 1654px\" \/><\/figure>\n\n\n\n<hr class=\"wp-block-separator has-alpha-channel-opacity is-style-dots\"\/>\n\n\n\n<figure class=\"wp-block-image size-full is-resized\"><img loading=\"lazy\" decoding=\"async\" width=\"1271\" height=\"929\" src=\"https:\/\/c-cie.eu\/wp-content\/uploads\/2026\/02\/0-9.jpg\" alt=\"\" class=\"wp-image-12180\" style=\"aspect-ratio:1.368991665099956;width:839px;height:auto\" srcset=\"https:\/\/c-cie.eu\/wp-content\/uploads\/2026\/02\/0-9.jpg 1271w, https:\/\/c-cie.eu\/wp-content\/uploads\/2026\/02\/0-9-300x219.jpg 300w, https:\/\/c-cie.eu\/wp-content\/uploads\/2026\/02\/0-9-1024x748.jpg 1024w, https:\/\/c-cie.eu\/wp-content\/uploads\/2026\/02\/0-9-768x561.jpg 768w, https:\/\/c-cie.eu\/wp-content\/uploads\/2026\/02\/0-9-16x12.jpg 16w\" sizes=\"(max-width: 1271px) 100vw, 1271px\" \/><\/figure>\n\n\n\n<hr class=\"wp-block-separator has-alpha-channel-opacity is-style-dots\"\/>\n\n\n\n<figure class=\"wp-block-image size-full is-resized\"><img loading=\"lazy\" decoding=\"async\" width=\"1401\" height=\"1147\" src=\"https:\/\/c-cie.eu\/wp-content\/uploads\/2026\/02\/0-7.jpg\" alt=\"\" class=\"wp-image-12178\" style=\"aspect-ratio:1.2219611791687643;width:846px;height:auto\" srcset=\"https:\/\/c-cie.eu\/wp-content\/uploads\/2026\/02\/0-7.jpg 1401w, https:\/\/c-cie.eu\/wp-content\/uploads\/2026\/02\/0-7-300x246.jpg 300w, https:\/\/c-cie.eu\/wp-content\/uploads\/2026\/02\/0-7-1024x838.jpg 1024w, https:\/\/c-cie.eu\/wp-content\/uploads\/2026\/02\/0-7-768x629.jpg 768w, https:\/\/c-cie.eu\/wp-content\/uploads\/2026\/02\/0-7-15x12.jpg 15w\" sizes=\"(max-width: 1401px) 100vw, 1401px\" \/><\/figure>\n\n\n\n<hr class=\"wp-block-separator has-alpha-channel-opacity is-style-dots\"\/>\n\n\n\n<figure class=\"wp-block-image size-full is-resized\"><img loading=\"lazy\" decoding=\"async\" width=\"1354\" height=\"804\" src=\"https:\/\/c-cie.eu\/wp-content\/uploads\/2026\/02\/0-11.jpg\" alt=\"\" class=\"wp-image-12183\" style=\"aspect-ratio:1.6842281103029992;width:844px;height:auto\" srcset=\"https:\/\/c-cie.eu\/wp-content\/uploads\/2026\/02\/0-11.jpg 1354w, https:\/\/c-cie.eu\/wp-content\/uploads\/2026\/02\/0-11-300x178.jpg 300w, https:\/\/c-cie.eu\/wp-content\/uploads\/2026\/02\/0-11-1024x608.jpg 1024w, https:\/\/c-cie.eu\/wp-content\/uploads\/2026\/02\/0-11-768x456.jpg 768w, https:\/\/c-cie.eu\/wp-content\/uploads\/2026\/02\/0-11-18x12.jpg 18w\" sizes=\"(max-width: 1354px) 100vw, 1354px\" \/><\/figure>\n\n\n\n<hr class=\"wp-block-separator has-alpha-channel-opacity is-style-dots\"\/>\n\n\n\n<figure class=\"wp-block-image size-large is-resized\"><img loading=\"lazy\" decoding=\"async\" width=\"1024\" height=\"556\" src=\"https:\/\/c-cie.eu\/wp-content\/uploads\/2026\/02\/0-5-1024x556.jpg\" alt=\"\" class=\"wp-image-12176\" style=\"aspect-ratio:1.8417502740072507;width:838px;height:auto\" srcset=\"https:\/\/c-cie.eu\/wp-content\/uploads\/2026\/02\/0-5-1024x556.jpg 1024w, https:\/\/c-cie.eu\/wp-content\/uploads\/2026\/02\/0-5-300x163.jpg 300w, https:\/\/c-cie.eu\/wp-content\/uploads\/2026\/02\/0-5-768x417.jpg 768w, https:\/\/c-cie.eu\/wp-content\/uploads\/2026\/02\/0-5-1536x834.jpg 1536w, https:\/\/c-cie.eu\/wp-content\/uploads\/2026\/02\/0-5-18x10.jpg 18w, https:\/\/c-cie.eu\/wp-content\/uploads\/2026\/02\/0-5.jpg 1833w\" sizes=\"(max-width: 1024px) 100vw, 1024px\" \/><\/figure>\n\n\n\n<hr class=\"wp-block-separator has-alpha-channel-opacity is-style-dots\"\/>\n\n\n\n<figure class=\"wp-block-image size-full is-resized\"><img loading=\"lazy\" decoding=\"async\" width=\"958\" height=\"1007\" src=\"https:\/\/c-cie.eu\/wp-content\/uploads\/2026\/02\/0-6.jpg\" alt=\"\" class=\"wp-image-12177\" style=\"aspect-ratio:0.951339860660698;width:853px;height:auto\" srcset=\"https:\/\/c-cie.eu\/wp-content\/uploads\/2026\/02\/0-6.jpg 958w, https:\/\/c-cie.eu\/wp-content\/uploads\/2026\/02\/0-6-285x300.jpg 285w, https:\/\/c-cie.eu\/wp-content\/uploads\/2026\/02\/0-6-768x807.jpg 768w, https:\/\/c-cie.eu\/wp-content\/uploads\/2026\/02\/0-6-11x12.jpg 11w\" sizes=\"(max-width: 958px) 100vw, 958px\" \/><\/figure>\n\n\n\n<hr class=\"wp-block-separator has-alpha-channel-opacity is-style-dots\"\/>\n\n\n\n<figure class=\"wp-block-image size-full is-resized\"><img loading=\"lazy\" decoding=\"async\" width=\"1644\" height=\"1033\" src=\"https:\/\/c-cie.eu\/wp-content\/uploads\/2026\/02\/0-4.jpg\" alt=\"\" class=\"wp-image-12175\" style=\"aspect-ratio:1.5925493912663118;width:842px;height:auto\" srcset=\"https:\/\/c-cie.eu\/wp-content\/uploads\/2026\/02\/0-4.jpg 1644w, https:\/\/c-cie.eu\/wp-content\/uploads\/2026\/02\/0-4-300x189.jpg 300w, https:\/\/c-cie.eu\/wp-content\/uploads\/2026\/02\/0-4-1024x643.jpg 1024w, https:\/\/c-cie.eu\/wp-content\/uploads\/2026\/02\/0-4-768x483.jpg 768w, https:\/\/c-cie.eu\/wp-content\/uploads\/2026\/02\/0-4-1536x965.jpg 1536w, https:\/\/c-cie.eu\/wp-content\/uploads\/2026\/02\/0-4-18x12.jpg 18w\" sizes=\"(max-width: 1644px) 100vw, 1644px\" \/><\/figure>\n\n\n\n<hr class=\"wp-block-separator has-alpha-channel-opacity is-style-dots\"\/>\n\n\n\n<figure class=\"wp-block-image size-full is-resized\"><img loading=\"lazy\" decoding=\"async\" width=\"1220\" height=\"1516\" src=\"https:\/\/c-cie.eu\/wp-content\/uploads\/2026\/02\/1.jpg\" alt=\"\" class=\"wp-image-12174\" style=\"aspect-ratio:0.8046845197222858;width:844px;height:auto\" srcset=\"https:\/\/c-cie.eu\/wp-content\/uploads\/2026\/02\/1.jpg 1220w, https:\/\/c-cie.eu\/wp-content\/uploads\/2026\/02\/1-241x300.jpg 241w, https:\/\/c-cie.eu\/wp-content\/uploads\/2026\/02\/1-824x1024.jpg 824w, https:\/\/c-cie.eu\/wp-content\/uploads\/2026\/02\/1-768x954.jpg 768w, https:\/\/c-cie.eu\/wp-content\/uploads\/2026\/02\/1-10x12.jpg 10w\" sizes=\"(max-width: 1220px) 100vw, 1220px\" \/><\/figure>\n\n\n\n<hr class=\"wp-block-separator has-alpha-channel-opacity is-style-dots\"\/>\n\n\n\n<figure class=\"wp-block-image size-full is-resized\"><a href=\"https:\/\/ripostelaique.com\/pourquoi-je-depose-plainte-contre-reporters-sans-frontieres\/\"><img loading=\"lazy\" decoding=\"async\" width=\"1551\" height=\"871\" src=\"https:\/\/c-cie.eu\/wp-content\/uploads\/2026\/02\/00-1.jpg\" alt=\"\" class=\"wp-image-12227\" style=\"aspect-ratio:1.7808907850756814;width:847px;height:auto\" srcset=\"https:\/\/c-cie.eu\/wp-content\/uploads\/2026\/02\/00-1.jpg 1551w, https:\/\/c-cie.eu\/wp-content\/uploads\/2026\/02\/00-1-300x168.jpg 300w, https:\/\/c-cie.eu\/wp-content\/uploads\/2026\/02\/00-1-1024x575.jpg 1024w, https:\/\/c-cie.eu\/wp-content\/uploads\/2026\/02\/00-1-768x431.jpg 768w, https:\/\/c-cie.eu\/wp-content\/uploads\/2026\/02\/00-1-1536x863.jpg 1536w, https:\/\/c-cie.eu\/wp-content\/uploads\/2026\/02\/00-1-18x10.jpg 18w\" sizes=\"(max-width: 1551px) 100vw, 1551px\" \/><\/a><\/figure>\n\n\n\n<hr class=\"wp-block-separator has-alpha-channel-opacity is-style-dots\"\/>\n\n\n\n<p><\/p>","protected":false},"excerpt":{"rendered":"<p>Communiqu\u00e9 de presse L&rsquo;ONG \u00ab&nbsp;Reporters Sans Fronti\u00e8res&nbsp;\u00bb (RSF) est attaqu\u00e9 en justice pour diffusion des mensonges. Suite \u00e0 la campagne de diffamation orchestr\u00e9e par RSF en mai 2025, et portant atteinte \u00e0 l\u2019honneur de Monsieur Oleg Nesterenko, pr\u00e9sident du CCIE, des poursuites judiciaires sont engag\u00e9es \u00e0 l&rsquo;encontre de cette association. Fort de preuves mat\u00e9rielles et [&hellip;]<\/p>\n","protected":false},"author":2,"featured_media":0,"parent":0,"menu_order":0,"comment_status":"closed","ping_status":"closed","template":"","meta":{"site-sidebar-layout":"default","site-content-layout":"","ast-site-content-layout":"default","site-content-style":"default","site-sidebar-style":"default","ast-global-header-display":"","ast-banner-title-visibility":"","ast-main-header-display":"","ast-hfb-above-header-display":"","ast-hfb-below-header-display":"","ast-hfb-mobile-header-display":"","site-post-title":"disabled","ast-breadcrumbs-content":"","ast-featured-img":"","footer-sml-layout":"","ast-disable-related-posts":"","theme-transparent-header-meta":"","adv-header-id-meta":"","stick-header-meta":"","header-above-stick-meta":"","header-main-stick-meta":"","header-below-stick-meta":"","astra-migrate-meta-layouts":"set","ast-page-background-enabled":"default","ast-page-background-meta":{"desktop":{"background-color":"","background-image":"","background-repeat":"repeat","background-position":"center center","background-size":"auto","background-attachment":"scroll","background-type":"","background-media":"","overlay-type":"","overlay-color":"","overlay-opacity":"","overlay-gradient":""},"tablet":{"background-color":"","background-image":"","background-repeat":"repeat","background-position":"center center","background-size":"auto","background-attachment":"scroll","background-type":"","background-media":"","overlay-type":"","overlay-color":"","overlay-opacity":"","overlay-gradient":""},"mobile":{"background-color":"","background-image":"","background-repeat":"repeat","background-position":"center center","background-size":"auto","background-attachment":"scroll","background-type":"","background-media":"","overlay-type":"","overlay-color":"","overlay-opacity":"","overlay-gradient":""}},"ast-content-background-meta":{"desktop":{"background-color":"var(--ast-global-color-5)","background-image":"","background-repeat":"repeat","background-position":"center center","background-size":"auto","background-attachment":"scroll","background-type":"","background-media":"","overlay-type":"","overlay-color":"","overlay-opacity":"","overlay-gradient":""},"tablet":{"background-color":"var(--ast-global-color-5)","background-image":"","background-repeat":"repeat","background-position":"center center","background-size":"auto","background-attachment":"scroll","background-type":"","background-media":"","overlay-type":"","overlay-color":"","overlay-opacity":"","overlay-gradient":""},"mobile":{"background-color":"var(--ast-global-color-5)","background-image":"","background-repeat":"repeat","background-position":"center center","background-size":"auto","background-attachment":"scroll","background-type":"","background-media":"","overlay-type":"","overlay-color":"","overlay-opacity":"","overlay-gradient":""}},"footnotes":""},"class_list":["post-12164","page","type-page","status-publish","hentry"],"_links":{"self":[{"href":"https:\/\/c-cie.eu\/ru\/wp-json\/wp\/v2\/pages\/12164","targetHints":{"allow":["GET"]}}],"collection":[{"href":"https:\/\/c-cie.eu\/ru\/wp-json\/wp\/v2\/pages"}],"about":[{"href":"https:\/\/c-cie.eu\/ru\/wp-json\/wp\/v2\/types\/page"}],"author":[{"embeddable":true,"href":"https:\/\/c-cie.eu\/ru\/wp-json\/wp\/v2\/users\/2"}],"replies":[{"embeddable":true,"href":"https:\/\/c-cie.eu\/ru\/wp-json\/wp\/v2\/comments?post=12164"}],"version-history":[{"count":4,"href":"https:\/\/c-cie.eu\/ru\/wp-json\/wp\/v2\/pages\/12164\/revisions"}],"predecessor-version":[{"id":12228,"href":"https:\/\/c-cie.eu\/ru\/wp-json\/wp\/v2\/pages\/12164\/revisions\/12228"}],"wp:attachment":[{"href":"https:\/\/c-cie.eu\/ru\/wp-json\/wp\/v2\/media?parent=12164"}],"curies":[{"name":"wp","href":"https:\/\/api.w.org\/{rel}","templated":true}]}}