{"id":11668,"date":"2025-12-02T02:37:50","date_gmt":"2025-12-02T01:37:50","guid":{"rendered":"https:\/\/c-cie.eu\/?page_id=11668"},"modified":"2025-12-02T02:39:14","modified_gmt":"2025-12-02T01:39:14","slug":"article-le-futur-de-larmee-ukrainienne","status":"publish","type":"page","link":"https:\/\/c-cie.eu\/ru\/article-le-futur-de-larmee-ukrainienne\/","title":{"rendered":"ARTICLE &#8211; Le futur de l\u2019armee ukrainienne"},"content":{"rendered":"<figure class=\"wp-block-image aligncenter size-full is-resized\"><img fetchpriority=\"high\" decoding=\"async\" width=\"608\" height=\"395\" src=\"https:\/\/c-cie.eu\/wp-content\/uploads\/2025\/12\/1-3.jpg\" alt=\"\" class=\"wp-image-11671\" style=\"width:610px;height:auto\" srcset=\"https:\/\/c-cie.eu\/wp-content\/uploads\/2025\/12\/1-3.jpg 608w, https:\/\/c-cie.eu\/wp-content\/uploads\/2025\/12\/1-3-300x195.jpg 300w, https:\/\/c-cie.eu\/wp-content\/uploads\/2025\/12\/1-3-18x12.jpg 18w\" sizes=\"(max-width: 608px) 100vw, 608px\" \/><\/figure>\n\n\n\n<h2 class=\"wp-block-heading has-text-align-center has-text-color has-link-color has-large-font-size wp-elements-c9fd145f8588dfc46cc0ce27d5f850a7\" style=\"color:#5c607c\"><a><strong>Le futur de l\u2019arm\u00e9e ukrainienne\u00a0: le zugzwang pour l\u2019UE<\/strong><\/a><\/h2>\n\n\n\n<div style=\"height:40px\" aria-hidden=\"true\" class=\"wp-block-spacer\"><\/div>\n\n\n\n<p><em>Le zugzwang&nbsp;est une situation dans le jeu d\u2019\u00e9checs dans laquelle le joueur n&rsquo;a aucun mouvement favorable possible &#8211; toute action qu&rsquo;il fera entra\u00eenera une d\u00e9t\u00e9rioration imminente de sa position sur le plateau de jeu.<\/em><\/p>\n\n\n\n<p>Dans le cadre des actuelles n\u00e9gociations officieuses de l\u2019accord de paix entre l\u2019Ukraine et la F\u00e9d\u00e9ration de Russie ou, pour \u00eatre plus pr\u00e9cis, entre le bloc de l\u2019OTAN et Moscou, la question du nombre du contingent de l\u2019arm\u00e9e ukrainienne de la p\u00e9riode post-guerre est pr\u00e9sent\u00e9e comme un des points cl\u00e9s du d\u00e9saccord entre les Russes et les Ukrainiens, avec les \u00ab&nbsp;va-t-en-guerre&nbsp;\u00bb europ\u00e9ens derri\u00e8re.<\/p>\n\n\n\n<p>Sans pr\u00e9senter l\u2019analyse de l\u2019ensemble des clauses d&rsquo;un \u00e9ventuel accord de paix, je m\u2019arr\u00eaterai sur la question quantitative de la future arm\u00e9e ukrainienne, dont l&rsquo;importance, singuli\u00e8rement sous-estim\u00e9e, transcende les narrations propagandistes des grands m\u00e9dias occidentaux.<\/p>\n\n\n\n<p>Le r\u00e9cit dominant oppose la volont\u00e9 de Moscou de minimiser le nombre de militaires dans l&rsquo;arm\u00e9e ukrainienne \u00e0 la position du camp ukraino-europ\u00e9en, r\u00e9ticent \u00e0 toute r\u00e9duction d&rsquo;effectifs.<\/p>\n\n\n\n<p>Le plan de paix propos\u00e9 par l&rsquo;administration Trump pr\u00e9conise une r\u00e9duction de l&rsquo;arm\u00e9e ukrainienne \u00e0 600 000 militaires actifs, tandis que les exigences de l&rsquo;Union Europ\u00e9enne oscillent autour de 800 000 individus.<\/p>\n\n\n\n<p>Cela \u00e9tant, il est \u00e0 souligner que la focalisation sur l&rsquo;aspect s\u00e9curitaire de cette question s&rsquo;av\u00e8re non seulement fallacieuse, mais aussi d\u00e9connect\u00e9e des imp\u00e9ratifs socio-\u00e9conomiques de la r\u00e9alit\u00e9 que l\u2019Ukraine conna\u00eetra dans un avenir proche. L&rsquo;\u00e9quation est consid\u00e9rablement plus complexe.<\/p>\n\n\n\n<p><strong>Les effectifs de l\u2019arm\u00e9e<\/strong><\/p>\n\n\n\n<p>Aujourd\u2019hui, le nombre exact de soldats et d&rsquo;officiers servant dans l&rsquo;arm\u00e9e ukrainienne reste ind\u00e9termin\u00e9. Les estimations, issues de sources officielles et non officielles, sugg\u00e8rent une fourchette de 800 \u00e0 950 mille individus, incluant un nombre significatif de d\u00e9serteurs, estim\u00e9 entre 200 et 300 mille selon diverses sources ukrainiennes (le chiffre officiel de plus de 120 000 poursuites judiciaires intent\u00e9es contre des militaires ayant d\u00e9sert\u00e9 les rangs de l&rsquo;arm\u00e9e ukrainienne ne refl\u00e8te gu\u00e8re l&rsquo;ampleur r\u00e9elle de l&rsquo;exode).<\/p>\n\n\n\n<p>En cons\u00e9quence, l&rsquo;effectif r\u00e9el de l&rsquo;arm\u00e9e ukrainienne se situerait entre 500 et 750 mille personnes, dont environ 200 mille sont directement engag\u00e9es dans les combats sur la ligne de front.<\/p>\n\n\n\n<p>Quelle est la signification de ces chiffres pr\u00e9sent\u00e9s ?<\/p>\n\n\n\n<p>Le fait que ces effectifs s&rsquo;inscrivent bien dans la \u00ab\u00a0zone de marchandage\u00a0\u00bb propos\u00e9e par Washington, sugg\u00e9rant une absence de demande de sacrifices en termes d&rsquo;effectifs de la future arm\u00e9e ukrainienne, constitue un aspect non \u00e9clair\u00e9 par les m\u00e9dias mainstream occidentaux, mais, n\u00e9anmoins, secondaire de la probl\u00e9matique.<\/p>\n\n\n\n<p>Il est pertinent de rappeler qu&rsquo;avant l\u2019entr\u00e9e de la Russie en guerre, l&rsquo;ensemble des forces arm\u00e9es ukrainiennes comptait environ 200 mille soldats et officiers. Ce chiffre tenait d\u00e9j\u00e0 compte de la guerre men\u00e9e par Kiev dans la r\u00e9gion du Donbass depuis avril 2014.<\/p>\n\n\n\n<p>Parall\u00e8lement, les arm\u00e9es les plus importantes des pays de l&rsquo;Union Europ\u00e9enne en termes d&rsquo;effectifs actifs, telles que celles de la France et de la Pologne, comptent \u00e9galement pr\u00e8s de 200 mille militaires chacune. Cette taille relativement r\u00e9duite s&rsquo;explique par le fait qu&rsquo;en temps de paix, des arm\u00e9es plus importantes pour des pays ayant le poids d\u00e9mographique et \u00e9conomique de la France constitueraient une charge \u00e9conomique excessive. Une augmentation hypoth\u00e9tique des effectifs militaires fran\u00e7ais de 200 \u00e0 300 mille serait fortement pr\u00e9judiciable \u00e0 une \u00e9conomie se situant d\u00e9j\u00e0 au bord de la r\u00e9cession.<\/p>\n\n\n\n<p>L&rsquo;Ukraine, confront\u00e9e \u00e0 un effondrement \u00e9conomique et d\u00e9mographique av\u00e9r\u00e9, ne sera pas en mesure de financer une arm\u00e9e de 800 mille hommes, ni m\u00eame de maintenir un effectif de 200 mille militaires actifs comme avant 2022. \u00c0 l&rsquo;issue du conflit, le pays sera plong\u00e9 dans une r\u00e9cession profonde et durable.<\/p>\n\n\n\n<p>Qu&rsquo;ils le veuillent ou non, m\u00eame une fois le conflit actuel achev\u00e9, les contribuables europ\u00e9ens devront in\u00e9luctablement continuer de financer Kiev par le biais de dotations massives, se chiffrant \u00e0 plusieurs dizaines de milliards d&rsquo;euros par an et grevant ainsi durablement les finances publiques des pays europ\u00e9ens.<\/p>\n\n\n\n<p><strong>Le pi\u00e8ge ukrainien&nbsp;: zugzwang<\/strong><\/p>\n\n\n\n<p>Les narratifs v\u00e9hicul\u00e9s par les canaux de propagande du bloc otanien quant au r\u00f4le futur et crucial de l\u2019arm\u00e9e ukrainienne dans la d\u00e9fense de l\u2019Union Europ\u00e9enne divergent consid\u00e9rablement de la r\u00e9alit\u00e9. Contrairement aux affirmations publiques, aucun gouvernement europ\u00e9en, aussi russophobe soit-il, ne consentira \u00e0 des sacrifices substantiels au profit d&rsquo;une arm\u00e9e \u00e9trang\u00e8re, dont la fonction se limite \u00e0 constituer un rempart temporaire face \u00e0 l&rsquo;arm\u00e9e russe, un \u00ab\u00a0consommable\u00a0\u00bb strat\u00e9gique pendant les quelques ann\u00e9es n\u00e9cessaires au renforcement des forces arm\u00e9es nationales.<\/p>\n\n\n\n<p>A l&rsquo;issue de ce processus, il est certainement pr\u00e9vu que l&rsquo;arm\u00e9e ukrainienne, d\u00e9j\u00e0 chroniquement sous-aliment\u00e9e m\u00eame en p\u00e9riode de guerre, soit progressivement abandonn\u00e9e \u00e0 son propre sort, faute d&rsquo;une dotation annuelle de plusieurs dizaines de milliards d\u2019euros, indispensable au maintien du niveau de capacit\u00e9 affich\u00e9 dans les d\u00e9clarations officielles.<\/p>\n\n\n\n<p>Cela \u00e9tant, <strong>le futur drame r\u00e9putationnel des capitales europ\u00e9ennes r\u00e9side dans le fait que, sans rel\u00e9guer l&rsquo;Ukraine au statut d&rsquo;\u00c9tat paria et sans fermer herm\u00e9tiquement sa fronti\u00e8re avec l&rsquo;UE, l&rsquo;interruption des perfusions financi\u00e8res susmentionn\u00e9es s&rsquo;av\u00e9rera irr\u00e9alisable<\/strong>,m\u00eame en cas d&rsquo;accession massive au pouvoir, dans les pays de l&rsquo;Union, de gouvernements souverainistes, voire ouvertement anti-ukrainiens.<\/p>\n\n\n\n<p>Pourquoi&nbsp;?<\/p>\n\n\n\n<p>Actuellement, la r\u00e9mun\u00e9ration d&rsquo;un soldat de rang directement engag\u00e9 dans les zones de combat exc\u00e8de fr\u00e9quemment 100 000 hryvnias, soit pr\u00e8s de 2 000 euros par mois. Depuis plusieurs ann\u00e9es, plus de 200 000 individus, sur un effectif total estim\u00e9 entre 500 000 et 750 000 militaires d&rsquo;active au sein de l&rsquo;arm\u00e9e ukrainienne, se sont non seulement familiaris\u00e9s avec la confrontation directe \u00e0 la mort et l&rsquo;acte de tuer, mais \u00e9galement habitu\u00e9s \u00e0 percevoir une r\u00e9tribution qui, pour la majorit\u00e9 d&rsquo;entre eux, repr\u00e9sente un multiple de 5 par rapport \u00e0 leurs revenus civils ant\u00e9rieurs au conflit. \u00c0 titre indicatif, le revenu moyen de la population ukrainienne en 2021 s&rsquo;\u00e9levait \u00e0 14 018 hryvnias par mois, soit environ 434 euros bruts (minist\u00e8re des Finances de l\u2019Ukraine, 2021).<\/p>\n\n\n\n<p>Au sortir du conflit arm\u00e9, des centaines de milliers de combattants retrouveront une vie civile d\u00e9senchant\u00e9e, confront\u00e9s \u00e0 une \u00e9conomie en ruines et \u00e0 la qu\u00eate ardue d&rsquo;un emploi pr\u00e9caire, r\u00e9tribu\u00e9 au mieux quelques centaines d&rsquo;euros mensuels.<\/p>\n\n\n\n<p>Les sondages d\u00e9j\u00e0 r\u00e9alis\u00e9s en Ukraine sont sans \u00e9quivoque et n\u2019ont aucun effet de surprise&nbsp;: tout au moins, plusieurs dizaines de milliers de personnes habitu\u00e9es \u00e0 tuer, et avec la psych\u00e9 d\u00e9truite par la guerre, prendront le chemin de l\u2019Union Europ\u00e9enne afin d\u2019y retrouver le niveau de r\u00e9mun\u00e9ration auquel elles se sont habitu\u00e9es depuis des ann\u00e9es de guerre, et ce par tous les moyens qui seront \u00e0 leur disposition. &nbsp;<\/p>\n\n\n\n<p>Les capitales europ\u00e9ennes seront alors confront\u00e9es \u00e0 un choix tr\u00e8s restreint&nbsp;: <strong>soit maintenir un financement substantiel et p\u00e9renne de l&rsquo;arm\u00e9e et de l&rsquo;\u00e9conomie ukrainiennes, soit accueillir sur leur sol des dizaines de milliers d&rsquo;individus d\u00e9s\u00e9quilibr\u00e9s ayant l\u2019exp\u00e9rience de tuer, en qu\u00eate d&rsquo;un niveau de vie confortable,<\/strong> <strong>soit, comme mentionn\u00e9 plus haut, mettre l\u2019Ukraine sous le statut d\u2019\u00e9tat paria et fermer sa fronti\u00e8re \u00e0 la libre circulation avec l\u2019UE.<\/strong><\/p>\n\n\n\n<p>Au regard des politiques men\u00e9es ces derni\u00e8res ann\u00e9es par Bruxelles et la majorit\u00e9 des gouvernements europ\u00e9ens, et consid\u00e9rant les risques inh\u00e9rents pour les \u00ab&nbsp;\u00e9lites&nbsp;\u00bb \u00e0 la seconde option, le maintien d&rsquo;un financement cons\u00e9quent de Kiev appara\u00eet comme le moindre mal. &nbsp;<\/p>\n\n\n\n<p>Cependant, l&rsquo;indignation affich\u00e9e par les d\u00e9cideurs europ\u00e9ens face \u00e0 la proposition de l&rsquo;administration Trump de ramener les effectifs de l&rsquo;arm\u00e9e ukrainienne \u00e0 600 000 hommes \u00e0 la fin du conflit rel\u00e8ve d&rsquo;une grossi\u00e8re chim\u00e8re dont l&rsquo;objectif v\u00e9ritable serait d\u2019emp\u00eacher la signature d&rsquo;un accord de paix et de faire perdurer la guerre le temps n\u00e9cessaire pour l\u2019Union Europ\u00e9enne de restructurer ses arm\u00e9es au prix de sacrifices socio-\u00e9conomiques que ses contribuables feront de gr\u00e9 ou de force.<\/p>\n\n\n\n<figure class=\"wp-block-image size-full\"><img decoding=\"async\" width=\"176\" height=\"243\" src=\"https:\/\/c-cie.eu\/wp-content\/uploads\/2025\/12\/image.jpeg\" alt=\"\" class=\"wp-image-11670\" srcset=\"https:\/\/c-cie.eu\/wp-content\/uploads\/2025\/12\/image.jpeg 176w, https:\/\/c-cie.eu\/wp-content\/uploads\/2025\/12\/image-9x12.jpeg 9w\" sizes=\"(max-width: 176px) 100vw, 176px\" \/><\/figure>\n\n\n\n<p>Oleg Nesterenko<\/p>","protected":false},"excerpt":{"rendered":"<p>Le futur de l\u2019arm\u00e9e ukrainienne\u00a0: le zugzwang pour l\u2019UE Le zugzwang&nbsp;est une situation dans le jeu d\u2019\u00e9checs dans laquelle le joueur n&rsquo;a aucun mouvement favorable possible &#8211; toute action qu&rsquo;il fera entra\u00eenera une d\u00e9t\u00e9rioration imminente de sa position sur le plateau de jeu. Dans le cadre des actuelles n\u00e9gociations officieuses de l\u2019accord de paix entre [&hellip;]<\/p>\n","protected":false},"author":2,"featured_media":0,"parent":0,"menu_order":0,"comment_status":"closed","ping_status":"closed","template":"","meta":{"site-sidebar-layout":"default","site-content-layout":"","ast-site-content-layout":"default","site-content-style":"default","site-sidebar-style":"default","ast-global-header-display":"","ast-banner-title-visibility":"","ast-main-header-display":"","ast-hfb-above-header-display":"","ast-hfb-below-header-display":"","ast-hfb-mobile-header-display":"","site-post-title":"disabled","ast-breadcrumbs-content":"","ast-featured-img":"","footer-sml-layout":"","ast-disable-related-posts":"","theme-transparent-header-meta":"","adv-header-id-meta":"","stick-header-meta":"","header-above-stick-meta":"","header-main-stick-meta":"","header-below-stick-meta":"","astra-migrate-meta-layouts":"set","ast-page-background-enabled":"default","ast-page-background-meta":{"desktop":{"background-color":"","background-image":"","background-repeat":"repeat","background-position":"center center","background-size":"auto","background-attachment":"scroll","background-type":"","background-media":"","overlay-type":"","overlay-color":"","overlay-opacity":"","overlay-gradient":""},"tablet":{"background-color":"","background-image":"","background-repeat":"repeat","background-position":"center center","background-size":"auto","background-attachment":"scroll","background-type":"","background-media":"","overlay-type":"","overlay-color":"","overlay-opacity":"","overlay-gradient":""},"mobile":{"background-color":"","background-image":"","background-repeat":"repeat","background-position":"center center","background-size":"auto","background-attachment":"scroll","background-type":"","background-media":"","overlay-type":"","overlay-color":"","overlay-opacity":"","overlay-gradient":""}},"ast-content-background-meta":{"desktop":{"background-color":"var(--ast-global-color-5)","background-image":"","background-repeat":"repeat","background-position":"center center","background-size":"auto","background-attachment":"scroll","background-type":"","background-media":"","overlay-type":"","overlay-color":"","overlay-opacity":"","overlay-gradient":""},"tablet":{"background-color":"var(--ast-global-color-5)","background-image":"","background-repeat":"repeat","background-position":"center center","background-size":"auto","background-attachment":"scroll","background-type":"","background-media":"","overlay-type":"","overlay-color":"","overlay-opacity":"","overlay-gradient":""},"mobile":{"background-color":"var(--ast-global-color-5)","background-image":"","background-repeat":"repeat","background-position":"center center","background-size":"auto","background-attachment":"scroll","background-type":"","background-media":"","overlay-type":"","overlay-color":"","overlay-opacity":"","overlay-gradient":""}},"footnotes":""},"class_list":["post-11668","page","type-page","status-publish","hentry"],"_links":{"self":[{"href":"https:\/\/c-cie.eu\/ru\/wp-json\/wp\/v2\/pages\/11668","targetHints":{"allow":["GET"]}}],"collection":[{"href":"https:\/\/c-cie.eu\/ru\/wp-json\/wp\/v2\/pages"}],"about":[{"href":"https:\/\/c-cie.eu\/ru\/wp-json\/wp\/v2\/types\/page"}],"author":[{"embeddable":true,"href":"https:\/\/c-cie.eu\/ru\/wp-json\/wp\/v2\/users\/2"}],"replies":[{"embeddable":true,"href":"https:\/\/c-cie.eu\/ru\/wp-json\/wp\/v2\/comments?post=11668"}],"version-history":[{"count":3,"href":"https:\/\/c-cie.eu\/ru\/wp-json\/wp\/v2\/pages\/11668\/revisions"}],"predecessor-version":[{"id":11674,"href":"https:\/\/c-cie.eu\/ru\/wp-json\/wp\/v2\/pages\/11668\/revisions\/11674"}],"wp:attachment":[{"href":"https:\/\/c-cie.eu\/ru\/wp-json\/wp\/v2\/media?parent=11668"}],"curies":[{"name":"wp","href":"https:\/\/api.w.org\/{rel}","templated":true}]}}