{"id":11271,"date":"2025-09-23T03:10:55","date_gmt":"2025-09-23T01:10:55","guid":{"rendered":"https:\/\/c-cie.eu\/?page_id=11271"},"modified":"2026-02-08T04:22:37","modified_gmt":"2026-02-08T03:22:37","slug":"article-le-retrait-daes-de-la-cpi","status":"publish","type":"page","link":"https:\/\/c-cie.eu\/ru\/article-le-retrait-daes-de-la-cpi\/","title":{"rendered":"ARTICLE &#8211; Le retrait d&rsquo;AES de la CPI"},"content":{"rendered":"<figure class=\"wp-block-image aligncenter size-full is-resized\"><img fetchpriority=\"high\" decoding=\"async\" width=\"1280\" height=\"720\" src=\"https:\/\/c-cie.eu\/wp-content\/uploads\/2025\/09\/CPI.jpg\" alt=\"\" class=\"wp-image-11272\" style=\"width:576px;height:auto\" srcset=\"https:\/\/c-cie.eu\/wp-content\/uploads\/2025\/09\/CPI.jpg 1280w, https:\/\/c-cie.eu\/wp-content\/uploads\/2025\/09\/CPI-300x169.jpg 300w, https:\/\/c-cie.eu\/wp-content\/uploads\/2025\/09\/CPI-1024x576.jpg 1024w, https:\/\/c-cie.eu\/wp-content\/uploads\/2025\/09\/CPI-768x432.jpg 768w, https:\/\/c-cie.eu\/wp-content\/uploads\/2025\/09\/CPI-18x10.jpg 18w\" sizes=\"(max-width: 1280px) 100vw, 1280px\" \/><\/figure>\n\n\n\n<h2 class=\"wp-block-heading has-text-align-center has-text-color has-link-color has-large-font-size wp-elements-88b9aed4b4debecae25feeea83d6f7fa\" style=\"color:#565e64\"><a><strong>Le retrait de la Conf\u00e9d\u00e9ration du Sahel de la CPI<\/strong><\/a><\/h2>\n\n\n\n<div style=\"height:19px\" aria-hidden=\"true\" class=\"wp-block-spacer\"><\/div>\n\n\n\n<p>La nouvelle est tomb\u00e9e&nbsp;: apr\u00e8s avoir quitt\u00e9 en janvier 2025 la Communaut\u00e9 \u00e9conomique des \u00c9tats de l&rsquo;Afrique de l&rsquo;Ouest (Cedeao) &#8211; l\u2019architecture supranationale instrumentalis\u00e9e par les puissances occidentales -, la Conf\u00e9d\u00e9ration dite \u00ab Alliance des \u00c9tats du Sahel \u00bb (AES), regroupant le Mali, le Burkina Faso et le Niger, annonce ce 22 septembre son retrait de la liste des membres de la Cour P\u00e9nale Internationale (CPI).<\/p>\n\n\n\n<p>Il convient de rappeler que c\u2019est en 1998 que ces trois nations ont adh\u00e9r\u00e9 au Statut de Rome, \u00e9l\u00e9ment constitutif de la CPI. La ratification subs\u00e9quente, emportant la d\u00e9l\u00e9gation des pouvoirs juridictionnels \u00e0 la CPI, est intervenue au Mali en l\u2019an 2000, sous l&rsquo;\u00e9gide du pr\u00e9sident Alpha Oumar Konar\u00e9 ; au Burkina Faso en 2004, sous la pr\u00e9sidence de Blaise Compaor\u00e9 ; et au Niger en 2002, sous la pr\u00e9sidence de Mamadou Tandja.<\/p>\n\n\n\n<p>On ne peut que saluer la judicieuse initiative commune des gouvernements de Niamey, de Ouagadougou et de Bamako visant \u00e0 priver le camp de l\u2019Occident collectif, agissant dans la r\u00e9gion du Sahel avant tout dans ses propres int\u00e9r\u00eats g\u00e9opolitiques et financiers, de ce levier de pression et de r\u00e9pression vis-\u00e0-vis des pays africains.<\/p>\n\n\n\n<p>De m\u00eame, le projet discut\u00e9 lors de la r\u00e9union des ministres de la Justice de l\u2019AES qui s\u2019est tenue \u00e0 Niamey, le 16 septembre dernier, de cr\u00e9ation d\u2019une juridiction r\u00e9gionale se mat\u00e9rialisant sous la forme d\u2019une Cour p\u00e9nale sah\u00e9lienne des droits de l\u2019homme (CPS-DH), constitue une avanc\u00e9e significative. Cette cour se verrait non seulement restituer les comp\u00e9tences ant\u00e9rieurement d\u00e9l\u00e9gu\u00e9es \u00e0 la CPI, mais \u00e9galement conf\u00e9rer un large \u00e9ventail de pouvoirs en mati\u00e8re de crimes internationaux, de terrorisme et de criminalit\u00e9 organis\u00e9e, consolidant ainsi la souverainet\u00e9 des nations composant la Conf\u00e9d\u00e9ration du Sahel.<\/p>\n\n\n\n<figure class=\"wp-block-image aligncenter size-full is-resized\"><img decoding=\"async\" width=\"2560\" height=\"1904\" src=\"https:\/\/c-cie.eu\/wp-content\/uploads\/2025\/10\/3-scaled.jpg\" alt=\"\" class=\"wp-image-11409\" style=\"width:645px;height:auto\" srcset=\"https:\/\/c-cie.eu\/wp-content\/uploads\/2025\/10\/3-scaled.jpg 2560w, https:\/\/c-cie.eu\/wp-content\/uploads\/2025\/10\/3-300x223.jpg 300w, https:\/\/c-cie.eu\/wp-content\/uploads\/2025\/10\/3-1024x762.jpg 1024w, https:\/\/c-cie.eu\/wp-content\/uploads\/2025\/10\/3-768x571.jpg 768w, https:\/\/c-cie.eu\/wp-content\/uploads\/2025\/10\/3-1536x1142.jpg 1536w, https:\/\/c-cie.eu\/wp-content\/uploads\/2025\/10\/3-2048x1523.jpg 2048w, https:\/\/c-cie.eu\/wp-content\/uploads\/2025\/10\/3-16x12.jpg 16w\" sizes=\"(max-width: 2560px) 100vw, 2560px\" \/><\/figure>\n\n\n\n<p><strong>La politique des doubles standards de la CPI<\/strong><\/p>\n\n\n\n<p>La Cour P\u00e9nale Internationale (CPI) s\u2019av\u00e8re \u00eatre, en r\u00e9alit\u00e9, un instrument coercitif, destin\u00e9 \u00e0 intimider et r\u00e9primer les figures politiques majeures des nations non occidentales qui osent d\u00e9fier la primaut\u00e9 europ\u00e9enne et, par procuration, la volont\u00e9 de Washington.<\/p>\n\n\n\n<p>L&rsquo;impartialit\u00e9 et l&rsquo;ind\u00e9pendance de la CPI vis-\u00e0-vis des centres d\u00e9cisionnels des capitales occidentales ne constituent qu&rsquo;une chim\u00e8re. L&rsquo;inventaire des complaisances flagrantes de cette instance envers les auteurs de crimes d&rsquo;agression, de crimes de guerre et de massacres \u00e0 grande \u00e9chelle des populations civiles \u2013 avec les \u00c9tats-Unis d\u2019Am\u00e9rique et le Royaume-Uni en t\u00eate de liste \u2013 est trop long pour une \u00e9num\u00e9ration exhaustive. L&rsquo;article 5 du Statut de Rome, le texte fondateur de la CPI, d\u00e9finit pr\u00e9cis\u00e9ment ces crimes, mais leur application reste plus que s\u00e9lective.<\/p>\n\n\n\n<p>Cela \u00e9tant, si d&rsquo;\u00e9ventuelles amn\u00e9sies affectent les \u00ab procureurs \u00bb et les \u00ab juges \u00bb de la CPI, il convient de rappeler \u00e0 ces \u00e9minents adeptes du droit s\u00e9lectif les crimes d&rsquo;agression, les crimes de guerre et les massacres de populations civiles perp\u00e9tr\u00e9s par les puissances occidentales en Irak de 1990 \u00e0 2022, en Serbie en 1999 (<em>Op\u00e9ration Allied Force<\/em>), en Libye en 2011 (<em>R\u00e9solution 1973 du Conseil de S\u00e9curit\u00e9 des Nations Unies d\u00e9tourn\u00e9e et viol\u00e9e<\/em>), en Afghanistan de 2014 \u00e0 2022 et en Syrie de 2014 \u00e0 2022, sans parler des agissements ill\u00e9gaux de la Cour \u00e0 l&rsquo;\u00e9gard de la F\u00e9d\u00e9ration de Russie.<\/p>\n\n\n\n<p>A titre d\u2019exemple, l\u2019agression directe de la Syrie \u00e0 partir de 2014 par la coalition occidentale, en l\u2019absence d\u2019une r\u00e9solution du Conseil de s\u00e9curit\u00e9 de l\u2019ONU \u00e0 cet effet, constituait un crime d\u2019agression, au sens des points \u00ab&nbsp;a&nbsp;\u00bb, \u00ab&nbsp;b&nbsp;\u00bb, \u00ab&nbsp;c&nbsp;\u00bb et \u00ab&nbsp;d&nbsp;\u00bb du paragraphe \u00ab&nbsp;2&nbsp;\u00bb de l\u2019article&nbsp;8 bis du Statut de Rome, qui constitue la base juridique de la CPI. Cela va de soi, les auteurs de ce crime &#8211; les Etats-Unis, la France, le Royaume-Uni et le Canada &#8211; n\u2019aient jamais fait l\u2019objet de poursuites judiciaires.<\/p>\n\n\n\n<p>Nul besoin de rappeler \u00e9galement que les \u00ab&nbsp;sponsors&nbsp;\u00bb de la CPI et d&rsquo;un grand nombre d&rsquo;ONG lui fournissant des t\u00e9moins \u00e0 charge sont les m\u00eames, \u00e0 savoir les gouvernements europ\u00e9ens. Le conflit d\u2019int\u00e9r\u00eats qui rendrait les t\u00e9moignages de ces t\u00e9moins irrecevables devant tout tribunal digne de ce nom, ne semble pas perturber outre mesure les procureurs et les juges de ladite Cour.<\/p>\n\n\n\n<p>La ligne conductrice de l\u2019activit\u00e9 de la Cour P\u00e9nale Internationale s\u2019est av\u00e9r\u00e9e toujours \u00eatre fond\u00e9e sur le bon vieux principe romain&nbsp;: \u00ab&nbsp;<em>Quod licet Iovi, non licet bovi&nbsp;\u00bb &#8211; Ce qui est permis&nbsp;\u00e0&nbsp;Jupiter ne l&rsquo;est pas aux vaches.<\/em><\/p>\n\n\n\n<p><strong>L\u2019investissement et le retour sur investissement de la CPI<\/strong><\/p>\n\n\n\n<p>Trop souvent, l&rsquo;attention port\u00e9e \u00e0 la Cour P\u00e9nale Internationale (CPI) se concentre sur la couverture m\u00e9diatique de ses affaires et laisse sans l\u2019attention qu\u2019il m\u00e9rite le ratio de l\u2019investissement financier et de l\u2019efficacit\u00e9 de cette institution, qui est aussi int\u00e9ressant qu\u2019instructif.<\/p>\n\n\n\n<p>Quels sont les frais de fonctionnement de cet organisme&nbsp;? Ils sont tout simplement gigantesques.<\/p>\n\n\n\n<p>En se basant sur les documents internes de la CPI traitant de sa comptabilit\u00e9, nous pouvons constater que son budget pour la seule ann\u00e9e 2025 est de 195&nbsp;481 500\u20ac (<em>R\u00e9solution ICC-ASP\/23\/Res.6, Partie I, \u00a7A<\/em>).<\/p>\n\n\n\n<p>Ne serait-ce que pour la p\u00e9riode 2015-2025, le budget de l\u2019appareil bureaucratique au service des puissances occidentales qu\u2019est la CPI a \u00e9t\u00e9 de 1&nbsp;718&nbsp;529 800\u20ac (!). Soit, en dix ans, ce dernier a non seulement \u00e9t\u00e9 sup\u00e9rieur \u00e0 1,7 milliard d\u2019euros, mais est \u00e9galement en constante augmentation. Depuis sa cr\u00e9ation en 2002, la CPI a invariablement vu son budget cro\u00eetre d&rsquo;au moins plusieurs millions d&rsquo;euros par an. Si en 2004, il \u00e9tait de 53&nbsp;071 846\u20ac, en 2014, il \u00e9tait d\u00e9j\u00e0 de 121&nbsp;656 200\u20ac. Et en 2024 \u2013 de 187&nbsp;084 300\u20ac (<em>R\u00e9solution ICC-ASP\/22\/Res.4, \u00a7A<\/em>).<\/p>\n\n\n\n<figure class=\"wp-block-image aligncenter size-full is-resized\"><img decoding=\"async\" width=\"1122\" height=\"672\" src=\"https:\/\/c-cie.eu\/wp-content\/uploads\/2025\/09\/Budjet-CPI-2025.jpg\" alt=\"\" class=\"wp-image-11273\" style=\"width:557px;height:auto\" srcset=\"https:\/\/c-cie.eu\/wp-content\/uploads\/2025\/09\/Budjet-CPI-2025.jpg 1122w, https:\/\/c-cie.eu\/wp-content\/uploads\/2025\/09\/Budjet-CPI-2025-300x180.jpg 300w, https:\/\/c-cie.eu\/wp-content\/uploads\/2025\/09\/Budjet-CPI-2025-1024x613.jpg 1024w, https:\/\/c-cie.eu\/wp-content\/uploads\/2025\/09\/Budjet-CPI-2025-768x460.jpg 768w, https:\/\/c-cie.eu\/wp-content\/uploads\/2025\/09\/Budjet-CPI-2025-18x12.jpg 18w\" sizes=\"(max-width: 1122px) 100vw, 1122px\" \/><\/figure>\n\n\n\n<p>Apr\u00e8s avoir scrut\u00e9 le budget de la Cour P\u00e9nale Internationale (CPI), il convient d&rsquo;\u00e9valuer le \u00ab rendement \u00bb de cet \u00ab investissement \u00bb d\u00e9mesur\u00e9e.<\/p>\n\n\n\n<p>Le constat est tr\u00e8s simple et sans \u00e9quivoque&nbsp;: par rapport au budget colossal englouti par cet organisme, il est tout simplement quasi inexistant.<\/p>\n\n\n\n<p>En 23 ans d\u2019existence et apr\u00e8s avoir d\u00e9pens\u00e9 plusieurs milliards d\u2019euros, le procureur de la&nbsp;CPI&nbsp;n\u2019a pr\u00e9sent\u00e9 que 33&nbsp;affaires mettant en cause 49&nbsp;d\u00e9fendeurs, dont, dans un grand nombre de cas, il ne s\u2019agit que d\u2019affaires fabriqu\u00e9es, des montages t\u00e9l\u00e9guid\u00e9s par les principaux bailleurs de fonds occidentaux de l&rsquo;organisme, servant leurs int\u00e9r\u00eats g\u00e9opolitiques \u00e9troits. Ces affaires s&rsquo;av\u00e8rent souvent non seulement ill\u00e9gitimes, mais \u00e9galement ill\u00e9gales au regard du droit international en vigueur, ciblant des ressortissants d&rsquo;\u00c9tats non signataires du Statut de Rome, en violation du principe de territorialit\u00e9 et de la Convention de Vienne de 1969 sur le droit des trait\u00e9s, dont l&rsquo;article 34 indique sans \u00e9quivoque la mani\u00e8re dont un Etat est li\u00e9 : \u00ab&nbsp;<em>Un trait\u00e9 ne cr\u00e9e ni obligation ni droit pour un \u00c9tat tiers sans son consentement<\/em>&nbsp;\u00bb.<\/p>\n\n\n\n<p>\u00c0 l&rsquo;instar des entit\u00e9s de propagande et de d\u00e9sinformation agissant pour le compte des commanditaires institutionnels occidentaux, telles que l\u2019ONG \u00ab&nbsp;Reporters sans fronti\u00e8res&nbsp;\u00bb, qui engloutissent annuellement des sommes consid\u00e9rables dans leur fonctionnement avec une efficacit\u00e9 et un rendement r\u00e9el d\u00e9risoires au-del\u00e0 des orchestrations m\u00e9diatiques dans l\u2019espace de propagande occidentale, la Cour P\u00e9nale Internationale adopte un modus operandi similaire : une consommation d\u00e9mesur\u00e9e pour une production rachitique. Le nombre d\u00e9risoire d&rsquo;affaires port\u00e9es devant les juges de la CPI d\u00e9coule d&rsquo;une r\u00e9alit\u00e9 simple et d\u00e9j\u00e0 soulign\u00e9e : la majorit\u00e9 des auteurs de crimes d&rsquo;agression, de crimes de guerre et de massacres de populations civiles des derni\u00e8res d\u00e9cennies sont les d\u00e9cideurs politiques et les ex\u00e9cutants militaires des nations occidentales. Autrement dit, ils sont les \u00ab intouchables \u00bb de facto au regard de la loi, telle qu&rsquo;elle est interpr\u00e9t\u00e9e par le personnel de la CPI, mettant en lumi\u00e8re un biais structurel et une s\u00e9lectivit\u00e9 dans la poursuite des crimes internationaux (<em>cf. rapport de Human Rights Watch, 2023, sur la s\u00e9lectivit\u00e9 de la CPI dans ses enqu\u00eates<\/em>).<\/p>\n\n\n\n<p><strong>La revanche de la justice souveraine<\/strong><\/p>\n\n\n\n<p>Nulle nation \u00e9trang\u00e8re, nulle entit\u00e9 institutionnelle ext\u00e9rieure aux fronti\u00e8res sah\u00e9liennes ne saurait revendiquer un droit quelconque sur cette r\u00e9gion, principe cardinal de sa souverainet\u00e9. L\u2019\u00e8re des puissances occidentales, autrefois camp\u00e9es en suzeraines vis-\u00e0-vis d\u2019\u00c9tats africains r\u00e9duits au statut de vassaux, est r\u00e9volue et ne doit en aucun cas se reproduire.<\/p>\n\n\n\n<p>Par cons\u00e9quent, la d\u00e9cision prononc\u00e9e ce 22 septembre 2025 par les instances dirigeantes de l\u2019Alliance des \u00c9tats du Sahel concernant le retrait de la ratification du Statut de Rome, et donc de la Cour P\u00e9nale Internationale (CPI), repr\u00e9sente une d\u00e9marche du Mali, du Burkina Faso et du Niger qui s&rsquo;ancre dans leur volont\u00e9 de r\u00e9affirmer une comp\u00e9tence judiciaire nationale pleine et enti\u00e8re, conform\u00e9ment aux principes de souverainet\u00e9 \u00e9nonc\u00e9s par la Charte des Nations Unies, notamment en son article 2, \u00a77, qui stipule la non-ing\u00e9rence dans les affaires int\u00e9rieures des \u00c9tats. <em><\/em><\/p>\n\n\n\n<p><strong>Oleg Nesterenko<\/strong><\/p>\n\n\n\n<figure class=\"wp-block-image size-full is-resized\"><img loading=\"lazy\" decoding=\"async\" width=\"1653\" height=\"2279\" src=\"https:\/\/c-cie.eu\/wp-content\/uploads\/2026\/02\/Oleg-Nesterenko-6.jpg\" alt=\"\" class=\"wp-image-12154\" style=\"aspect-ratio:0.7255817502098115;width:135px;height:auto\" srcset=\"https:\/\/c-cie.eu\/wp-content\/uploads\/2026\/02\/Oleg-Nesterenko-6.jpg 1653w, https:\/\/c-cie.eu\/wp-content\/uploads\/2026\/02\/Oleg-Nesterenko-6-218x300.jpg 218w, https:\/\/c-cie.eu\/wp-content\/uploads\/2026\/02\/Oleg-Nesterenko-6-743x1024.jpg 743w, https:\/\/c-cie.eu\/wp-content\/uploads\/2026\/02\/Oleg-Nesterenko-6-768x1059.jpg 768w, https:\/\/c-cie.eu\/wp-content\/uploads\/2026\/02\/Oleg-Nesterenko-6-1114x1536.jpg 1114w, https:\/\/c-cie.eu\/wp-content\/uploads\/2026\/02\/Oleg-Nesterenko-6-1485x2048.jpg 1485w, https:\/\/c-cie.eu\/wp-content\/uploads\/2026\/02\/Oleg-Nesterenko-6-9x12.jpg 9w\" sizes=\"(max-width: 1653px) 100vw, 1653px\" \/><\/figure>\n\n\n\n<div style=\"height:162px\" aria-hidden=\"true\" class=\"wp-block-spacer\"><\/div>\n\n\n\n<hr class=\"wp-block-separator has-alpha-channel-opacity is-style-dots\"\/>\n\n\n\n<h2 class=\"wp-block-heading has-vivid-red-color has-text-color has-link-color has-large-font-size wp-elements-f74c8caf63c12a9613193447b785afee\"><em>D\u00e9sinformation :<\/em><\/h2>\n\n\n\n<figure class=\"wp-block-image size-full is-resized\"><img loading=\"lazy\" decoding=\"async\" width=\"1280\" height=\"752\" src=\"https:\/\/c-cie.eu\/wp-content\/uploads\/2026\/02\/photo_2025-12-21_03-57-37.jpg\" alt=\"\" class=\"wp-image-12158\" style=\"aspect-ratio:1.7010148726866872;width:780px;height:auto\" srcset=\"https:\/\/c-cie.eu\/wp-content\/uploads\/2026\/02\/photo_2025-12-21_03-57-37.jpg 1280w, https:\/\/c-cie.eu\/wp-content\/uploads\/2026\/02\/photo_2025-12-21_03-57-37-300x176.jpg 300w, https:\/\/c-cie.eu\/wp-content\/uploads\/2026\/02\/photo_2025-12-21_03-57-37-1024x602.jpg 1024w, https:\/\/c-cie.eu\/wp-content\/uploads\/2026\/02\/photo_2025-12-21_03-57-37-768x451.jpg 768w, https:\/\/c-cie.eu\/wp-content\/uploads\/2026\/02\/photo_2025-12-21_03-57-37-18x12.jpg 18w\" sizes=\"(max-width: 1280px) 100vw, 1280px\" \/><\/figure>\n\n\n\n<figure class=\"wp-block-image size-full is-resized\"><img loading=\"lazy\" decoding=\"async\" width=\"1280\" height=\"720\" src=\"https:\/\/c-cie.eu\/wp-content\/uploads\/2026\/02\/photo_2025-12-21_03-57-47.jpg\" alt=\"\" class=\"wp-image-12156\" style=\"aspect-ratio:1.777798769297204;width:781px;height:auto\" srcset=\"https:\/\/c-cie.eu\/wp-content\/uploads\/2026\/02\/photo_2025-12-21_03-57-47.jpg 1280w, https:\/\/c-cie.eu\/wp-content\/uploads\/2026\/02\/photo_2025-12-21_03-57-47-300x169.jpg 300w, https:\/\/c-cie.eu\/wp-content\/uploads\/2026\/02\/photo_2025-12-21_03-57-47-1024x576.jpg 1024w, https:\/\/c-cie.eu\/wp-content\/uploads\/2026\/02\/photo_2025-12-21_03-57-47-768x432.jpg 768w, https:\/\/c-cie.eu\/wp-content\/uploads\/2026\/02\/photo_2025-12-21_03-57-47-18x10.jpg 18w\" sizes=\"(max-width: 1280px) 100vw, 1280px\" \/><\/figure>","protected":false},"excerpt":{"rendered":"<p>Le retrait de la Conf\u00e9d\u00e9ration du Sahel de la CPI La nouvelle est tomb\u00e9e&nbsp;: apr\u00e8s avoir quitt\u00e9 en janvier 2025 la Communaut\u00e9 \u00e9conomique des \u00c9tats de l&rsquo;Afrique de l&rsquo;Ouest (Cedeao) &#8211; l\u2019architecture supranationale instrumentalis\u00e9e par les puissances occidentales -, la Conf\u00e9d\u00e9ration dite \u00ab Alliance des \u00c9tats du Sahel \u00bb (AES), regroupant le Mali, le Burkina [&hellip;]<\/p>\n","protected":false},"author":2,"featured_media":0,"parent":0,"menu_order":0,"comment_status":"closed","ping_status":"closed","template":"","meta":{"site-sidebar-layout":"default","site-content-layout":"","ast-site-content-layout":"default","site-content-style":"default","site-sidebar-style":"default","ast-global-header-display":"","ast-banner-title-visibility":"","ast-main-header-display":"","ast-hfb-above-header-display":"","ast-hfb-below-header-display":"","ast-hfb-mobile-header-display":"","site-post-title":"disabled","ast-breadcrumbs-content":"","ast-featured-img":"","footer-sml-layout":"","ast-disable-related-posts":"","theme-transparent-header-meta":"","adv-header-id-meta":"","stick-header-meta":"","header-above-stick-meta":"","header-main-stick-meta":"","header-below-stick-meta":"","astra-migrate-meta-layouts":"set","ast-page-background-enabled":"default","ast-page-background-meta":{"desktop":{"background-color":"","background-image":"","background-repeat":"repeat","background-position":"center center","background-size":"auto","background-attachment":"scroll","background-type":"","background-media":"","overlay-type":"","overlay-color":"","overlay-opacity":"","overlay-gradient":""},"tablet":{"background-color":"","background-image":"","background-repeat":"repeat","background-position":"center center","background-size":"auto","background-attachment":"scroll","background-type":"","background-media":"","overlay-type":"","overlay-color":"","overlay-opacity":"","overlay-gradient":""},"mobile":{"background-color":"","background-image":"","background-repeat":"repeat","background-position":"center center","background-size":"auto","background-attachment":"scroll","background-type":"","background-media":"","overlay-type":"","overlay-color":"","overlay-opacity":"","overlay-gradient":""}},"ast-content-background-meta":{"desktop":{"background-color":"var(--ast-global-color-5)","background-image":"","background-repeat":"repeat","background-position":"center center","background-size":"auto","background-attachment":"scroll","background-type":"","background-media":"","overlay-type":"","overlay-color":"","overlay-opacity":"","overlay-gradient":""},"tablet":{"background-color":"var(--ast-global-color-5)","background-image":"","background-repeat":"repeat","background-position":"center center","background-size":"auto","background-attachment":"scroll","background-type":"","background-media":"","overlay-type":"","overlay-color":"","overlay-opacity":"","overlay-gradient":""},"mobile":{"background-color":"var(--ast-global-color-5)","background-image":"","background-repeat":"repeat","background-position":"center center","background-size":"auto","background-attachment":"scroll","background-type":"","background-media":"","overlay-type":"","overlay-color":"","overlay-opacity":"","overlay-gradient":""}},"footnotes":""},"class_list":["post-11271","page","type-page","status-publish","hentry"],"_links":{"self":[{"href":"https:\/\/c-cie.eu\/ru\/wp-json\/wp\/v2\/pages\/11271","targetHints":{"allow":["GET"]}}],"collection":[{"href":"https:\/\/c-cie.eu\/ru\/wp-json\/wp\/v2\/pages"}],"about":[{"href":"https:\/\/c-cie.eu\/ru\/wp-json\/wp\/v2\/types\/page"}],"author":[{"embeddable":true,"href":"https:\/\/c-cie.eu\/ru\/wp-json\/wp\/v2\/users\/2"}],"replies":[{"embeddable":true,"href":"https:\/\/c-cie.eu\/ru\/wp-json\/wp\/v2\/comments?post=11271"}],"version-history":[{"count":7,"href":"https:\/\/c-cie.eu\/ru\/wp-json\/wp\/v2\/pages\/11271\/revisions"}],"predecessor-version":[{"id":12161,"href":"https:\/\/c-cie.eu\/ru\/wp-json\/wp\/v2\/pages\/11271\/revisions\/12161"}],"wp:attachment":[{"href":"https:\/\/c-cie.eu\/ru\/wp-json\/wp\/v2\/media?parent=11271"}],"curies":[{"name":"wp","href":"https:\/\/api.w.org\/{rel}","templated":true}]}}