{"id":1125,"date":"2023-11-09T03:15:08","date_gmt":"2023-11-09T02:15:08","guid":{"rendered":"https:\/\/c-cie.eu\/?page_id=1125"},"modified":"2023-12-10T02:57:48","modified_gmt":"2023-12-10T01:57:48","slug":"histoire-usa","status":"publish","type":"page","link":"https:\/\/c-cie.eu\/ru\/histoire-usa\/","title":{"rendered":"ARTICLE &#8211; Histoire USA"},"content":{"rendered":"<figure class=\"wp-block-image aligncenter size-full has-custom-border is-style-default\"><img fetchpriority=\"high\" decoding=\"async\" width=\"1300\" height=\"854\" src=\"https:\/\/c-cie.eu\/wp-content\/uploads\/2023\/11\/1-3.jpg\" alt=\"\" class=\"wp-image-1126\" style=\"border-style:none;border-width:0px;border-radius:10px\" srcset=\"https:\/\/c-cie.eu\/wp-content\/uploads\/2023\/11\/1-3.jpg 1300w, https:\/\/c-cie.eu\/wp-content\/uploads\/2023\/11\/1-3-300x197.jpg 300w, https:\/\/c-cie.eu\/wp-content\/uploads\/2023\/11\/1-3-1024x673.jpg 1024w, https:\/\/c-cie.eu\/wp-content\/uploads\/2023\/11\/1-3-768x505.jpg 768w, https:\/\/c-cie.eu\/wp-content\/uploads\/2023\/11\/1-3-18x12.jpg 18w\" sizes=\"(max-width: 1300px) 100vw, 1300px\" \/><\/figure>\n\n\n\n<h2 class=\"wp-block-heading has-text-align-center has-text-color has-link-color has-large-font-size wp-elements-cf8cac040f2d68aeb5fbeac6ff9070bc\" style=\"color:#565e64\"><a><strong>Une petite le\u00e7on d&rsquo;histoire sur les v\u00e9ritables fondations des USA<\/strong><\/a><strong> <\/strong><strong>ou la gen\u00e8se des miroirs d\u00e9formants<\/strong> <\/h2>\n\n\n\n<div style=\"height:20px\" aria-hidden=\"true\" class=\"wp-block-spacer\"><\/div>\n\n\n\n<p><\/p>\n\n\n\n<p>L&rsquo;histoire \u00e9mouvante et touchante de la fondation des \u00c9tats-Unis d&rsquo;Am\u00e9rique qui a nourri des g\u00e9n\u00e9rations de patriotes am\u00e9ricains et s&rsquo;est export\u00e9e dans le monde entier en tant qu\u2019exemple \u00e0 suivre, n&rsquo;est rien d&rsquo;autre que la d\u00e9formation la plus grossi\u00e8re et hypocrite des r\u00e9alit\u00e9s, beaucoup moins color\u00e9es et, encore moins, adapt\u00e9es pour servir d\u2019inspiration.<\/p>\n\n\n\n<p>Il y a tant \u00e0 dire sur l\u2019histoire&nbsp;des origines de ce formidable pays, mais sur cette page je me limiterai qu\u2019\u00e0 commenter le d\u00e9but du deuxi\u00e8me paragraphe de la d\u00e9claration d&rsquo;ind\u00e9pendance des \u00c9tats-Unis du 4 juillet 1776, \u00e9crite par Thomas Jefferson, l&rsquo;inspirateur de la d\u00e9mocratie am\u00e9ricaine, le personnage d&rsquo;une profonde humanit\u00e9, l&rsquo;une des figures les plus illustres et attachantes de la r\u00e9volution am\u00e9ricaine, l\u2019homme de lumi\u00e8re et de progr\u00e8s :<\/p>\n\n\n\n<p><em>\u00ab We hold these truths to be self-evident, that all men are created equal, that they are endowed by their Creator with certain unalienable Rights, that among these are Life, Liberty and the pursuit of Happiness \u00bb<\/em> &#8211; <em>\u00ab&nbsp;Nous tenons pour \u00e9videntes&nbsp;pour elles-m\u00eames les v\u00e9rit\u00e9s suivantes : tous les hommes sont n\u00e9s \u00e9gaux; ils sont dot\u00e9s par le Cr\u00e9ateur de certains droits inali\u00e9nables; parmi ces droits se trouvent la vie, la libert\u00e9 et la recherche du bonheur.&nbsp;\u00bb<\/em><\/p>\n\n\n\n<p>Le petit b\u00e9mol c&rsquo;est que \u00ab\u00a0l&rsquo;histoire\u00a0\u00bb am\u00e9ricaine oublie d&rsquo;ajouter le fait que Thomas Jefferson, personnage d&rsquo;une profonde humanit\u00e9, figure des lumi\u00e8res et du progr\u00e8s, n&rsquo;\u00e9tait personne d\u2019autre qu&rsquo;un ESCLAVAGISTE SANGUINAIRE.<\/p>\n\n\n\n<p>L\u2019air de rien, l\u2019auteur des lignes de la d\u00e9claration de 1776 <em>\u00ab&nbsp;tous les hommes sont n\u00e9s \u00e9gaux ; ils sont dot\u00e9s par le Cr\u00e9ateur de certains droits inali\u00e9nables ; parmi ces droits se trouvent la vie, la libert\u00e9 et la recherche du bonheur \u00bb<\/em>, 8 ans apr\u00e8s les avoir \u00e9crits &#8211; non pas 8 jours ou semaines, mais 8 ans apr\u00e8s &#8211; avait toujours en sa possession\u2026 200 esclaves.<\/p>\n\n\n\n<p>Par cons\u00e9quent, Thomas Jefferson devait \u00eatre tout \u00e0 fait certain que le meilleur endroit et la meilleure qualit\u00e9 pour les Noirs sur le chemin de <em>la libert\u00e9 et de la recherche du bonheur<\/em> \u00e9taient sa plantation en Virginie et la qualit\u00e9 d&rsquo;esclave.<\/p>\n\n\n\n<p>Mais, les deux cents unit\u00e9s de sa propri\u00e9t\u00e9 &#8211; de vrais ingrats &#8211; consid\u00e9raient obstin\u00e9ment les magnifiques conditions de leur s\u00e9jour dans les possessions de ce merveilleux personnage d&rsquo;une profonde humanit\u00e9 si terribles qu&rsquo;elles ne faisaient que s&rsquo;enfuir. Chaque dixi\u00e8me de ses esclaves a pu s&rsquo;\u00e9chapper d\u00e9finitivement de l&rsquo;enfer sur terre de Thomas Jefferson sans \u00eatre attrap\u00e9 et tortur\u00e9 avant de retourner au travail de la \u00ab&nbsp;<em>recherche du bonheur<\/em>&nbsp;\u00bb. Les autres n\u2019ont pas eu cette chance.&nbsp;&nbsp;<\/p>\n\n\n\n<p>Je vous laisse l\u2019appr\u00e9ciation du degr\u00e9 de la d\u00e9g\u00e9n\u00e9rescence morale de cet individu qui milite farouchement au Congr\u00e8s des \u00c9tats-Unis d&rsquo;Am\u00e9rique en faveur de l&rsquo;abolition de l&rsquo;esclavage et, en m\u00eame temps, \u00ab oublie \u00bb qu&rsquo;il est lui-m\u00eame un grand esclavagiste.<\/p>\n\n\n\n<p>La r\u00e9alit\u00e9 prosa\u00efque est dans le fait qu&rsquo;au moment de l\u2019ind\u00e9pendance de la colonie am\u00e9ricaine vis-\u00e0-vis de la Grande-Bretagne, il y avait environ 9 millions de personnes vivant aux \u00c9tats-Unis, dont les blancs n&rsquo;\u00e9taient qu&rsquo;une petite minorit\u00e9 par rapport \u00e0 la population am\u00e9rindienne et aux esclaves noirs.<\/p>\n\n\n\n<p>La d\u00e9claration d&rsquo;ind\u00e9pendance am\u00e9ricaine non seulement ne concernait nullement les am\u00e9rindiens ou les esclaves &#8211; ils n&rsquo;\u00e9taient pas consid\u00e9r\u00e9s comme appartenant \u00e0 la race humaine &#8211; mais ne concernait pas non plus ni les femmes, ni m\u00eame les hommes blancs d\u2019origine sociale modeste.<\/p>\n\n\n\n<p>Les v\u00e9ritables b\u00e9n\u00e9ficiaires ou, plus exactement, profiteurs d\u2019ind\u00e9pendance des colonies am\u00e9ricaines vis-\u00e0-vis de la couronne britannique n\u2019ont \u00e9t\u00e9 qu\u2019environ 50.000 blancs riches de sexe masculin. Soit, moins de 1% de la population et qui a invent\u00e9 toute cette histoire d&rsquo;ind\u00e9pendance avec un objectif pr\u00e9cis : faire croitre leur enrichissement personnel.<\/p>\n\n\n\n<p>C&rsquo;est \u00e0 cette p\u00e9riode qu&rsquo;il faut attribuer les origines de \u00ab&nbsp;l&rsquo;\u00c9tat profond&nbsp;\u00bb am\u00e9ricain.<\/p>\n\n\n\n<p>Revenant \u00e0 monsieur Thomas Jefferson, il faut, n\u00e9anmoins, lui rendre son d\u00fb : c&rsquo;\u00e9tait un homme de grand progr\u00e8s, puisqu&rsquo;il ne consid\u00e9rait plus les esclaves noirs comme des singes, mais juste comme des sous-hommes.<\/p>\n\n\n\n<p>Il reconnaissait que les noirs sont quand m\u00eame dot\u00e9s d&rsquo;une \u00e2me et qu&rsquo;ils appartiennent au genre humain. C\u2019est juste que leurs capacit\u00e9s dans les domaines scientifiques, leurs capacit\u00e9s cognitives \u00e0 l&rsquo;expression des sentiments et de la foi religieuse sont primitives et ne peuvent \u00eatre compar\u00e9es \u00e0 celle des hommes blancs. A ce sujet, Jefferson a laiss\u00e9 ses \u00e9crits au profit de la post\u00e9rit\u00e9 pour \u00e9clairer.<\/p>\n\n\n\n<p>C&rsquo;est bien ce merveilleux personnage qui est l&rsquo;un des principaux h\u00e9ros du peuple am\u00e9ricain, dont chaque repr\u00e9sentant porte fi\u00e8rement le portrait de ce dernier dans son portefeuille.<\/p>\n\n\n\n<p>Et, pour \u00e9voquer des larmes \u00e9mouvantes de fiert\u00e9 chez la post\u00e9rit\u00e9 reconnaissante, la maison dans laquelle Jefferson est n\u00e9e, est dessin\u00e9e au verso du billet de deux dollars : la maison de sa plantation esclavagiste de Monticello.<\/p>\n\n\n\n<figure class=\"wp-block-image aligncenter size-full\"><img decoding=\"async\" width=\"1237\" height=\"512\" src=\"https:\/\/c-cie.eu\/wp-content\/uploads\/2023\/11\/2-2.jpg\" alt=\"\" class=\"wp-image-1127\" srcset=\"https:\/\/c-cie.eu\/wp-content\/uploads\/2023\/11\/2-2.jpg 1237w, https:\/\/c-cie.eu\/wp-content\/uploads\/2023\/11\/2-2-300x124.jpg 300w, https:\/\/c-cie.eu\/wp-content\/uploads\/2023\/11\/2-2-1024x424.jpg 1024w, https:\/\/c-cie.eu\/wp-content\/uploads\/2023\/11\/2-2-768x318.jpg 768w, https:\/\/c-cie.eu\/wp-content\/uploads\/2023\/11\/2-2-18x7.jpg 18w\" sizes=\"(max-width: 1237px) 100vw, 1237px\" \/><\/figure>\n\n\n\n<p><strong>Postscriptum :<\/strong><\/p>\n\n\n\n<p>Sur cette page, j\u2019ai juste comment\u00e9 le d\u00e9but du deuxi\u00e8me paragraphe de la d\u00e9claration d&rsquo;ind\u00e9pendance des \u00c9tats-Unis d&rsquo;Am\u00e9rique, sans me permettre le luxe de demander aux repr\u00e9sentants du pouvoir am\u00e9ricain \u00e0 lire le d\u00e9but du tout premier paragraphe de la d\u00e9claration du point de vue des habitants de la Crim\u00e9e et du Donbass qui ne souhaitent plus faire partie de l&rsquo;Ukraine :<\/p>\n\n\n\n<p><em>\u00abWhen in the Course of human events, it becomes necessary for one people to dissolve the political bands which have connected them with another, and to assume among the powers of the earth, the separate and equal station to which the Laws of Nature and of Nature&rsquo;s God entitle them \u2026\u00bb &#8211; \u00ab&nbsp;Lorsque, dans le cours des \u00e9v\u00e9nements humains, il devient n\u00e9cessaire pour un peuple de dissoudre les liens politiques qui l&rsquo;ont attach\u00e9 \u00e0 un autre et de prendre, parmi les puissances de la Terre, la place s\u00e9par\u00e9e et \u00e9gale \u00e0 laquelle les lois de la nature et du Dieu de la nature lui donnent droit \u2026&nbsp;\u00bb.<\/em><\/p>\n\n\n\n<p>L&rsquo;arbre pourri \u00e0 partir des racines. L&rsquo;histoire, si elle est oubli\u00e9e et d\u00e9form\u00e9e, conduit in\u00e9vitablement \u00e0 la supr\u00e9matie du royaume des miroirs d\u00e9formants.<\/p>","protected":false},"excerpt":{"rendered":"<p>Une petite le\u00e7on d&rsquo;histoire sur les v\u00e9ritables fondations des USA ou la gen\u00e8se des miroirs d\u00e9formants L&rsquo;histoire \u00e9mouvante et touchante de la fondation des \u00c9tats-Unis d&rsquo;Am\u00e9rique qui a nourri des g\u00e9n\u00e9rations de patriotes am\u00e9ricains et s&rsquo;est export\u00e9e dans le monde entier en tant qu\u2019exemple \u00e0 suivre, n&rsquo;est rien d&rsquo;autre que la d\u00e9formation la plus grossi\u00e8re [&hellip;]<\/p>\n","protected":false},"author":2,"featured_media":0,"parent":0,"menu_order":0,"comment_status":"closed","ping_status":"closed","template":"","meta":{"site-sidebar-layout":"default","site-content-layout":"","ast-site-content-layout":"default","site-content-style":"default","site-sidebar-style":"default","ast-global-header-display":"","ast-banner-title-visibility":"","ast-main-header-display":"","ast-hfb-above-header-display":"","ast-hfb-below-header-display":"","ast-hfb-mobile-header-display":"","site-post-title":"disabled","ast-breadcrumbs-content":"","ast-featured-img":"","footer-sml-layout":"","ast-disable-related-posts":"","theme-transparent-header-meta":"","adv-header-id-meta":"","stick-header-meta":"","header-above-stick-meta":"","header-main-stick-meta":"","header-below-stick-meta":"","astra-migrate-meta-layouts":"set","ast-page-background-enabled":"default","ast-page-background-meta":{"desktop":{"background-color":"","background-image":"","background-repeat":"repeat","background-position":"center center","background-size":"auto","background-attachment":"scroll","background-type":"","background-media":"","overlay-type":"","overlay-color":"","overlay-opacity":"","overlay-gradient":""},"tablet":{"background-color":"","background-image":"","background-repeat":"repeat","background-position":"center center","background-size":"auto","background-attachment":"scroll","background-type":"","background-media":"","overlay-type":"","overlay-color":"","overlay-opacity":"","overlay-gradient":""},"mobile":{"background-color":"","background-image":"","background-repeat":"repeat","background-position":"center center","background-size":"auto","background-attachment":"scroll","background-type":"","background-media":"","overlay-type":"","overlay-color":"","overlay-opacity":"","overlay-gradient":""}},"ast-content-background-meta":{"desktop":{"background-color":"var(--ast-global-color-5)","background-image":"","background-repeat":"repeat","background-position":"center center","background-size":"auto","background-attachment":"scroll","background-type":"","background-media":"","overlay-type":"","overlay-color":"","overlay-opacity":"","overlay-gradient":""},"tablet":{"background-color":"var(--ast-global-color-5)","background-image":"","background-repeat":"repeat","background-position":"center center","background-size":"auto","background-attachment":"scroll","background-type":"","background-media":"","overlay-type":"","overlay-color":"","overlay-opacity":"","overlay-gradient":""},"mobile":{"background-color":"var(--ast-global-color-5)","background-image":"","background-repeat":"repeat","background-position":"center center","background-size":"auto","background-attachment":"scroll","background-type":"","background-media":"","overlay-type":"","overlay-color":"","overlay-opacity":"","overlay-gradient":""}},"footnotes":""},"class_list":["post-1125","page","type-page","status-publish","hentry"],"_links":{"self":[{"href":"https:\/\/c-cie.eu\/ru\/wp-json\/wp\/v2\/pages\/1125","targetHints":{"allow":["GET"]}}],"collection":[{"href":"https:\/\/c-cie.eu\/ru\/wp-json\/wp\/v2\/pages"}],"about":[{"href":"https:\/\/c-cie.eu\/ru\/wp-json\/wp\/v2\/types\/page"}],"author":[{"embeddable":true,"href":"https:\/\/c-cie.eu\/ru\/wp-json\/wp\/v2\/users\/2"}],"replies":[{"embeddable":true,"href":"https:\/\/c-cie.eu\/ru\/wp-json\/wp\/v2\/comments?post=1125"}],"version-history":[{"count":4,"href":"https:\/\/c-cie.eu\/ru\/wp-json\/wp\/v2\/pages\/1125\/revisions"}],"predecessor-version":[{"id":4558,"href":"https:\/\/c-cie.eu\/ru\/wp-json\/wp\/v2\/pages\/1125\/revisions\/4558"}],"wp:attachment":[{"href":"https:\/\/c-cie.eu\/ru\/wp-json\/wp\/v2\/media?parent=1125"}],"curies":[{"name":"wp","href":"https:\/\/api.w.org\/{rel}","templated":true}]}}