{"id":10616,"date":"2025-06-21T03:52:55","date_gmt":"2025-06-21T01:52:55","guid":{"rendered":"https:\/\/c-cie.eu\/?page_id=10616"},"modified":"2025-06-21T03:53:48","modified_gmt":"2025-06-21T01:53:48","slug":"article-loccident-et-le-neonazisme","status":"publish","type":"page","link":"https:\/\/c-cie.eu\/ru\/article-loccident-et-le-neonazisme\/","title":{"rendered":"ARTICLE &#8211; L\u2019Occident et le n\u00e9onazisme"},"content":{"rendered":"\n<figure class=\"wp-block-image aligncenter size-full is-resized\"><img fetchpriority=\"high\" decoding=\"async\" width=\"2560\" height=\"916\" src=\"https:\/\/c-cie.eu\/wp-content\/uploads\/2025\/06\/LATVIA-SS-scaled.jpg\" alt=\"\" class=\"wp-image-10620\" style=\"width:926px;height:auto\" srcset=\"https:\/\/c-cie.eu\/wp-content\/uploads\/2025\/06\/LATVIA-SS-scaled.jpg 2560w, https:\/\/c-cie.eu\/wp-content\/uploads\/2025\/06\/LATVIA-SS-300x107.jpg 300w, https:\/\/c-cie.eu\/wp-content\/uploads\/2025\/06\/LATVIA-SS-1024x367.jpg 1024w, https:\/\/c-cie.eu\/wp-content\/uploads\/2025\/06\/LATVIA-SS-768x275.jpg 768w, https:\/\/c-cie.eu\/wp-content\/uploads\/2025\/06\/LATVIA-SS-1536x550.jpg 1536w, https:\/\/c-cie.eu\/wp-content\/uploads\/2025\/06\/LATVIA-SS-2048x733.jpg 2048w, https:\/\/c-cie.eu\/wp-content\/uploads\/2025\/06\/LATVIA-SS-18x6.jpg 18w\" sizes=\"(max-width: 2560px) 100vw, 2560px\" \/><\/figure>\n\n\n\n<h2 class=\"wp-block-heading has-text-align-center has-text-color has-link-color has-large-font-size wp-elements-e4099d82ed36601f3d6f6809131a820b\" style=\"color:#565e64\"><strong>L\u2019Occident et le n\u00e9onazisme de la nouvelle g\u00e9n\u00e9ration<\/strong><\/h2>\n\n\n\n<div style=\"height:15px\" aria-hidden=\"true\" class=\"wp-block-spacer\"><\/div>\n\n\n\n<p>Aujourd\u2019hui, le n\u00e9onazisme qui l\u00e8ve la t\u00eate en Occident orwellien, n\u2019est gu\u00e8re \u00e0 l\u2019image de celui ancr\u00e9 dans l\u2019imaginaire collectif&nbsp;: il est aussi \u00e9loign\u00e9 du nazisme traditionnel que le n\u00e9o-lib\u00e9ralisme est \u00e9loign\u00e9 de la th\u00e9orie lib\u00e9rale.<\/p>\n\n\n\n<p>Le n\u00e9onazisme dans sa forme la plus dangereuse ne r\u00e9side nullement dans les \u00eatres primitifs se tatouant la t\u00eate d\u2019Adolf Hitler sur leurs poitrails et s\u2019exhibant sur internet sur fond de drapeaux \u00e0 croix gamm\u00e9e. Ni dans les foules constitu\u00e9es de ces derniers et facilement identifiables, marchant en rang \u00e0 la tomb\u00e9e de la nuit \u00e0 la lumi\u00e8re des flambeaux lev\u00e9s et criant \u00e0 leur propre gloire &#8211; comme on les voit de plus en plus en Ukraine depuis 2014. Cette tranche d\u2019extr\u00e9mistes ne constitue que la partie la plus inoffensive du n\u00e9onazisme, car porteuse que de capacit\u00e9s intellectuelles r\u00e9siduelles.<\/p>\n\n\n\n<p>La forme la plus dangereuse du n\u00e9onazisme est celle de la nouvelle g\u00e9n\u00e9ration qui est constitu\u00e9e non pas de primitifs, mais d\u2019\u00e9lites politico-financi\u00e8res occidentales convaincues non seulement du caract\u00e8re exceptionnel de leur mode d&rsquo;existence et du mod\u00e8le soci\u00e9tal qu\u2019ils comparent tout au mieux dans leur t\u00eate, voir \u00e0 voix haute \u00e0 un \u00ab&nbsp;jardin fleuri&nbsp;\u00bb, mais surtout de l&rsquo;inf\u00e9riorit\u00e9 quasi-g\u00e9n\u00e9tique de toutes autres formes soci\u00e9tales qui ne sont donc que des \u00ab&nbsp;jungles&nbsp;\u00bb et doivent \u00eatre trait\u00e9es comme telles.<\/p>\n\n\n\n<p>La majeure partie d\u2019entre eux, faute du manque abyssal de connaissance de l\u2019histoire, seraient fort \u00e9tonn\u00e9s d\u2019apprendre qu\u2019ils sont de v\u00e9ritables porteurs de l\u2019id\u00e9ologie n\u00e9o-nazi. Pour que leur \u00e9tonnement soit rapidement dissip\u00e9, il leur suffit d\u2019ouvrir les livres d\u2019histoire et d\u2019apprendre les concepts id\u00e9ologiques et l\u2019argumentation de leurs a\u00efeux des ann\u00e9es 20 du si\u00e8cle pass\u00e9 et de constater que sur un grand nombre de points ils ne sont que le reflet contemporain dans le miroir modernis\u00e9 de ces derniers.&nbsp;&nbsp;&nbsp;<\/p>\n\n\n\n<p>A l\u2019instar des id\u00e9ologues du III\u00e8me Reich, tels que Alfred Rosenberg (pendu en 1946), les id\u00e9ologues arriv\u00e9s aujourd\u2019hui au pouvoir en Occident collectif pr\u00f4nent d\u2019une mani\u00e8re peu dissimul\u00e9e la supr\u00e9matie du mod\u00e8le occidental sur le reste de la plan\u00e8te.<\/p>\n\n\n\n<p>Les expressions, tels que \u00ab&nbsp;<em>L\u2019Europe est un jardin, le reste du monde une jungle, qui pourrait l\u2019envahir&nbsp;<\/em>\u00bb de Josep Borrell, l\u2019ancien haut repr\u00e9sentant de l&rsquo;Union europ\u00e9enne pour les affaires \u00e9trang\u00e8res et la politique de s\u00e9curit\u00e9, vice-pr\u00e9sident de la Commission europ\u00e9enne, ne sont gu\u00e8re diff\u00e9rentes des narratifs propag\u00e9s depuis les tribunes nazies sous le III\u00e8me Reich.&nbsp;<\/p>\n\n\n\n<p>Kaya Kallas, l\u2019ancienne premi\u00e8re ministre du gouvernement chauviniste estonien qui a \u00e9t\u00e9 propuls\u00e9e par les id\u00e9ologues du nouveau r\u00e9gime paneurop\u00e9en pour reprendre les fonctions de Josep Borrell parti en repos m\u00e9rit\u00e9, a apport\u00e9 sa pierre \u00e0 l\u2019\u00e9difice du \u00ab&nbsp;Nouvel Ordre Europ\u00e9en&nbsp;\u00bb. Notamment en ao\u00fbt 2022, en affirmant&nbsp;(via son compte Twitter) que juste \u00ab&nbsp;<em>visiter l&rsquo;Europe<\/em> [c\u2019est-\u00e0-dire m\u00eame en simple touriste] <em>\u2013 c\u2019est un privil\u00e8ge <\/em>[pour les non occidentaux]<em> et non pas un droit de l&rsquo;homme&nbsp;<\/em>\u00bb.<\/p>\n\n\n\n<p>En parlant de cette estonienne, quel est le rapport des trois petits pays baltes, membres de l\u2019Union Europ\u00e9enne \u2013 Estonie, Lettonie et Lituanie \u2013 vis-\u00e0-vis du r\u00e9gime nazi du III\u00e8me Reich&nbsp;?<\/p>\n\n\n\n<p>Il est tr\u00e8s simple&nbsp;: parall\u00e8lement \u00e0 la \u00ab&nbsp;condamnation&nbsp;\u00bb officielle, chacun des trois pays en question organise de r\u00e9guli\u00e8res manifestations et parades annuelles de glorification des divisions de la Waffen-SS et d\u2019autres unit\u00e9s baltes des bourreaux au sein de l\u2019arm\u00e9e et forces d\u2019occupation nazies durant la seconde guerre mondiale. Des manifestations et parades parfaitement autoris\u00e9es et grandement soutenues par les autorit\u00e9s tant au niveau local que national.<\/p>\n\n\n\n<p>De quelles unit\u00e9s baltes parlons-nous&nbsp;? Il s\u2019agit de la&nbsp;15<sup>\u00e8me<\/sup> et de la 19<sup>\u00e8me<\/sup> division des volontaires lettons de la Waffen-SS; de la 20<sup>\u00e8me<\/sup> division des volontaires estoniens de la Waffen-SS; du Kommando Arajs de la police auxiliaire lettone, enti\u00e8rement compos\u00e9 de volontaires et responsable du meurtre d\u2019au moins 30.000 personnes, ainsi que des bataillons de Polizei lituaniens ayant assassin\u00e9 pr\u00e8s de 100.000 juifs, dont 9.200 juifs dans la seule journ\u00e9e du 29 octobre 1941 (\u00e0 ne pas confondre les juifs d\u2019\u00e9poque avec ceux de la politique de l\u2019\u00e9tat d\u2019Isra\u00ebl de nos jours).<\/p>\n\n\n\n<p>Parall\u00e8lement aux dites manifestations, une campagne d\u2019une compl\u00e8te destruction de l\u2019ensemble des monuments d\u00e9di\u00e9s aux soldats russes morts au combat contre le nazisme sur les territoires des pays baltes, y compris des monuments se situant sur les tombes des soldats, a \u00e9t\u00e9 organis\u00e9e et, \u00e0 l\u2019heure d\u2019aujourd\u2019hui, s\u2019est achev\u00e9e pratiquement \u00e0 100%. La destruction des monuments est accompagn\u00e9e de l\u2019interdiction totale par les autorit\u00e9s baltes non seulement de la comm\u00e9moration du jour de victoire, le 9 mai, mais de l\u2019interdiction sous peine de poursuites judiciaires m\u00eame du d\u00e9p\u00f4t de fleurs sur les lieux des monuments d\u00e9truits.<\/p>\n\n\n\n<p>Les actuels id\u00e9ologues de l\u2019UE, sont-ils au courant des gravissimes d\u00e9rives baltes ci-dessus cit\u00e9es&nbsp;? La r\u00e9ponse&nbsp;: parfaitement au courant. Quelle est leur r\u00e9action&nbsp;? Elle est inexistante. &nbsp;<\/p>\n\n\n\n<p>Aujourd\u2019hui, en dehors du n\u00e9o-nazisme florissant sur le sol des 3 pays baltes, nous faisons face \u00e0 une v\u00e9ritable r\u00e9habilitation juridique du nazisme en Union Europ\u00e9enne.<\/p>\n\n\n\n<p>D\u00e9j\u00e0 en 2020, le criminel de guerre Lev Rupnik, chef du gouvernement collaborationniste pronazi de Slov\u00e9nie (\u00e0 ne pas confondre avec Slovaquie) durant la seconde guerre, condamn\u00e9 par un tribunal yougoslave et fusill\u00e9 en 1946 \u2013 a \u00e9t\u00e9 officiellement r\u00e9habilit\u00e9. La condamnation a \u00e9t\u00e9 annul\u00e9e sous le pr\u00e9texte de \u00ab&nbsp;violation des normes proc\u00e9durales&nbsp;\u00bb en 1946. Soit, s\u2019il vivait de nos jours, ce bourreau qui a organis\u00e9 la d\u00e9portation des juifs vers les camps de concentration et la tuerie de tout r\u00e9sistant \u00e0 l\u2019occupation nazie \u2013 aujourd\u2019hui, il serait acquitt\u00e9 et s\u2019en sortirait qu\u2019avec, peut-\u00eatre, une peine symbolique du port d\u2019un bracelet \u00e9lectronique.<\/p>\n\n\n\n<p>De m\u00eame que les th\u00e8ses gu\u00e8re extr\u00e9mistes et qui n\u2019ont rien \u00e0 voir avec l\u2019id\u00e9ologie nazie de l\u2019ouvrage <em>\u00ab&nbsp;Das Dritte Reich&nbsp;\u00bb (Le Troisi\u00e8me Reich)<\/em>, \u00e9crit en 1923 par Arthur Moeller Van den Bruck* ont \u00e9t\u00e9 tr\u00e8s gravement perverties par les national-socialiste allemands, au point que l\u2019ouvrage lui-m\u00eame est devenu le livre de chevet d\u2019Adolf Hitler (le 30 avril 1945, Hitler se donne la mort dans son bunker&nbsp;; sur son bureau, un livre d\u00e9dicac\u00e9 par son auteur est ouvert : <em>\u00ab&nbsp;Le Troisi\u00e8me Reich&nbsp;\u00bb <\/em>deMoeller Van den Bruc) &#8211; les id\u00e9es initialement parfaitement saines des fondations de l\u2019Union Europ\u00e9enne ont \u00e9t\u00e9 gravement perverties par des g\u00e9n\u00e9rations politiques se succ\u00e9dant, l\u2019une se situant dans un stade de d\u00e9g\u00e9n\u00e9rescence morale plus avanc\u00e9e que la pr\u00e9c\u00e9dente.<\/p>\n\n\n\n<p>Aujourd\u2019hui, nous arrivons \u00e0 une \u00e9tape culminante dans laquelle l\u2019Union Europ\u00e9enne commencera soit \u00e0 se d\u00e9sint\u00e9grer, soit \u00e0 muter dans un r\u00e9gime n\u00e9o-totalitaire, dont le gigantesque appareil du \u00ab minist\u00e8re de la V\u00e9rit\u00e9&nbsp;\u00bborwelliend\u00e9j\u00e0 mis en place s\u2019occupera de la propagande aupr\u00e8s des masses du simulacre de la r\u00e9elle d\u00e9mocratie et du simulacre de la r\u00e9elle opposition politique qui n\u2019existeront que d\u2019une mani\u00e8re formelle, afin d\u2019afficher la pr\u00e9tendue d\u00e9mocratie et la libert\u00e9 de choix.<\/p>\n\n\n\n<figure class=\"wp-block-image aligncenter size-full is-resized\"><img decoding=\"async\" width=\"599\" height=\"424\" src=\"https:\/\/c-cie.eu\/wp-content\/uploads\/2025\/06\/image.jpeg\" alt=\"\" class=\"wp-image-10618\" style=\"width:558px;height:auto\" srcset=\"https:\/\/c-cie.eu\/wp-content\/uploads\/2025\/06\/image.jpeg 599w, https:\/\/c-cie.eu\/wp-content\/uploads\/2025\/06\/image-300x212.jpeg 300w, https:\/\/c-cie.eu\/wp-content\/uploads\/2025\/06\/image-18x12.jpeg 18w\" sizes=\"(max-width: 599px) 100vw, 599px\" \/><\/figure>\n\n\n\n<p>* Moeller van den Bruck, le th\u00e9oricien politique allemand, connaissait un grand int\u00e9r\u00eat des nazis vers son ouvrage, a bien laiss\u00e9 des messages avant sa mort en 1925, afin d\u2019avertir le monde du danger du national-socialisme&nbsp;:<\/p>\n\n\n\n<p>\u00ab <em>L\u2019id\u00e9e d\u2019un Troisi\u00e8me Empire pourrait bien se r\u00e9v\u00e9ler la plus funeste de toutes les illusions <\/em>\u00bb,<\/p>\n\n\n\n<p>\u00ab&nbsp;<em>Il<\/em> [Adolf Hitler] <em>fera de notre nation de philosophes et de po\u00e8tes un peuple de criminels et d&rsquo;assassins&nbsp;<\/em>\u00bb.<\/p>\n","protected":false},"excerpt":{"rendered":"<p>L\u2019Occident et le n\u00e9onazisme de la nouvelle g\u00e9n\u00e9ration Aujourd\u2019hui, le n\u00e9onazisme qui l\u00e8ve la t\u00eate en Occident orwellien, n\u2019est gu\u00e8re \u00e0 l\u2019image de celui ancr\u00e9 dans l\u2019imaginaire collectif&nbsp;: il est aussi \u00e9loign\u00e9 du nazisme traditionnel que le n\u00e9o-lib\u00e9ralisme est \u00e9loign\u00e9 de la th\u00e9orie lib\u00e9rale. Le n\u00e9onazisme dans sa forme la plus dangereuse ne r\u00e9side nullement [&hellip;]<\/p>\n","protected":false},"author":2,"featured_media":0,"parent":0,"menu_order":0,"comment_status":"closed","ping_status":"closed","template":"","meta":{"site-sidebar-layout":"default","site-content-layout":"","ast-site-content-layout":"default","site-content-style":"default","site-sidebar-style":"default","ast-global-header-display":"","ast-banner-title-visibility":"","ast-main-header-display":"","ast-hfb-above-header-display":"","ast-hfb-below-header-display":"","ast-hfb-mobile-header-display":"","site-post-title":"disabled","ast-breadcrumbs-content":"","ast-featured-img":"","footer-sml-layout":"","ast-disable-related-posts":"","theme-transparent-header-meta":"","adv-header-id-meta":"","stick-header-meta":"","header-above-stick-meta":"","header-main-stick-meta":"","header-below-stick-meta":"","astra-migrate-meta-layouts":"set","ast-page-background-enabled":"default","ast-page-background-meta":{"desktop":{"background-color":"","background-image":"","background-repeat":"repeat","background-position":"center center","background-size":"auto","background-attachment":"scroll","background-type":"","background-media":"","overlay-type":"","overlay-color":"","overlay-gradient":""},"tablet":{"background-color":"","background-image":"","background-repeat":"repeat","background-position":"center center","background-size":"auto","background-attachment":"scroll","background-type":"","background-media":"","overlay-type":"","overlay-color":"","overlay-gradient":""},"mobile":{"background-color":"","background-image":"","background-repeat":"repeat","background-position":"center center","background-size":"auto","background-attachment":"scroll","background-type":"","background-media":"","overlay-type":"","overlay-color":"","overlay-gradient":""}},"ast-content-background-meta":{"desktop":{"background-color":"var(--ast-global-color-5)","background-image":"","background-repeat":"repeat","background-position":"center center","background-size":"auto","background-attachment":"scroll","background-type":"","background-media":"","overlay-type":"","overlay-color":"","overlay-gradient":""},"tablet":{"background-color":"var(--ast-global-color-5)","background-image":"","background-repeat":"repeat","background-position":"center center","background-size":"auto","background-attachment":"scroll","background-type":"","background-media":"","overlay-type":"","overlay-color":"","overlay-gradient":""},"mobile":{"background-color":"var(--ast-global-color-5)","background-image":"","background-repeat":"repeat","background-position":"center center","background-size":"auto","background-attachment":"scroll","background-type":"","background-media":"","overlay-type":"","overlay-color":"","overlay-gradient":""}},"footnotes":""},"class_list":["post-10616","page","type-page","status-publish","hentry"],"_links":{"self":[{"href":"https:\/\/c-cie.eu\/ru\/wp-json\/wp\/v2\/pages\/10616","targetHints":{"allow":["GET"]}}],"collection":[{"href":"https:\/\/c-cie.eu\/ru\/wp-json\/wp\/v2\/pages"}],"about":[{"href":"https:\/\/c-cie.eu\/ru\/wp-json\/wp\/v2\/types\/page"}],"author":[{"embeddable":true,"href":"https:\/\/c-cie.eu\/ru\/wp-json\/wp\/v2\/users\/2"}],"replies":[{"embeddable":true,"href":"https:\/\/c-cie.eu\/ru\/wp-json\/wp\/v2\/comments?post=10616"}],"version-history":[{"count":3,"href":"https:\/\/c-cie.eu\/ru\/wp-json\/wp\/v2\/pages\/10616\/revisions"}],"predecessor-version":[{"id":10623,"href":"https:\/\/c-cie.eu\/ru\/wp-json\/wp\/v2\/pages\/10616\/revisions\/10623"}],"wp:attachment":[{"href":"https:\/\/c-cie.eu\/ru\/wp-json\/wp\/v2\/media?parent=10616"}],"curies":[{"name":"wp","href":"https:\/\/api.w.org\/{rel}","templated":true}]}}